{"id":334379,"date":"2026-03-07T00:34:44","date_gmt":"2026-03-06T21:34:44","guid":{"rendered":"https:\/\/baldumarket.lt\/?post_type=product&#038;p=334379"},"modified":"2026-03-23T17:40:57","modified_gmt":"2026-03-23T14:40:57","slug":"elegantiski-miegamojo-baldai-su-subtiliomis-rankenelemis-sena","status":"publish","type":"product","link":"https:\/\/baldumarket.lt\/ru\/product\/elegantiski-miegamojo-baldai-su-subtiliomis-rankenelemis-sena\/","title":{"rendered":"Eleganti\u0161ki miegamojo baldai su subtiliomis ranken\u0117l\u0117mis \u2013 \u0421\u0435\u043d\u0430"},"content":{"rendered":"<p>\u041c\u0435\u0431\u0435\u043b\u044c \u0434\u043b\u044f \u0441\u043f\u0430\u043b\u044c\u043d\u0438 Sena \u2013 \u044d\u0442\u043e \u0441\u0438\u043d\u043e\u043d\u0438\u043c \u043c\u0438\u043d\u0438\u043c\u0430\u043b\u0438\u0441\u0442\u0438\u0447\u043d\u043e\u0439 \u044d\u043b\u0435\u0433\u0430\u043d\u0442\u043d\u043e\u0441\u0442\u0438 \u0438 \u0438\u0437\u044b\u0441\u043a\u0430\u043d\u043d\u044b\u0445 \u0434\u0435\u0442\u0430\u043b\u0435\u0439, \u043f\u0440\u0438\u0434\u0430\u044e\u0449\u0438\u0445 \u0438\u043d\u0442\u0435\u0440\u044c\u0435\u0440\u0443 \u043d\u0435\u043f\u043e\u0432\u0442\u043e\u0440\u0438\u043c\u044b\u0439 \u0445\u0430\u0440\u0430\u043a\u0442\u0435\u0440. \u0421\u0434\u0435\u0440\u0436\u0430\u043d\u043d\u044b\u0435 \u0446\u0432\u0435\u0442\u0430 \u0432 \u0441\u043e\u0447\u0435\u0442\u0430\u043d\u0438\u0438 \u0441 \u043f\u0440\u043e\u0441\u0442\u043e\u0439 \u0444\u043e\u0440\u043c\u043e\u0439 \u0434\u0435\u043b\u0430\u044e\u0442 \u0435\u0451 \u0438\u0434\u0435\u0430\u043b\u044c\u043d\u044b\u043c \u0434\u043e\u043f\u043e\u043b\u043d\u0435\u043d\u0438\u0435\u043c \u043a\u0430\u043a \u043a \u0441\u043e\u0432\u0440\u0435\u043c\u0435\u043d\u043d\u043e\u043c\u0443, \u0442\u0430\u043a \u0438 \u043a \u043a\u043b\u0430\u0441\u0441\u0438\u0447\u0435\u0441\u043a\u043e\u043c\u0443 \u0434\u0438\u0437\u0430\u0439\u043d\u0443 \u0441\u043f\u0430\u043b\u044c\u043d\u0438.<br \/>\n\u041d\u0430\u0438\u0431\u043e\u043b\u0435\u0435 \u043e\u0442\u043b\u0438\u0447\u0438\u0442\u0435\u043b\u044c\u043d\u043e\u0439 \u0447\u0435\u0440\u0442\u043e\u0439 \u044d\u0442\u043e\u0439 \u043c\u0435\u0431\u0435\u043b\u0438 \u044f\u0432\u043b\u044f\u044e\u0442\u0441\u044f \u0438\u0437\u044f\u0449\u043d\u044b\u0435 \u0440\u0443\u0447\u043a\u0438 \u0432 \u0444\u043e\u0440\u043c\u0435 \u0440\u0443\u0447\u0435\u043a, \u043a\u043e\u0442\u043e\u0440\u044b\u0435 \u043f\u043e\u0434\u0447\u0435\u0440\u043a\u0438\u0432\u0430\u044e\u0442 \u043b\u0435\u0433\u043a\u043e\u0441\u0442\u044c \u0438 \u044d\u0441\u0442\u0435\u0442\u0438\u043a\u0443 \u0432\u0441\u0435\u0439 \u043a\u043e\u043c\u043f\u043e\u0437\u0438\u0446\u0438\u0438. \u0418\u0445 \u043c\u0438\u043d\u0438\u043c\u0430\u043b\u0438\u0441\u0442\u0438\u0447\u043d\u0430\u044f \u0444\u043e\u0440\u043c\u0430 \u043d\u0435 \u0434\u043e\u043c\u0438\u043d\u0438\u0440\u0443\u0435\u0442 \u0432\u043e \u0432\u043d\u0435\u0448\u043d\u0435\u043c \u0432\u0438\u0434\u0435, \u043e\u0434\u043d\u043e\u0432\u0440\u0435\u043c\u0435\u043d\u043d\u043e \u0434\u043e\u0431\u0430\u0432\u043b\u044f\u044f \u0438\u0437\u044b\u0441\u043a\u0430\u043d\u043d\u043e\u0441\u0442\u044c \u0438 \u043a\u043e\u043c\u0444\u043e\u0440\u0442 \u0432 \u043f\u043e\u0432\u0441\u0435\u0434\u043d\u0435\u0432\u043d\u043e\u043c \u0438\u0441\u043f\u043e\u043b\u044c\u0437\u043e\u0432\u0430\u043d\u0438\u0438. \u042d\u0442\u043e \u0438\u0434\u0435\u0430\u043b\u044c\u043d\u044b\u0439 \u0432\u044b\u0431\u043e\u0440 \u0434\u043b\u044f \u0442\u0435\u0445, \u043a\u0442\u043e \u0438\u0449\u0435\u0442 \u043c\u0435\u0431\u0435\u043b\u044c \u0441 \u044d\u043b\u0435\u0433\u0430\u043d\u0442\u043d\u043e\u0439, \u043d\u043e \u0441\u0434\u0435\u0440\u0436\u0430\u043d\u043d\u043e\u0439 \u043e\u0442\u0434\u0435\u043b\u043a\u043e\u0439.<br \/>\n\u041c\u0435\u0431\u0435\u043b\u044c \u0434\u043b\u044f \u0441\u043f\u0430\u043b\u044c\u043d\u0438 Sena \u0441\u043f\u0440\u043e\u0435\u043a\u0442\u0438\u0440\u043e\u0432\u0430\u043d\u0430 \u0442\u0430\u043a\u0438\u043c \u043e\u0431\u0440\u0430\u0437\u043e\u043c, \u0447\u0442\u043e\u0431\u044b \u043c\u0430\u043a\u0441\u0438\u043c\u0430\u043b\u044c\u043d\u043e \u044d\u0444\u0444\u0435\u043a\u0442\u0438\u0432\u043d\u043e \u0438\u0441\u043f\u043e\u043b\u044c\u0437\u043e\u0432\u0430\u0442\u044c \u043f\u0440\u043e\u0441\u0442\u0440\u0430\u043d\u0441\u0442\u0432\u043e. \u041f\u0440\u043e\u0441\u0442\u043e\u0440\u043d\u044b\u0435 \u0431\u043e\u043a\u043e\u0432\u044b\u0435 \u0448\u043a\u0430\u0444\u044b, \u043c\u043d\u043e\u0433\u043e\u0447\u0438\u0441\u043b\u0435\u043d\u043d\u044b\u0435 \u0432\u0435\u0440\u0445\u043d\u0438\u0435 \u0448\u043a\u0430\u0444\u044b \u0438 \u043f\u0440\u0430\u043a\u0442\u0438\u0447\u043d\u044b\u0435 \u043f\u043e\u043b\u043a\u0438 \u0432\u043e\u043a\u0440\u0443\u0433 \u043a\u0440\u043e\u0432\u0430\u0442\u0438 \u043f\u043e\u0437\u0432\u043e\u043b\u044f\u044e\u0442 \u0445\u0440\u0430\u043d\u0438\u0442\u044c \u043e\u0434\u0435\u0436\u0434\u0443, \u043f\u043e\u0441\u0442\u0435\u043b\u044c\u043d\u043e\u0435 \u0431\u0435\u043b\u044c\u0435 \u0438 \u043c\u0435\u043b\u043a\u0438\u0435 \u0430\u043a\u0441\u0435\u0441\u0441\u0443\u0430\u0440\u044b. \u041e\u0442\u043a\u0440\u044b\u0442\u043e\u0435 \u043f\u0440\u043e\u0441\u0442\u0440\u0430\u043d\u0441\u0442\u0432\u043e \u043d\u0430\u0434 \u0438\u0437\u0433\u043e\u043b\u043e\u0432\u044c\u0435\u043c \u043c\u043e\u0436\u043d\u043e \u0438\u0441\u043f\u043e\u043b\u044c\u0437\u043e\u0432\u0430\u0442\u044c \u0432 \u043a\u0430\u0447\u0435\u0441\u0442\u0432\u0435 \u0434\u0435\u043a\u043e\u0440\u0430\u0442\u0438\u0432\u043d\u043e\u0433\u043e \u044d\u043b\u0435\u043c\u0435\u043d\u0442\u0430, \u0438\u0434\u0435\u0430\u043b\u044c\u043d\u043e \u043f\u043e\u0434\u0445\u043e\u0434\u044f\u0449\u0435\u0433\u043e \u0434\u043b\u044f \u043a\u043d\u0438\u0433, \u0443\u043a\u0440\u0430\u0448\u0435\u043d\u0438\u0439 \u0438\u043b\u0438 \u043b\u0438\u0447\u043d\u044b\u0445 \u0432\u0435\u0449\u0435\u0439, \u043a\u043e\u0442\u043e\u0440\u044b\u0435 \u0434\u043e\u0431\u0430\u0432\u044f\u0442 \u0443\u044e\u0442\u0430 \u0432 \u0438\u043d\u0442\u0435\u0440\u044c\u0435\u0440.<br \/>\n\u041a\u0430\u043a \u0438 \u043b\u044e\u0431\u043e\u0439 \u043f\u0440\u0435\u0434\u043c\u0435\u0442 \u043c\u0435\u0431\u0435\u043b\u0438 \u0432 eMeblast, \u0441\u043f\u0430\u043b\u044c\u043d\u044b\u0435 \u0448\u043a\u0430\u0444\u044b Sena \u043c\u043e\u0436\u043d\u043e \u0438\u0437\u0433\u043e\u0442\u043e\u0432\u0438\u0442\u044c \u043d\u0430 \u0437\u0430\u043a\u0430\u0437 \u0432 \u0441\u043e\u043e\u0442\u0432\u0435\u0442\u0441\u0442\u0432\u0438\u0438 \u0441 \u0438\u043d\u0434\u0438\u0432\u0438\u0434\u0443\u0430\u043b\u044c\u043d\u044b\u043c\u0438 \u043f\u043e\u0442\u0440\u0435\u0431\u043d\u043e\u0441\u0442\u044f\u043c\u0438. \u0420\u0430\u0437\u043c\u0435\u0440\u044b \u0432\u0441\u0442\u0440\u043e\u0435\u043d\u043d\u043e\u0433\u043e \u0448\u043a\u0430\u0444\u0430 \u043c\u043e\u0436\u043d\u043e \u0438\u0437\u043c\u0435\u043d\u0438\u0442\u044c, \u0447\u0442\u043e\u0431\u044b \u043e\u043d \u0438\u0434\u0435\u0430\u043b\u044c\u043d\u043e \u0441\u043e\u043e\u0442\u0432\u0435\u0442\u0441\u0442\u0432\u043e\u0432\u0430\u043b \u043f\u043b\u0430\u043d\u0438\u0440\u043e\u0432\u043a\u0435 \u0438 \u0440\u0430\u0437\u043c\u0435\u0440\u0430\u043c \u043a\u043e\u043c\u043d\u0430\u0442\u044b. \u042d\u0442\u043e \u0434\u0435\u043b\u0430\u0435\u0442 \u0435\u0433\u043e \u043f\u043e\u0434\u0445\u043e\u0434\u044f\u0449\u0438\u043c \u043a\u0430\u043a \u0434\u043b\u044f \u043f\u0440\u043e\u0441\u0442\u043e\u0440\u043d\u044b\u0445, \u0442\u0430\u043a \u0438 \u0434\u043b\u044f \u043d\u0435\u0431\u043e\u043b\u044c\u0448\u0438\u0445 \u0441\u043f\u0430\u043b\u0435\u043d, \u043e\u0431\u0435\u0441\u043f\u0435\u0447\u0438\u0432\u0430\u044f \u043f\u043e\u043b\u043d\u0443\u044e \u0444\u0443\u043d\u043a\u0446\u0438\u043e\u043d\u0430\u043b\u044c\u043d\u043e\u0441\u0442\u044c \u0438 \u043f\u043e\u0432\u0441\u0435\u0434\u043d\u0435\u0432\u043d\u044b\u0439 \u043a\u043e\u043c\u0444\u043e\u0440\u0442.<\/p>\n<p>\u0412\u0441\u0442\u0440\u0430\u0438\u0432\u0430\u0435\u043c\u044b\u0439 \u0448\u043a\u0430\u0444 Sena \u2014 \u0438\u0434\u0435\u0430\u043b\u044c\u043d\u043e\u0435 \u0440\u0435\u0448\u0435\u043d\u0438\u0435 \u0434\u043b\u044f \u0442\u0435\u0445, \u043a\u0442\u043e \u0446\u0435\u043d\u0438\u0442 \u0433\u0430\u0440\u043c\u043e\u043d\u0438\u044e, \u043f\u0440\u043e\u0441\u0442\u043e\u0442\u0443 \u0438 \u044d\u043b\u0435\u0433\u0430\u043d\u0442\u043d\u043e\u0441\u0442\u044c \u0432 \u0434\u0438\u0437\u0430\u0439\u043d\u0435 \u0438\u043d\u0442\u0435\u0440\u044c\u0435\u0440\u0430. \u0415\u0433\u043e \u0438\u0437\u044f\u0449\u043d\u044b\u0435 \u0440\u0443\u0447\u043a\u0438, \u043c\u0438\u043d\u0438\u043c\u0430\u043b\u0438\u0441\u0442\u0438\u0447\u043d\u044b\u0439 \u0434\u0438\u0437\u0430\u0439\u043d \u0438 \u0432\u043e\u0437\u043c\u043e\u0436\u043d\u043e\u0441\u0442\u0438 \u0438\u043d\u0434\u0438\u0432\u0438\u0434\u0443\u0430\u043b\u044c\u043d\u043e\u0439 \u043d\u0430\u0441\u0442\u0440\u043e\u0439\u043a\u0438 \u0434\u0435\u043b\u0430\u044e\u0442 \u0435\u0433\u043e \u0432\u043d\u0435\u0432\u0440\u0435\u043c\u0435\u043d\u043d\u044b\u043c \u0432\u044b\u0431\u043e\u0440\u043e\u043c, \u043a\u043e\u0442\u043e\u0440\u044b\u0439 \u0434\u043e\u043f\u043e\u043b\u043d\u0438\u0442 \u043b\u044e\u0431\u0443\u044e \u0441\u043f\u0430\u043b\u044c\u043d\u044e.<\/p>","protected":false},"excerpt":{"rendered":"<p>\u0420\u0430\u0437\u043c\u0435\u0440\u044b:<br \/>\n\u0428\u0438\u0440\u0438\u043d\u0430: 334 \u0441\u043c<br \/>\n\u0412\u044b\u0441\u043e\u0442\u0430: 240 \u0441\u043c<br \/>\n\u0413\u043b\u0443\u0431\u0438\u043d\u0430: 54 \u0441\u043c<\/p>","protected":false},"featured_media":334454,"comment_status":"open","ping_status":"closed","template":"","meta":[],"product_brand":[],"product_cat":[9857,2008],"product_tag":[],"class_list":{"0":"post-334379","1":"product","2":"type-product","3":"status-publish","4":"has-post-thumbnail","6":"product_cat-meblast","7":"product_cat-wall-units","9":"first","10":"instock","11":"shipping-taxable","12":"purchasable","13":"product-type-variable","14":"wvs-archive-product-wrapper"},"_links":{"self":[{"href":"https:\/\/baldumarket.lt\/ru\/wp-json\/wp\/v2\/product\/334379","targetHints":{"allow":["GET"]}}],"collection":[{"href":"https:\/\/baldumarket.lt\/ru\/wp-json\/wp\/v2\/product"}],"about":[{"href":"https:\/\/baldumarket.lt\/ru\/wp-json\/wp\/v2\/types\/product"}],"replies":[{"embeddable":true,"href":"https:\/\/baldumarket.lt\/ru\/wp-json\/wp\/v2\/comments?post=334379"}],"wp:featuredmedia":[{"embeddable":true,"href":"https:\/\/baldumarket.lt\/ru\/wp-json\/wp\/v2\/media\/334454"}],"wp:attachment":[{"href":"https:\/\/baldumarket.lt\/ru\/wp-json\/wp\/v2\/media?parent=334379"}],"wp:term":[{"taxonomy":"product_brand","embeddable":true,"href":"https:\/\/baldumarket.lt\/ru\/wp-json\/wp\/v2\/product_brand?post=334379"},{"taxonomy":"product_cat","embeddable":true,"href":"https:\/\/baldumarket.lt\/ru\/wp-json\/wp\/v2\/product_cat?post=334379"},{"taxonomy":"product_tag","embeddable":true,"href":"https:\/\/baldumarket.lt\/ru\/wp-json\/wp\/v2\/product_tag?post=334379"}],"curies":[{"name":"WP","href":"https:\/\/api.w.org\/{rel}","templated":true}]}}