{"id":333866,"date":"2026-03-07T00:16:36","date_gmt":"2026-03-06T21:16:36","guid":{"rendered":"https:\/\/baldumarket.lt\/?post_type=product&#038;p=333866"},"modified":"2026-03-25T16:13:12","modified_gmt":"2026-03-25T13:13:12","slug":"klasikine-didele-vitrina-su-spintelemis-ir-stalciais-210-cm-artisan-oak-karaliskoji","status":"publish","type":"product","link":"https:\/\/baldumarket.lt\/ru\/product\/klasikine-didele-vitrina-su-spintelemis-ir-stalciais-210-cm-artisan-oak-karaliskoji\/","title":{"rendered":"Klasikin\u0117 Didel\u0117 Vitrina Su Spintel\u0117mis ir Stal\u010diais, 210 \u0441\u043c, Dab Artisan \u2013 ROYAL"},"content":{"rendered":"<p>\u041a\u043b\u0430\u0441\u0441\u0438\u0447\u0435\u0441\u043a\u0438\u0439 \u0431\u043e\u043b\u044c\u0448\u043e\u0439 \u0432\u0438\u0442\u0440\u0438\u043d\u043d\u044b\u0439 \u0448\u043a\u0430\u0444 \u0441 \u043e\u0442\u0434\u0435\u043b\u0435\u043d\u0438\u044f\u043c\u0438 \u0438 \u044f\u0449\u0438\u043a\u0430\u043c\u0438, 210 \u0441\u043c, \u043e\u0442\u0434\u0435\u043b\u043a\u0430 \u00ab\u0414\u0443\u0431 \u0440\u0443\u0447\u043d\u043e\u0439 \u0440\u0430\u0431\u043e\u0442\u044b\u00bb \u2013 Royal<\/p>\n<p>\u0412\u0438\u0442\u0440\u0438\u043d\u0430 Royal 210 \u2014 \u044d\u0442\u043e \u043f\u043e\u043b\u043d\u043e\u0440\u0430\u0437\u043c\u0435\u0440\u043d\u044b\u0439 \u0448\u043a\u0430\u0444 \u0448\u0438\u0440\u0438\u043d\u043e\u0439 210 \u0441\u043c, \u0432\u044b\u043f\u043e\u043b\u043d\u0435\u043d\u043d\u044b\u0439 \u0432 \u0432\u0438\u0434\u0435 \u043c\u0430\u0441\u0441\u0438\u0432\u043d\u043e\u0439 \u043a\u043b\u0430\u0441\u0441\u0438\u0447\u0435\u0441\u043a\u043e\u0439 \u043d\u0430\u0441\u0442\u0435\u043d\u043d\u043e\u0439 \u043a\u043e\u043d\u0441\u0442\u0440\u0443\u043a\u0446\u0438\u0438. \u041f\u0440\u043e\u0434\u0443\u043c\u0430\u043d\u043d\u0430\u044f \u043a\u043e\u043d\u0441\u0442\u0440\u0443\u043a\u0446\u0438\u044f \u0441\u043e\u0447\u0435\u0442\u0430\u0435\u0442 \u0432 \u0441\u0435\u0431\u0435 \u0437\u0430\u0441\u0442\u0435\u043a\u043b\u0435\u043d\u043d\u0443\u044e \u0441\u0435\u043a\u0446\u0438\u044e \u0441 \u0437\u0430\u043a\u0440\u044b\u0442\u044b\u043c\u0438 \u0448\u043a\u0430\u0444\u0430\u043c\u0438 \u0438 \u044f\u0449\u0438\u043a\u0430\u043c\u0438, \u0441\u043e\u0437\u0434\u0430\u0432\u0430\u044f \u0446\u0435\u043b\u044c\u043d\u044b\u0439 \u043f\u0440\u0435\u0434\u043c\u0435\u0442 \u043c\u0435\u0431\u0435\u043b\u0438 \u0434\u043b\u044f \u0445\u0440\u0430\u043d\u0435\u043d\u0438\u044f \u0438 \u0434\u0435\u043c\u043e\u043d\u0441\u0442\u0440\u0430\u0446\u0438\u0438.<br \/>\n\u0426\u0435\u043d\u0442\u0440\u0430\u043b\u044c\u043d\u0430\u044f \u0437\u0430\u0441\u0442\u0435\u043a\u043b\u0435\u043d\u043d\u0430\u044f \u0437\u043e\u043d\u0430 \u043f\u043e\u0437\u0432\u043e\u043b\u044f\u0435\u0442 \u0430\u043a\u043a\u0443\u0440\u0430\u0442\u043d\u043e \u0440\u0430\u0441\u0441\u0442\u0430\u0432\u0438\u0442\u044c \u043f\u043e\u0441\u0443\u0434\u0443, \u0431\u043e\u043a\u0430\u043b\u044b \u0438\u043b\u0438 \u0434\u0435\u043a\u043e\u0440\u0430\u0442\u0438\u0432\u043d\u044b\u0435 \u043f\u0440\u0435\u0434\u043c\u0435\u0442\u044b. \u0411\u043e\u043a\u043e\u0432\u044b\u0435 \u0438 \u043d\u0438\u0436\u043d\u0438\u0435 \u0448\u043a\u0430\u0444\u044b \u043f\u0440\u0435\u0434\u043d\u0430\u0437\u043d\u0430\u0447\u0435\u043d\u044b \u0434\u043b\u044f \u0445\u0440\u0430\u043d\u0435\u043d\u0438\u044f \u0432\u0435\u0449\u0435\u0439, \u043d\u0435 \u0442\u0440\u0435\u0431\u0443\u044e\u0449\u0438\u0445 \u0432\u0438\u0434\u0438\u043c\u043e\u0441\u0442\u0438, \u0430 \u0432\u044b\u0434\u0432\u0438\u0436\u043d\u044b\u0435 \u044f\u0449\u0438\u043a\u0438 \u043e\u0431\u0435\u0441\u043f\u0435\u0447\u0438\u0432\u0430\u044e\u0442 \u043c\u0435\u0441\u0442\u043e \u0434\u043b\u044f \u043c\u0435\u043b\u043a\u0438\u0445 \u0430\u043a\u0441\u0435\u0441\u0441\u0443\u0430\u0440\u043e\u0432. \u0422\u0430\u043a\u0430\u044f \u0444\u0443\u043d\u043a\u0446\u0438\u043e\u043d\u0430\u043b\u044c\u043d\u0430\u044f \u043f\u043b\u0430\u043d\u0438\u0440\u043e\u0432\u043a\u0430 \u043e\u0440\u0433\u0430\u043d\u0438\u0437\u0443\u0435\u0442 \u043f\u0440\u043e\u0441\u0442\u0440\u0430\u043d\u0441\u0442\u0432\u043e \u0438 \u0447\u0435\u0442\u043a\u043e \u0440\u0430\u0437\u0434\u0435\u043b\u044f\u0435\u0442 \u0444\u043e\u0440\u043c\u0430\u043b\u044c\u043d\u044b\u0435 \u0438 \u0444\u0443\u043d\u043a\u0446\u0438\u043e\u043d\u0430\u043b\u044c\u043d\u044b\u0435 \u0437\u043e\u043d\u044b.<br \/>\n\u0428\u0438\u0440\u0438\u043d\u0430 210 \u0441\u043c \u0438 \u0432\u044b\u0441\u043e\u0442\u0430 205 \u0441\u043c \u043f\u0440\u0438\u0434\u0430\u044e\u0442 \u044d\u0442\u043e\u043c\u0443 \u0448\u043a\u0430\u0444\u0443 \u0432\u044b\u0440\u0430\u0437\u0438\u0442\u0435\u043b\u044c\u043d\u044b\u0435 \u043a\u043b\u0430\u0441\u0441\u0438\u0447\u0435\u0441\u043a\u0438\u0435 \u043f\u0440\u043e\u043f\u043e\u0440\u0446\u0438\u0438 \u0441 \u0431\u043e\u0433\u0430\u0442\u043e\u0439 \u0433\u043e\u0440\u0438\u0437\u043e\u043d\u0442\u0430\u043b\u044c\u043d\u043e\u0439 \u043a\u043e\u043c\u043f\u043e\u0437\u0438\u0446\u0438\u0435\u0439. \u0413\u043b\u0443\u0431\u0438\u043d\u0430 50 \u0441\u043c \u0443\u0432\u0435\u043b\u0438\u0447\u0438\u0432\u0430\u0435\u0442 \u0432\u043c\u0435\u0441\u0442\u0438\u043c\u043e\u0441\u0442\u044c \u0438 \u043e\u0431\u0435\u0441\u043f\u0435\u0447\u0438\u0432\u0430\u0435\u0442 \u0441\u0442\u0440\u0443\u043a\u0442\u0443\u0440\u043d\u0443\u044e \u0443\u0441\u0442\u043e\u0439\u0447\u0438\u0432\u043e\u0441\u0442\u044c. \u0414\u0435\u043a\u043e\u0440\u0430\u0442\u0438\u0432\u043d\u044b\u0435 \u044d\u043b\u0435\u043c\u0435\u043d\u0442\u044b, \u0442\u0430\u043a\u0438\u0435 \u043a\u0430\u043a \u043f\u043b\u0430\u043d\u043a\u0438 \u0438\u0437 \u041c\u0414\u0424, \u043a\u0430\u0440\u043d\u0438\u0437 \u0438 \u043f\u0440\u043e\u0444\u0438\u043b\u0438\u0440\u043e\u0432\u0430\u043d\u043d\u044b\u0435 \u043d\u043e\u0436\u043a\u0438, \u043f\u043e\u0434\u0447\u0435\u0440\u043a\u0438\u0432\u0430\u044e\u0442 \u0442\u0440\u0430\u0434\u0438\u0446\u0438\u043e\u043d\u043d\u044b\u0439 \u0445\u0430\u0440\u0430\u043a\u0442\u0435\u0440 \u043c\u043e\u0434\u0435\u043b\u0438. \u0426\u0432\u0435\u0442 \u00ab\u0414\u0443\u0431 \u0440\u0443\u0447\u043d\u043e\u0439 \u0440\u0430\u0431\u043e\u0442\u044b\u00bb \u0430\u043a\u0446\u0435\u043d\u0442\u0438\u0440\u0443\u0435\u0442 \u0435\u0441\u0442\u0435\u0441\u0442\u0432\u0435\u043d\u043d\u0443\u044e \u0442\u0435\u043a\u0441\u0442\u0443\u0440\u0443 \u0434\u0435\u0440\u0435\u0432\u0430 \u0438 \u043f\u0440\u0438\u0434\u0430\u0435\u0442 \u0442\u0435\u043f\u043b\u044b\u0439, \u0434\u0440\u0435\u0432\u0435\u0441\u043d\u044b\u0439 \u043e\u0442\u0442\u0435\u043d\u043e\u043a. \u042d\u0442\u043e\u0442 \u043e\u0442\u0442\u0435\u043d\u043e\u043a \u043f\u043e\u0434\u0447\u0435\u0440\u043a\u0438\u0432\u0430\u0435\u0442 \u0434\u0435\u0442\u0430\u043b\u0438 \u043e\u0442\u0434\u0435\u043b\u043a\u0438 \u0438 \u0434\u043e\u043f\u043e\u043b\u043d\u044f\u0435\u0442 \u0441\u0432\u0435\u0442\u043b\u044b\u0435 \u0441\u0442\u0435\u043d\u044b \u0438 \u043c\u0435\u0442\u0430\u043b\u043b\u0438\u0447\u0435\u0441\u043a\u0438\u0435 \u0440\u0443\u0447\u043a\u0438 \u0441 \u0437\u043e\u043b\u043e\u0442\u0438\u0441\u0442\u044b\u043c \u043f\u043e\u043a\u0440\u044b\u0442\u0438\u0435\u043c.<\/p>\n<p>\u041a\u043e\u0440\u043f\u0443\u0441 \u0438\u0437\u0433\u043e\u0442\u043e\u0432\u043b\u0435\u043d \u0438\u0437 \u043b\u0430\u043c\u0438\u043d\u0438\u0440\u043e\u0432\u0430\u043d\u043d\u043e\u0439 \u043f\u043b\u0438\u0442\u044b \u0442\u043e\u043b\u0449\u0438\u043d\u043e\u0439 18 \u043c\u043c \u0441 \u043a\u0440\u043e\u043c\u043a\u043e\u0439 \u0438\u0437 \u041f\u0412\u0425 \u0442\u043e\u043b\u0449\u0438\u043d\u043e\u0439 0,8 \u043c\u043c. \u0417\u0430\u0434\u043d\u0438\u0435 \u0441\u0442\u0435\u043d\u043a\u0438 \u0432\u044b\u043f\u043e\u043b\u043d\u0435\u043d\u044b \u0438\u0437 \u043f\u043b\u0438\u0442 HDF, \u0430 \u0437\u0430\u0441\u0442\u0435\u043a\u043b\u0435\u043d\u043d\u044b\u0435 \u0444\u0430\u0441\u0430\u0434\u044b \u043e\u0442\u0434\u0435\u043b\u0430\u043d\u044b \u043f\u043e\u043b\u043e\u0441\u0430\u043c\u0438 \u041c\u0414\u0424. \u0420\u0430\u0437\u043c\u0435\u0440\u044b \u0438 \u043e\u0442\u0434\u0435\u043b\u043a\u0430 \u0434\u0430\u043d\u043d\u043e\u0439 \u043c\u043e\u0434\u0435\u043b\u0438 \u043c\u043e\u0433\u0443\u0442 \u0431\u044b\u0442\u044c \u0438\u0437\u043c\u0435\u043d\u0435\u043d\u044b \u043f\u043e \u0438\u043d\u0434\u0438\u0432\u0438\u0434\u0443\u0430\u043b\u044c\u043d\u043e\u043c\u0443 \u0437\u0430\u043a\u0430\u0437\u0443.<\/p>","protected":false},"excerpt":{"rendered":"<p>\u0420\u0430\u0437\u043c\u0435\u0440\u044b:<br \/>\n\u0428\u0438\u0440\u0438\u043d\u0430: 210 \u0441\u043c<br \/>\n\u0412\u044b\u0441\u043e\u0442\u0430: 205 \u0441\u043c<br \/>\n\u0413\u043b\u0443\u0431\u0438\u043d\u0430: 50 \u0441\u043c<\/p>","protected":false},"featured_media":333978,"comment_status":"open","ping_status":"closed","template":"","meta":[],"product_brand":[],"product_cat":[9983,9857,2006],"product_tag":[],"class_list":{"0":"post-333866","1":"product","2":"type-product","3":"status-publish","4":"has-post-thumbnail","6":"product_cat-furniture-sets-room-sets-meblast","7":"product_cat-meblast","8":"product_cat-vitrines","10":"first","11":"instock","12":"shipping-taxable","13":"purchasable","14":"product-type-variable","15":"wvs-archive-product-wrapper"},"_links":{"self":[{"href":"https:\/\/baldumarket.lt\/ru\/wp-json\/wp\/v2\/product\/333866","targetHints":{"allow":["GET"]}}],"collection":[{"href":"https:\/\/baldumarket.lt\/ru\/wp-json\/wp\/v2\/product"}],"about":[{"href":"https:\/\/baldumarket.lt\/ru\/wp-json\/wp\/v2\/types\/product"}],"replies":[{"embeddable":true,"href":"https:\/\/baldumarket.lt\/ru\/wp-json\/wp\/v2\/comments?post=333866"}],"wp:featuredmedia":[{"embeddable":true,"href":"https:\/\/baldumarket.lt\/ru\/wp-json\/wp\/v2\/media\/333978"}],"wp:attachment":[{"href":"https:\/\/baldumarket.lt\/ru\/wp-json\/wp\/v2\/media?parent=333866"}],"wp:term":[{"taxonomy":"product_brand","embeddable":true,"href":"https:\/\/baldumarket.lt\/ru\/wp-json\/wp\/v2\/product_brand?post=333866"},{"taxonomy":"product_cat","embeddable":true,"href":"https:\/\/baldumarket.lt\/ru\/wp-json\/wp\/v2\/product_cat?post=333866"},{"taxonomy":"product_tag","embeddable":true,"href":"https:\/\/baldumarket.lt\/ru\/wp-json\/wp\/v2\/product_tag?post=333866"}],"curies":[{"name":"WP","href":"https:\/\/api.w.org\/{rel}","templated":true}]}}