{"id":333430,"date":"2026-03-07T00:01:12","date_gmt":"2026-03-06T21:01:12","guid":{"rendered":"https:\/\/baldumarket.lt\/?post_type=product&#038;p=333430"},"modified":"2026-03-24T11:58:18","modified_gmt":"2026-03-24T08:58:18","slug":"maza-sienine-spintele-su-vitrina-ir-televizoriaus-erdve-266-x-210-cm-sviesi-sonoma-okapi-riesuto-spalvos-apollo","status":"publish","type":"product","link":"https:\/\/baldumarket.lt\/ru\/product\/maza-sienine-spintele-su-vitrina-ir-televizoriaus-erdve-266-x-210-cm-sviesi-sonoma-okapi-riesuto-spalvos-apollo\/","title":{"rendered":"Ma\u017ea sienin\u0117 spintel\u0117 su vitrina ir televizoriaus erdve 266 \u00d7 210 \u0441\u043c, Sonoma Jasna \/ Orzech Okapi \u2013 APOLLO"},"content":{"rendered":"<p>\u041d\u0430\u0441\u0442\u0435\u043d\u043d\u044b\u0439 \u043c\u043e\u0434\u0443\u043b\u044c APOLLO \u0440\u0430\u0437\u043c\u0435\u0440\u043e\u043c 266 x 210 \u0441\u043c \u2014 \u044d\u0442\u043e \u043a\u043e\u043c\u043f\u0430\u043a\u0442\u043d\u044b\u0439 \u043c\u043e\u0434\u0443\u043b\u044c, \u0440\u0430\u0437\u0440\u0430\u0431\u043e\u0442\u0430\u043d\u043d\u044b\u0439 \u0434\u043b\u044f \u0438\u043d\u0442\u0435\u0440\u044c\u0435\u0440\u043e\u0432, \u0433\u0434\u0435 \u0432\u0430\u0436\u043d\u0430 \u0444\u0443\u043d\u043a\u0446\u0438\u043e\u043d\u0430\u043b\u044c\u043d\u043e\u0441\u0442\u044c \u0432 \u0441\u043e\u0447\u0435\u0442\u0430\u043d\u0438\u0438 \u0441 \u043b\u0435\u0433\u043a\u0438\u043c, \u043d\u0435\u043d\u0430\u0432\u044f\u0437\u0447\u0438\u0432\u044b\u043c \u0434\u0438\u0437\u0430\u0439\u043d\u043e\u043c. \u042d\u0442\u043e\u0442 \u043a\u043e\u043c\u043f\u043b\u0435\u043a\u0442 \u043f\u043e\u0437\u0432\u043e\u043b\u044f\u0435\u0442 \u043e\u0440\u0433\u0430\u043d\u0438\u0437\u043e\u0432\u0430\u0442\u044c \u043f\u0440\u043e\u0441\u0442\u0440\u0430\u043d\u0441\u0442\u0432\u043e \u0432 \u0433\u043e\u0441\u0442\u0438\u043d\u043e\u0439, \u043d\u0435 \u0441\u043e\u0437\u0434\u0430\u0432\u0430\u044f \u0433\u0440\u043e\u043c\u043e\u0437\u0434\u043a\u043e\u0439 \u0441\u0442\u0435\u043d\u044b.<br \/>\n\u0412 \u043a\u043e\u043c\u043f\u043b\u0435\u043a\u0442 \u0432\u0445\u043e\u0434\u044f\u0442 \u0448\u043a\u0430\u0444\u044b, \u043f\u043e\u043b\u043a\u0438 \u0438 \u0432\u0438\u0442\u0440\u0438\u043d\u0430, \u043f\u043e\u0437\u0432\u043e\u043b\u044f\u044e\u0449\u0438\u0435 \u0445\u0440\u0430\u043d\u0438\u0442\u044c \u0438 \u0434\u0435\u043c\u043e\u043d\u0441\u0442\u0440\u0438\u0440\u043e\u0432\u0430\u0442\u044c \u043a\u043d\u0438\u0433\u0438, \u043f\u0440\u0435\u0434\u043c\u0435\u0442\u044b \u0434\u0435\u043a\u043e\u0440\u0430 \u0438 \u043f\u043e\u0432\u0441\u0435\u0434\u043d\u0435\u0432\u043d\u044b\u0435 \u0432\u0435\u0449\u0438. \u0417\u0430\u0441\u0442\u0435\u043a\u043b\u0435\u043d\u043d\u0430\u044f \u0432\u0438\u0442\u0440\u0438\u043d\u0430 \u0432\u044b\u043f\u043e\u043b\u043d\u044f\u0435\u0442 \u0444\u0443\u043d\u043a\u0446\u0438\u044e \u0434\u0435\u043c\u043e\u043d\u0441\u0442\u0440\u0430\u0446\u0438\u0438, \u0441\u043e\u0445\u0440\u0430\u043d\u044f\u044f \u043f\u0440\u0438 \u044d\u0442\u043e\u043c \u0432\u0438\u0437\u0443\u0430\u043b\u044c\u043d\u044b\u0439 \u0431\u0430\u043b\u0430\u043d\u0441 \u0432\u0441\u0435\u0439 \u043a\u043e\u043d\u0441\u0442\u0440\u0443\u043a\u0446\u0438\u0438, \u043d\u0435 \u043d\u0430\u0440\u0443\u0448\u0430\u044f \u043e\u0431\u0449\u0438\u0439 \u0434\u0438\u0437\u0430\u0439\u043d.<br \/>\n\u0426\u0435\u043d\u0442\u0440\u0430\u043b\u044c\u043d\u0430\u044f \u0447\u0430\u0441\u0442\u044c \u0442\u0443\u043c\u0431\u044b \u0432\u043a\u043b\u044e\u0447\u0430\u0435\u0442 \u0432 \u0441\u0435\u0431\u044f \u043c\u0435\u0441\u0442\u043e \u0434\u043b\u044f \u0442\u0435\u043b\u0435\u0432\u0438\u0437\u043e\u0440\u0430 \u0438 \u043c\u0443\u043b\u044c\u0442\u0438\u043c\u0435\u0434\u0438\u0439\u043d\u043e\u0433\u043e \u043e\u0431\u043e\u0440\u0443\u0434\u043e\u0432\u0430\u043d\u0438\u044f. \u0422\u0430\u043a\u043e\u0435 \u0440\u0430\u0441\u043f\u043e\u043b\u043e\u0436\u0435\u043d\u0438\u0435 \u043e\u0431\u0435\u0441\u043f\u0435\u0447\u0438\u0432\u0430\u0435\u0442 \u0443\u0434\u043e\u0431\u043d\u043e\u0435 \u0438\u0441\u043f\u043e\u043b\u044c\u0437\u043e\u0432\u0430\u043d\u0438\u0435 \u043c\u0443\u043b\u044c\u0442\u0438\u043c\u0435\u0434\u0438\u0439\u043d\u043e\u0439 \u0437\u043e\u043d\u044b, \u0441\u043e\u0445\u0440\u0430\u043d\u044f\u044f \u043f\u0440\u0438 \u044d\u0442\u043e\u043c \u043f\u043e\u0440\u044f\u0434\u043e\u043a \u0438 \u0432\u0438\u0437\u0443\u0430\u043b\u044c\u043d\u0443\u044e \u0446\u0435\u043b\u043e\u0441\u0442\u043d\u043e\u0441\u0442\u044c \u0432\u043e \u0432\u0441\u0435\u0439 \u0442\u0443\u043c\u0431\u0435.<br \/>\n\u0421\u043e\u0447\u0435\u0442\u0430\u043d\u0438\u0435 \u0446\u0432\u0435\u0442\u043e\u0432 Light Sonoma \u0438 Okapi Walnut \u043f\u0440\u0438\u0434\u0430\u0435\u0442 \u043d\u0430\u0441\u0442\u0435\u043d\u043d\u043e\u043c\u0443 \u0448\u043a\u0430\u0444\u0443 \u0431\u043e\u043b\u0435\u0435 \u0442\u0435\u043f\u043b\u044b\u0439 \u0438 \u0432\u044b\u0440\u0430\u0437\u0438\u0442\u0435\u043b\u044c\u043d\u044b\u0439 \u0445\u0430\u0440\u0430\u043a\u0442\u0435\u0440. \u0421\u0432\u0435\u0442\u043b\u043e\u0435 \u043e\u0441\u043d\u043e\u0432\u0430\u043d\u0438\u0435 \u0432\u0438\u0437\u0443\u0430\u043b\u044c\u043d\u043e \u043e\u0441\u0432\u0435\u0442\u043b\u044f\u0435\u0442 \u043a\u043e\u043c\u043d\u0430\u0442\u0443, \u0430 \u0431\u043e\u043b\u0435\u0435 \u0442\u0435\u043c\u043d\u0430\u044f \u043e\u0442\u0434\u0435\u043b\u043a\u0430 \u0434\u043e\u0431\u0430\u0432\u043b\u044f\u0435\u0442 \u043a\u043e\u043d\u0442\u0440\u0430\u0441\u0442 \u0438 \u043f\u043e\u0434\u0447\u0435\u0440\u043a\u0438\u0432\u0430\u0435\u0442 \u0444\u043e\u0440\u043c\u0443 \u0448\u043a\u0430\u0444\u0430, \u0434\u043e\u043f\u043e\u043b\u043d\u044f\u044f \u043a\u043b\u0430\u0441\u0441\u0438\u0447\u0435\u0441\u043a\u0438\u0435 \u0438 \u0441\u043f\u043e\u043a\u043e\u0439\u043d\u044b\u0435 \u0438\u043d\u0442\u0435\u0440\u044c\u0435\u0440\u044b. \u041a\u0430\u043a \u0438 \u0432\u0441\u0435 \u043d\u0430\u0441\u0442\u0435\u043d\u043d\u044b\u0435 \u0448\u043a\u0430\u0444\u044b, \u043f\u0440\u0435\u0434\u0441\u0442\u0430\u0432\u043b\u0435\u043d\u043d\u044b\u0435 \u0432 e-Meblast, \u043c\u043e\u0434\u0435\u043b\u044c APOLLO \u043c\u043e\u0436\u0435\u0442 \u0431\u044b\u0442\u044c \u0438\u0437\u0433\u043e\u0442\u043e\u0432\u043b\u0435\u043d\u0430 \u043d\u0430 \u0437\u0430\u043a\u0430\u0437 \u043f\u043e \u0440\u0430\u0437\u043c\u0435\u0440\u0430\u043c, \u0446\u0432\u0435\u0442\u0430\u043c, \u0440\u0430\u0441\u043f\u043e\u043b\u043e\u0436\u0435\u043d\u0438\u044e \u044d\u043b\u0435\u043c\u0435\u043d\u0442\u043e\u0432 \u0438 \u0444\u0443\u0440\u043d\u0438\u0442\u0443\u0440\u0435, \u0447\u0442\u043e \u043f\u043e\u0437\u0432\u043e\u043b\u044f\u0435\u0442 \u0441\u043e\u0437\u0434\u0430\u0442\u044c \u043a\u043e\u043c\u043f\u043b\u0435\u043a\u0442, \u0441\u043e\u043e\u0442\u0432\u0435\u0442\u0441\u0442\u0432\u0443\u044e\u0449\u0438\u0439 \u0432\u0430\u0448\u0438\u043c \u0438\u043d\u0434\u0438\u0432\u0438\u0434\u0443\u0430\u043b\u044c\u043d\u044b\u043c \u043f\u043e\u0442\u0440\u0435\u0431\u043d\u043e\u0441\u0442\u044f\u043c \u0438 \u0440\u0430\u0437\u043c\u0435\u0440\u0443 \u043f\u043e\u043c\u0435\u0449\u0435\u043d\u0438\u044f.<\/p>\n<p>\u0422\u0435\u043b\u043e:<br \/>\n\u0422\u0435\u043c\u043d\u0430\u044f \u0421\u043e\u043d\u043e\u043c\u0430<br \/>\n\u041b\u0430\u0439\u0442 \u0421\u043e\u043d\u043e\u043c\u0430<\/p>\n<p>\u041f\u0435\u0440\u0435\u0434\u043d\u0438\u0439:<br \/>\n\u0413\u0440\u0430\u043d\u0434-\u041e\u0430\u043a (\u043f\u043e\u043b\u043e\u0441\u0430 \u041c\u0414\u0424)<br \/>\n\u041e\u0440\u0435\u0445 \u043e\u043a\u0430\u043f\u0438 (\u043f\u043e\u043b\u043e\u0441\u0430 \u041c\u0414\u0424)<br \/>\n\u041b\u0430\u0439\u0442 \u0421\u043e\u043d\u043e\u043c\u0430<\/p>","protected":false},"excerpt":{"rendered":"<p>\u0420\u0430\u0437\u043c\u0435\u0440\u044b:<br \/>\n\u0428\u0438\u0440\u0438\u043d\u0430: 266 \u0441\u043c<br \/>\n\u0412\u044b\u0441\u043e\u0442\u0430: 210 \u0441\u043c<br \/>\n\u0413\u043b\u0443\u0431\u0438\u043d\u0430: 42 \u0441\u043c<\/p>","protected":false},"featured_media":333538,"comment_status":"open","ping_status":"closed","template":"","meta":[],"product_brand":[],"product_cat":[9983,9857,2008],"product_tag":[],"class_list":{"0":"post-333430","1":"product","2":"type-product","3":"status-publish","4":"has-post-thumbnail","6":"product_cat-furniture-sets-room-sets-meblast","7":"product_cat-meblast","8":"product_cat-wall-units","10":"first","11":"instock","12":"shipping-taxable","13":"purchasable","14":"product-type-variable","15":"wvs-archive-product-wrapper"},"_links":{"self":[{"href":"https:\/\/baldumarket.lt\/ru\/wp-json\/wp\/v2\/product\/333430","targetHints":{"allow":["GET"]}}],"collection":[{"href":"https:\/\/baldumarket.lt\/ru\/wp-json\/wp\/v2\/product"}],"about":[{"href":"https:\/\/baldumarket.lt\/ru\/wp-json\/wp\/v2\/types\/product"}],"replies":[{"embeddable":true,"href":"https:\/\/baldumarket.lt\/ru\/wp-json\/wp\/v2\/comments?post=333430"}],"wp:featuredmedia":[{"embeddable":true,"href":"https:\/\/baldumarket.lt\/ru\/wp-json\/wp\/v2\/media\/333538"}],"wp:attachment":[{"href":"https:\/\/baldumarket.lt\/ru\/wp-json\/wp\/v2\/media?parent=333430"}],"wp:term":[{"taxonomy":"product_brand","embeddable":true,"href":"https:\/\/baldumarket.lt\/ru\/wp-json\/wp\/v2\/product_brand?post=333430"},{"taxonomy":"product_cat","embeddable":true,"href":"https:\/\/baldumarket.lt\/ru\/wp-json\/wp\/v2\/product_cat?post=333430"},{"taxonomy":"product_tag","embeddable":true,"href":"https:\/\/baldumarket.lt\/ru\/wp-json\/wp\/v2\/product_tag?post=333430"}],"curies":[{"name":"WP","href":"https:\/\/api.w.org\/{rel}","templated":true}]}}