{"id":333309,"date":"2026-03-06T23:57:16","date_gmt":"2026-03-06T20:57:16","guid":{"rendered":"https:\/\/baldumarket.lt\/?post_type=product&#038;p=333309"},"modified":"2026-03-24T15:04:53","modified_gmt":"2026-03-24T12:04:53","slug":"didele-sienine-spintele-su-erdviomis-spintomis-vitrinomis-ir-baru-360-x-200-cm-sonoma-dark-havana","status":"publish","type":"product","link":"https:\/\/baldumarket.lt\/ru\/product\/didele-sienine-spintele-su-erdviomis-spintomis-vitrinomis-ir-baru-360-x-200-cm-sonoma-dark-havana\/","title":{"rendered":"Didel\u0117 sienin\u0117 spintel\u0117 su erdviomis spintomis, vitrinomis ir baru 360 \u00d7 200 \u0441\u043c Sonoma Ciemna \u2013 \u0413\u0410\u0412\u0410\u041d\u0410"},"content":{"rendered":"<p>\u041d\u0430\u0441\u0442\u0435\u043d\u043d\u0430\u044f \u0441\u0435\u043a\u0446\u0438\u044f HAVANA \u0440\u0430\u0437\u043c\u0435\u0440\u043e\u043c 360 x 200 \u0441\u043c \u0431\u044b\u043b\u0430 \u0440\u0430\u0437\u0440\u0430\u0431\u043e\u0442\u0430\u043d\u0430 \u043a\u0430\u043a \u043a\u043e\u043c\u043f\u043b\u0435\u043a\u0441\u043d\u043e\u0435 \u0438 \u044d\u043b\u0435\u0433\u0430\u043d\u0442\u043d\u043e\u0435 \u0440\u0435\u0448\u0435\u043d\u0438\u0435 \u0434\u043b\u044f \u043f\u0440\u043e\u0441\u0442\u043e\u0440\u043d\u044b\u0445 \u0433\u043e\u0441\u0442\u0438\u043d\u044b\u0445. \u0415\u0435 \u043f\u043b\u0430\u043d\u0438\u0440\u043e\u0432\u043a\u0430 \u0441\u043e\u0447\u0435\u0442\u0430\u0435\u0442 \u0432 \u0441\u0435\u0431\u0435 \u0432\u043c\u0435\u0441\u0442\u0438\u0442\u0435\u043b\u044c\u043d\u043e\u0435 \u0445\u0440\u0430\u043d\u0438\u043b\u0438\u0449\u0435, \u0434\u0435\u043c\u043e\u043d\u0441\u0442\u0440\u0430\u0446\u0438\u043e\u043d\u043d\u044b\u0435 \u0444\u0443\u043d\u043a\u0446\u0438\u0438 \u0438 \u043c\u0443\u043b\u044c\u0442\u0438\u043c\u0435\u0434\u0438\u0439\u043d\u0443\u044e \u0437\u043e\u043d\u0443, \u0441\u043e\u0437\u0434\u0430\u0432\u0430\u044f \u0446\u0435\u043b\u043e\u0441\u0442\u043d\u044b\u0439 \u043a\u043e\u043c\u043f\u043b\u0435\u043a\u0442 \u0441 \u044f\u0440\u043a\u043e \u0432\u044b\u0440\u0430\u0436\u0435\u043d\u043d\u044b\u043c \u0445\u0430\u0440\u0430\u043a\u0442\u0435\u0440\u043e\u043c \u0433\u043e\u0441\u0442\u0438\u043d\u043e\u0439.<\/p>\n<p>\u041d\u0430\u0441\u0442\u0435\u043d\u043d\u044b\u0439 \u043c\u043e\u0434\u0443\u043b\u044c \u0432\u043a\u043b\u044e\u0447\u0430\u0435\u0442 \u0432 \u0441\u0435\u0431\u044f \u043e\u0447\u0435\u043d\u044c \u0432\u043c\u0435\u0441\u0442\u0438\u0442\u0435\u043b\u044c\u043d\u044b\u0439 \u0448\u043a\u0430\u0444 \u0441 \u0432\u0435\u0448\u0430\u043b\u043a\u043e\u0439 \u0438 \u043f\u043e\u043b\u043a\u043e\u0439, \u0430 \u0442\u0430\u043a\u0436\u0435 \u043a\u043e\u043b\u043e\u043d\u043d\u0443 \u0434\u043b\u044f \u0448\u043a\u0430\u0444\u0430 \u0441 \u043f\u044f\u0442\u044c\u044e \u043f\u043e\u043b\u043a\u0430\u043c\u0438, \u043f\u043e\u0437\u0432\u043e\u043b\u044f\u044e\u0449\u0443\u044e \u043e\u0440\u0433\u0430\u043d\u0438\u0437\u043e\u0432\u0430\u0442\u044c \u0445\u0440\u0430\u043d\u0435\u043d\u0438\u0435 \u043e\u0434\u0435\u0436\u0434\u044b, \u0442\u0435\u043a\u0441\u0442\u0438\u043b\u044f \u0438 \u043a\u0440\u0443\u043f\u043d\u044b\u0445 \u043f\u0440\u0435\u0434\u043c\u0435\u0442\u043e\u0432. \u0422\u0430\u043a\u043e\u0435 \u0440\u0435\u0448\u0435\u043d\u0438\u0435 \u043f\u043e\u0437\u0432\u043e\u043b\u044f\u0435\u0442 \u0438\u0441\u043f\u043e\u043b\u044c\u0437\u043e\u0432\u0430\u0442\u044c \u043d\u0430\u0441\u0442\u0435\u043d\u043d\u044b\u0439 \u043c\u043e\u0434\u0443\u043b\u044c \u043a\u0430\u043a \u043f\u043e\u043b\u043d\u043e\u0446\u0435\u043d\u043d\u044b\u0439 \u044d\u043b\u0435\u043c\u0435\u043d\u0442 \u0445\u0440\u0430\u043d\u0435\u043d\u0438\u044f \u0431\u0435\u0437 \u043d\u0435\u043e\u0431\u0445\u043e\u0434\u0438\u043c\u043e\u0441\u0442\u0438 \u0432 \u0434\u043e\u043f\u043e\u043b\u043d\u0438\u0442\u0435\u043b\u044c\u043d\u044b\u0445 \u0448\u043a\u0430\u0444\u0430\u0445.<\/p>\n<p>\u041a\u043b\u044e\u0447\u0435\u0432\u044b\u043c \u044d\u043b\u0435\u043c\u0435\u043d\u0442\u043e\u043c \u043a\u043e\u043c\u043f\u043b\u0435\u043a\u0442\u0430 \u044f\u0432\u043b\u044f\u044e\u0442\u0441\u044f \u044d\u0444\u0444\u0435\u043a\u0442\u043d\u044b\u0435 \u0442\u0440\u043e\u0439\u043d\u044b\u0435 \u0441\u0442\u0435\u043a\u043b\u044f\u043d\u043d\u044b\u0435 \u0432\u0438\u0442\u0440\u0438\u043d\u044b, \u0440\u0430\u0441\u043f\u043e\u043b\u043e\u0436\u0435\u043d\u043d\u044b\u0435 \u0432 \u0432\u0435\u0440\u0445\u043d\u0435\u0439 \u0447\u0430\u0441\u0442\u0438 \u0441\u0442\u0435\u043b\u043b\u0430\u0436\u0430. \u0412\u0438\u0442\u0440\u0438\u043d\u044b \u0441\u043b\u0443\u0436\u0430\u0442 \u0434\u043b\u044f \u0434\u0435\u043c\u043e\u043d\u0441\u0442\u0440\u0430\u0446\u0438\u0438 \u043f\u0440\u0435\u0434\u043c\u0435\u0442\u043e\u0432 \u0438 \u043f\u043e\u0434\u0447\u0435\u0440\u043a\u0438\u0432\u0430\u044e\u0442 \u044d\u043b\u0435\u0433\u0430\u043d\u0442\u043d\u044b\u0439 \u0445\u0430\u0440\u0430\u043a\u0442\u0435\u0440 \u043d\u0430\u0441\u0442\u0435\u043d\u043d\u043e\u0433\u043e \u0441\u0442\u0435\u043b\u043b\u0430\u0436\u0430, \u043f\u043e\u0437\u0432\u043e\u043b\u044f\u044f \u0432\u044b\u0441\u0442\u0430\u0432\u043b\u044f\u0442\u044c \u043f\u043e\u0441\u0443\u0434\u0443, \u0441\u0442\u043e\u043b\u043e\u0432\u044b\u0435 \u043f\u0440\u0438\u0431\u043e\u0440\u044b \u0438\u043b\u0438 \u0434\u0435\u043a\u043e\u0440\u0430\u0442\u0438\u0432\u043d\u044b\u0435 \u044d\u043b\u0435\u043c\u0435\u043d\u0442\u044b. \u0418\u0445 \u0434\u043e\u043f\u043e\u043b\u043d\u044f\u044e\u0442 \u0432\u044b\u0434\u0432\u0438\u0436\u043d\u044b\u0435 \u0441\u0435\u043a\u0446\u0438\u0438 \u0441 \u0434\u0432\u0435\u0440\u0446\u0430\u043c\u0438, \u043e\u0442\u043a\u0440\u044b\u0432\u0430\u044e\u0449\u0438\u043c\u0438\u0441\u044f \u0432\u043d\u0438\u0437, \u0437\u0430\u043a\u0440\u044b\u0442\u044b\u0435 \u0448\u043a\u0430\u0444\u044b \u0438 \u043e\u0442\u043a\u0440\u044b\u0442\u044b\u0435 \u043d\u0438\u0448\u0438. \u0411\u0430\u0440\u043d\u0430\u044f \u0437\u043e\u043d\u0430 \u0440\u0430\u0441\u0448\u0438\u0440\u0435\u043d\u0430 \u0437\u0430 \u0441\u0447\u0435\u0442 \u043f\u0440\u043e\u0441\u0442\u043e\u0440\u043d\u044b\u0445 \u044f\u0449\u0438\u043a\u043e\u0432 \u0438 \u0448\u043a\u0430\u0444\u043e\u0432, \u0447\u0442\u043e \u043e\u0431\u0435\u0441\u043f\u0435\u0447\u0438\u0432\u0430\u0435\u0442 \u0444\u0443\u043d\u043a\u0446\u0438\u043e\u043d\u0430\u043b\u044c\u043d\u043e\u0435 \u043c\u0435\u0441\u0442\u043e \u0434\u043b\u044f \u0445\u0440\u0430\u043d\u0435\u043d\u0438\u044f \u0430\u043a\u0441\u0435\u0441\u0441\u0443\u0430\u0440\u043e\u0432, \u043f\u043e\u0441\u0443\u0434\u044b \u0438 \u043f\u0440\u0438\u043d\u0430\u0434\u043b\u0435\u0436\u043d\u043e\u0441\u0442\u0435\u0439. \u041e\u0434\u043d\u0430 \u0438\u0437 \u0432\u044b\u0434\u0432\u0438\u0436\u043d\u044b\u0445 \u0441\u0435\u043a\u0446\u0438\u0439 \u0432\u0438\u0442\u0440\u0438\u043d\u044b \u0438\u043c\u0435\u0435\u0442 \u0441\u044a\u0435\u043c\u043d\u0443\u044e \u043f\u043e\u043b\u043a\u0443, \u0441\u043e\u0437\u0434\u0430\u0432\u0430\u044f \u043d\u0438\u0448\u0443 \u0434\u043b\u044f \u0442\u0435\u043b\u0435\u0432\u0438\u0437\u043e\u0440\u0430, \u043e\u0440\u0433\u0430\u043d\u0438\u0447\u043d\u043e \u0432\u043f\u0438\u0441\u0430\u043d\u043d\u0443\u044e \u0432 \u043e\u0431\u0449\u0438\u0439 \u0434\u0438\u0437\u0430\u0439\u043d.<\/p>\n<p>\u041e\u0442\u0434\u0435\u043b\u043a\u0430 Dark Sonoma \u043f\u0440\u0438\u0434\u0430\u0435\u0442 \u043d\u0430\u0441\u0442\u0435\u043d\u043d\u043e\u043c\u0443 \u0448\u043a\u0430\u0444\u0443 \u0441\u043e\u043b\u0438\u0434\u043d\u044b\u0439 \u0438 \u044d\u043b\u0435\u0433\u0430\u043d\u0442\u043d\u044b\u0439 \u0432\u0438\u0434. \u0411\u043e\u043b\u0435\u0435 \u0442\u0435\u043c\u043d\u0430\u044f \u0442\u0435\u043a\u0441\u0442\u0443\u0440\u0430 \u0434\u0440\u0435\u0432\u0435\u0441\u0438\u043d\u044b \u0434\u043e\u0431\u0430\u0432\u043b\u044f\u0435\u0442 \u0432\u0438\u0437\u0443\u0430\u043b\u044c\u043d\u043e\u0439 \u0441\u0442\u0440\u0443\u043a\u0442\u0443\u0440\u044b \u043e\u0431\u044a\u0435\u043c\u043d\u043e\u0439 \u0444\u043e\u0440\u043c\u0435 \u0438 \u0434\u043e\u043f\u043e\u043b\u043d\u044f\u0435\u0442 \u043a\u043b\u0430\u0441\u0441\u0438\u0447\u0435\u0441\u043a\u0438\u0435 \u0438 \u0441\u0434\u0435\u0440\u0436\u0430\u043d\u043d\u044b\u0435 \u0438\u043d\u0442\u0435\u0440\u044c\u0435\u0440\u044b, \u0432 \u043a\u043e\u0442\u043e\u0440\u044b\u0445 \u043f\u0440\u0438\u043e\u0440\u0438\u0442\u0435\u0442 \u043e\u0442\u0434\u0430\u0435\u0442\u0441\u044f \u0432\u044b\u0440\u0430\u0437\u0438\u0442\u0435\u043b\u044c\u043d\u043e\u043c\u0443, \u043d\u043e \u043d\u0435 \u043f\u0435\u0440\u0435\u0433\u0440\u0443\u0436\u0435\u043d\u043d\u043e\u043c\u0443 \u0432\u0438\u0437\u0443\u0430\u043b\u044c\u043d\u043e\u043c\u0443 \u044d\u0444\u0444\u0435\u043a\u0442\u0443.<\/p>\n<p>\u041a\u0430\u043a \u0438 \u0432\u0441\u0435 \u043d\u0430\u0441\u0442\u0435\u043d\u043d\u044b\u0435 \u043c\u043e\u0434\u0443\u043b\u0438, \u043f\u0440\u0435\u0434\u0441\u0442\u0430\u0432\u043b\u0435\u043d\u043d\u044b\u0435 \u0432 e-Meblast, \u043c\u043e\u0434\u0435\u043b\u044c HAVANA \u043c\u043e\u0436\u0435\u0442 \u0431\u044b\u0442\u044c \u043d\u0430\u0441\u0442\u0440\u043e\u0435\u043d\u0430 \u043f\u043e \u0440\u0430\u0437\u043c\u0435\u0440\u0430\u043c, \u0446\u0432\u0435\u0442\u0443, \u0440\u0430\u0441\u043f\u043e\u043b\u043e\u0436\u0435\u043d\u0438\u044e \u043a\u043e\u043c\u043f\u043e\u043d\u0435\u043d\u0442\u043e\u0432 \u0438 \u0444\u0443\u0440\u043d\u0438\u0442\u0443\u0440\u0435, \u0447\u0442\u043e \u043f\u043e\u0437\u0432\u043e\u043b\u044f\u0435\u0442 \u0441\u043e\u0437\u0434\u0430\u0442\u044c \u043a\u043e\u043c\u043f\u043b\u0435\u043a\u0442, \u0438\u0434\u0435\u0430\u043b\u044c\u043d\u043e \u0441\u043e\u043e\u0442\u0432\u0435\u0442\u0441\u0442\u0432\u0443\u044e\u0449\u0438\u0439 \u0432\u0430\u0448\u0438\u043c \u0438\u043d\u0434\u0438\u0432\u0438\u0434\u0443\u0430\u043b\u044c\u043d\u044b\u043c \u043f\u043e\u0442\u0440\u0435\u0431\u043d\u043e\u0441\u0442\u044f\u043c \u0438 \u0440\u0430\u0437\u043c\u0435\u0440\u0443 \u043f\u043e\u043c\u0435\u0449\u0435\u043d\u0438\u044f.<\/p>\n<p>\u0414\u043e\u0441\u0442\u0443\u043f\u043d\u044b\u0435 \u0441\u0442\u0430\u043d\u0434\u0430\u0440\u0442\u043d\u044b\u0435 \u0446\u0432\u0435\u0442\u0430:<br \/>\n\u0422\u0435\u043c\u043d\u0430\u044f \u0421\u043e\u043d\u043e\u043c\u0430<br \/>\n\u041e\u043b\u044c\u0445\u0430<br \/>\n\u041f\u043e\u0440\u0442 \u0427\u0435\u0440\u0440\u0438<\/p>","protected":false},"excerpt":{"rendered":"<p>\u0420\u0430\u0437\u043c\u0435\u0440\u044b:<br \/>\n\u0428\u0438\u0440\u0438\u043d\u0430: 360 \u0441\u043c<br \/>\n\u0412\u044b\u0441\u043e\u0442\u0430: 200 \u0441\u043c<br \/>\n\u0413\u043b\u0443\u0431\u0438\u043d\u0430: 53 \u0441\u043c<\/p>","protected":false},"featured_media":333417,"comment_status":"open","ping_status":"closed","template":"","meta":[],"product_brand":[],"product_cat":[9983,9857,2008],"product_tag":[],"class_list":{"0":"post-333309","1":"product","2":"type-product","3":"status-publish","4":"has-post-thumbnail","6":"product_cat-furniture-sets-room-sets-meblast","7":"product_cat-meblast","8":"product_cat-wall-units","10":"first","11":"instock","12":"shipping-taxable","13":"purchasable","14":"product-type-variable","15":"wvs-archive-product-wrapper"},"_links":{"self":[{"href":"https:\/\/baldumarket.lt\/ru\/wp-json\/wp\/v2\/product\/333309","targetHints":{"allow":["GET"]}}],"collection":[{"href":"https:\/\/baldumarket.lt\/ru\/wp-json\/wp\/v2\/product"}],"about":[{"href":"https:\/\/baldumarket.lt\/ru\/wp-json\/wp\/v2\/types\/product"}],"replies":[{"embeddable":true,"href":"https:\/\/baldumarket.lt\/ru\/wp-json\/wp\/v2\/comments?post=333309"}],"wp:featuredmedia":[{"embeddable":true,"href":"https:\/\/baldumarket.lt\/ru\/wp-json\/wp\/v2\/media\/333417"}],"wp:attachment":[{"href":"https:\/\/baldumarket.lt\/ru\/wp-json\/wp\/v2\/media?parent=333309"}],"wp:term":[{"taxonomy":"product_brand","embeddable":true,"href":"https:\/\/baldumarket.lt\/ru\/wp-json\/wp\/v2\/product_brand?post=333309"},{"taxonomy":"product_cat","embeddable":true,"href":"https:\/\/baldumarket.lt\/ru\/wp-json\/wp\/v2\/product_cat?post=333309"},{"taxonomy":"product_tag","embeddable":true,"href":"https:\/\/baldumarket.lt\/ru\/wp-json\/wp\/v2\/product_tag?post=333309"}],"curies":[{"name":"WP","href":"https:\/\/api.w.org\/{rel}","templated":true}]}}