{"id":333269,"date":"2026-03-06T23:55:56","date_gmt":"2026-03-06T20:55:56","guid":{"rendered":"https:\/\/baldumarket.lt\/?post_type=product&#038;p=333269"},"modified":"2026-03-24T14:57:12","modified_gmt":"2026-03-24T11:57:12","slug":"klasikine-sienine-spintele-su-triju-vitrinu-spintele-baru-ir-televizoriaus-spintele-280-x-207-cm-sonoma-light-hades-rtv","status":"publish","type":"product","link":"https:\/\/baldumarket.lt\/ru\/product\/klasikine-sienine-spintele-su-triju-vitrinu-spintele-baru-ir-televizoriaus-spintele-280-x-207-cm-sonoma-light-hades-rtv\/","title":{"rendered":"Klasikin\u0117 sienin\u0117 spintel\u0117 \u043d\u0430 \u0442\u0440\u0435\u0445 \u0432\u0438\u0442\u0440\u0438\u043d\u0430\u0445, \u0431\u0430\u0440\u0443 \u0438 \u0442\u0435\u043b\u0435\u0432\u0438\u0437\u043e\u0440\u0430\u0445, 280 \u00d7 207 \u0441\u043c, Sonoma Jasna \u2013 HADES + RTV"},"content":{"rendered":"<p>\u041d\u0430\u0441\u0442\u0435\u043d\u043d\u0430\u044f \u0442\u0443\u043c\u0431\u0430 HADES + RTV \u0440\u0430\u0437\u043c\u0435\u0440\u043e\u043c 280 x 207 \u0441\u043c \u0432 \u0446\u0432\u0435\u0442\u0435 Light Sonoma \u0440\u0430\u0437\u0440\u0430\u0431\u043e\u0442\u0430\u043d\u0430 \u043a\u0430\u043a \u043a\u043b\u0430\u0441\u0441\u0438\u0447\u0435\u0441\u043a\u0438\u0439, \u044d\u043b\u0435\u0433\u0430\u043d\u0442\u043d\u044b\u0439 \u044d\u043b\u0435\u043c\u0435\u043d\u0442, \u0441\u043e\u0447\u0435\u0442\u0430\u044e\u0449\u0438\u0439 \u0432 \u0441\u0435\u0431\u0435 \u043e\u0431\u0448\u0438\u0440\u043d\u043e\u0435 \u043f\u0440\u043e\u0441\u0442\u0440\u0430\u043d\u0441\u0442\u0432\u043e \u0434\u043b\u044f \u0440\u0430\u0437\u043c\u0435\u0449\u0435\u043d\u0438\u044f \u043f\u0440\u0435\u0434\u043c\u0435\u0442\u043e\u0432 \u0438 \u0444\u0443\u043d\u043a\u0446\u0438\u043e\u043d\u0430\u043b\u044c\u043d\u0443\u044e \u043c\u0443\u043b\u044c\u0442\u0438\u043c\u0435\u0434\u0438\u0439\u043d\u0443\u044e \u0437\u043e\u043d\u0443. \u042d\u0442\u043e\u0442 \u0432\u0430\u0440\u0438\u0430\u043d\u0442 \u043c\u043e\u0434\u0435\u043b\u0438 HADES \u0434\u043e\u043f\u043e\u043b\u043d\u0435\u043d \u043c\u043e\u0434\u0443\u043b\u0435\u043c RTV, \u0447\u0442\u043e \u0434\u0435\u043b\u0430\u0435\u0442 \u0435\u0433\u043e \u0438\u0434\u0435\u0430\u043b\u044c\u043d\u044b\u043c \u0434\u043b\u044f \u0433\u043e\u0441\u0442\u0438\u043d\u044b\u0445, \u0433\u0434\u0435 \u044d\u0441\u0442\u0435\u0442\u0438\u043a\u0430 \u0441\u043e\u0447\u0435\u0442\u0430\u0435\u0442\u0441\u044f \u0441 \u043f\u043e\u0432\u0441\u0435\u0434\u043d\u0435\u0432\u043d\u044b\u043c \u0438\u0441\u043f\u043e\u043b\u044c\u0437\u043e\u0432\u0430\u043d\u0438\u0435\u043c.<br \/>\n\u041e\u0442\u043b\u0438\u0447\u0438\u0442\u0435\u043b\u044c\u043d\u043e\u0439 \u0447\u0435\u0440\u0442\u043e\u0439 \u043d\u0430\u0441\u0442\u0435\u043d\u043d\u043e\u0433\u043e \u0441\u0442\u0435\u043b\u043b\u0430\u0436\u0430 \u044f\u0432\u043b\u044f\u0435\u0442\u0441\u044f \u0442\u0440\u043e\u0439\u043d\u043e\u0439 \u0432\u0438\u0442\u0440\u0438\u043d\u043d\u044b\u0439 \u0448\u043a\u0430\u0444, \u043a\u043e\u0442\u043e\u0440\u044b\u0439 \u043e\u0440\u0433\u0430\u043d\u0438\u0437\u0443\u0435\u0442 \u0432\u0435\u0440\u0445\u043d\u044e\u044e \u0447\u0430\u0441\u0442\u044c \u0441\u0442\u0435\u043b\u043b\u0430\u0436\u0430 \u0438 \u0441\u043e\u0437\u0434\u0430\u0435\u0442 \u043f\u0440\u0435\u0434\u0441\u0442\u0430\u0432\u0438\u0442\u0435\u043b\u044c\u043d\u0443\u044e \u0432\u044b\u0441\u0442\u0430\u0432\u043e\u0447\u043d\u0443\u044e \u0437\u043e\u043d\u0443. \u0421\u0442\u0435\u043a\u043b\u044f\u043d\u043d\u044b\u0435 \u0444\u0430\u0441\u0430\u0434\u044b \u0438 \u0434\u0435\u043a\u043e\u0440\u0430\u0442\u0438\u0432\u043d\u044b\u0435 \u043f\u043b\u0430\u043d\u043a\u0438 \u0438\u0437 \u041c\u0414\u0424 \u043f\u043e\u0437\u0432\u043e\u043b\u044f\u044e\u0442 \u044d\u0441\u0442\u0435\u0442\u0438\u0447\u043d\u043e \u043f\u0440\u0435\u0434\u0441\u0442\u0430\u0432\u0438\u0442\u044c \u043a\u043d\u0438\u0433\u0438, \u043f\u043e\u0441\u0443\u0434\u0443, \u043f\u0440\u0435\u0434\u043c\u0435\u0442\u044b \u0434\u0435\u043a\u043e\u0440\u0430 \u0438\u043b\u0438 \u043a\u043e\u043b\u043b\u0435\u043a\u0446\u0438\u0438, \u0441\u043e\u0445\u0440\u0430\u043d\u044f\u044f \u043f\u0440\u0438 \u044d\u0442\u043e\u043c \u043a\u043b\u0430\u0441\u0441\u0438\u0447\u0435\u0441\u043a\u0438\u0435 \u043f\u0440\u043e\u043f\u043e\u0440\u0446\u0438\u0438 \u0432\u0441\u0435\u0433\u043e \u043a\u043e\u043c\u043f\u043b\u0435\u043a\u0442\u0430. \u041a\u043d\u0438\u0436\u043d\u044b\u0439 \u0448\u043a\u0430\u0444 \u0438\u043d\u0442\u0435\u0433\u0440\u0438\u0440\u043e\u0432\u0430\u043d \u0432 \u043a\u043e\u043d\u0441\u0442\u0440\u0443\u043a\u0446\u0438\u044e \u0433\u0430\u0440\u043c\u043e\u043d\u0438\u0447\u043d\u043e \u0438 \u0443\u043f\u043e\u0440\u044f\u0434\u043e\u0447\u0435\u043d\u043d\u043e.<\/p>\n<p>\u0412 \u043a\u043e\u043c\u043f\u043b\u0435\u043a\u0442 \u0432\u0445\u043e\u0434\u0438\u0442 \u0448\u043a\u0430\u0444 \u0434\u043b\u044f \u0431\u0435\u043b\u044c\u044f, \u043e\u0431\u0435\u0441\u043f\u0435\u0447\u0438\u0432\u0430\u044e\u0449\u0438\u0439 \u043f\u0440\u0430\u043a\u0442\u0438\u0447\u043d\u043e\u0435 \u043c\u0435\u0441\u0442\u043e \u0434\u043b\u044f \u0445\u0440\u0430\u043d\u0435\u043d\u0438\u044f \u043e\u0434\u0435\u0436\u0434\u044b, \u0442\u0435\u043a\u0441\u0442\u0438\u043b\u044f \u0438 \u0430\u043a\u0441\u0435\u0441\u0441\u0443\u0430\u0440\u043e\u0432. \u041f\u0435\u0440\u0435\u043a\u043b\u0430\u0434\u0438\u043d\u0430 \u0438 \u0432\u043c\u0435\u0441\u0442\u0438\u0442\u0435\u043b\u044c\u043d\u044b\u0435 \u044f\u0449\u0438\u043a\u0438 \u0441\u043e\u0437\u0434\u0430\u044e\u0442 \u0434\u043e\u043f\u043e\u043b\u043d\u0438\u0442\u0435\u043b\u044c\u043d\u0443\u044e \u043f\u043e\u043b\u0435\u0437\u043d\u0443\u044e \u043f\u043b\u043e\u0449\u0430\u0434\u044c, \u043e\u0431\u043b\u0435\u0433\u0447\u0430\u044e\u0449\u0443\u044e \u043e\u0440\u0433\u0430\u043d\u0438\u0437\u0430\u0446\u0438\u044e \u043c\u0435\u043b\u043a\u0438\u0445 \u043f\u0440\u0435\u0434\u043c\u0435\u0442\u043e\u0432 \u0438 \u043f\u043e\u0432\u0441\u0435\u0434\u043d\u0435\u0432\u043d\u044b\u0445 \u0432\u0435\u0449\u0435\u0439. \u041c\u043e\u0434\u0435\u043b\u044c HADES + RTV \u043e\u0441\u043d\u0430\u0449\u0435\u043d\u0430 \u043c\u0443\u043b\u044c\u0442\u0438\u043c\u0435\u0434\u0438\u0439\u043d\u044b\u043c \u0448\u043a\u0430\u0444\u043e\u043c, \u043f\u043e\u0437\u0432\u043e\u043b\u044f\u044e\u0449\u0438\u043c \u0443\u0434\u043e\u0431\u043d\u043e \u0440\u0430\u0437\u043c\u0435\u0441\u0442\u0438\u0442\u044c \u0442\u0435\u043b\u0435\u0432\u0438\u0437\u043e\u0440 \u0438 \u044d\u043b\u0435\u043a\u0442\u0440\u043e\u043d\u0438\u043a\u0443. \u042d\u0442\u043e \u043f\u043e\u0437\u0432\u043e\u043b\u044f\u0435\u0442 \u0441\u043e\u0445\u0440\u0430\u043d\u0438\u0442\u044c \u043a\u043b\u0430\u0441\u0441\u0438\u0447\u0435\u0441\u043a\u0438\u0439, \u044d\u043b\u0435\u0433\u0430\u043d\u0442\u043d\u044b\u0439 \u0445\u0430\u0440\u0430\u043a\u0442\u0435\u0440 \u043d\u0430\u0441\u0442\u0435\u043d\u043d\u043e\u0433\u043e \u0448\u043a\u0430\u0444\u0430, \u043f\u0440\u0435\u0434\u043b\u0430\u0433\u0430\u044f \u043f\u0440\u0438 \u044d\u0442\u043e\u043c \u0432\u0441\u044e \u043d\u0435\u043e\u0431\u0445\u043e\u0434\u0438\u043c\u0443\u044e \u0444\u0443\u043d\u043a\u0446\u0438\u043e\u043d\u0430\u043b\u044c\u043d\u043e\u0441\u0442\u044c \u0434\u043b\u044f \u0441\u043e\u0432\u0440\u0435\u043c\u0435\u043d\u043d\u043e\u0439 \u0433\u043e\u0441\u0442\u0438\u043d\u043e\u0439.<\/p>\n<p>\u0421\u0432\u0435\u0442\u043b\u044b\u0439 \u0446\u0432\u0435\u0442 \u00ab\u0421\u043e\u043d\u043e\u043c\u0430\u00bb \u043f\u0440\u0438\u0434\u0430\u0435\u0442 \u043d\u0430\u0441\u0442\u0435\u043d\u043d\u043e\u043c\u0443 \u0448\u043a\u0430\u0444\u0443 \u0431\u043e\u043b\u0435\u0435 \u0441\u0432\u0435\u0442\u043b\u044b\u0439 \u0438 \u043d\u0435\u0439\u0442\u0440\u0430\u043b\u044c\u043d\u044b\u0439 \u0432\u0438\u0434. \u0421\u0432\u0435\u0442\u043b\u044b\u0439 \u043e\u0442\u0442\u0435\u043d\u043e\u043a \u0434\u0435\u0440\u0435\u0432\u0430 \u0432\u0438\u0437\u0443\u0430\u043b\u044c\u043d\u043e \u043e\u0441\u0432\u0435\u0442\u043b\u044f\u0435\u0442 \u043a\u043e\u043c\u043d\u0430\u0442\u0443 \u0438 \u0434\u043e\u043f\u043e\u043b\u043d\u044f\u0435\u0442 \u043a\u0430\u043a \u043a\u043b\u0430\u0441\u0441\u0438\u0447\u0435\u0441\u043a\u0438\u0435, \u0442\u0430\u043a \u0438 \u0441\u043f\u043e\u043a\u043e\u0439\u043d\u044b\u0435 \u0441\u043e\u0432\u0440\u0435\u043c\u0435\u043d\u043d\u044b\u0435 \u0438\u043d\u0442\u0435\u0440\u044c\u0435\u0440\u044b, \u043f\u043e\u0434\u0447\u0435\u0440\u043a\u0438\u0432\u0430\u044f \u044d\u043b\u0435\u0433\u0430\u043d\u0442\u043d\u0443\u044e \u0444\u043e\u0440\u043c\u0443 \u0448\u043a\u0430\u0444\u0430.<\/p>\n<p>\u041a\u0430\u043a \u0438 \u0432\u0441\u0435 \u043d\u0430\u0441\u0442\u0435\u043d\u043d\u044b\u0435 \u043c\u043e\u0434\u0443\u043b\u0438, \u043f\u0440\u0435\u0434\u0441\u0442\u0430\u0432\u043b\u0435\u043d\u043d\u044b\u0435 \u0432 e-Meblast, \u043c\u043e\u0434\u0435\u043b\u044c HADES + RTV \u043c\u043e\u0436\u0435\u0442 \u0431\u044b\u0442\u044c \u0438\u043d\u0434\u0438\u0432\u0438\u0434\u0443\u0430\u043b\u044c\u043d\u043e \u043d\u0430\u0441\u0442\u0440\u043e\u0435\u043d\u0430 \u043f\u043e \u0440\u0430\u0437\u043c\u0435\u0440\u0430\u043c, \u0446\u0432\u0435\u0442\u0443, \u0440\u0430\u0441\u043f\u043e\u043b\u043e\u0436\u0435\u043d\u0438\u044e \u044d\u043b\u0435\u043c\u0435\u043d\u0442\u043e\u0432 \u0438 \u0444\u0443\u0440\u043d\u0438\u0442\u0443\u0440\u0435, \u0447\u0442\u043e \u043f\u043e\u0437\u0432\u043e\u043b\u044f\u0435\u0442 \u0441\u043e\u0437\u0434\u0430\u0442\u044c \u043a\u043e\u043c\u043f\u043b\u0435\u043a\u0442, \u0438\u0434\u0435\u0430\u043b\u044c\u043d\u043e \u0441\u043e\u043e\u0442\u0432\u0435\u0442\u0441\u0442\u0432\u0443\u044e\u0449\u0438\u0439 \u0432\u0430\u0448\u0438\u043c \u0438\u043d\u0434\u0438\u0432\u0438\u0434\u0443\u0430\u043b\u044c\u043d\u044b\u043c \u043f\u043e\u0442\u0440\u0435\u0431\u043d\u043e\u0441\u0442\u044f\u043c \u0438 \u0445\u0430\u0440\u0430\u043a\u0442\u0435\u0440\u0443 \u0432\u0430\u0448\u0435\u0433\u043e \u0438\u043d\u0442\u0435\u0440\u044c\u0435\u0440\u0430.<\/p>\n<p>\u0414\u043e\u0441\u0442\u0443\u043f\u043d\u044b\u0435 \u0441\u0442\u0430\u043d\u0434\u0430\u0440\u0442\u043d\u044b\u0435 \u0446\u0432\u0435\u0442\u0430:<br \/>\n\u0414\u0443\u0431 \u041b\u0435\u0444\u043a\u0430\u0441<br \/>\n\u041b\u0430\u0439\u0442 \u0421\u043e\u043d\u043e\u043c\u0430<br \/>\n\u041f\u043e\u0440\u0442\u043e \u0427\u0435\u0440\u0440\u0438<\/p>","protected":false},"excerpt":{"rendered":"<p>\u0420\u0430\u0437\u043c\u0435\u0440\u044b:<br \/>\n\u0428\u0438\u0440\u0438\u043d\u0430: 360 \u0441\u043c<br \/>\n\u0412\u044b\u0441\u043e\u0442\u0430: 207 \u0441\u043c<br \/>\n\u0413\u043b\u0443\u0431\u0438\u043d\u0430: 44 \u0441\u043c<\/p>","protected":false},"featured_media":333375,"comment_status":"open","ping_status":"closed","template":"","meta":[],"product_brand":[],"product_cat":[9983,9857,2008],"product_tag":[],"class_list":{"0":"post-333269","1":"product","2":"type-product","3":"status-publish","4":"has-post-thumbnail","6":"product_cat-furniture-sets-room-sets-meblast","7":"product_cat-meblast","8":"product_cat-wall-units","10":"first","11":"instock","12":"shipping-taxable","13":"purchasable","14":"product-type-variable","15":"wvs-archive-product-wrapper"},"_links":{"self":[{"href":"https:\/\/baldumarket.lt\/ru\/wp-json\/wp\/v2\/product\/333269","targetHints":{"allow":["GET"]}}],"collection":[{"href":"https:\/\/baldumarket.lt\/ru\/wp-json\/wp\/v2\/product"}],"about":[{"href":"https:\/\/baldumarket.lt\/ru\/wp-json\/wp\/v2\/types\/product"}],"replies":[{"embeddable":true,"href":"https:\/\/baldumarket.lt\/ru\/wp-json\/wp\/v2\/comments?post=333269"}],"wp:featuredmedia":[{"embeddable":true,"href":"https:\/\/baldumarket.lt\/ru\/wp-json\/wp\/v2\/media\/333375"}],"wp:attachment":[{"href":"https:\/\/baldumarket.lt\/ru\/wp-json\/wp\/v2\/media?parent=333269"}],"wp:term":[{"taxonomy":"product_brand","embeddable":true,"href":"https:\/\/baldumarket.lt\/ru\/wp-json\/wp\/v2\/product_brand?post=333269"},{"taxonomy":"product_cat","embeddable":true,"href":"https:\/\/baldumarket.lt\/ru\/wp-json\/wp\/v2\/product_cat?post=333269"},{"taxonomy":"product_tag","embeddable":true,"href":"https:\/\/baldumarket.lt\/ru\/wp-json\/wp\/v2\/product_tag?post=333269"}],"curies":[{"name":"WP","href":"https:\/\/api.w.org\/{rel}","templated":true}]}}