{"id":332835,"date":"2026-03-06T23:42:57","date_gmt":"2026-03-06T20:42:57","guid":{"rendered":"https:\/\/baldumarket.lt\/?post_type=product&#038;p=332835"},"modified":"2026-03-26T10:45:50","modified_gmt":"2026-03-26T07:45:50","slug":"moderni-sienine-spintele-su-erdviomis-spintomis-ir-televizoriaus-spintele-380-x-240-cm-wotan-azuolo-butelio-zalios-spalvos-nesto","status":"publish","type":"product","link":"https:\/\/baldumarket.lt\/ru\/product\/moderni-sienine-spintele-su-erdviomis-spintomis-ir-televizoriaus-spintele-380-x-240-cm-wotan-azuolo-butelio-zalios-spalvos-nesto\/","title":{"rendered":"Moderni sienin\u0117 spintel\u0117 su erdviomis spintomis ir televizoriaus spintele, 380 \u00d7 240 \u0441\u043c, D\u0105b Wotan \/ Ziele\u0144 Butelkowa \u2013 NESTO"},"content":{"rendered":"<p>\u0421\u0442\u0435\u043b\u043b\u0430\u0436 NESTO \u0432 \u0446\u0432\u0435\u0442\u043e\u0432\u043e\u0439 \u0433\u0430\u043c\u043c\u0435 Wotan Oak\/Bottle Green, \u0440\u0430\u0437\u043c\u0435\u0440\u043e\u043c 380 x 240 \u0441\u043c, \u2014 \u044d\u0442\u043e \u0441\u043e\u0432\u0440\u0435\u043c\u0435\u043d\u043d\u044b\u0439 \u044d\u043b\u0435\u043c\u0435\u043d\u0442 \u0438\u043d\u0442\u0435\u0440\u044c\u0435\u0440\u0430 \u0433\u043e\u0441\u0442\u0438\u043d\u043e\u0439, \u043e\u0442\u043b\u0438\u0447\u0430\u044e\u0449\u0438\u0439\u0441\u044f \u0432\u044b\u0440\u0430\u0437\u0438\u0442\u0435\u043b\u044c\u043d\u044b\u043c \u0438 \u044d\u043b\u0435\u0433\u0430\u043d\u0442\u043d\u044b\u043c \u0445\u0430\u0440\u0430\u043a\u0442\u0435\u0440\u043e\u043c. \u0421\u043e\u0447\u0435\u0442\u0430\u043d\u0438\u0435 \u043d\u0430\u0442\u0443\u0440\u0430\u043b\u044c\u043d\u043e\u0433\u043e, \u0433\u043b\u0443\u0431\u043e\u043a\u043e\u0433\u043e \u0434\u0443\u0431\u043e\u0432\u043e\u0433\u043e \u0434\u0435\u043a\u043e\u0440\u0430 \u0441 \u043d\u0430\u0441\u044b\u0449\u0435\u043d\u043d\u044b\u043c \u0437\u0435\u043b\u0435\u043d\u044b\u043c \u0446\u0432\u0435\u0442\u043e\u043c \u043f\u0440\u0438\u0434\u0430\u0435\u0442 \u0441\u0442\u0435\u043b\u043b\u0430\u0436\u0443 \u0432\u044b\u0440\u0430\u0437\u0438\u0442\u0435\u043b\u044c\u043d\u0443\u044e \u0444\u043e\u0440\u043c\u0443 \u0438 \u0434\u0435\u043b\u0430\u0435\u0442 \u0435\u0433\u043e \u044f\u0440\u043a\u0438\u043c \u044d\u043b\u0435\u043c\u0435\u043d\u0442\u043e\u043c \u0434\u0438\u0437\u0430\u0439\u043d\u0430 \u0438\u043d\u0442\u0435\u0440\u044c\u0435\u0440\u0430.<\/p>\n<p>\u041f\u043e\u043b\u043d\u0430\u044f \u0432\u044b\u0441\u043e\u0442\u0430 \u0432 240 \u0441\u043c \u043f\u043e\u0437\u0432\u043e\u043b\u044f\u0435\u0442 \u043c\u0430\u043a\u0441\u0438\u043c\u0430\u043b\u044c\u043d\u043e \u044d\u0444\u0444\u0435\u043a\u0442\u0438\u0432\u043d\u043e \u0438\u0441\u043f\u043e\u043b\u044c\u0437\u043e\u0432\u0430\u0442\u044c \u043f\u0440\u043e\u0441\u0442\u0440\u0430\u043d\u0441\u0442\u0432\u043e \u0441\u0442\u0435\u043d\u044b, \u043e\u0431\u0435\u0441\u043f\u0435\u0447\u0438\u0432\u0430\u044f \u0431\u043e\u043b\u044c\u0448\u043e\u0439 \u043e\u0431\u044a\u0435\u043c \u043c\u0435\u0441\u0442\u0430 \u0434\u043b\u044f \u0445\u0440\u0430\u043d\u0435\u043d\u0438\u044f. \u0414\u0432\u0430 \u0432\u044b\u0441\u043e\u043a\u0438\u0445 \u0431\u043e\u043a\u043e\u0432\u044b\u0445 \u0448\u043a\u0430\u0444\u0430, \u043e\u0441\u043d\u0430\u0449\u0435\u043d\u043d\u044b\u0435 \u043f\u043e\u043b\u043a\u0430\u043c\u0438 \u0438 \u0432\u0435\u0448\u0430\u043b\u043a\u0430\u043c\u0438, \u043f\u043e\u0437\u0432\u043e\u043b\u044f\u044e\u0442 \u0443\u0434\u043e\u0431\u043d\u043e \u043e\u0440\u0433\u0430\u043d\u0438\u0437\u043e\u0432\u0430\u0442\u044c \u0445\u0440\u0430\u043d\u0435\u043d\u0438\u0435 \u043e\u0434\u0435\u0436\u0434\u044b, \u0442\u0435\u043a\u0441\u0442\u0438\u043b\u044f \u0438 \u0441\u0435\u0437\u043e\u043d\u043d\u044b\u0445 \u0432\u0435\u0449\u0435\u0439. \u042d\u0442\u043e \u0434\u0435\u043b\u0430\u0435\u0442 \u043d\u0430\u0441\u0442\u0435\u043d\u043d\u044b\u0439 \u0448\u043a\u0430\u0444 NESTO \u0438\u0434\u0435\u0430\u043b\u044c\u043d\u044b\u043c \u0434\u043b\u044f \u0438\u0441\u043f\u043e\u043b\u044c\u0437\u043e\u0432\u0430\u043d\u0438\u044f \u0432 \u043a\u0430\u0447\u0435\u0441\u0442\u0432\u0435 \u0433\u0430\u0440\u0434\u0435\u0440\u043e\u0431\u043d\u043e\u0439.<\/p>\n<p>\u0426\u0435\u043d\u0442\u0440\u0430\u043b\u044c\u043d\u0430\u044f \u0437\u043e\u043d\u0430 \u0441 \u0442\u0435\u043b\u0435\u0432\u0438\u0437\u043e\u0440\u043e\u043c \u0441\u043f\u0440\u043e\u0435\u043a\u0442\u0438\u0440\u043e\u0432\u0430\u043d\u0430 \u0441 \u0443\u0447\u0435\u0442\u043e\u043c \u0443\u043f\u043e\u0440\u044f\u0434\u043e\u0447\u0435\u043d\u043d\u043e\u0441\u0442\u0438 \u0438 \u044d\u0440\u0433\u043e\u043d\u043e\u043c\u0438\u0447\u043d\u043e\u0441\u0442\u0438. \u041f\u0440\u043e\u0441\u0442\u0440\u0430\u043d\u0441\u0442\u0432\u043e \u0434\u043b\u044f \u0442\u0435\u043b\u0435\u0432\u0438\u0437\u043e\u0440\u0430 \u0434\u043e\u043f\u043e\u043b\u043d\u0435\u043d\u043e \u043c\u0443\u043b\u044c\u0442\u0438\u043c\u0435\u0434\u0438\u0439\u043d\u043e\u0439 \u0442\u0443\u043c\u0431\u043e\u0439 \u0438 \u0432\u043c\u0435\u0441\u0442\u0438\u0442\u0435\u043b\u044c\u043d\u044b\u043c\u0438 \u044f\u0449\u0438\u043a\u0430\u043c\u0438, \u043a\u043e\u0442\u043e\u0440\u044b\u0435 \u043f\u043e\u0437\u0432\u043e\u043b\u044f\u044e\u0442 \u044d\u0441\u0442\u0435\u0442\u0438\u0447\u043d\u043e \u0445\u0440\u0430\u043d\u0438\u0442\u044c \u0430\u0443\u0434\u0438\u043e-\u0432\u0438\u0434\u0435\u043e\u043e\u0431\u043e\u0440\u0443\u0434\u043e\u0432\u0430\u043d\u0438\u0435, \u0434\u043e\u043a\u0443\u043c\u0435\u043d\u0442\u044b \u0438 \u0430\u043a\u0441\u0435\u0441\u0441\u0443\u0430\u0440\u044b, \u043d\u0435 \u043d\u0430\u0440\u0443\u0448\u0430\u044f \u0432\u0438\u0437\u0443\u0430\u043b\u044c\u043d\u043e\u0439 \u0446\u0435\u043b\u043e\u0441\u0442\u043d\u043e\u0441\u0442\u0438 \u0433\u043e\u0441\u0442\u0438\u043d\u043e\u0439. \u0412\u0435\u0440\u0445\u043d\u044f\u044f \u0447\u0430\u0441\u0442\u044c \u043a\u043e\u043c\u043f\u043b\u0435\u043a\u0442\u0430 \u043e\u0431\u0440\u0430\u0437\u043e\u0432\u0430\u043d\u0430 \u0432\u044b\u0441\u0442\u0443\u043f\u0430\u044e\u0449\u0438\u043c\u0438 \u044d\u043b\u0435\u043c\u0435\u043d\u0442\u0430\u043c\u0438 \u0432\u044b\u0441\u043e\u0442\u043e\u0439 \u0434\u043e \u043f\u043e\u0442\u043e\u043b\u043a\u0430, \u0432\u043a\u043b\u044e\u0447\u0430\u044f \u0442\u0435\u043b\u0435\u0432\u0438\u0437\u0438\u043e\u043d\u043d\u044b\u0435 \u0432\u044b\u0441\u0442\u0443\u043f\u044b \u0441 \u0434\u0432\u0435\u0440\u0446\u0430\u043c\u0438 \u0438\u0437 \u0442\u043e\u043d\u0438\u0440\u043e\u0432\u0430\u043d\u043d\u043e\u0433\u043e \u0441\u0442\u0435\u043a\u043b\u0430, \u043a\u043e\u0442\u043e\u0440\u044b\u0435 \u0441\u043b\u0443\u0436\u0430\u0442 \u044d\u043b\u0435\u0433\u0430\u043d\u0442\u043d\u044b\u043c\u0438 \u0432\u0438\u0442\u0440\u0438\u043d\u0430\u043c\u0438. \u041e\u0441\u0442\u0435\u043a\u043b\u0435\u043d\u0438\u0435 \u0440\u0430\u0437\u0431\u0430\u0432\u043b\u044f\u0435\u0442 \u043c\u0430\u0441\u0441\u0438\u0432\u043d\u0443\u044e \u043a\u043e\u043d\u0441\u0442\u0440\u0443\u043a\u0446\u0438\u044e \u0438 \u0432\u043d\u043e\u0441\u0438\u0442 \u0432\u0438\u0437\u0443\u0430\u043b\u044c\u043d\u0443\u044e \u043b\u0435\u0433\u043a\u043e\u0441\u0442\u044c, \u0430 \u0442\u0430\u043a\u0436\u0435 \u043f\u043e\u0437\u0432\u043e\u043b\u044f\u0435\u0442 \u0440\u0430\u0437\u043c\u0435\u0449\u0430\u0442\u044c \u0434\u0435\u043a\u043e\u0440\u0430\u0442\u0438\u0432\u043d\u044b\u0435 \u044d\u043b\u0435\u043c\u0435\u043d\u0442\u044b \u0438\u043b\u0438 \u043c\u0435\u0431\u0435\u043b\u044c.<\/p>\n<p>\u0426\u0432\u0435\u0442\u043e\u0432\u0430\u044f \u0433\u0430\u043c\u043c\u0430 Wotan Oak \/ Bottle Green \u0438\u0434\u0435\u0430\u043b\u044c\u043d\u043e \u0434\u043e\u043f\u043e\u043b\u043d\u044f\u0435\u0442 \u0441\u043e\u0432\u0440\u0435\u043c\u0435\u043d\u043d\u044b\u0435 \u0438\u043d\u0442\u0435\u0440\u044c\u0435\u0440\u044b \u0441 \u0445\u0430\u0440\u0430\u043a\u0442\u0435\u0440\u043e\u043c, \u043a\u043e\u043c\u043f\u043e\u0437\u0438\u0446\u0438\u0438, \u0432\u0434\u043e\u0445\u043d\u043e\u0432\u043b\u0435\u043d\u043d\u044b\u0435 \u043f\u0440\u0438\u0440\u043e\u0434\u043e\u0439, \u0441\u043e\u0432\u0440\u0435\u043c\u0435\u043d\u043d\u044b\u0439 \u043a\u043b\u0430\u0441\u0441\u0438\u0447\u0435\u0441\u043a\u0438\u0439 \u0441\u0442\u0438\u043b\u044c \u0438 \u044d\u043b\u0435\u0433\u0430\u043d\u0442\u043d\u044b\u0435 \u0442\u0435\u043c\u043d\u044b\u0435 \u0446\u0432\u0435\u0442\u043e\u0432\u044b\u0435 \u043f\u0430\u043b\u0438\u0442\u0440\u044b. \u041d\u0430\u0441\u0442\u0435\u043d\u043d\u044b\u0439 \u043c\u043e\u0434\u0443\u043b\u044c NESTO Wotan Oak \/ Bottle Green \u2014 \u044d\u0442\u043e \u0440\u0435\u0448\u0435\u043d\u0438\u0435 \u0434\u043b\u044f \u0442\u0435\u0445, \u043a\u0442\u043e \u0438\u0449\u0435\u0442 \u043f\u0440\u043e\u0441\u0442\u043e\u0440\u043d\u043e\u0435, \u0444\u0443\u043d\u043a\u0446\u0438\u043e\u043d\u0430\u043b\u044c\u043d\u043e\u0435 \u0438 \u0432\u0438\u0437\u0443\u0430\u043b\u044c\u043d\u043e \u043f\u0440\u0438\u0432\u043b\u0435\u043a\u0430\u0442\u0435\u043b\u044c\u043d\u043e\u0435 \u0440\u0435\u0448\u0435\u043d\u0438\u0435 \u0434\u043b\u044f \u0433\u043e\u0441\u0442\u0438\u043d\u043e\u0439.<\/p>\n<p>\u0414\u043e\u0441\u0442\u0443\u043f\u043d\u044b\u0435 \u0446\u0432\u0435\u0442\u0430:<br \/>\n\u0411\u0435\u043b\u044b\u0439<br \/>\n\u0421\u0435\u043f\u0438\u044f<br \/>\n\u0413\u0440\u0430\u0444\u0438\u0442\u043e\u0432\u043e-\u0441\u0435\u0440\u044b\u0439<br \/>\n\u0422\u0435\u043c\u043d\u043e-\u0441\u0438\u043d\u0438\u0439<br \/>\n\u0411\u0430\u043b\u0442\u0438\u0439\u0441\u043a\u0438\u0439 \u0434\u044e\u043d\u043d\u044b\u0439 \u0434\u0443\u0431<br \/>\n\u0421\u0432\u0435\u0442\u043b\u044b\u0439 \u0432\u0435\u0442\u0440\u044f\u043d\u043e\u0439 \u0434\u0443\u0431<br \/>\n\u0414\u0443\u0431 \u041b\u0435\u0444\u043a\u0430\u0441 (\u0441 \u043f\u043e\u043b\u043e\u0441\u043e\u0439 \u041c\u0414\u0424)<br \/>\n\u0422\u0435\u043c\u043d\u0430\u044f \u0421\u043e\u043d\u043e\u043c\u0430\/\u0421\u0432\u0435\u0442\u043b\u0430\u044f \u0421\u043e\u043d\u043e\u043c\u0430 (\u0441 \u043f\u043e\u043b\u043e\u0441\u043e\u0439 \u041c\u0414\u0424)<br \/>\n\u0412\u043e\u0442\u0430\u043d\u0441\u043a\u0438\u0439 \u0434\u0443\u0431\/\u0431\u0443\u0442\u044b\u043b\u043e\u0447\u043d\u043e-\u0437\u0435\u043b\u0435\u043d\u044b\u0439<\/p>","protected":false},"excerpt":{"rendered":"<p>\u0420\u0430\u0437\u043c\u0435\u0440\u044b:<br \/>\n\u0428\u0438\u0440\u0438\u043d\u0430: 380 \u0441\u043c<br \/>\n\u0412\u044b\u0441\u043e\u0442\u0430: 240 \u0441\u043c<br \/>\n\u0413\u043b\u0443\u0431\u0438\u043d\u0430: 54 \u0441\u043c<\/p>","protected":false},"featured_media":332951,"comment_status":"open","ping_status":"closed","template":"","meta":[],"product_brand":[],"product_cat":[9983,9857,2008],"product_tag":[],"class_list":{"0":"post-332835","1":"product","2":"type-product","3":"status-publish","4":"has-post-thumbnail","6":"product_cat-furniture-sets-room-sets-meblast","7":"product_cat-meblast","8":"product_cat-wall-units","10":"first","11":"instock","12":"shipping-taxable","13":"purchasable","14":"product-type-variable","15":"wvs-archive-product-wrapper"},"_links":{"self":[{"href":"https:\/\/baldumarket.lt\/ru\/wp-json\/wp\/v2\/product\/332835","targetHints":{"allow":["GET"]}}],"collection":[{"href":"https:\/\/baldumarket.lt\/ru\/wp-json\/wp\/v2\/product"}],"about":[{"href":"https:\/\/baldumarket.lt\/ru\/wp-json\/wp\/v2\/types\/product"}],"replies":[{"embeddable":true,"href":"https:\/\/baldumarket.lt\/ru\/wp-json\/wp\/v2\/comments?post=332835"}],"wp:featuredmedia":[{"embeddable":true,"href":"https:\/\/baldumarket.lt\/ru\/wp-json\/wp\/v2\/media\/332951"}],"wp:attachment":[{"href":"https:\/\/baldumarket.lt\/ru\/wp-json\/wp\/v2\/media?parent=332835"}],"wp:term":[{"taxonomy":"product_brand","embeddable":true,"href":"https:\/\/baldumarket.lt\/ru\/wp-json\/wp\/v2\/product_brand?post=332835"},{"taxonomy":"product_cat","embeddable":true,"href":"https:\/\/baldumarket.lt\/ru\/wp-json\/wp\/v2\/product_cat?post=332835"},{"taxonomy":"product_tag","embeddable":true,"href":"https:\/\/baldumarket.lt\/ru\/wp-json\/wp\/v2\/product_tag?post=332835"}],"curies":[{"name":"WP","href":"https:\/\/api.w.org\/{rel}","templated":true}]}}