{"id":332606,"date":"2026-03-06T23:36:05","date_gmt":"2026-03-06T20:36:05","guid":{"rendered":"https:\/\/baldumarket.lt\/?post_type=product&#038;p=332606"},"modified":"2026-03-31T10:00:33","modified_gmt":"2026-03-31T07:00:33","slug":"tv-sienine-spintele-su-stiklinemis-vitrinomis-303-x-240-cm-okapi-riesuto-spalvos-vero","status":"publish","type":"product","link":"https:\/\/baldumarket.lt\/ru\/product\/tv-sienine-spintele-su-stiklinemis-vitrinomis-303-x-240-cm-okapi-riesuto-spalvos-vero\/","title":{"rendered":"\u0422\u0435\u043b\u0435\u0432\u0438\u0437\u043e\u0440 sienin\u0117 spintel\u0117 su stiklin\u0117mis vitrinomis 303 \u00d7 240 \u0441\u043c, Orzech Okapi \u2013 VERO"},"content":{"rendered":"<p>\u041d\u0430\u0441\u0442\u0435\u043d\u043d\u0430\u044f \u0442\u0443\u043c\u0431\u0430 \u043f\u043e\u0434 \u0442\u0435\u043b\u0435\u0432\u0438\u0437\u043e\u0440 VERO Okapi Walnut \u2014 \u044d\u0442\u043e \u0441\u043e\u0432\u0440\u0435\u043c\u0435\u043d\u043d\u0430\u044f \u0442\u0443\u043c\u0431\u0430 \u043f\u043e\u0434 \u0442\u0435\u043b\u0435\u0432\u0438\u0437\u043e\u0440, \u043e\u0442\u043b\u0438\u0447\u0430\u044e\u0449\u0430\u044f\u0441\u044f \u044d\u043b\u0435\u0433\u0430\u043d\u0442\u043d\u044b\u043c, \u0433\u043b\u0443\u0431\u043e\u043a\u0438\u043c \u0446\u0432\u0435\u0442\u043e\u043c, \u0432\u0434\u043e\u0445\u043d\u043e\u0432\u043b\u0435\u043d\u043d\u044b\u043c \u043d\u0430\u0442\u0443\u0440\u0430\u043b\u044c\u043d\u044b\u043c \u043e\u0440\u0435\u0445\u043e\u043c. \u0422\u0435\u043f\u043b\u044b\u0439 \u043e\u0442\u0442\u0435\u043d\u043e\u043a \u043f\u0440\u0438\u0434\u0430\u0435\u0442 \u0438\u043d\u0442\u0435\u0440\u044c\u0435\u0440\u0443 \u0443\u044e\u0442 \u0438 \u0438\u0437\u044b\u0441\u043a\u0430\u043d\u043d\u043e\u0441\u0442\u044c, \u0434\u0435\u043b\u0430\u044f \u0435\u0435 \u0438\u0434\u0435\u0430\u043b\u044c\u043d\u044b\u043c \u0434\u043e\u043f\u043e\u043b\u043d\u0435\u043d\u0438\u0435\u043c \u043a \u0433\u043e\u0441\u0442\u0438\u043d\u044b\u043c, \u043e\u0444\u043e\u0440\u043c\u043b\u0435\u043d\u043d\u044b\u043c \u0441 \u0443\u0447\u0435\u0442\u043e\u043c \u043a\u043e\u043c\u0444\u043e\u0440\u0442\u0430 \u0438 \u044d\u0441\u0442\u0435\u0442\u0438\u043a\u0438.<br \/>\n\u0426\u0435\u043d\u0442\u0440\u0430\u043b\u044c\u043d\u0430\u044f \u0441\u0435\u043a\u0446\u0438\u044f \u0434\u043b\u044f \u0442\u0435\u043b\u0435\u0432\u0438\u0437\u043e\u0440\u0430 \u0441\u043f\u0440\u043e\u0435\u043a\u0442\u0438\u0440\u043e\u0432\u0430\u043d\u0430 \u0442\u0430\u043a\u0438\u043c \u043e\u0431\u0440\u0430\u0437\u043e\u043c, \u0447\u0442\u043e\u0431\u044b \u0441 \u043a\u043e\u043c\u0444\u043e\u0440\u0442\u043e\u043c \u0440\u0430\u0437\u043c\u0435\u0441\u0442\u0438\u0442\u044c \u0442\u0435\u043b\u0435\u0432\u0438\u0437\u043e\u0440 \u0438 \u043c\u0443\u043b\u044c\u0442\u0438\u043c\u0435\u0434\u0438\u0439\u043d\u0443\u044e \u0442\u0435\u0445\u043d\u0438\u043a\u0443, \u0430 \u043c\u043d\u043e\u0433\u043e\u0447\u0438\u0441\u043b\u0435\u043d\u043d\u044b\u0435 \u043f\u043e\u043b\u043a\u0438 \u0438 \u0437\u0430\u043f\u0438\u0440\u0430\u044e\u0449\u0438\u0435\u0441\u044f \u0448\u043a\u0430\u0444\u044b \u043e\u0431\u043b\u0435\u0433\u0447\u0430\u044e\u0442 \u0445\u0440\u0430\u043d\u0435\u043d\u0438\u0435 \u0438 \u043e\u0440\u0433\u0430\u043d\u0438\u0437\u0430\u0446\u0438\u044e. \u0421\u0442\u0435\u043a\u043b\u044f\u043d\u043d\u044b\u0435 \u0432\u0438\u0442\u0440\u0438\u043d\u044b \u2014 \u043a\u043b\u044e\u0447\u0435\u0432\u0430\u044f \u043e\u0441\u043e\u0431\u0435\u043d\u043d\u043e\u0441\u0442\u044c \u043c\u043e\u0434\u0435\u043b\u0438 VERO: \u043e\u043d\u0438 \u043f\u043e\u0437\u0432\u043e\u043b\u044f\u044e\u0442 \u044d\u043b\u0435\u0433\u0430\u043d\u0442\u043d\u043e \u0434\u0435\u043c\u043e\u043d\u0441\u0442\u0440\u0438\u0440\u043e\u0432\u0430\u0442\u044c \u043f\u0440\u0435\u0434\u043c\u0435\u0442\u044b \u0434\u0435\u043a\u043e\u0440\u0430, \u043a\u043d\u0438\u0433\u0438 \u0438\u043b\u0438 \u043f\u043e\u0441\u0443\u0434\u0443, \u0432\u0438\u0437\u0443\u0430\u043b\u044c\u043d\u043e \u0443\u043c\u0435\u043d\u044c\u0448\u0430\u044f \u0432\u0435\u0441 \u0432\u044b\u0441\u043e\u043a\u043e\u0439 \u0442\u0443\u043c\u0431\u044b, \u0432\u044b\u0441\u043e\u0442\u0430 \u043a\u043e\u0442\u043e\u0440\u043e\u0439 \u0434\u043e\u0441\u0442\u0438\u0433\u0430\u0435\u0442 240 \u0441\u043c.<br \/>\n\u0426\u0432\u0435\u0442 \u00ab\u041e\u043a\u0430\u043f\u0438 \u043e\u0440\u0435\u0445\u00bb \u0438\u0434\u0435\u0430\u043b\u044c\u043d\u043e \u043f\u043e\u0434\u0445\u043e\u0434\u0438\u0442 \u0434\u043b\u044f \u0441\u043e\u0432\u0440\u0435\u043c\u0435\u043d\u043d\u044b\u0445, \u043a\u043b\u0430\u0441\u0441\u0438\u0447\u0435\u0441\u043a\u0438\u0445 \u0438 \u043b\u043e\u0444\u0442\u043e\u0432\u044b\u0445 \u0438\u043d\u0442\u0435\u0440\u044c\u0435\u0440\u043e\u0432, \u0441\u043e\u0437\u0434\u0430\u0432\u0430\u044f \u0442\u0435\u043f\u043b\u0443\u044e, \u0441\u0434\u0435\u0440\u0436\u0430\u043d\u043d\u0443\u044e \u0430\u0442\u043c\u043e\u0441\u0444\u0435\u0440\u0443 \u0432 \u0433\u043e\u0441\u0442\u0438\u043d\u043e\u0439. \u042d\u0442\u043e\u0442 \u0446\u0432\u0435\u0442 \u0445\u043e\u0440\u043e\u0448\u043e \u0441\u043e\u0447\u0435\u0442\u0430\u0435\u0442\u0441\u044f \u043a\u0430\u043a \u0441\u043e \u0441\u0432\u0435\u0442\u043b\u044b\u043c\u0438 \u0441\u0442\u0435\u043d\u0430\u043c\u0438, \u0442\u0430\u043a \u0438 \u0441 \u0442\u0435\u043c\u043d\u044b\u043c\u0438 \u0430\u043a\u0441\u0435\u0441\u0441\u0443\u0430\u0440\u0430\u043c\u0438, \u0441\u043e\u0437\u0434\u0430\u0432\u0430\u044f \u0433\u0430\u0440\u043c\u043e\u043d\u0438\u0447\u043d\u043e\u0435 \u0438 \u0432\u043d\u0435\u0432\u0440\u0435\u043c\u0435\u043d\u043d\u043e\u0435 \u0436\u0438\u043b\u043e\u0435 \u043f\u0440\u043e\u0441\u0442\u0440\u0430\u043d\u0441\u0442\u0432\u043e. VERO \u2014 \u043e\u0442\u043b\u0438\u0447\u043d\u044b\u0439 \u0432\u0430\u0440\u0438\u0430\u043d\u0442 \u0434\u043b\u044f \u0442\u0435\u0445, \u043a\u0442\u043e \u0438\u0449\u0435\u0442 \u0442\u0443\u043c\u0431\u0443 \u043f\u043e\u0434 \u0442\u0435\u043b\u0435\u0432\u0438\u0437\u043e\u0440 \u0441 \u0431\u043e\u043b\u044c\u0448\u0438\u043c \u043a\u043e\u043b\u0438\u0447\u0435\u0441\u0442\u0432\u043e\u043c \u043c\u0435\u0441\u0442\u0430 \u0434\u043b\u044f \u0445\u0440\u0430\u043d\u0435\u043d\u0438\u044f, \u043d\u043e \u0442\u0430\u043a\u0436\u0435 \u0445\u043e\u0447\u0435\u0442, \u0447\u0442\u043e\u0431\u044b \u043e\u043d\u0430 \u0432\u044b\u043f\u043e\u043b\u043d\u044f\u043b\u0430 \u0434\u0435\u043a\u043e\u0440\u0430\u0442\u0438\u0432\u043d\u0443\u044e \u0444\u0443\u043d\u043a\u0446\u0438\u044e \u0438 \u0434\u043e\u0431\u0430\u0432\u043b\u044f\u043b\u0430 \u0438\u0437\u044e\u043c\u0438\u043d\u043a\u0443 \u0432 \u0438\u043d\u0442\u0435\u0440\u044c\u0435\u0440. \u0411\u0435\u0441\u0448\u043e\u0432\u043d\u0430\u044f \u043a\u043e\u043d\u0441\u0442\u0440\u0443\u043a\u0446\u0438\u044f \u0441\u0442\u0435\u043d\u044b \u043e\u0431\u0435\u0441\u043f\u0435\u0447\u0438\u0432\u0430\u0435\u0442 \u043f\u043e\u0440\u044f\u0434\u043e\u043a \u0438 \u044d\u0441\u0442\u0435\u0442\u0438\u043a\u0443 \u0431\u0435\u0437 \u043d\u0435\u043e\u0431\u0445\u043e\u0434\u0438\u043c\u043e\u0441\u0442\u0438 \u0438\u0441\u043f\u043e\u043b\u044c\u0437\u043e\u0432\u0430\u043d\u0438\u044f \u043c\u043d\u043e\u0436\u0435\u0441\u0442\u0432\u0430 \u043e\u0442\u0434\u0435\u043b\u044c\u043d\u044b\u0445 \u043f\u0440\u0435\u0434\u043c\u0435\u0442\u043e\u0432 \u043c\u0435\u0431\u0435\u043b\u0438.<br \/>\n\u041a\u0430\u043a \u0438 \u0432\u0441\u044f \u043c\u0435\u0431\u0435\u043b\u044c, \u043f\u0440\u0435\u0434\u0441\u0442\u0430\u0432\u043b\u0435\u043d\u043d\u0430\u044f \u0432 e-Meblast, \u043c\u043e\u0434\u0443\u043b\u044c\u043d\u0430\u044f \u0441\u0438\u0441\u0442\u0435\u043c\u0430 VERO \u043c\u043e\u0436\u0435\u0442 \u0431\u044b\u0442\u044c \u0438\u0437\u0433\u043e\u0442\u043e\u0432\u043b\u0435\u043d\u0430 \u043d\u0430 \u0437\u0430\u043a\u0430\u0437 \u0432 \u0441\u043e\u043e\u0442\u0432\u0435\u0442\u0441\u0442\u0432\u0438\u0438 \u0441 \u0432\u0430\u0448\u0438\u043c\u0438 \u0438\u043d\u0434\u0438\u0432\u0438\u0434\u0443\u0430\u043b\u044c\u043d\u044b\u043c\u0438 \u043f\u043e\u0442\u0440\u0435\u0431\u043d\u043e\u0441\u0442\u044f\u043c\u0438 \u2014 \u0441 \u0442\u043e\u0447\u043a\u0438 \u0437\u0440\u0435\u043d\u0438\u044f \u0440\u0430\u0437\u043c\u0435\u0440\u043e\u0432, \u0440\u0430\u0441\u043f\u043e\u043b\u043e\u0436\u0435\u043d\u0438\u044f \u044d\u043b\u0435\u043c\u0435\u043d\u0442\u043e\u0432, \u0446\u0432\u0435\u0442\u043e\u0432 \u0438 \u0444\u0443\u0440\u043d\u0438\u0442\u0443\u0440\u044b. \u042d\u0442\u043e \u043f\u043e\u0437\u0432\u043e\u043b\u044f\u0435\u0442 \u0441\u043e\u0437\u0434\u0430\u0442\u044c \u043a\u043e\u043c\u043f\u043b\u0435\u043a\u0442, \u0438\u0434\u0435\u0430\u043b\u044c\u043d\u043e \u043f\u043e\u0434\u0445\u043e\u0434\u044f\u0449\u0438\u0439 \u043a \u0432\u0430\u0448\u0435\u043c\u0443 \u0438\u043d\u0442\u0435\u0440\u044c\u0435\u0440\u0443 \u0438 \u0441\u0442\u0438\u043b\u044e.<\/p>\n<p>\u041f\u043e\u0434\u0431\u0435\u0440\u0438\u0442\u0435 \u0446\u0432\u0435\u0442 \u0432 \u0441\u043e\u043e\u0442\u0432\u0435\u0442\u0441\u0442\u0432\u0438\u0438 \u0441 \u0432\u0430\u0448\u0438\u043c \u0438\u043d\u0442\u0435\u0440\u044c\u0435\u0440\u043e\u043c.<\/p>\n<p>\u0411\u0435\u043b\u044b\u0439<br \/>\n\u041a\u0430\u0448\u0435\u043c\u0438\u0440\u043e\u0432\u044b\u0439 \u0431\u0435\u0436\u0435\u0432\u044b\u0439<br \/>\n\u041a\u0430\u0448\u0435\u043c\u0438\u0440\u043e\u0432\u044b\u0439 \u0431\u0435\u0436\u0435\u0432\u044b\u0439 \/ \u041e\u043d\u0438\u043a\u0441\u043e\u0432\u043e-\u0447\u0435\u0440\u043d\u044b\u0439<br \/>\n\u041e\u0440\u0435\u0445 \u043e\u043a\u0430\u043f\u0438<br \/>\n\u0414\u0443\u0431 \u0413\u0440\u0430\u043d\u0434 + \u043f\u043e\u043b\u043e\u0441\u0430 \u041c\u0414\u0424<br \/>\n\u0421\u0432\u0435\u0442\u043b\u0430\u044f \u043f\u043e\u043b\u043e\u0441\u0430 Sonoma + \u043f\u043e\u043b\u043e\u0441\u0430 \u041c\u0414\u0424<br \/>\n\u0422\u0435\u043c\u043d\u0430\u044f \u0421\u043e\u043d\u043e\u043c\u0430 \/ \u0421\u0432\u0435\u0442\u043b\u0430\u044f \u0421\u043e\u043d\u043e\u043c\u0430 + \u043f\u043e\u043b\u043e\u0441\u0430 \u041c\u0414\u0424<\/p>\n<p>\u042d\u0442\u043e \u043f\u043e\u0437\u0432\u043e\u043b\u044f\u0435\u0442 \u043b\u0435\u0433\u043a\u043e \u043f\u043e\u0434\u043e\u0431\u0440\u0430\u0442\u044c \u043c\u0435\u0431\u0435\u043b\u044c \u043a \u0432\u0430\u0448\u0435\u043c\u0443 \u0441\u0442\u0438\u043b\u044e \u0438\u043d\u0442\u0435\u0440\u044c\u0435\u0440\u0430 \u2014 \u043e\u0442 \u043c\u0438\u043d\u0438\u043c\u0430\u043b\u0438\u0437\u043c\u0430 \u0438 \u0441\u043a\u0430\u043d\u0434\u0438\u043d\u0430\u0432\u0441\u043a\u043e\u0433\u043e \u0434\u043e \u0431\u043e\u043b\u0435\u0435 \u043a\u043b\u0430\u0441\u0441\u0438\u0447\u0435\u0441\u043a\u043e\u0433\u043e \u0438\u043b\u0438 \u043b\u043e\u0444\u0442\u043e\u0432\u043e\u0433\u043e. \u0422\u043e\u043b\u044c\u043a\u043e \u0432 e-Meblast \u2014 \u043c\u0435\u0431\u0435\u043b\u044c \u043d\u0430 \u0437\u0430\u043a\u0430\u0437.<br \/>\n\u0423 \u0432\u0430\u0441 \u043d\u0435\u043e\u0431\u044b\u0447\u043d\u0430\u044f \u043f\u043b\u0430\u043d\u0438\u0440\u043e\u0432\u043a\u0430 \u0433\u043e\u0441\u0442\u0438\u043d\u043e\u0439? \u041d\u0443\u0436\u043d\u0430 \u043f\u043e\u0434\u0441\u0442\u0430\u0432\u043a\u0430 \u043f\u043e\u0434 \u0442\u0435\u043b\u0435\u0432\u0438\u0437\u043e\u0440 \u0431\u043e\u043b\u044c\u0448\u0435\u0433\u043e \u0440\u0430\u0437\u043c\u0435\u0440\u0430 \u0438\u043b\u0438 \u0434\u0440\u0443\u0433\u043e\u0435 \u0440\u0430\u0441\u043f\u043e\u043b\u043e\u0436\u0435\u043d\u0438\u0435 \u043f\u043e\u043b\u043e\u043a?<br \/>\n\u0412 e-Meblast \u0432\u044b \u043c\u043e\u0436\u0435\u0442\u0435 \u043d\u0430\u0441\u0442\u0440\u043e\u0438\u0442\u044c \u043d\u0430\u0441\u0442\u0435\u043d\u043d\u044b\u0439 \u043c\u043e\u0434\u0443\u043b\u044c Vero \u043f\u043e\u0434 \u0441\u0432\u043e\u0438 \u043d\u0443\u0436\u0434\u044b!<br \/>\n\u0412\u0430\u0448\u0430 \u0433\u043e\u0441\u0442\u0438\u043d\u0430\u044f \u2013 \u0432\u0430\u0448\u0438 \u043f\u0440\u0430\u0432\u0438\u043b\u0430! \u0421 \u043d\u0430\u043c\u0438 \u0432\u044b \u0441\u043e\u0437\u0434\u0430\u0434\u0438\u0442\u0435 \u043c\u0435\u0431\u0435\u043b\u044c, \u043a\u043e\u0442\u043e\u0440\u0430\u044f \u0431\u0443\u0434\u0435\u0442 \u043d\u0435 \u0442\u043e\u043b\u044c\u043a\u043e \u043a\u0440\u0430\u0441\u0438\u0432\u043e\u0439, \u043d\u043e \u0438 \u043d\u0430 100% \u0444\u0443\u043d\u043a\u0446\u0438\u043e\u043d\u0430\u043b\u044c\u043d\u043e\u0439.<br \/>\n\u041d\u0430\u0441\u0442\u0435\u043d\u043d\u044b\u0439 \u043c\u043e\u0434\u0443\u043b\u044c Vero \u2013 \u043f\u043e\u0442\u043e\u043c\u0443 \u0447\u0442\u043e \u0432\u0430\u0448 \u0434\u043e\u043c \u0437\u0430\u0441\u043b\u0443\u0436\u0438\u0432\u0430\u0435\u0442 \u0431\u043e\u043b\u044c\u0448\u0435\u0433\u043e.<br \/>\n\u0418\u043d\u0432\u0435\u0441\u0442\u0438\u0440\u0443\u0439\u0442\u0435 \u0432 \u043a\u0430\u0447\u0435\u0441\u0442\u0432\u043e, \u044d\u0441\u0442\u0435\u0442\u0438\u043a\u0443 \u0438 \u043f\u043e\u0432\u0441\u0435\u0434\u043d\u0435\u0432\u043d\u044b\u0439 \u043a\u043e\u043c\u0444\u043e\u0440\u0442. \u0412\u044b\u0431\u0435\u0440\u0438\u0442\u0435 Vero \u2013 \u043d\u0430\u0441\u0442\u0435\u043d\u043d\u044b\u0439 \u043c\u043e\u0434\u0443\u043b\u044c, \u043a\u043e\u0442\u043e\u0440\u044b\u0439 \u0432\u043e\u0441\u0445\u0438\u0449\u0430\u0435\u0442 \u0441\u0432\u043e\u0438\u043c \u0432\u043d\u0435\u0448\u043d\u0438\u043c \u0432\u0438\u0434\u043e\u043c \u0438 \u043e\u0442\u0432\u0435\u0447\u0430\u0435\u0442 \u043f\u043e\u0442\u0440\u0435\u0431\u043d\u043e\u0441\u0442\u044f\u043c \u0441\u043e\u0432\u0440\u0435\u043c\u0435\u043d\u043d\u043e\u0433\u043e \u0434\u043e\u043c\u0430.<br \/>\n\u0417\u0430\u043a\u0430\u0436\u0438\u0442\u0435 \u0441\u0435\u0433\u043e\u0434\u043d\u044f \u0438\u043b\u0438 \u0441\u0432\u044f\u0436\u0438\u0442\u0435\u0441\u044c \u0441 \u043d\u0430\u043c\u0438, \u0447\u0442\u043e\u0431\u044b \u0441\u043e\u0437\u0434\u0430\u0442\u044c \u0441\u0432\u043e\u044e \u0441\u043e\u0431\u0441\u0442\u0432\u0435\u043d\u043d\u0443\u044e \u0432\u0435\u0440\u0441\u0438\u044e Vero!<\/p>\n<p>\u0414\u043e\u0441\u0442\u0443\u043f\u043d\u044b\u0435 \u0446\u0432\u0435\u0442\u0430:<br \/>\n\u0411\u0435\u043b\u044b\u0439<br \/>\n\u041a\u0430\u0448\u0435\u043c\u0438\u0440\u043e\u0432\u044b\u0439 \u0431\u0435\u0436\u0435\u0432\u044b\u0439<br \/>\n\u041a\u0430\u0448\u0435\u043c\u0438\u0440\u043e\u0432\u044b\u0439 \u0431\u0435\u0436\u0435\u0432\u044b\u0439 \/ \u0427\u0435\u0440\u043d\u044b\u0439 \u043e\u043d\u0438\u043a\u0441<br \/>\n\u041e\u0440\u0435\u0445 \u043e\u043a\u0430\u043f\u0438<br \/>\n\u0414\u0443\u0431 \u0413\u0440\u0430\u043d\u0434 + \u043f\u043e\u043b\u043e\u0441\u0430 \u041c\u0414\u0424<br \/>\n\u0421\u0432\u0435\u0442\u043b\u0430\u044f \u043f\u043e\u043b\u043e\u0441\u0430 Sonoma + \u043f\u043e\u043b\u043e\u0441\u0430 \u041c\u0414\u0424<br \/>\n\u0422\u0435\u043c\u043d\u0430\u044f \u0421\u043e\u043d\u043e\u043c\u0430 \/ \u0421\u0432\u0435\u0442\u043b\u0430\u044f \u0421\u043e\u043d\u043e\u043c\u0430 + \u043f\u043e\u043b\u043e\u0441\u0430 \u041c\u0414\u0424<\/p>","protected":false},"excerpt":{"rendered":"<p>\u0420\u0430\u0437\u043c\u0435\u0440\u044b:<br \/>\n\u0428\u0438\u0440\u0438\u043d\u0430: 303,2 \u0441\u043c<br \/>\n\u0412\u044b\u0441\u043e\u0442\u0430: 240 \u0441\u043c<br \/>\n\u0413\u043b\u0443\u0431\u0438\u043d\u0430: 43 \u0441\u043c<\/p>","protected":false},"featured_media":332717,"comment_status":"open","ping_status":"closed","template":"","meta":[],"product_brand":[],"product_cat":[9983,9857,2008],"product_tag":[],"class_list":{"0":"post-332606","1":"product","2":"type-product","3":"status-publish","4":"has-post-thumbnail","6":"product_cat-furniture-sets-room-sets-meblast","7":"product_cat-meblast","8":"product_cat-wall-units","10":"first","11":"instock","12":"shipping-taxable","13":"purchasable","14":"product-type-variable","15":"wvs-archive-product-wrapper"},"_links":{"self":[{"href":"https:\/\/baldumarket.lt\/ru\/wp-json\/wp\/v2\/product\/332606","targetHints":{"allow":["GET"]}}],"collection":[{"href":"https:\/\/baldumarket.lt\/ru\/wp-json\/wp\/v2\/product"}],"about":[{"href":"https:\/\/baldumarket.lt\/ru\/wp-json\/wp\/v2\/types\/product"}],"replies":[{"embeddable":true,"href":"https:\/\/baldumarket.lt\/ru\/wp-json\/wp\/v2\/comments?post=332606"}],"wp:featuredmedia":[{"embeddable":true,"href":"https:\/\/baldumarket.lt\/ru\/wp-json\/wp\/v2\/media\/332717"}],"wp:attachment":[{"href":"https:\/\/baldumarket.lt\/ru\/wp-json\/wp\/v2\/media?parent=332606"}],"wp:term":[{"taxonomy":"product_brand","embeddable":true,"href":"https:\/\/baldumarket.lt\/ru\/wp-json\/wp\/v2\/product_brand?post=332606"},{"taxonomy":"product_cat","embeddable":true,"href":"https:\/\/baldumarket.lt\/ru\/wp-json\/wp\/v2\/product_cat?post=332606"},{"taxonomy":"product_tag","embeddable":true,"href":"https:\/\/baldumarket.lt\/ru\/wp-json\/wp\/v2\/product_tag?post=332606"}],"curies":[{"name":"WP","href":"https:\/\/api.w.org\/{rel}","templated":true}]}}