{"id":332098,"date":"2026-02-24T01:25:33","date_gmt":"2026-02-23T22:25:33","guid":{"rendered":"https:\/\/baldumarket.lt\/?post_type=product&#038;p=332098"},"modified":"2026-02-27T12:06:43","modified_gmt":"2026-02-27T09:06:43","slug":"roland-triviete-dviaukste-lova-su-stalciais-80x181-cm","status":"publish","type":"product","link":"https:\/\/baldumarket.lt\/ru\/product\/roland-triviete-dviaukste-lova-su-stalciais-80x181-cm\/","title":{"rendered":"ROLAND III triviet\u0117 dviauk\u0161t\u0117 lova su stal\u010diais 80\u00d7181 \u0441\u043c"},"content":{"rendered":"<p>\u0422\u0440\u0435\u0445\u043c\u0435\u0441\u0442\u043d\u0430\u044f \u0434\u0432\u0443\u0445\u044a\u044f\u0440\u0443\u0441\u043d\u0430\u044f \u043a\u0440\u043e\u0432\u0430\u0442\u044c ROLAND \u0438\u0437\u0433\u043e\u0442\u043e\u0432\u043b\u0435\u043d\u0430 \u0438\u0437 \u0441\u043e\u0441\u043d\u044b \u0438 \u043f\u0440\u043e\u0445\u043e\u0434\u0438\u0442 \u0441\u0442\u0440\u043e\u0433\u0438\u0435 \u0438\u0441\u043f\u044b\u0442\u0430\u043d\u0438\u044f \u043d\u0430 \u043f\u0440\u043e\u0447\u043d\u043e\u0441\u0442\u044c \u0438 \u0431\u0435\u0437\u043e\u043f\u0430\u0441\u043d\u043e\u0441\u0442\u044c.<br \/>\n\u0418\u0437\u0434\u0435\u043b\u0438\u0435 \u043f\u043e\u043b\u0443\u0447\u0438\u043b\u043e \u0441\u0435\u0440\u0442\u0438\u0444\u0438\u043a\u0430\u0442\u044b, \u043f\u043e\u0434\u0442\u0432\u0435\u0440\u0436\u0434\u0430\u044e\u0449\u0438\u0435 \u0441\u043e\u043e\u0442\u0432\u0435\u0442\u0441\u0442\u0432\u0438\u0435 \u0442\u0440\u0435\u0431\u043e\u0432\u0430\u043d\u0438\u044f\u043c \u0441\u0442\u0430\u043d\u0434\u0430\u0440\u0442\u043e\u0432 PN-EN 747-1:2007 \u0438 PN-EN747-2:2007, \u0432\u044b\u0434\u0430\u043d\u043d\u044b\u0435 \u0418\u043d\u0441\u0442\u0438\u0442\u0443\u0442\u043e\u043c \u0434\u0435\u0440\u0435\u0432\u043e\u043e\u0431\u0440\u0430\u0431\u043e\u0442\u043a\u0438 \u0432 \u041f\u043e\u0437\u043d\u0430\u043d\u0438. \u041a\u0440\u043e\u043c\u0435 \u0442\u043e\u0433\u043e, \u0432\u0441\u0435 \u043a\u0440\u043e\u0432\u0430\u0442\u0438 \u043f\u043e\u043a\u0440\u044b\u0442\u044b \u044d\u043a\u043e\u043b\u043e\u0433\u0438\u0447\u0435\u0441\u043a\u0438 \u0447\u0438\u0441\u0442\u044b\u043c\u0438 \u043b\u0430\u043a\u0430\u043c\u0438, \u0431\u0435\u0437\u043e\u043f\u0430\u0441\u043d\u044b\u043c\u0438 \u043a\u0430\u043a \u0434\u043b\u044f \u0434\u0435\u0442\u0435\u0439, \u0442\u0430\u043a \u0438 \u0434\u043b\u044f \u0432\u0437\u0440\u043e\u0441\u043b\u044b\u0445.<br \/>\n\u041f\u0440\u0438 \u043f\u0440\u043e\u0435\u043a\u0442\u0438\u0440\u043e\u0432\u0430\u043d\u0438\u0438 \u043a\u0440\u043e\u0432\u0430\u0442\u0438 \u043c\u044b \u0443\u0434\u0435\u043b\u044f\u043b\u0438 \u0432\u043d\u0438\u043c\u0430\u043d\u0438\u0435 \u043d\u0435 \u0442\u043e\u043b\u044c\u043a\u043e \u0431\u0435\u0437\u043e\u043f\u0430\u0441\u043d\u043e\u0441\u0442\u0438, \u043d\u043e \u0438 \u0444\u0443\u043d\u043a\u0446\u0438\u043e\u043d\u0430\u043b\u044c\u043d\u043e\u0441\u0442\u0438 \u0438 \u044d\u0441\u0442\u0435\u0442\u0438\u043a\u0435. \u0421\u043e\u0441\u043d\u0430 \u2014 \u0438\u0434\u0435\u0430\u043b\u044c\u043d\u044b\u0439 \u043c\u0430\u0442\u0435\u0440\u0438\u0430\u043b, \u043e\u0442\u0432\u0435\u0447\u0430\u044e\u0449\u0438\u0439 \u0432\u0441\u0435\u043c \u044d\u0442\u0438\u043c \u0442\u0440\u0435\u0431\u043e\u0432\u0430\u043d\u0438\u044f\u043c. \u0414\u043e\u043b\u0433\u043e\u0432\u0435\u0447\u043d\u043e\u0441\u0442\u044c \u044d\u0442\u043e\u0433\u043e \u043c\u0430\u0442\u0435\u0440\u0438\u0430\u043b\u0430 \u0447\u0440\u0435\u0437\u0432\u044b\u0447\u0430\u0439\u043d\u043e \u0432\u0430\u0436\u043d\u0430 \u043f\u0440\u0438 \u0440\u0430\u0431\u043e\u0442\u0435 \u0441 \u0432\u044b\u0441\u043e\u043a\u0438\u043c\u0438 \u043a\u0440\u043e\u0432\u0430\u0442\u044f\u043c\u0438. \u0422\u0430\u043a\u0438\u0435 \u043a\u043e\u043d\u0441\u0442\u0440\u0443\u043a\u0446\u0438\u0438 \u043c\u043e\u0433\u0443\u0442 \u0431\u044b\u0442\u044c \u043e\u043f\u0430\u0441\u043d\u044b\u043c\u0438, \u043f\u043e\u044d\u0442\u043e\u043c\u0443 \u043a\u0430\u0447\u0435\u0441\u0442\u0432\u043e \u0438\u0441\u043f\u043e\u043b\u044c\u0437\u0443\u0435\u043c\u043e\u0433\u043e \u043c\u0430\u0442\u0435\u0440\u0438\u0430\u043b\u0430 \u0438\u043c\u0435\u0435\u0442 \u0440\u0435\u0448\u0430\u044e\u0449\u0435\u0435 \u0437\u043d\u0430\u0447\u0435\u043d\u0438\u0435, \u0447\u0435\u043c\u0443 \u043c\u044b \u0443\u0434\u0435\u043b\u044f\u0435\u043c \u043e\u0441\u043e\u0431\u043e\u0435 \u0432\u043d\u0438\u043c\u0430\u043d\u0438\u0435 \u0438 \u0442\u0449\u0430\u0442\u0435\u043b\u044c\u043d\u043e \u043a\u043e\u043d\u0442\u0440\u043e\u043b\u0438\u0440\u0443\u0435\u043c \u043f\u0440\u043e\u0438\u0437\u0432\u043e\u0434\u0441\u0442\u0432\u0435\u043d\u043d\u044b\u0439 \u043f\u0440\u043e\u0446\u0435\u0441\u0441 \u043d\u0430 \u043a\u0430\u0436\u0434\u043e\u043c \u044d\u0442\u0430\u043f\u0435.<br \/>\n\u041a\u043e\u043c\u0444\u043e\u0440\u0442 \u0438 \u043c\u0430\u043a\u0441\u0438\u043c\u0430\u043b\u044c\u043d\u043e\u0435 \u0438\u0441\u043f\u043e\u043b\u044c\u0437\u043e\u0432\u0430\u043d\u0438\u0435 \u043f\u0440\u043e\u0441\u0442\u0440\u0430\u043d\u0441\u0442\u0432\u0430, \u043d\u0435\u0441\u043e\u043c\u043d\u0435\u043d\u043d\u043e, \u044f\u0432\u043b\u044f\u044e\u0442\u0441\u044f \u0437\u043d\u0430\u0447\u0438\u0442\u0435\u043b\u044c\u043d\u044b\u043c\u0438 \u043f\u0440\u0435\u0438\u043c\u0443\u0449\u0435\u0441\u0442\u0432\u0430\u043c\u0438, \u043f\u043e\u044d\u0442\u043e\u043c\u0443 \u0441\u0442\u043e\u0438\u0442 \u043f\u0440\u0438\u043b\u043e\u0436\u0438\u0442\u044c \u0432\u0441\u0435 \u0443\u0441\u0438\u043b\u0438\u044f \u0434\u043b\u044f \u043e\u0431\u0435\u0441\u043f\u0435\u0447\u0435\u043d\u0438\u044f \u0438\u0445 \u0431\u0435\u0437\u043e\u043f\u0430\u0441\u043d\u043e\u0441\u0442\u0438. \u0422\u0440\u0435\u0445\u043c\u0435\u0441\u0442\u043d\u0430\u044f \u0434\u0432\u0443\u0445\u044a\u044f\u0440\u0443\u0441\u043d\u0430\u044f \u043a\u0440\u043e\u0432\u0430\u0442\u044c ROLAND \u0434\u043e\u0441\u0442\u0443\u043f\u043d\u0430 \u0432 \u0448\u0438\u0440\u043e\u043a\u043e\u043c \u0430\u0441\u0441\u043e\u0440\u0442\u0438\u043c\u0435\u043d\u0442\u0435 \u043c\u043e\u0440\u0438\u043b\u043e\u043a, \u0430\u043a\u0440\u0438\u043b\u043e\u0432\u044b\u0445 \u0438 \u043f\u0440\u043e\u0437\u0440\u0430\u0447\u043d\u044b\u0445 \u043b\u0430\u043a\u043e\u0432, \u0432\u0441\u0435 \u0438\u0437 \u043a\u043e\u0442\u043e\u0440\u044b\u0445, \u043a\u0430\u043a \u0443\u0436\u0435 \u0443\u043f\u043e\u043c\u0438\u043d\u0430\u043b\u043e\u0441\u044c, \u044f\u0432\u043b\u044f\u044e\u0442\u0441\u044f \u044d\u043a\u043e\u043b\u043e\u0433\u0438\u0447\u0435\u0441\u043a\u0438 \u0447\u0438\u0441\u0442\u044b\u043c\u0438 \u0438 \u0431\u0435\u0437\u043e\u043f\u0430\u0441\u043d\u044b\u043c\u0438.<br \/>\n\u0425\u0430\u0440\u0430\u043a\u0442\u0435\u0440\u0438\u0441\u0442\u0438\u043a\u0438 \u043a\u0440\u043e\u0432\u0430\u0442\u0438:<br \/>\n\u0422\u0440\u0438 \u043c\u0430\u0442\u0440\u0430\u0441\u0430 \u0438\u0437 \u043f\u0435\u043d\u043e\u043f\u043e\u043b\u0438\u0443\u0440\u0435\u0442\u0430\u043d\u0430 \u0442\u043e\u043b\u0449\u0438\u043d\u043e\u0439 8 \u0441\u043c, \u043e\u0447\u0435\u043d\u044c \u0436\u0435\u0441\u0442\u043a\u0438\u0435, \u0441\u043e \u0441\u044a\u0435\u043c\u043d\u044b\u043c \u0445\u043b\u043e\u043f\u043a\u043e\u0432\u044b\u043c \u0447\u0435\u0445\u043b\u043e\u043c \u043d\u0430 \u043c\u043e\u043b\u043d\u0438\u0438 \u2013 \u0434\u043e\u0441\u0442\u0443\u043f\u043d\u044b \u0432 \u0440\u0430\u0437\u043b\u0438\u0447\u043d\u044b\u0445 \u0432\u0430\u0440\u0438\u0430\u043d\u0442\u0430\u0445.<br \/>\n\u0422\u0440\u0438 \u0440\u0435\u0435\u0447\u043d\u044b\u0445 \u043a\u0430\u0440\u043a\u0430\u0441\u0430 \u2013 \u0440\u0435\u0439\u043a\u0438 \u043a\u0430\u0440\u043a\u0430\u0441\u0430 \u043d\u0435\u043e\u0431\u0445\u043e\u0434\u0438\u043c\u043e \u043f\u0440\u0438\u043a\u0440\u0443\u0442\u0438\u0442\u044c \u043a \u0431\u043e\u043a\u043e\u0432\u043e\u0439 \u0441\u0442\u0435\u043d\u043a\u0435 \u043a\u0440\u043e\u0432\u0430\u0442\u0438 \u2013 \u044d\u0442\u043e \u043f\u043e\u043a\u0430\u0437\u0430\u043d\u043e \u043d\u0430 \u043f\u043e\u0441\u043b\u0435\u0434\u043d\u0435\u043c \u0444\u043e\u0442\u043e \u043d\u0430 \u043f\u0440\u0438\u043c\u0435\u0440\u0435 \u0434\u0440\u0443\u0433\u043e\u0439 \u043c\u043e\u0434\u0435\u043b\u0438 \u2013 \u0432\u043a\u043b\u044e\u0447\u0435\u043d\u043e \u0432 \u0446\u0435\u043d\u0443.<br \/>\n\u0421\u043f\u0430\u043b\u044c\u043d\u0430\u044f \u043f\u043b\u043e\u0449\u0430\u0434\u044c \u0434\u0432\u0443\u0445 \u0432\u0435\u0440\u0445\u043d\u0438\u0445 \u043c\u0430\u0442\u0440\u0430\u0441\u043e\u0432: 80 x 180 \u0441\u043c.<br \/>\n\u0421\u043f\u0430\u043b\u044c\u043d\u0430\u044f \u043f\u043b\u043e\u0449\u0430\u0434\u044c \u0441\u0430\u043c\u043e\u0433\u043e \u043d\u0438\u0436\u043d\u0435\u0433\u043e \u043c\u0430\u0442\u0440\u0430\u0441\u0430: 80 x 170 \u0441\u043c.<br \/>\n\u0414\u0432\u0430 \u0432\u044b\u0434\u0432\u0438\u0436\u043d\u044b\u0445 \u044f\u0449\u0438\u043a\u0430 \u0434\u043b\u044f \u043f\u043e\u0441\u0442\u0435\u043b\u044c\u043d\u043e\u0433\u043e \u0431\u0435\u043b\u044c\u044f \u043d\u0430 \u0440\u043e\u043b\u0438\u043a\u0430\u0445 \u2013 \u0432\u0445\u043e\u0434\u044f\u0442 \u0432 \u0441\u0442\u043e\u0438\u043c\u043e\u0441\u0442\u044c.<br \/>\n\u0414\u043e\u0441\u0442\u0443\u043f\u0435\u043d \u0432 \u0434\u0432\u0443\u0445 \u0446\u0432\u0435\u0442\u0430\u0445 \u2013 \u0440\u0430\u0441\u043f\u043e\u043b\u043e\u0436\u0435\u043d\u0438\u0435 \u044d\u043b\u0435\u043c\u0435\u043d\u0442\u043e\u0432 \u043f\u043e\u043a\u0430\u0437\u0430\u043d\u043e \u043d\u0430 \u0444\u043e\u0442\u043e\u0433\u0440\u0430\u0444\u0438\u0438.<br \/>\n\u0414\u043e\u0441\u0442\u0443\u043f\u043d\u044b\u0435 \u0440\u0430\u0437\u043c\u0435\u0440\u044b \u0441\u043f\u0430\u043b\u044c\u043d\u044b\u0445 \u043f\u043e\u0432\u0435\u0440\u0445\u043d\u043e\u0441\u0442\u0435\u0439:<br \/>\n80\/180 \u0441\u043c<br \/>\n80\/200 \u0441\u043c<br \/>\n90\/190 \u0441\u043c<br \/>\n90\/200 \u0441\u043c<br \/>\n\u0421\u0435\u0440\u0442\u0438\u0444\u0438\u0446\u0438\u0440\u043e\u0432\u0430\u043d\u043e \u0418\u043d\u0441\u0442\u0438\u0442\u0443\u0442\u043e\u043c \u0434\u0435\u0440\u0435\u0432\u043e\u043e\u0431\u0440\u0430\u0431\u043e\u0442\u043a\u0438 \u0432 \u041f\u043e\u0437\u043d\u0430\u043d\u0438.<br \/>\n\u041d\u0430\u0448\u0438 \u0441\u043e\u0441\u043d\u043e\u0432\u044b\u0435 \u043a\u043e\u043d\u0441\u0442\u0440\u0443\u043a\u0446\u0438\u0438 \u043f\u0440\u043e\u0448\u043b\u0438 \u0441\u0442\u0440\u043e\u0433\u0438\u0435 \u0438\u0441\u043f\u044b\u0442\u0430\u043d\u0438\u044f \u043d\u0430 \u043f\u0440\u043e\u0447\u043d\u043e\u0441\u0442\u044c \u0438 \u0431\u0435\u0437\u043e\u043f\u0430\u0441\u043d\u043e\u0441\u0442\u044c. \u0412 2008 \u0433\u043e\u0434\u0443 \u043e\u043d\u0438 \u043f\u043e\u043b\u0443\u0447\u0438\u043b\u0438 \u0441\u0435\u0440\u0442\u0438\u0444\u0438\u043a\u0430\u0442\u044b, \u043f\u043e\u0434\u0442\u0432\u0435\u0440\u0436\u0434\u0430\u044e\u0449\u0438\u0435 \u0441\u043e\u043e\u0442\u0432\u0435\u0442\u0441\u0442\u0432\u0438\u0435 \u0442\u0440\u0435\u0431\u043e\u0432\u0430\u043d\u0438\u044f\u043c \u0441\u0442\u0430\u043d\u0434\u0430\u0440\u0442\u043e\u0432 PN-EN747-1:2007 \u0438 PN-EN747-2:2007, \u0432\u044b\u0434\u0430\u043d\u043d\u044b\u0435 \u0418\u043d\u0441\u0442\u0438\u0442\u0443\u0442\u043e\u043c \u0434\u0435\u0440\u0435\u0432\u043e\u043e\u0431\u0440\u0430\u0431\u043e\u0442\u043a\u0438 \u0432 \u041f\u043e\u0437\u043d\u0430\u043d\u0438.<br \/>\n\u041a\u0440\u043e\u043c\u0435 \u0442\u043e\u0433\u043e, \u0432 2016 \u0433\u043e\u0434\u0443 \u043c\u044b \u043f\u043e\u0432\u0442\u043e\u0440\u043d\u043e \u043f\u043e\u0434\u0432\u0435\u0440\u0433\u043b\u0438 \u0432\u0441\u0435 \u0434\u0432\u0443\u0445\u044a\u044f\u0440\u0443\u0441\u043d\u044b\u0435 \u043a\u0440\u043e\u0432\u0430\u0442\u0438 \u0441\u0442\u0440\u043e\u0433\u0438\u043c \u0438\u0441\u043f\u044b\u0442\u0430\u043d\u0438\u044f\u043c \u043d\u0430 \u0441\u043e\u043e\u0442\u0432\u0435\u0442\u0441\u0442\u0432\u0438\u0435 \u0442\u0440\u0435\u0431\u043e\u0432\u0430\u043d\u0438\u044f\u043c \u043d\u043e\u0432\u044b\u0445 \u0441\u0442\u0430\u043d\u0434\u0430\u0440\u0442\u043e\u0432 PN-EN747-1+A1:2015 \u0438 PN-EN747-2+A1:2015. \u041d\u043e\u0432\u044b\u0435 \u0441\u0435\u0440\u0442\u0438\u0444\u0438\u043a\u0430\u0442\u044b \u0431\u044b\u043b\u0438 \u0432\u044b\u0434\u0430\u043d\u044b \u043d\u0430 \u043d\u0435\u043e\u043f\u0440\u0435\u0434\u0435\u043b\u0435\u043d\u043d\u044b\u0439 \u0441\u0440\u043e\u043a, \u043f\u043e\u0434\u0442\u0432\u0435\u0440\u0436\u0434\u0430\u044f \u0431\u0435\u0437\u043e\u043f\u0430\u0441\u043d\u0443\u044e \u043a\u043e\u043d\u0441\u0442\u0440\u0443\u043a\u0446\u0438\u044e \u0432\u0441\u0435\u0445 \u043d\u0430\u0448\u0438\u0445 \u0434\u0432\u0443\u0445\u044a\u044f\u0440\u0443\u0441\u043d\u044b\u0445 \u043a\u0440\u043e\u0432\u0430\u0442\u0435\u0439.<\/p>","protected":false},"excerpt":{"rendered":"<p>\u0428\u0438\u0440\u0438\u043d\u0430 [\u0441\u043c] 190<br \/>\n\u0412\u044b\u0441\u043e\u0442\u0430 [\u0441\u043c] 175<br \/>\n\u0413\u043b\u0443\u0431\u0438\u043d\u0430 [\u0441\u043c] 87<br \/>\n\u0412\u044b\u0441\u043e\u0442\u0430 \u0432\u0435\u0440\u0445\u043d\u0435\u0433\u043e \u043c\u0430\u0442\u0440\u0430\u0441\u0430 [\u0441\u043c] 132<br \/>\n\u0421\u0440\u0435\u0434\u043d\u044f\u044f \u0432\u044b\u0441\u043e\u0442\u0430 \u043c\u0430\u0442\u0440\u0430\u0441\u0430 [\u0441\u043c] 52<br \/>\n\u041d\u0438\u0436\u043d\u044f\u044f \u0432\u044b\u0441\u043e\u0442\u0430 \u043c\u0430\u0442\u0440\u0430\u0441\u0430 [\u0441\u043c] 37<\/p>","protected":false},"featured_media":192796,"comment_status":"open","ping_status":"closed","template":"","meta":[],"product_brand":[],"product_cat":[9787,505,4775],"product_tag":[],"class_list":{"0":"post-332098","1":"product","2":"type-product","3":"status-publish","4":"has-post-thumbnail","6":"product_cat-bunk-beds-3-persons-meblobed","7":"product_cat-bedroom-beds","8":"product_cat-meblobed","10":"first","11":"instock","12":"shipping-taxable","13":"purchasable","14":"product-type-variable","15":"wvs-archive-product-wrapper"},"_links":{"self":[{"href":"https:\/\/baldumarket.lt\/ru\/wp-json\/wp\/v2\/product\/332098","targetHints":{"allow":["GET"]}}],"collection":[{"href":"https:\/\/baldumarket.lt\/ru\/wp-json\/wp\/v2\/product"}],"about":[{"href":"https:\/\/baldumarket.lt\/ru\/wp-json\/wp\/v2\/types\/product"}],"replies":[{"embeddable":true,"href":"https:\/\/baldumarket.lt\/ru\/wp-json\/wp\/v2\/comments?post=332098"}],"wp:featuredmedia":[{"embeddable":true,"href":"https:\/\/baldumarket.lt\/ru\/wp-json\/wp\/v2\/media\/192796"}],"wp:attachment":[{"href":"https:\/\/baldumarket.lt\/ru\/wp-json\/wp\/v2\/media?parent=332098"}],"wp:term":[{"taxonomy":"product_brand","embeddable":true,"href":"https:\/\/baldumarket.lt\/ru\/wp-json\/wp\/v2\/product_brand?post=332098"},{"taxonomy":"product_cat","embeddable":true,"href":"https:\/\/baldumarket.lt\/ru\/wp-json\/wp\/v2\/product_cat?post=332098"},{"taxonomy":"product_tag","embeddable":true,"href":"https:\/\/baldumarket.lt\/ru\/wp-json\/wp\/v2\/product_tag?post=332098"}],"curies":[{"name":"WP","href":"https:\/\/api.w.org\/{rel}","templated":true}]}}