{"id":330265,"date":"2026-01-16T22:53:28","date_gmt":"2026-01-16T19:53:28","guid":{"rendered":"https:\/\/baldumarket.lt\/product\/szafka-rtv-denver-135-cm-dab-monastery-czarny-polysk-pojemna-szafka-pod-telewizor-w-stylu-klasycznym-wyrazista-kolorystyka\/"},"modified":"2026-02-11T18:01:26","modified_gmt":"2026-02-11T15:01:26","slug":"szafka-rtv-denver-135-cm-dab-monastery-czarny-polysk-pojemna-szafka-pod-telewizor-w-stylu-klasycznym-wyrazista-kolorystyka","status":"publish","type":"product","link":"https:\/\/baldumarket.lt\/ru\/product\/szafka-rtv-denver-135-cm-dab-monastery-czarny-polysk-pojemna-szafka-pod-telewizor-w-stylu-klasycznym-wyrazista-kolorystyka\/","title":{"rendered":"\u0421\u0442\u043e\u0439\u043a\u0438 Denver TV 135 \u0441\u043c, \u0432\u0438\u0441\u044f\u0447\u0438\u0435 \u0442\u0435\u043b\u0435\u0432\u0438\u0437\u043e\u0440\u044b \/ \u044e\u043e\u0434\u0430\u0441 \u0431\u043b\u0438\u0437\u0433\u0443\u0441, erdvus TV \u0441\u0442\u0430\u043b\u0438\u043a\u0438 \u043a\u043b\u0430\u0441\u0441\u0438\u0447\u0435\u0441\u043a\u0438\u0445 \u0441\u0442\u0438\u043b\u0435\u0439, i\u0161rai\u0161king\u0173 spalv\u0173"},"content":{"rendered":"<p>\u0422\u0443\u043c\u0431\u0430 \u043f\u043e\u0434 \u0442\u0435\u043b\u0435\u0432\u0438\u0437\u043e\u0440 Denver \u0448\u0438\u0440\u0438\u043d\u043e\u0439 135 \u0441\u043c \u0432 \u0446\u0432\u0435\u0442\u0435 Monastery Oak\/Black \u2014 \u044d\u0442\u043e \u043f\u0440\u043e\u0441\u0442\u043e\u0439, \u043d\u043e \u043e\u0447\u0435\u043d\u044c \u0441\u0442\u0438\u043b\u044c\u043d\u044b\u0439 \u0438 \u0441\u043e\u0432\u0440\u0435\u043c\u0435\u043d\u043d\u044b\u0439 \u043f\u0440\u0435\u0434\u043c\u0435\u0442 \u043c\u0435\u0431\u0435\u043b\u0438.<br \/>\n\u0422\u0443\u043c\u0431\u0430 \u043f\u043e\u0434 \u0442\u0435\u043b\u0435\u0432\u0438\u0437\u043e\u0440 Denver \u2014 \u0438\u0434\u0435\u0430\u043b\u044c\u043d\u044b\u0439 \u0432\u044b\u0431\u043e\u0440 \u0434\u043b\u044f \u0442\u0435\u0445, \u043a\u0442\u043e \u0446\u0435\u043d\u0438\u0442 \u043a\u043b\u0430\u0441\u0441\u0438\u0447\u0435\u0441\u043a\u0438\u0439 \u0434\u0438\u0437\u0430\u0439\u043d. \u041c\u043e\u0434\u043d\u044b\u0435 \u0446\u0432\u0435\u0442\u0430 \u0438 \u0442\u0449\u0430\u0442\u0435\u043b\u044c\u043d\u0430\u044f \u043e\u0442\u0434\u0435\u043b\u043a\u0430 \u0442\u0443\u043c\u0431\u044b \u0434\u043e\u0431\u0430\u0432\u044f\u0442 \u044d\u043b\u0435\u0433\u0430\u043d\u0442\u043d\u043e\u0441\u0442\u0438 \u0438 \u044d\u0441\u0442\u0435\u0442\u0438\u0447\u0435\u0441\u043a\u043e\u0439 \u043f\u0440\u0438\u0432\u043b\u0435\u043a\u0430\u0442\u0435\u043b\u044c\u043d\u043e\u0441\u0442\u0438 \u043b\u044e\u0431\u043e\u043c\u0443 \u0438\u043d\u0442\u0435\u0440\u044c\u0435\u0440\u0443. \u041e\u0442\u043b\u0438\u0447\u0438\u0442\u0435\u043b\u044c\u043d\u044b\u043c\u0438 \u043e\u0441\u043e\u0431\u0435\u043d\u043d\u043e\u0441\u0442\u044f\u043c\u0438 \u0442\u0443\u043c\u0431\u044b \u044f\u0432\u043b\u044f\u044e\u0442\u0441\u044f \u0433\u043b\u044f\u043d\u0446\u0435\u0432\u044b\u0435 \u0447\u0435\u0440\u043d\u044b\u0435 \u0432\u0441\u0442\u0430\u0432\u043a\u0438, \u0441\u043e\u0437\u0434\u0430\u044e\u0449\u0438\u0435 \u0442\u0440\u0435\u0445\u043c\u0435\u0440\u043d\u044b\u0439 \u044d\u0444\u0444\u0435\u043a\u0442. \u0421\u0442\u0438\u043b\u044c\u043d\u044b\u0435 \u0440\u0443\u0447\u043a\u0438 \u043f\u043e \u043a\u0440\u0430\u044f\u043c \u043f\u0440\u0438\u0434\u0430\u044e\u0442 \u0442\u0443\u043c\u0431\u0435 \u043f\u043e\u0438\u0441\u0442\u0438\u043d\u0435 \u0432\u043f\u0435\u0447\u0430\u0442\u043b\u044f\u044e\u0449\u0438\u0439 \u0432\u0438\u0434. \u0422\u0443\u043c\u0431\u0430 \u043f\u043e\u0434 \u0442\u0435\u043b\u0435\u0432\u0438\u0437\u043e\u0440 Denver \u2014 \u044d\u0442\u043e \u0443\u043d\u0438\u0432\u0435\u0440\u0441\u0430\u043b\u044c\u043d\u044b\u0439 \u043f\u0440\u0435\u0434\u043c\u0435\u0442 \u043c\u0435\u0431\u0435\u043b\u0438, \u043a\u043e\u0442\u043e\u0440\u044b\u0439 \u0438\u0434\u0435\u0430\u043b\u044c\u043d\u043e \u0434\u043e\u043f\u043e\u043b\u043d\u0438\u0442 \u044d\u0441\u0442\u0435\u0442\u0438\u043a\u0443 \u0433\u043e\u0441\u0442\u0438\u043d\u043e\u0439, \u043a\u0430\u0431\u0438\u043d\u0435\u0442\u0430, \u043a\u043e\u043c\u043d\u0430\u0442\u044b \u043f\u043e\u0434\u0440\u043e\u0441\u0442\u043a\u0430 \u0438\u043b\u0438 \u0434\u0430\u0436\u0435 \u043f\u0440\u0438\u0445\u043e\u0436\u0435\u0439, \u0434\u043e\u0431\u0430\u0432\u0438\u0432 \u044d\u043b\u0435\u0433\u0430\u043d\u0442\u043d\u043e\u0441\u0442\u0438 \u0438 \u0441\u043e\u0432\u0440\u0435\u043c\u0435\u043d\u043d\u043e\u0433\u043e \u0441\u0442\u0438\u043b\u044f \u0432 \u043f\u0440\u043e\u0441\u0442\u0440\u0430\u043d\u0441\u0442\u0432\u043e. \u0422\u0443\u043c\u0431\u0430 \u0438\u0437\u0433\u043e\u0442\u043e\u0432\u043b\u0435\u043d\u0430 \u0438\u0437 \u0432\u044b\u0441\u043e\u043a\u043e\u043a\u0430\u0447\u0435\u0441\u0442\u0432\u0435\u043d\u043d\u043e\u0439 \u043b\u0430\u043c\u0438\u043d\u0438\u0440\u043e\u0432\u0430\u043d\u043d\u043e\u0439 \u043f\u043b\u0438\u0442\u044b, \u0443\u0441\u0442\u043e\u0439\u0447\u0438\u0432\u043e\u0439 \u043a \u0432\u043d\u0435\u0448\u043d\u0438\u043c \u0432\u043e\u0437\u0434\u0435\u0439\u0441\u0442\u0432\u0438\u044f\u043c, \u0442\u0430\u043a\u0438\u043c \u043a\u0430\u043a \u0432\u043c\u044f\u0442\u0438\u043d\u044b, \u0443\u0434\u0430\u0440\u044b \u0438 \u0446\u0430\u0440\u0430\u043f\u0438\u043d\u044b. \u041c\u0435\u0442\u0430\u043b\u043b\u0438\u0447\u0435\u0441\u043a\u0438\u0435 \u0440\u0443\u0447\u043a\u0438 \u0432 \u0448\u043a\u0430\u0444\u0430\u0445 \u0438 \u044f\u0449\u0438\u043a\u0430\u0445 \u043e\u0447\u0435\u043d\u044c \u043f\u0440\u043e\u0447\u043d\u044b\u0435 \u0438 \u0434\u043e\u043b\u0433\u043e\u0432\u0435\u0447\u043d\u044b\u0435. \u0422\u043e\u0447\u043d\u0430\u044f \u043e\u0442\u0434\u0435\u043b\u043a\u0430 \u0438 \u0432\u043d\u0438\u043c\u0430\u043d\u0438\u0435 \u043a \u0434\u0435\u0442\u0430\u043b\u044f\u043c \u0433\u0430\u0440\u0430\u043d\u0442\u0438\u0440\u0443\u044e\u0442, \u0447\u0442\u043e \u0442\u0443\u043c\u0431\u0430 \u043f\u043e\u0434 \u0442\u0435\u043b\u0435\u0432\u0438\u0437\u043e\u0440 Denver \u0441\u043e\u0445\u0440\u0430\u043d\u0438\u0442 \u0441\u0432\u043e\u0439 \u043a\u0440\u0430\u0441\u0438\u0432\u044b\u0439 \u0432\u043d\u0435\u0448\u043d\u0438\u0439 \u0432\u0438\u0434 \u043d\u0430 \u0434\u043e\u043b\u0433\u0438\u0435 \u0433\u043e\u0434\u044b, \u043d\u0435 \u0442\u0435\u0440\u044f\u044f \u043f\u0440\u0438 \u044d\u0442\u043e\u043c \u0444\u0443\u043d\u043a\u0446\u0438\u043e\u043d\u0430\u043b\u044c\u043d\u043e\u0441\u0442\u0438.<br \/>\n\u0422\u0443\u043c\u0431\u0430 \u043f\u043e\u0434 \u0442\u0435\u043b\u0435\u0432\u0438\u0437\u043e\u0440 Denver \u0440\u0430\u0437\u0440\u0430\u0431\u043e\u0442\u0430\u043d\u0430 \u0434\u043b\u044f \u0442\u0435\u0445, \u043a\u0442\u043e \u0446\u0435\u043d\u0438\u0442 \u0441\u043e\u0432\u0440\u0435\u043c\u0435\u043d\u043d\u0443\u044e \u043c\u0435\u0431\u0435\u043b\u044c \u0438 \u043a\u043e\u043c\u0444\u043e\u0440\u0442 \u0432 \u043f\u043e\u0432\u0441\u0435\u0434\u043d\u0435\u0432\u043d\u043e\u043c \u0438\u0441\u043f\u043e\u043b\u044c\u0437\u043e\u0432\u0430\u043d\u0438\u0438.<br \/>\n\u0422\u0443\u043c\u0431\u0430 \u043f\u043e\u0434 \u0442\u0435\u043b\u0435\u0432\u0438\u0437\u043e\u0440 \u0438\u043c\u0435\u0435\u0442 \u0434\u0432\u0435 \u0434\u0432\u0435\u0440\u0446\u044b \u0438 \u043f\u043e\u043b\u043a\u0438. \u0423\u0433\u043b\u0443\u0431\u043b\u0435\u043d\u0438\u0435 \u0432 \u0446\u0435\u043d\u0442\u0440\u0435 \u0442\u0443\u043c\u0431\u044b \u0438\u0434\u0435\u0430\u043b\u044c\u043d\u043e \u043f\u043e\u0434\u0445\u043e\u0434\u0438\u0442 \u0434\u043b\u044f \u0440\u0430\u0437\u043c\u0435\u0449\u0435\u043d\u0438\u044f \u0442\u0435\u043b\u0435\u0432\u0438\u0437\u0438\u043e\u043d\u043d\u043e\u0439 \u0442\u0435\u0445\u043d\u0438\u043a\u0438 \u0438\u043b\u0438 \u0438\u0433\u0440\u043e\u0432\u043e\u0439 \u043f\u0440\u0438\u0441\u0442\u0430\u0432\u043a\u0438. \u0422\u0443\u043c\u0431\u0430 \u043f\u043e\u0434 \u0442\u0435\u043b\u0435\u0432\u0438\u0437\u043e\u0440 Denver \u0440\u0430\u0437\u0440\u0430\u0431\u043e\u0442\u0430\u043d\u0430 \u0441 \u0443\u0447\u0435\u0442\u043e\u043c \u0444\u0443\u043d\u043a\u0446\u0438\u043e\u043d\u0430\u043b\u044c\u043d\u043e\u0441\u0442\u0438 \u0438 \u043f\u0440\u0430\u043a\u0442\u0438\u0447\u043d\u043e\u0441\u0442\u0438, \u043f\u0440\u0435\u0434\u043b\u0430\u0433\u0430\u044f \u0434\u043e\u0441\u0442\u0430\u0442\u043e\u0447\u043d\u043e \u043c\u0435\u0441\u0442\u0430 \u0434\u043b\u044f \u0445\u0440\u0430\u043d\u0435\u043d\u0438\u044f. \u041a\u043e\u043d\u0442\u0440\u0430\u0441\u0442\u043d\u044b\u0435 \u0438 \u0432\u044b\u0440\u0430\u0437\u0438\u0442\u0435\u043b\u044c\u043d\u044b\u0435 \u0446\u0432\u0435\u0442\u0430 \u0438\u0434\u0435\u0430\u043b\u044c\u043d\u043e \u0434\u043e\u043f\u043e\u043b\u043d\u044f\u044e\u0442 \u043a\u043b\u0430\u0441\u0441\u0438\u0447\u0435\u0441\u043a\u0438\u0435 \u0438\u043d\u0442\u0435\u0440\u044c\u0435\u0440\u044b, \u0434\u0435\u043b\u0430\u044f \u0442\u0443\u043c\u0431\u044b \u043f\u043e\u0434 \u0442\u0435\u043b\u0435\u0432\u0438\u0437\u043e\u0440 Denver \u0438\u0434\u0435\u0430\u043b\u044c\u043d\u044b\u043c\u0438 \u0434\u043b\u044f \u043f\u0440\u043e\u0441\u0442\u043e\u0440\u043d\u044b\u0445, \u0441\u0432\u0435\u0442\u043b\u044b\u0445 \u0438 \u0441\u043e\u0432\u0440\u0435\u043c\u0435\u043d\u043d\u044b\u0445 \u043f\u043e\u043c\u0435\u0449\u0435\u043d\u0438\u0439. \u0421\u043e\u0432\u0440\u0435\u043c\u0435\u043d\u043d\u044b\u0435 \u0438 \u0438\u043d\u0434\u0443\u0441\u0442\u0440\u0438\u0430\u043b\u044c\u043d\u044b\u0435 \u0442\u0443\u043c\u0431\u044b \u043f\u043e\u0434 \u0442\u0435\u043b\u0435\u0432\u0438\u0437\u043e\u0440 \u0441 \u044d\u043b\u0435\u0433\u0430\u043d\u0442\u043d\u043e\u0439 \u043e\u0442\u0434\u0435\u043b\u043a\u043e\u0439 \u043f\u0440\u0435\u043a\u0440\u0430\u0441\u043d\u043e \u0434\u043e\u043f\u043e\u043b\u043d\u044f\u0442 \u043b\u044e\u0431\u043e\u0439 \u0434\u0435\u043a\u043e\u0440.<br \/>\n\u0420\u0430\u0437\u043c\u0435\u0440\u044b \u043f\u043e\u0434\u0441\u0442\u0430\u0432\u043a\u0438 \u0434\u043b\u044f \u0442\u0435\u043b\u0435\u0432\u0438\u0437\u043e\u0440\u0430:<br \/>\n\u0412\u044b\u0441\u043e\u0442\u0430: 46 \u0441\u043c<br \/>\n\u0428\u0438\u0440\u0438\u043d\u0430: 135 \u0441\u043c<br \/>\n\u0413\u043b\u0443\u0431\u0438\u043d\u0430: 40 \u0441\u043c<\/p>","protected":false},"excerpt":{"rendered":"<p>\u0448\u0438\u0440\u0438\u043d\u0430: 135 \u0441\u043c<br \/>\n\u0432\u044b\u0441\u043e\u0442\u0430: 46 \u0441\u043c<br \/>\n\u0433\u043b\u0443\u0431\u0438\u043d\u0430: 40 \u0441\u043c<\/p>","protected":false},"featured_media":330266,"comment_status":"open","ping_status":"open","template":"","meta":[],"product_brand":[],"product_cat":[9235,1175],"product_tag":[],"class_list":{"0":"post-330265","1":"product","2":"type-product","3":"status-publish","4":"has-post-thumbnail","6":"product_cat-gib-meble","7":"product_cat-tv-stands","9":"first","10":"instock","11":"purchasable","12":"product-type-simple"},"_links":{"self":[{"href":"https:\/\/baldumarket.lt\/ru\/wp-json\/wp\/v2\/product\/330265","targetHints":{"allow":["GET"]}}],"collection":[{"href":"https:\/\/baldumarket.lt\/ru\/wp-json\/wp\/v2\/product"}],"about":[{"href":"https:\/\/baldumarket.lt\/ru\/wp-json\/wp\/v2\/types\/product"}],"replies":[{"embeddable":true,"href":"https:\/\/baldumarket.lt\/ru\/wp-json\/wp\/v2\/comments?post=330265"}],"wp:featuredmedia":[{"embeddable":true,"href":"https:\/\/baldumarket.lt\/ru\/wp-json\/wp\/v2\/media\/330266"}],"wp:attachment":[{"href":"https:\/\/baldumarket.lt\/ru\/wp-json\/wp\/v2\/media?parent=330265"}],"wp:term":[{"taxonomy":"product_brand","embeddable":true,"href":"https:\/\/baldumarket.lt\/ru\/wp-json\/wp\/v2\/product_brand?post=330265"},{"taxonomy":"product_cat","embeddable":true,"href":"https:\/\/baldumarket.lt\/ru\/wp-json\/wp\/v2\/product_cat?post=330265"},{"taxonomy":"product_tag","embeddable":true,"href":"https:\/\/baldumarket.lt\/ru\/wp-json\/wp\/v2\/product_tag?post=330265"}],"curies":[{"name":"WP","href":"https:\/\/api.w.org\/{rel}","templated":true}]}}