{"id":324144,"date":"2026-01-16T10:42:14","date_gmt":"2026-01-16T07:42:14","guid":{"rendered":"https:\/\/baldumarket.lt\/product\/szafka-gorna-narozna-60-cm-vigo-grafit-mat-60x60-gn-72-2f-90-stopni\/"},"modified":"2026-03-23T13:00:26","modified_gmt":"2026-03-23T10:00:26","slug":"szafka-gorna-narozna-60-cm-vigo-grafit-mat-60x60-gn-72-2f-90-stopni","status":"publish","type":"product","link":"https:\/\/baldumarket.lt\/ru\/product\/szafka-gorna-narozna-60-cm-vigo-grafit-mat-60x60-gn-72-2f-90-stopni\/","title":{"rendered":"Vir\u0161utin\u0117 kampin\u0117 spintel\u0117 60 cm Vigo grafito matin\u0117 60&#215;60 GN-72 2F 90 laipsni\u0173"},"content":{"rendered":"<h5><span style=\"color: #54859b\">\u041f\u043e\u0441\u0435\u0442\u0438\u0442\u0435 \u043d\u0430\u0448 \u0432\u0438\u0440\u0442\u0443\u0430\u043b\u044c\u043d\u044b\u0439 \u043c\u0430\u0433\u0430\u0437\u0438\u043d \u0431\u0440\u0435\u043d\u0434\u0430 Stolarz-Lempert<\/span><\/h5>\n<p> <a href=\"http:\/\/spacer.lempert.pl\/\" target=\"_blank\" rel=\"noopener\"><span style=\"color: #e47025\">http:\/\/spacer.lempert.pl\/<\/span><\/a><\/p>\n<p>\u041a\u0443\u0445\u043d\u044f Vigo \u2014 \u044d\u0442\u043e \u043e\u0447\u0435\u043d\u044c \u043f\u0440\u0430\u043a\u0442\u0438\u0447\u043d\u044b\u0439 \u0438 \u043a\u0440\u0430\u0441\u0438\u0432\u044b\u0439 \u043a\u043e\u043c\u043f\u043b\u0435\u043a\u0442 \u043c\u0435\u0431\u0435\u043b\u0438. \u0421\u0438\u0441\u0442\u0435\u043c\u0430 \u0441\u043e\u0441\u0442\u043e\u0438\u0442 \u0438\u0437 \u0434\u0435\u0441\u044f\u0442\u043a\u043e\u0432 \u0448\u043a\u0430\u0444\u043e\u0432 \u2014 \u043a\u0443\u0445\u043e\u043d\u043d\u043e\u0439 \u043c\u0435\u0431\u0435\u043b\u0438 \u0432 \u0441\u043a\u0430\u043d\u0434\u0438\u043d\u0430\u0432\u0441\u043a\u043e\u043c \u0441\u0442\u0438\u043b\u0435. \u0424\u0430\u0441\u0430\u0434\u044b \u0448\u043a\u0430\u0444\u043e\u0432 \u0432\u044b\u043f\u043e\u043b\u043d\u0435\u043d\u044b \u0438\u0437 \u043c\u0430\u0441\u0441\u0438\u0432\u0430 \u0434\u0435\u0440\u0435\u0432\u0430. \u0421\u0442\u043e\u043b\u0435\u0448\u043d\u0438\u0446\u044b \u0438 \u043a\u043e\u0440\u043f\u0443\u0441\u0430 \u043e\u0431\u0440\u0430\u0437\u0443\u044e\u0442 \u0435\u0434\u0438\u043d\u0443\u044e \u0446\u0432\u0435\u0442\u043e\u0432\u0443\u044e \u0433\u0430\u043c\u043c\u0443. \u041c\u0430\u0441\u0441\u0438\u0432\u043d\u044b\u0435 \u0440\u0443\u0447\u043a\u0438 \u043f\u0440\u0438\u0434\u0430\u044e\u0442 \u043c\u0435\u0431\u0435\u043b\u0438 \u0445\u0430\u0440\u0430\u043a\u0442\u0435\u0440 \u0438 \u043e\u0431\u043b\u0435\u0433\u0447\u0430\u044e\u0442 \u0434\u043e\u0441\u0442\u0443\u043f \u043a \u0445\u0440\u0430\u043d\u044f\u0449\u0438\u043c\u0441\u044f \u0432\u043d\u0443\u0442\u0440\u0438 \u043f\u0440\u043e\u0434\u0443\u043a\u0442\u0430\u043c. \u041e\u043d\u0438 \u0438\u0434\u0435\u0430\u043b\u044c\u043d\u043e \u0434\u043e\u043f\u043e\u043b\u043d\u044f\u044e\u0442 \u0432\u0435\u0441\u044c \u043a\u043e\u043c\u043f\u043b\u0435\u043a\u0442.<br \/>\n\u0421\u0432\u0435\u0442\u043b\u0430\u044f \u0446\u0432\u0435\u0442\u043e\u0432\u0430\u044f \u0433\u0430\u043c\u043c\u0430 \u0438 \u0441\u0434\u0435\u0440\u0436\u0430\u043d\u043d\u044b\u0439 \u0434\u0435\u043a\u043e\u0440\u0430\u0442\u0438\u0432\u043d\u044b\u0439 \u0441\u0442\u0438\u043b\u044c \u043a\u043e\u043c\u043f\u043b\u0435\u043a\u0442\u0430 \u043f\u0440\u0438\u0434\u0430\u0434\u0443\u0442 \u0438\u043d\u0442\u0435\u0440\u044c\u0435\u0440\u0443 \u043e\u0447\u0430\u0440\u043e\u0432\u0430\u0442\u0435\u043b\u044c\u043d\u0443\u044e \u0430\u0442\u043c\u043e\u0441\u0444\u0435\u0440\u0443 \u0438 \u043d\u043e\u0442\u043a\u0443 \u044d\u043b\u0435\u0433\u0430\u043d\u0442\u043d\u043e\u0441\u0442\u0438.<br \/>\n\u0428\u043a\u0430\u0444\u044b \u043e\u0441\u043d\u0430\u0449\u0435\u043d\u044b \u043c\u0435\u0445\u0430\u043d\u0438\u0437\u043c\u043e\u043c \u043f\u043b\u0430\u0432\u043d\u043e\u0433\u043e \u0437\u0430\u043a\u0440\u044b\u0432\u0430\u043d\u0438\u044f; \u0448\u043a\u0430\u0444\u044b \u0434\u043e\u0441\u0442\u0443\u043f\u043d\u044b \u0432 \u0446\u0432\u0435\u0442\u043e\u0432\u044b\u0445 \u0432\u0430\u0440\u0438\u0430\u043d\u0442\u0430\u0445, \u043f\u043e\u043a\u0430\u0437\u0430\u043d\u043d\u044b\u0445 \u043d\u0430 \u0444\u043e\u0442\u043e\u0433\u0440\u0430\u0444\u0438\u0438. \u0426\u0432\u0435\u0442\u0430:<br \/>\n\u0424\u0430\u0441\u0430\u0434\u044b: \u0432\u0441\u0442\u0430\u0432\u043a\u0438 Matera PVC Lancelot Oak.<br \/>\n\u041a\u043e\u0440\u043f\u0443\u0441: \u0434\u0443\u0431 \u041b\u0430\u043d\u0441\u0435\u043b\u043e\u0442<br \/>\n\u0420\u0443\u043a\u043e\u044f\u0442\u043a\u0430: 192-UM849P2, \u0447\u0435\u0440\u043d\u044b\u0439 \u043c\u0435\u0442\u0430\u043b\u043b\u0438\u043a<br \/>\n\u041d\u0430 \u0444\u043e\u0442\u043e \u043f\u043e\u043a\u0430\u0437\u0430\u043d\u0430 \u0441\u0442\u043e\u043b\u0435\u0448\u043d\u0438\u0446\u0430 \u0438\u0437 \u0434\u0443\u0431\u0430 \u041b\u0430\u043d\u0441\u0435\u043b\u043e\u0442 \u0442\u043e\u043b\u0449\u0438\u043d\u043e\u0439 28 \u043c\u043c.<br \/>\n\u0423\u0433\u043b\u043e\u0432\u043e\u0439 \u0432\u0435\u0440\u0445\u043d\u0438\u0439 \u0448\u043a\u0430\u0444 Vigo 60 \u0441\u043c, \u043c\u0430\u0442\u043e\u0432\u044b\u0439 \u0433\u0440\u0430\u0444\u0438\u0442\u043e\u0432\u044b\u0439, 60\u00d760 GN-72 2F, 90 \u0433\u0440\u0430\u0434\u0443\u0441\u043e\u0432.<\/p>","protected":false},"excerpt":{"rendered":"<p>\u0412\u044b\u0441\u043e\u0442\u0430 [\u0441\u043c]: 71,5<br \/>\n\u0413\u043b\u0443\u0431\u0438\u043d\u0430 [\u0441\u043c]: 31<br \/>\n\u0428\u0438\u0440\u0438\u043d\u0430 [\u0441\u043c]: 60-60<br \/>\n\u0412\u044b\u0441\u043e\u0442\u0430 [\u0441\u043c]: 71,5<\/p>","protected":false},"featured_media":324145,"comment_status":"open","ping_status":"open","template":"","meta":[],"product_brand":[],"product_cat":[9234,9118],"product_tag":[],"class_list":{"0":"post-324144","1":"product","2":"type-product","3":"status-publish","4":"has-post-thumbnail","6":"product_cat-stolarz-lempert","7":"product_cat-kitchen-cabinets","9":"first","10":"instock","11":"purchasable","12":"product-type-simple"},"_links":{"self":[{"href":"https:\/\/baldumarket.lt\/ru\/wp-json\/wp\/v2\/product\/324144","targetHints":{"allow":["GET"]}}],"collection":[{"href":"https:\/\/baldumarket.lt\/ru\/wp-json\/wp\/v2\/product"}],"about":[{"href":"https:\/\/baldumarket.lt\/ru\/wp-json\/wp\/v2\/types\/product"}],"replies":[{"embeddable":true,"href":"https:\/\/baldumarket.lt\/ru\/wp-json\/wp\/v2\/comments?post=324144"}],"wp:featuredmedia":[{"embeddable":true,"href":"https:\/\/baldumarket.lt\/ru\/wp-json\/wp\/v2\/media\/324145"}],"wp:attachment":[{"href":"https:\/\/baldumarket.lt\/ru\/wp-json\/wp\/v2\/media?parent=324144"}],"wp:term":[{"taxonomy":"product_brand","embeddable":true,"href":"https:\/\/baldumarket.lt\/ru\/wp-json\/wp\/v2\/product_brand?post=324144"},{"taxonomy":"product_cat","embeddable":true,"href":"https:\/\/baldumarket.lt\/ru\/wp-json\/wp\/v2\/product_cat?post=324144"},{"taxonomy":"product_tag","embeddable":true,"href":"https:\/\/baldumarket.lt\/ru\/wp-json\/wp\/v2\/product_tag?post=324144"}],"curies":[{"name":"WP","href":"https:\/\/api.w.org\/{rel}","templated":true}]}}