{"id":321714,"date":"2026-01-16T10:07:42","date_gmt":"2026-01-16T07:07:42","guid":{"rendered":"https:\/\/baldumarket.lt\/product\/plyta-laminowana-na-wymiar-16-mm-do-kuchni-producenta-stolarz-lempert\/"},"modified":"2026-04-23T18:30:44","modified_gmt":"2026-04-23T15:30:44","slug":"plyta-laminowana-na-wymiar-16-mm-do-kuchni-producenta-stolarz-lempert","status":"publish","type":"product","link":"https:\/\/baldumarket.lt\/ru\/product\/plyta-laminowana-na-wymiar-16-mm-do-kuchni-producenta-stolarz-lempert\/","title":{"rendered":"\u0421\u0442\u043e\u043b\u0430\u0440\u0436 \u041b\u0435\u043c\u043f\u0435\u0440\u0442 pgal u\u017esakym\u0105 pagaminta laminuota plok\u0161t\u0117 [16 \u043c\u043c] virtuvei"},"content":{"rendered":"<h5><span style=\"color: #54859b\">\u041f\u043e\u0441\u0435\u0442\u0438\u0442\u0435 \u043d\u0430\u0448 \u0432\u0438\u0440\u0442\u0443\u0430\u043b\u044c\u043d\u044b\u0439 \u043c\u0430\u0433\u0430\u0437\u0438\u043d \u0431\u0440\u0435\u043d\u0434\u0430 Stolarz-Lempert<\/span><\/h5>\n<p> <a href=\"http:\/\/spacer.lempert.pl\/\" target=\"_blank\" rel=\"noopener\"><span style=\"color: #e47025\">http:\/\/spacer.lempert.pl\/<\/span><\/a><\/p>\n<p>\u041b\u0430\u043c\u0438\u043d\u0438\u0440\u043e\u0432\u0430\u043d\u043d\u0430\u044f \u043f\u043b\u0438\u0442\u0430 \u0442\u043e\u043b\u0449\u0438\u043d\u043e\u0439 16 \u043c\u043c, \u0438\u0437\u0433\u043e\u0442\u0430\u0432\u043b\u0438\u0432\u0430\u0435\u043c\u0430\u044f \u043d\u0430 \u0437\u0430\u043a\u0430\u0437, \u0434\u043e\u0441\u0442\u0443\u043f\u043d\u0430 \u0432 \u0432\u0430\u0440\u0438\u0430\u043d\u0442\u0430\u0445 \u043e\u0442\u0434\u0435\u043b\u043a\u0438, \u0438\u0441\u043f\u043e\u043b\u044c\u0437\u0443\u0435\u043c\u044b\u0445 \u0432 \u043a\u0443\u0445\u043d\u044f\u0445 \u201cStolarz Lempert\u201d.<br \/>\n\u041f\u043e \u0443\u043c\u043e\u043b\u0447\u0430\u043d\u0438\u044e \u0434\u043e\u0441\u043a\u0430 \u043e\u0431\u043b\u0438\u0446\u043e\u0432\u0430\u043d\u0430 \u0448\u043f\u043e\u043d\u043e\u043c \u0441\u043e \u0432\u0441\u0435\u0445 \u0447\u0435\u0442\u044b\u0440\u0435\u0445 \u0441\u0442\u043e\u0440\u043e\u043d (\u0431\u0435\u0437 \u0434\u043e\u043f\u043e\u043b\u043d\u0438\u0442\u0435\u043b\u044c\u043d\u043e\u0439 \u043f\u043b\u0430\u0442\u044b).<br \/>\n\u0411\u0430\u0437\u043e\u0432\u0430\u044f \u0446\u0435\u043d\u0430 \u0443\u043a\u0430\u0437\u0430\u043d\u0430 \u0437\u0430 1 \u043c\u00b2 \u043f\u0440\u0438\u043e\u0431\u0440\u0435\u0442\u0430\u0435\u043c\u043e\u0439 \u043f\u043b\u0438\u0442\u044b, \u043c\u0438\u043d. 95 x 200 \u043c\u043c, \u043c\u0430\u043a\u0441. 2600 x 1200 \u043c\u043c.<br \/>\n\u041f\u0420\u041e\u0427\u0418\u0422\u0410\u0419\u0422\u0415 \u041f\u0415\u0420\u0415\u0414 \u041f\u041e\u041a\u0423\u041f\u041a\u041e\u0419!<br \/>\n\u0414\u043e\u0441\u0442\u0430\u0432\u043a\u0430 \u043e\u0441\u0443\u0449\u0435\u0441\u0442\u0432\u043b\u044f\u0435\u0442\u0441\u044f \u0442\u043e\u043b\u044c\u043a\u043e \u0434\u043b\u044f \u043a\u0443\u0445\u043e\u043d\u043d\u043e\u0439 \u043c\u0435\u0431\u0435\u043b\u0438 Stolarz Lempert \u2013 \u0434\u043e\u0441\u0442\u0430\u0432\u043a\u0430 \u043e\u0442\u0434\u0435\u043b\u044c\u043d\u044b\u0445 \u0434\u043e\u0441\u043e\u043a \u043d\u0435\u0432\u043e\u0437\u043c\u043e\u0436\u043d\u0430, \u0442\u043e\u043b\u044c\u043a\u043e \u0432 \u0441\u043e\u0441\u0442\u0430\u0432\u0435 \u043a\u043e\u043c\u043f\u043b\u0435\u043a\u0442\u0430 \u0438\u0437 \u043d\u0435\u0441\u043a\u043e\u043b\u044c\u043a\u0438\u0445 \u043f\u043e\u0434\u0434\u043e\u043d\u043e\u0432 \u0441 \u043a\u0443\u0445\u043e\u043d\u043d\u044b\u043c\u0438 \u0448\u043a\u0430\u0444\u0430\u043c\u0438.<br \/>\n\u0414\u043b\u044f \u0438\u043d\u0434\u0438\u0432\u0438\u0434\u0443\u0430\u043b\u044c\u043d\u044b\u0445 \u0437\u0430\u043a\u0430\u0437\u043e\u0432 \u0432\u043e\u0437\u043c\u043e\u0436\u0435\u043d \u0442\u043e\u043b\u044c\u043a\u043e \u0441\u0430\u043c\u043e\u0432\u044b\u0432\u043e\u0437 (\u0422\u0430\u0440\u043d\u043e\u0432\u0441\u043a\u0438\u0435 \u0413\u043e\u0440\u044b).<br \/>\n\u041a\u0430\u043a \u0432\u044b\u0431\u0440\u0430\u0442\u044c \u043f\u0440\u0430\u0432\u0438\u043b\u044c\u043d\u044b\u0439 \u0440\u0430\u0437\u043c\u0435\u0440<br \/>\n\u0411\u0430\u0437\u043e\u0432\u0430\u044f \u0446\u0435\u043d\u0430 \u0442\u043e\u0432\u0430\u0440\u0430 \u0443\u043a\u0430\u0437\u0430\u043d\u0430 \u0437\u0430 1 \u043c\u00b2. \u0412 \u043f\u043e\u043b\u0435 \u00ab\u041a\u043e\u043b\u0438\u0447\u0435\u0441\u0442\u0432\u043e\u00bb (\u043f\u043e\u0434 \u043a\u043d\u043e\u043f\u043a\u043e\u0439 \u00ab\u0414\u043e\u0431\u0430\u0432\u0438\u0442\u044c \u0432 \u043a\u043e\u0440\u0437\u0438\u043d\u0443\u00bb):<br \/>\n\u041a\u043e\u043b\u0438\u0447\u0435\u0441\u0442\u0432\u043e: \u043e\u0437\u043d\u0430\u0447\u0430\u0435\u0442 \u043f\u043e\u043a\u0443\u043f\u043a\u0443 0,56 \u043c\u00b2 \u043f\u043b\u0438\u0442\u044b.<br \/>\n\u0415\u0441\u043b\u0438 \u0432\u0430\u043c \u043d\u0443\u0436\u043d\u0430 \u0434\u043e\u0441\u043a\u0430 \u0440\u0430\u0437\u043c\u0435\u0440\u043e\u043c 650 x 200 \u043c\u043c (0,65 \u043c * 0,2 \u043c = 0,13 \u043c\u00b2), \u043f\u043e\u0436\u0430\u043b\u0443\u0439\u0441\u0442\u0430, \u043f\u0440\u0435\u0434\u043e\u0441\u0442\u0430\u0432\u044c\u0442\u0435:<br \/>\n\u041a\u043e\u043b\u0438\u0447\u0435\u0441\u0442\u0432\u043e:<br \/>\n\u0426\u0435\u043d\u0430 \u0431\u0443\u0434\u0435\u0442 \u0440\u0430\u0441\u0441\u0447\u0438\u0442\u0430\u043d\u0430 \u0430\u0432\u0442\u043e\u043c\u0430\u0442\u0438\u0447\u0435\u0441\u043a\u0438 \u043f\u043e\u0441\u043b\u0435 \u0434\u043e\u0431\u0430\u0432\u043b\u0435\u043d\u0438\u044f \u0442\u043e\u0432\u0430\u0440\u0430 \u0432 \u043a\u043e\u0440\u0437\u0438\u043d\u0443 \u0441 \u0442\u043e\u0447\u043d\u043e\u0441\u0442\u044c\u044e \u0434\u043e 1 \u043c\u043c \u043e\u0442 \u0440\u0430\u0437\u043c\u0435\u0440\u0430 \u043f\u0440\u0438\u043e\u0431\u0440\u0435\u0442\u0435\u043d\u043d\u043e\u0433\u043e \u0442\u043e\u0432\u0430\u0440\u0430.<br \/>\n\u041d\u0435 \u0437\u0430\u0431\u0443\u0434\u044c\u0442\u0435 \u043f\u0440\u043e \u043d\u0430\u043f\u0440\u0430\u0432\u043b\u0435\u043d\u0438\u0435 \u0432\u043e\u043b\u043e\u043a\u043e\u043d!<br \/>\n\u0423\u043a\u0430\u0436\u0438\u0442\u0435 \u0436\u0435\u043b\u0430\u0435\u043c\u044b\u0435 \u0440\u0430\u0437\u043c\u0435\u0440\u044b \u0432 \u043f\u0440\u0438\u043c\u0435\u0447\u0430\u043d\u0438\u044f\u0445 \u043a \u0442\u043e\u0432\u0430\u0440\u0443, \u043d\u0430\u043f\u0440\u0438\u043c\u0435\u0440:,<br \/>\n\u0420\u0430\u0437\u043c\u0435\u0440 A (\u0432\u0434\u043e\u043b\u044c \u0432\u043e\u043b\u043e\u043a\u043e\u043d): 650 \u043c\u043c (\u043c\u0438\u043d. 200 \u043c\u043c, \u043c\u0430\u043a\u0441. 2600 \u043c\u043c)<br \/>\n\u0420\u0430\u0437\u043c\u0435\u0440 B (\u043f\u043e\u043f\u0435\u0440\u0435\u043a \u0432\u043e\u043b\u043e\u043a\u043e\u043d): 200 \u043c\u043c (\u043c\u0438\u043d. 95 \u043c\u043c, \u043c\u0430\u043a\u0441. 1200 \u043c\u043c)<\/p>","protected":false},"excerpt":{"rendered":"<p>\u041f\u043e\u0441\u0435\u0442\u0438\u0442\u0435 \u043d\u0430\u0448 \u0432\u0438\u0440\u0442\u0443\u0430\u043b\u044c\u043d\u044b\u0439 \u043c\u0430\u0433\u0430\u0437\u0438\u043d \u0431\u0440\u0435\u043d\u0434\u0430 Stolarz-Lempert http:\/\/spacer.lempert.pl\/ \u041b\u0430\u043c\u0438\u043d\u0438\u0440\u043e\u0432\u0430\u043d\u043d\u0430\u044f \u043f\u043b\u0438\u0442\u0430 \u0442\u043e\u043b\u0449\u0438\u043d\u043e\u0439 16 \u043c\u043c, \u0438\u0437\u0433\u043e\u0442\u0430\u0432\u043b\u0438\u0432\u0430\u0435\u043c\u0430\u044f \u043d\u0430 \u0437\u0430\u043a\u0430\u0437, \u0434\u043e\u0441\u0442\u0443\u043f\u043d\u0430 \u0432 \u0432\u0430\u0440\u0438\u0430\u043d\u0442\u0430\u0445 \u043e\u0442\u0434\u0435\u043b\u043a\u0438, \u0438\u0441\u043f\u043e\u043b\u044c\u0437\u0443\u0435\u043c\u044b\u0445 \u0432 \u043a\u0443\u0445\u043d\u044f\u0445 \u201cStolarz Lempert\u201d. \u041f\u043e \u0443\u043c\u043e\u043b\u0447\u0430\u043d\u0438\u044e \u043f\u043b\u0438\u0442\u0430 \u043e\u0431\u043b\u0438\u0446\u043e\u0432\u0430\u043d\u0430 \u0448\u043f\u043e\u043d\u043e\u043c \u0441\u043e \u0432\u0441\u0435\u0445 \u0447\u0435\u0442\u044b\u0440\u0435\u0445 \u0441\u0442\u043e\u0440\u043e\u043d (\u0431\u0435\u0437 \u0434\u043e\u043f\u043e\u043b\u043d\u0438\u0442\u0435\u043b\u044c\u043d\u043e\u0439 \u043f\u043b\u0430\u0442\u044b). \u0411\u0430\u0437\u043e\u0432\u0430\u044f \u0446\u0435\u043d\u0430 \u0443\u043a\u0430\u0437\u0430\u043d\u0430 \u0437\u0430 1 \u043c\u00b2 \u043f\u0440\u0438\u043e\u0431\u0440\u0435\u0442\u0435\u043d\u043d\u043e\u0439 \u043f\u043b\u0438\u0442\u044b, \u043c\u0438\u043d. 95 x 200 \u043c\u043c, [\u2026]<\/p>","protected":false},"featured_media":321715,"comment_status":"open","ping_status":"open","template":"","meta":[],"product_brand":[],"product_cat":[9234,1043],"product_tag":[],"class_list":{"0":"post-321714","1":"product","2":"type-product","3":"status-publish","4":"has-post-thumbnail","6":"product_cat-stolarz-lempert","7":"product_cat-extras","9":"first","10":"instock","11":"purchasable","12":"product-type-simple"},"_links":{"self":[{"href":"https:\/\/baldumarket.lt\/ru\/wp-json\/wp\/v2\/product\/321714","targetHints":{"allow":["GET"]}}],"collection":[{"href":"https:\/\/baldumarket.lt\/ru\/wp-json\/wp\/v2\/product"}],"about":[{"href":"https:\/\/baldumarket.lt\/ru\/wp-json\/wp\/v2\/types\/product"}],"replies":[{"embeddable":true,"href":"https:\/\/baldumarket.lt\/ru\/wp-json\/wp\/v2\/comments?post=321714"}],"wp:featuredmedia":[{"embeddable":true,"href":"https:\/\/baldumarket.lt\/ru\/wp-json\/wp\/v2\/media\/321715"}],"wp:attachment":[{"href":"https:\/\/baldumarket.lt\/ru\/wp-json\/wp\/v2\/media?parent=321714"}],"wp:term":[{"taxonomy":"product_brand","embeddable":true,"href":"https:\/\/baldumarket.lt\/ru\/wp-json\/wp\/v2\/product_brand?post=321714"},{"taxonomy":"product_cat","embeddable":true,"href":"https:\/\/baldumarket.lt\/ru\/wp-json\/wp\/v2\/product_cat?post=321714"},{"taxonomy":"product_tag","embeddable":true,"href":"https:\/\/baldumarket.lt\/ru\/wp-json\/wp\/v2\/product_tag?post=321714"}],"curies":[{"name":"WP","href":"https:\/\/api.w.org\/{rel}","templated":true}]}}