{"id":320920,"date":"2026-01-16T09:56:53","date_gmt":"2026-01-16T06:56:53","guid":{"rendered":"https:\/\/baldumarket.lt\/product\/szafka-gorna-okapowa-60-cm-monza-60-gu-36-1f\/"},"modified":"2026-03-23T13:00:26","modified_gmt":"2026-03-23T10:00:26","slug":"szafka-gorna-okapowa-60-cm-monza-60-gu-36-1f","status":"publish","type":"product","link":"https:\/\/baldumarket.lt\/ru\/product\/szafka-gorna-okapowa-60-cm-monza-60-gu-36-1f\/","title":{"rendered":"Vir\u0161utin\u0117 gartraukio spintel\u0117 60 cm Monza 60 GU-36 1F"},"content":{"rendered":"<h5><span style=\"color: #54859b\">\u041f\u043e\u0441\u0435\u0442\u0438\u0442\u0435 \u043d\u0430\u0448 \u0432\u0438\u0440\u0442\u0443\u0430\u043b\u044c\u043d\u044b\u0439 \u043c\u0430\u0433\u0430\u0437\u0438\u043d \u0431\u0440\u0435\u043d\u0434\u0430 Stolarz-Lempert<\/span><\/h5>\n<p> <a href=\"http:\/\/spacer.lempert.pl\/\" target=\"_blank\" rel=\"noopener\"><span style=\"color: #e47025\">http:\/\/spacer.lempert.pl\/<\/span><\/a><\/p>\n<p>\u041a\u0443\u0445\u043d\u044f Monza \u2014 \u044d\u0442\u043e \u043a\u043e\u043c\u043f\u043b\u0435\u043a\u0442 \u0441\u043e\u0432\u0440\u0435\u043c\u0435\u043d\u043d\u043e\u0439 \u043c\u0435\u0431\u0435\u043b\u0438 \u0441 \u043e\u0442\u0434\u0435\u043b\u043a\u043e\u0439 \u043f\u043e\u0434 \u0434\u0435\u0440\u0435\u0432\u043e, \u043a\u043e\u0442\u043e\u0440\u0430\u044f \u0432\u043f\u0438\u0448\u0435\u0442\u0441\u044f \u0432 \u043b\u044e\u0431\u043e\u0439 \u0438\u043d\u0442\u0435\u0440\u044c\u0435\u0440.<br \/>\n\u041d\u0430 \u043a\u0443\u0445\u043d\u0435 \u0434\u0435\u0441\u044f\u0442\u043a\u0438 \u0448\u043a\u0430\u0444\u043e\u0432, \u0438\u0437 \u043a\u043e\u0442\u043e\u0440\u044b\u0445 \u0432\u044b \u043c\u043e\u0436\u0435\u0442\u0435 \u0441\u043e\u0431\u0440\u0430\u0442\u044c \u0441\u0432\u043e\u0439 \u0441\u043e\u0431\u0441\u0442\u0432\u0435\u043d\u043d\u044b\u0439 \u043a\u043e\u043c\u043f\u043b\u0435\u043a\u0442.<br \/>\n\u0412 \u043a\u043e\u043c\u043f\u043b\u0435\u043a\u0442 \u0432\u0445\u043e\u0434\u044f\u0442:<br \/>\n\u0432\u044b\u0441\u043e\u043a\u043e\u043a\u0430\u0447\u0435\u0441\u0442\u0432\u0435\u043d\u043d\u044b\u0435 \u0444\u0430\u0441\u0430\u0434\u044b \u0438\u0437 \u043b\u0430\u043c\u0438\u043d\u0438\u0440\u043e\u0432\u0430\u043d\u043d\u043e\u0439 \u043f\u043b\u0438\u0442\u044b<br \/>\n\u043a\u043e\u0440\u043f\u0443\u0441\u0430 \u0438\u0437 \u043b\u0430\u043c\u0438\u043d\u0438\u0440\u043e\u0432\u0430\u043d\u043d\u044b\u0445 \u0434\u043e\u0441\u043e\u043a<br \/>\n\u0444\u0430\u0441\u0430\u0434\u044b \u0441 \u0441\u0438\u0441\u0442\u0435\u043c\u043e\u0439 \u043f\u043b\u0430\u0432\u043d\u043e\u0433\u043e \u0437\u0430\u043a\u0440\u044b\u0432\u0430\u043d\u0438\u044f<br \/>\n\u042f\u0449\u0438\u043a\u0438 \u043f\u0440\u0435\u043c\u0438\u0443\u043c-\u043a\u043b\u0430\u0441\u0441\u0430 \u0441 \u0441\u0438\u0441\u0442\u0435\u043c\u043e\u0439 \u043f\u043b\u0430\u0432\u043d\u043e\u0433\u043e \u0437\u0430\u043a\u0440\u044b\u0432\u0430\u043d\u0438\u044f<br \/>\n\u043f\u0440\u043e\u0441\u0442\u043e\u0440\u043d\u044b\u0435 \u0448\u043a\u0430\u0444\u044b<br \/>\n\u0448\u043a\u0430\u0444\u044b, \u0443\u0441\u0442\u0430\u043d\u043e\u0432\u043b\u0435\u043d\u043d\u044b\u0435 \u043d\u0430 \u0440\u0430\u043c\u0430\u0445 \u0438 \u0446\u043e\u043a\u043e\u043b\u044f\u0445<br \/>\n\u0434\u0432\u043e\u0439\u043d\u044b\u0435 \u0441\u043a\u043e\u043b\u044c\u0437\u044f\u0449\u0438\u0435 \u0447\u0435\u0440\u043d\u044b\u0435 \u043d\u043e\u0436\u043a\u0438<br \/>\n\u0412 \u043a\u043e\u043c\u043f\u043b\u0435\u043a\u0442 \u0432\u0445\u043e\u0434\u044f\u0442 \u043c\u0430\u0442\u043e\u0432\u044b\u0435 \u0447\u0435\u0440\u043d\u044b\u0435 \u043f\u043e\u0441\u0442\u0430\u043c\u0435\u043d\u0442\u044b.<br \/>\n\u041f\u0435\u0440\u0435\u0434\u043d\u0435\u0435 \u0441\u0442\u0435\u043a\u043b\u043e \u2013 \u0437\u0430\u043a\u0430\u043b\u0435\u043d\u043d\u043e\u0435 \u0441\u0442\u0435\u043a\u043b\u043e, \u043e\u0442\u043f\u043e\u043b\u0438\u0440\u043e\u0432\u0430\u043d\u043d\u043e\u0435 \u0441\u043e \u0432\u0441\u0435\u0445 \u0441\u0442\u043e\u0440\u043e\u043d, \u0433\u0440\u0430\u0444\u0438\u0442\u043e\u0432\u043e\u0435 \u0430\u043d\u0442\u0438\u0441\u043e\u043b\u0435\u0432\u043e\u0435 \u043f\u043e\u043a\u0440\u044b\u0442\u0438\u0435, \u0442\u043e\u043b\u0449\u0438\u043d\u0430 4 \u043c\u043c.<br \/>\n\u0421\u0442\u0435\u043a\u043b\u044f\u043d\u043d\u044b\u0435 \u043f\u043e\u043b\u043a\u0438 \u2013 \u043f\u043e\u043b\u0438\u0440\u043e\u0432\u0430\u043d\u043d\u044b\u0435 \u0441\u043e \u0432\u0441\u0435\u0445 \u0441\u0442\u043e\u0440\u043e\u043d, \u043f\u0440\u043e\u0437\u0440\u0430\u0447\u043d\u043e\u0435 \u0441\u0442\u0435\u043a\u043b\u043e, \u0442\u043e\u043b\u0449\u0438\u043d\u0430 4 \u043c\u043c \/ 5 \u043c\u043c<br \/>\n\u0421\u0442\u043e\u043b\u0435\u0448\u043d\u0438\u0446\u0430 \u0442\u043e\u043b\u0449\u0438\u043d\u043e\u0439 2,8 \u0441\u043c \u0438\u043b\u0438 3,8 \u0441\u043c, \u0438\u0437\u0433\u043e\u0442\u043e\u0432\u043b\u0435\u043d\u043d\u0430\u044f \u043f\u043e \u0442\u0435\u0445\u043d\u043e\u043b\u043e\u0433\u0438\u0438 \u043f\u043e\u0441\u0442\u043a\u043e\u0432\u043a\u0438, \u0441 \u044d\u0440\u0433\u043e\u043d\u043e\u043c\u0438\u0447\u043d\u043e \u0438\u0437\u043e\u0433\u043d\u0443\u0442\u043e\u0439 \u043f\u0435\u0440\u0435\u0434\u043d\u0435\u0439 \u043f\u043e\u0432\u0435\u0440\u0445\u043d\u043e\u0441\u0442\u044c\u044e \u2013 \u043e\u043f\u0446\u0438\u043e\u043d\u0430\u043b\u044c\u043d\u043e.<br \/>\n\u0422\u0435\u0445\u043d\u0438\u0447\u0435\u0441\u043a\u0438\u0435 \u0445\u0430\u0440\u0430\u043a\u0442\u0435\u0440\u0438\u0441\u0442\u0438\u043a\u0438 \u043a\u0443\u0445\u043d\u0438:<br \/>\n\u0424\u0430\u0441\u0430\u0434\u044b: \u043b\u0430\u043c\u0438\u043d\u0438\u0440\u043e\u0432\u0430\u043d\u043d\u0430\u044f \u043f\u043b\u0438\u0442\u0430 \u0442\u043e\u043b\u0449\u0438\u043d\u043e\u0439 16 \u043c\u043c, \u043e\u0440\u0435\u0445 \u043e\u043a\u0430\u043f\u0438 (\u0410\u0411\u0421-\u043f\u043b\u0430\u0441\u0442\u0438\u043a).<br \/>\n\u041a\u043e\u0440\u043f\u0443\u0441: \u043b\u0430\u043c\u0438\u043d\u0438\u0440\u043e\u0432\u0430\u043d\u043d\u0430\u044f \u043f\u043b\u0438\u0442\u0430 \u0442\u043e\u043b\u0449\u0438\u043d\u043e\u0439 16 \u043c\u043c, \u043c\u0430\u0442\u043e\u0432\u043e-\u0447\u0435\u0440\u043d\u0430\u044f (\u043c\u0435\u043b\u0430\u043c\u0438\u043d), \u0437\u0430\u0434\u043d\u044f\u044f \u043f\u0430\u043d\u0435\u043b\u044c \u2013 HDF \u0442\u043e\u043b\u0449\u0438\u043d\u043e\u0439 2,5 \u043c\u043c, \u0431\u0435\u043b\u0430\u044f.<br \/>\n\u0420\u0443\u0447\u043a\u0438: UA-HEXA edge, \u0447\u0435\u0440\u043d\u044b\u0435 \u0438\u043b\u0438 \u0437\u043e\u043b\u043e\u0442\u044b\u0435 \u2013 \u0430\u043b\u044e\u043c\u0438\u043d\u0438\u0435\u0432\u044b\u0435, \u0440\u0430\u0441\u0441\u0442\u043e\u044f\u043d\u0438\u0435 \u043c\u0435\u0436\u0434\u0443 \u0434\u0440\u043e\u043f\u0430\u0443\u0442\u0430\u043c\u0438 64 \u043c\u043c \u2013 320 \u043c\u043c (\u041f\u0420\u0418\u041c\u0415\u0427\u0410\u041d\u0418\u0415 \u2013 \u0435\u0441\u043b\u0438 \u0432\u044b \u0432\u044b\u0431\u0435\u0440\u0435\u0442\u0435 \u0437\u043e\u043b\u043e\u0442\u044b\u0435, \u0432 \u043a\u043e\u043c\u043f\u043b\u0435\u043a\u0442 \u0442\u0430\u043a\u0436\u0435 \u0432\u043e\u0439\u0434\u0443\u0442 \u0447\u0435\u0440\u043d\u044b\u0435 \u0440\u0443\u0447\u043a\u0438).<br \/>\n\u0412\u0435\u0440\u0445\u043d\u0438\u0439 \u0448\u043a\u0430\u0444 \u0434\u043b\u044f \u0432\u044b\u0442\u044f\u0436\u043a\u0438 Monza 60 GU-36 1F, 60 \u0441\u043c.<br \/>\n\u041d\u0430 \u0434\u0432\u0443\u0445\u0446\u0432\u0435\u0442\u043d\u043e\u0439 \u0444\u043e\u0442\u043e\u0433\u0440\u0430\u0444\u0438\u0438 \u0438\u0437\u043e\u0431\u0440\u0430\u0436\u0435\u043d\u043e \u0441\u043e\u0447\u0435\u0442\u0430\u043d\u0438\u0435 \u043a\u0443\u0445\u043e\u043d\u044c Siena, Monza \u0438 Arona.<\/p>","protected":false},"excerpt":{"rendered":"<p>\u0422\u0438\u043f \u043b\u0438\u0446\u0435\u0432\u043e\u0439 \u043f\u0430\u043d\u0435\u043b\u0438: \u043b\u0430\u043c\u0438\u043d\u0438\u0440\u043e\u0432\u0430\u043d\u043d\u0430\u044f \u043f\u043b\u0438\u0442\u0430\/\u041c\u0414\u0424\/\u043b\u0430\u043a\u0438\u0440\u043e\u0432\u0430\u043d\u043d\u0430\u044f \u043b\u0430\u043c\u0438\u043d\u0438\u0440\u043e\u0432\u0430\u043d\u043d\u0430\u044f \u043f\u043b\u0438\u0442\u0430<br \/>\n\u0426\u0432\u0435\u0442 \u043a\u0443\u0445\u043d\u0438: \u043e\u0440\u0435\u0445 \u043e\u043a\u0430\u043f\u0438<br \/>\n\u0421\u0442\u0438\u043b\u044c \u043a\u0443\u0445\u043d\u0438: \u0441\u043e\u0432\u0440\u0435\u043c\u0435\u043d\u043d\u044b\u0439, \u0441 \u043e\u0442\u0434\u0435\u043b\u043a\u043e\u0439 \u043f\u043e\u0434 \u0434\u0435\u0440\u0435\u0432\u043e.<br \/>\n\u0422\u0438\u043f \u043b\u0438\u0446\u0435\u0432\u043e\u0439 \u043f\u0430\u043d\u0435\u043b\u0438: \u043b\u0430\u043c\u0438\u043d\u0438\u0440\u043e\u0432\u0430\u043d\u043d\u0430\u044f \u043f\u043b\u0438\u0442\u0430\/\u041c\u0414\u0424\/\u043b\u0430\u043a\u0438\u0440\u043e\u0432\u0430\u043d\u043d\u0430\u044f \u043b\u0430\u043c\u0438\u043d\u0438\u0440\u043e\u0432\u0430\u043d\u043d\u0430\u044f \u043f\u043b\u0438\u0442\u0430<\/p>","protected":false},"featured_media":320921,"comment_status":"open","ping_status":"open","template":"","meta":[],"product_brand":[],"product_cat":[9234,9118],"product_tag":[],"class_list":{"0":"post-320920","1":"product","2":"type-product","3":"status-publish","4":"has-post-thumbnail","6":"product_cat-stolarz-lempert","7":"product_cat-kitchen-cabinets","9":"first","10":"instock","11":"purchasable","12":"product-type-simple"},"_links":{"self":[{"href":"https:\/\/baldumarket.lt\/ru\/wp-json\/wp\/v2\/product\/320920","targetHints":{"allow":["GET"]}}],"collection":[{"href":"https:\/\/baldumarket.lt\/ru\/wp-json\/wp\/v2\/product"}],"about":[{"href":"https:\/\/baldumarket.lt\/ru\/wp-json\/wp\/v2\/types\/product"}],"replies":[{"embeddable":true,"href":"https:\/\/baldumarket.lt\/ru\/wp-json\/wp\/v2\/comments?post=320920"}],"wp:featuredmedia":[{"embeddable":true,"href":"https:\/\/baldumarket.lt\/ru\/wp-json\/wp\/v2\/media\/320921"}],"wp:attachment":[{"href":"https:\/\/baldumarket.lt\/ru\/wp-json\/wp\/v2\/media?parent=320920"}],"wp:term":[{"taxonomy":"product_brand","embeddable":true,"href":"https:\/\/baldumarket.lt\/ru\/wp-json\/wp\/v2\/product_brand?post=320920"},{"taxonomy":"product_cat","embeddable":true,"href":"https:\/\/baldumarket.lt\/ru\/wp-json\/wp\/v2\/product_cat?post=320920"},{"taxonomy":"product_tag","embeddable":true,"href":"https:\/\/baldumarket.lt\/ru\/wp-json\/wp\/v2\/product_tag?post=320920"}],"curies":[{"name":"WP","href":"https:\/\/api.w.org\/{rel}","templated":true}]}}