{"id":318134,"date":"2026-01-16T09:18:03","date_gmt":"2026-01-16T06:18:03","guid":{"rendered":"https:\/\/baldumarket.lt\/product\/mebloscianka-salsa-mdf-lamele-bialy-bialy-promocja\/"},"modified":"2026-03-23T13:00:26","modified_gmt":"2026-03-23T10:00:26","slug":"mebloscianka-salsa-mdf-lamele-bialy-bialy-promocja","status":"publish","type":"product","link":"https:\/\/baldumarket.lt\/ru\/product\/mebloscianka-salsa-mdf-lamele-bialy-bialy-promocja\/","title":{"rendered":"Salsa MDF sienin\u0117 spintel\u0117, lamel\u0117s, balta\/balta \u2013 \u0410\u041a\u0426\u0418\u042f"},"content":{"rendered":"<h5><span style=\"color: #54859b\">\u041f\u043e\u0441\u0435\u0442\u0438\u0442\u0435 \u043d\u0430\u0448 \u0432\u0438\u0440\u0442\u0443\u0430\u043b\u044c\u043d\u044b\u0439 \u043c\u0430\u0433\u0430\u0437\u0438\u043d \u0431\u0440\u0435\u043d\u0434\u0430 Stolarz-Lempert<\/span><\/h5>\n<p> <a href=\"http:\/\/spacer.lempert.pl\/\" target=\"_blank\" rel=\"noopener\"><span style=\"color: #e47025\">http:\/\/spacer.lempert.pl\/<\/span><\/a><\/p>\n<p>\u041c\u043e\u0434\u0443\u043b\u044c\u043d\u0430\u044f \u0441\u0438\u0441\u0442\u0435\u043c\u0430 Salsa \u2014 \u044d\u0442\u043e \u0441\u043e\u0432\u0440\u0435\u043c\u0435\u043d\u043d\u044b\u0439 \u043a\u043e\u043c\u043f\u043b\u0435\u043a\u0442 \u043c\u0435\u0431\u0435\u043b\u0438 \u0434\u043b\u044f \u0433\u043e\u0441\u0442\u0438\u043d\u043e\u0439, \u043f\u0440\u043e\u0441\u0442\u043e\u0439 \u0438 \u043a\u043e\u043c\u043f\u0430\u043a\u0442\u043d\u044b\u0439 \u0434\u0438\u0437\u0430\u0439\u043d \u043a\u043e\u0442\u043e\u0440\u043e\u0433\u043e \u043f\u043e\u0434\u0445\u043e\u0434\u0438\u0442 \u0434\u0430\u0436\u0435 \u0434\u043b\u044f \u043d\u0435\u0431\u043e\u043b\u044c\u0448\u0438\u0445 \u043f\u043e\u043c\u0435\u0449\u0435\u043d\u0438\u0439. \u0414\u043e\u043f\u043e\u043b\u043d\u0438\u0442\u0435\u043b\u044c\u043d\u0430\u044f \u0441\u0432\u0435\u0442\u043e\u0434\u0438\u043e\u0434\u043d\u0430\u044f \u043f\u043e\u0434\u0441\u0432\u0435\u0442\u043a\u0430 \u043f\u043e\u0437\u0432\u043e\u043b\u044f\u0435\u0442 \u0441\u043e\u0437\u0434\u0430\u0442\u044c \u0443\u043d\u0438\u043a\u0430\u043b\u044c\u043d\u044b\u0439 \u0430\u043a\u0446\u0435\u043d\u0442 \u043d\u0430 \u0441\u0442\u0435\u043d\u0435.<br \/>\n\u0426\u0432\u0435\u0442:<br \/>\n\u0424\u0430\u0441\u0430\u0434\u044b: \u041c\u0414\u0424 \u0442\u043e\u043b\u0449\u0438\u043d\u043e\u0439 16 \u043c\u043c, \u0431\u0435\u043b\u043e\u0433\u043e \u0446\u0432\u0435\u0442\u0430.<br \/>\n\u041a\u043e\u0440\u043f\u0443\u0441: \u043b\u0430\u043c\u0438\u043d\u0438\u0440\u043e\u0432\u0430\u043d\u043d\u0430\u044f \u043f\u043b\u0438\u0442\u0430 \u0442\u043e\u043b\u0449\u0438\u043d\u043e\u0439 15 \u043c\u043c, \u0431\u0435\u043b\u043e\u0433\u043e \u0446\u0432\u0435\u0442\u0430 (\u043c\u0435\u043b\u0430\u043c\u0438\u043d).<br \/>\n\u041d\u0430\u0441\u0442\u0435\u043d\u043d\u044b\u0439 \u0448\u043a\u0430\u0444 \u0442\u0430\u043a\u0436\u0435 \u043c\u043e\u0436\u043d\u043e \u0437\u0430\u043a\u0430\u0437\u0430\u0442\u044c \u0432 \u043a\u043e\u043c\u043f\u043b\u0435\u043a\u0442\u0435 \u0441 \u043a\u043e\u043c\u043e\u0434\u043e\u043c, \u0438\u0437\u043e\u0431\u0440\u0430\u0436\u0435\u043d\u043d\u044b\u043c \u043d\u0430 \u0444\u043e\u0442\u043e\u0433\u0440\u0430\u0444\u0438\u0438. \u0420\u0430\u0437\u043c\u0435\u0440\u044b: 140,4 x 80 x 40,2 \u0441\u043c (\u0448\u0438\u0440\u0438\u043d\u0430\/\u0432\u044b\u0441\u043e\u0442\u0430\/\u0433\u043b\u0443\u0431\u0438\u043d\u0430)<br \/>\n\u0420\u0430\u0437\u043c\u0435\u0440\u044b \u044d\u043b\u0435\u043c\u0435\u043d\u0442\u0430:<br \/>\n\u041d\u0430\u043f\u043e\u043b\u044c\u043d\u044b\u0439 \u0448\u043a\u0430\u0444: 59,3 x 115 x 30,6 \u0441\u043c (\u0448\u0438\u0440\u0438\u043d\u0430\/\u0432\u044b\u0441\u043e\u0442\u0430\/\u0433\u043b\u0443\u0431\u0438\u043d\u0430)<br \/>\n\u041d\u0430\u0441\u0442\u0435\u043d\u043d\u044b\u0439 \u0448\u043a\u0430\u0444: 59,3 x 113 x 30,6 \u0441\u043c (\u0448\u0438\u0440\u0438\u043d\u0430\/\u0432\u044b\u0441\u043e\u0442\u0430\/\u0433\u043b\u0443\u0431\u0438\u043d\u0430)<br \/>\n\u041f\u043e\u0434\u0441\u0442\u0430\u0432\u043a\u0430 \u0434\u043b\u044f \u0442\u0435\u043b\u0435\u0432\u0438\u0437\u043e\u0440\u0430: 175,5 x 27,7 x 40,2 \u0441\u043c (\u0448\u0438\u0440\u0438\u043d\u0430\/\u0432\u044b\u0441\u043e\u0442\u0430\/\u0433\u043b\u0443\u0431\u0438\u043d\u0430)<br \/>\n\u041d\u0430\u0441\u0442\u0435\u043d\u043d\u0430\u044f \u043f\u043e\u043b\u043a\u0430: 102 x 16 x 17,5 \u0441\u043c (\u0448\u0438\u0440\u0438\u043d\u0430\/\u0432\u044b\u0441\u043e\u0442\u0430\/\u0433\u043b\u0443\u0431\u0438\u043d\u0430)<br \/>\n\u0420\u0430\u0437\u043c\u0435\u0440\u044b \u0443\u043f\u0430\u043a\u043e\u0432\u043a\u0438 \u041d\u0430\u0441\u0442\u0435\u043d\u043d\u044b\u0435 \u0431\u043b\u043e\u043a\u0438:<br \/>\n1\/2 \u0443\u043f\u0430\u043a\u043e\u0432\u043a\u0438 \u2013 0,101 \u043c3<br \/>\n1845 x 435 x 125 \u043c\u043c, \u0432\u0435\u0441 \u2013 46,50 \u043a\u0433 (\u043a\u043e\u0440\u043f\u0443\u0441)<br \/>\n\u0423\u043f\u0430\u043a\u043e\u0432\u043a\u0430 2\/2 \u2013 0,051 \u043c3<br \/>\n1250 x 410 x 100 \u043c\u043c, \u0432\u0435\u0441 \u2013 24,0 \u043a\u0433 (\u043f\u0435\u0440\u0435\u0434\u043d\u0438\u0435).<br \/>\n\u0420\u0430\u0437\u043c\u0435\u0440\u044b \u043a\u043e\u043c\u043f\u043b\u0435\u043a\u0442\u0430 \u043a\u043e\u043c\u043e\u0434\u0430:<br \/>\n1\/2 \u0443\u043f\u0430\u043a\u043e\u0432\u043a\u0438 \u2013 0,065 \u043c3<br \/>\n1500 x 435 x 100 \u043c\u043c, \u0432\u0435\u0441 \u2013 28,50 \u043a\u0433 (\u043a\u043e\u0440\u043f\u0443\u0441)<br \/>\n\u0423\u043f\u0430\u043a\u043e\u0432\u043a\u0430 2\/2 \u2013 0,042 \u043c3<br \/>\n850 x 500 x 100 \u043c\u043c, \u0432\u0435\u0441 \u2013 18,80 \u043a\u0433 (\u043f\u0435\u0440\u0435\u0434\u043d\u0438\u0435).<\/p>","protected":false},"excerpt":{"rendered":"<p>\u041f\u043e\u0441\u0435\u0442\u0438\u0442\u0435 \u043d\u0430\u0448 \u0432\u0438\u0440\u0442\u0443\u0430\u043b\u044c\u043d\u044b\u0439 \u043c\u0430\u0433\u0430\u0437\u0438\u043d \u0431\u0440\u0435\u043d\u0434\u0430 Stolarz-Lempert http:\/\/spacer.lempert.pl\/ \u041c\u043e\u0434\u0443\u043b\u044c\u043d\u0430\u044f \u0441\u0438\u0441\u0442\u0435\u043c\u0430 Salsa \u2014 \u044d\u0442\u043e \u0441\u043e\u0432\u0440\u0435\u043c\u0435\u043d\u043d\u044b\u0439 \u043a\u043e\u043c\u043f\u043b\u0435\u043a\u0442 \u043c\u0435\u0431\u0435\u043b\u0438 \u0434\u043b\u044f \u0433\u043e\u0441\u0442\u0438\u043d\u043e\u0439, \u043f\u0440\u043e\u0441\u0442\u043e\u0439 \u0438 \u043a\u043e\u043c\u043f\u0430\u043a\u0442\u043d\u044b\u0439 \u0434\u0438\u0437\u0430\u0439\u043d \u043a\u043e\u0442\u043e\u0440\u043e\u0433\u043e \u043f\u043e\u0434\u0445\u043e\u0434\u0438\u0442 \u0434\u0430\u0436\u0435 \u0434\u043b\u044f \u043d\u0435\u0431\u043e\u043b\u044c\u0448\u0438\u0445 \u043f\u043e\u043c\u0435\u0449\u0435\u043d\u0438\u0439. \u0414\u043e\u043f\u043e\u043b\u043d\u0438\u0442\u0435\u043b\u044c\u043d\u0430\u044f \u0441\u0432\u0435\u0442\u043e\u0434\u0438\u043e\u0434\u043d\u0430\u044f \u043f\u043e\u0434\u0441\u0432\u0435\u0442\u043a\u0430 \u043f\u043e\u0437\u0432\u043e\u043b\u044f\u0435\u0442 \u0441\u043e\u0437\u0434\u0430\u0442\u044c \u0443\u043d\u0438\u043a\u0430\u043b\u044c\u043d\u044b\u0439 \u0430\u043a\u0446\u0435\u043d\u0442 \u043d\u0430 \u0441\u0442\u0435\u043d\u0435. \u0426\u0432\u0435\u0442: \u0424\u0430\u0441\u0430\u0434\u044b: \u041c\u0414\u0424 16 \u043c\u043c, \u0431\u0435\u043b\u044b\u0439. \u041a\u043e\u0440\u043f\u0443\u0441: \u043b\u0430\u043c\u0438\u043d\u0438\u0440\u043e\u0432\u0430\u043d\u043d\u0430\u044f \u043f\u043b\u0438\u0442\u0430 15 \u043c\u043c, \u0431\u0435\u043b\u0430\u044f (\u043c\u0435\u043b\u0430\u043c\u0438\u043d) [\u2026]<\/p>","protected":false},"featured_media":318135,"comment_status":"open","ping_status":"open","template":"","meta":[],"product_brand":[],"product_cat":[9234,2008],"product_tag":[],"class_list":{"0":"post-318134","1":"product","2":"type-product","3":"status-publish","4":"has-post-thumbnail","6":"product_cat-stolarz-lempert","7":"product_cat-wall-units","9":"first","10":"instock","11":"purchasable","12":"product-type-simple"},"_links":{"self":[{"href":"https:\/\/baldumarket.lt\/ru\/wp-json\/wp\/v2\/product\/318134","targetHints":{"allow":["GET"]}}],"collection":[{"href":"https:\/\/baldumarket.lt\/ru\/wp-json\/wp\/v2\/product"}],"about":[{"href":"https:\/\/baldumarket.lt\/ru\/wp-json\/wp\/v2\/types\/product"}],"replies":[{"embeddable":true,"href":"https:\/\/baldumarket.lt\/ru\/wp-json\/wp\/v2\/comments?post=318134"}],"wp:featuredmedia":[{"embeddable":true,"href":"https:\/\/baldumarket.lt\/ru\/wp-json\/wp\/v2\/media\/318135"}],"wp:attachment":[{"href":"https:\/\/baldumarket.lt\/ru\/wp-json\/wp\/v2\/media?parent=318134"}],"wp:term":[{"taxonomy":"product_brand","embeddable":true,"href":"https:\/\/baldumarket.lt\/ru\/wp-json\/wp\/v2\/product_brand?post=318134"},{"taxonomy":"product_cat","embeddable":true,"href":"https:\/\/baldumarket.lt\/ru\/wp-json\/wp\/v2\/product_cat?post=318134"},{"taxonomy":"product_tag","embeddable":true,"href":"https:\/\/baldumarket.lt\/ru\/wp-json\/wp\/v2\/product_tag?post=318134"}],"curies":[{"name":"WP","href":"https:\/\/api.w.org\/{rel}","templated":true}]}}