{"id":307652,"date":"2026-01-16T06:56:14","date_gmt":"2026-01-16T03:56:14","guid":{"rendered":"https:\/\/baldumarket.lt\/product\/wklad-na-sztucce-40-50-60-80-cm-producenta-10\/"},"modified":"2026-04-23T19:08:30","modified_gmt":"2026-04-23T16:08:30","slug":"wklad-na-sztucce-40-50-60-80-cm-producenta-10","status":"publish","type":"product","link":"https:\/\/baldumarket.lt\/ru\/product\/wklad-na-sztucce-40-50-60-80-cm-producenta-10\/","title":{"rendered":"\u012eranki\u0173 \u012fd\u0117klas 40, 50, 60, 80 \u0441\u043c \u0433\u0430\u043c\u0438\u043d\u0442\u043e\u044f\u0441 10"},"content":{"rendered":"<h5><span style=\"color: #54859b\">\u041f\u043e\u0441\u0435\u0442\u0438\u0442\u0435 \u043d\u0430\u0448 \u0432\u0438\u0440\u0442\u0443\u0430\u043b\u044c\u043d\u044b\u0439 \u043c\u0430\u0433\u0430\u0437\u0438\u043d \u0431\u0440\u0435\u043d\u0434\u0430 Stolarz-Lempert<\/span><\/h5>\n<p> <a href=\"http:\/\/spacer.lempert.pl\/\" target=\"_blank\" rel=\"noopener\"><span style=\"color: #e47025\">http:\/\/spacer.lempert.pl\/<\/span><\/a><\/p>\n<p>\u0412\u0441\u0442\u0430\u0432\u043a\u0430 \u0434\u043b\u044f \u0441\u0442\u043e\u043b\u043e\u0432\u044b\u0445 \u043f\u0440\u0438\u0431\u043e\u0440\u043e\u0432 \u0432 \u043d\u0435\u0433\u043b\u0443\u0431\u043e\u043a\u0438\u0439 \u0432\u044b\u0434\u0432\u0438\u0436\u043d\u043e\u0439 \u044f\u0449\u0438\u043a, \u0434\u043e\u0441\u0442\u0443\u043f\u043d\u0430 \u0432 \u0448\u0438\u0440\u0438\u043d\u0435 40, 50, 60 \u0438\u043b\u0438 80 \u0441\u043c. \u0412\u044b\u0431\u0435\u0440\u0438\u0442\u0435 \u0448\u0438\u0440\u0438\u043d\u0443 \u0432\u0441\u0442\u0430\u0432\u043a\u0438 \u0438\u0437 \u043f\u0440\u0435\u0434\u043b\u043e\u0436\u0435\u043d\u043d\u044b\u0445 \u0432\u0430\u0440\u0438\u0430\u043d\u0442\u043e\u0432 \u0441\u043f\u0440\u0430\u0432\u0430.<br \/>\n\u041f\u0440\u0438\u043c\u0435\u0447\u0430\u043d\u0438\u0435: \u042d\u0442\u0430 \u0432\u0441\u0442\u0430\u0432\u043a\u0430 \u0434\u043e\u0441\u0442\u0443\u043f\u043d\u0430 \u0442\u043e\u043b\u044c\u043a\u043e \u043f\u0440\u0438 \u043f\u043e\u043a\u0443\u043f\u043a\u0435 \u043a\u0443\u0445\u043d\u0438 10-\u0439 \u0441\u0435\u0440\u0438\u0438; \u043e\u043d\u0430 \u043d\u0435 \u043c\u043e\u0436\u0435\u0442 \u0431\u044b\u0442\u044c \u043e\u0442\u043f\u0440\u0430\u0432\u043b\u0435\u043d\u0430 \u043e\u0442\u0434\u0435\u043b\u044c\u043d\u043e.<\/p>","protected":false},"excerpt":{"rendered":"<p>\u0448\u0438\u0440\u0438\u043d\u0430 [\u0441\u043c]: 40, 60 \u0438\u043b\u0438 80 \u0441\u043c<\/p>","protected":false},"featured_media":307653,"comment_status":"open","ping_status":"open","template":"","meta":[],"product_brand":[],"product_cat":[9234,1043],"product_tag":[],"class_list":{"0":"post-307652","1":"product","2":"type-product","3":"status-publish","4":"has-post-thumbnail","6":"product_cat-stolarz-lempert","7":"product_cat-extras","9":"first","10":"instock","11":"purchasable","12":"product-type-simple"},"_links":{"self":[{"href":"https:\/\/baldumarket.lt\/ru\/wp-json\/wp\/v2\/product\/307652","targetHints":{"allow":["GET"]}}],"collection":[{"href":"https:\/\/baldumarket.lt\/ru\/wp-json\/wp\/v2\/product"}],"about":[{"href":"https:\/\/baldumarket.lt\/ru\/wp-json\/wp\/v2\/types\/product"}],"replies":[{"embeddable":true,"href":"https:\/\/baldumarket.lt\/ru\/wp-json\/wp\/v2\/comments?post=307652"}],"wp:featuredmedia":[{"embeddable":true,"href":"https:\/\/baldumarket.lt\/ru\/wp-json\/wp\/v2\/media\/307653"}],"wp:attachment":[{"href":"https:\/\/baldumarket.lt\/ru\/wp-json\/wp\/v2\/media?parent=307652"}],"wp:term":[{"taxonomy":"product_brand","embeddable":true,"href":"https:\/\/baldumarket.lt\/ru\/wp-json\/wp\/v2\/product_brand?post=307652"},{"taxonomy":"product_cat","embeddable":true,"href":"https:\/\/baldumarket.lt\/ru\/wp-json\/wp\/v2\/product_cat?post=307652"},{"taxonomy":"product_tag","embeddable":true,"href":"https:\/\/baldumarket.lt\/ru\/wp-json\/wp\/v2\/product_tag?post=307652"}],"curies":[{"name":"WP","href":"https:\/\/api.w.org\/{rel}","templated":true}]}}