{"id":30735,"date":"2025-11-14T20:37:10","date_gmt":"2025-11-14T17:37:10","guid":{"rendered":"https:\/\/baldumarket.lt\/product\/barold-biurko-dab-artisan-140\/"},"modified":"2026-03-24T18:17:32","modified_gmt":"2026-03-24T15:17:32","slug":"barold-biurko-dab-artisan-140","status":"publish","type":"product","link":"https:\/\/baldumarket.lt\/ru\/product\/barold-biurko-dab-artisan-140\/","title":{"rendered":"Barold Artisan \u0105\u017euolo formos ra\u0161omasis stalas 140"},"content":{"rendered":"<p>\u0421\u0442\u043e\u043b Barold \u2014 \u044d\u0442\u043e \u044d\u043b\u0435\u0433\u0430\u043d\u0442\u043d\u044b\u0439 \u0438 \u0444\u0443\u043d\u043a\u0446\u0438\u043e\u043d\u0430\u043b\u044c\u043d\u044b\u0439 \u0441\u0442\u043e\u043b, \u0438\u0434\u0435\u0430\u043b\u044c\u043d\u043e \u043f\u043e\u0434\u0445\u043e\u0434\u044f\u0449\u0438\u0439 \u0434\u043b\u044f \u0440\u0430\u0437\u043b\u0438\u0447\u043d\u044b\u0445 \u043e\u0444\u0438\u0441\u043d\u044b\u0445 \u0438\u043b\u0438 \u0434\u043e\u043c\u0430\u0448\u043d\u0438\u0445 \u043f\u043e\u043c\u0435\u0449\u0435\u043d\u0438\u0439. \u0420\u0430\u0437\u043c\u0435\u0440\u044b 120\/140x75x60 \u0441\u0430\u043d\u0442\u0438\u043c\u0435\u0442\u0440\u043e\u0432 \u043e\u0431\u0435\u0441\u043f\u0435\u0447\u0438\u0432\u0430\u044e\u0442 \u0434\u043e\u0441\u0442\u0430\u0442\u043e\u0447\u043d\u043e \u043c\u0435\u0441\u0442\u0430 \u0434\u043b\u044f \u0440\u0430\u0431\u043e\u0442\u044b \u0438 \u0445\u0440\u0430\u043d\u0435\u043d\u0438\u044f. \u0421\u0442\u043e\u043b Barold \u2014 \u043e\u0442\u043b\u0438\u0447\u043d\u044b\u0439 \u0432\u044b\u0431\u043e\u0440 \u0434\u043b\u044f \u0442\u0435\u0445, \u043a\u0442\u043e \u0438\u0449\u0435\u0442 \u0441\u0442\u0438\u043b\u044c\u043d\u044b\u0439, \u0444\u0443\u043d\u043a\u0446\u0438\u043e\u043d\u0430\u043b\u044c\u043d\u044b\u0439 \u0438 \u043f\u0440\u043e\u0447\u043d\u044b\u0439 \u0441\u0442\u043e\u043b \u0434\u043b\u044f \u0440\u0430\u0431\u043e\u0442\u044b \u0438\u043b\u0438 \u0443\u0447\u0435\u0431\u044b.<\/p>","protected":false},"excerpt":{"rendered":"<p>\u0421\u0442\u043e\u043b Barold \u2014 \u044d\u0442\u043e \u044d\u043b\u0435\u0433\u0430\u043d\u0442\u043d\u044b\u0439 \u0438 \u0444\u0443\u043d\u043a\u0446\u0438\u043e\u043d\u0430\u043b\u044c\u043d\u044b\u0439 \u0441\u0442\u043e\u043b, \u0438\u0434\u0435\u0430\u043b\u044c\u043d\u043e \u043f\u043e\u0434\u0445\u043e\u0434\u044f\u0449\u0438\u0439 \u0434\u043b\u044f \u0440\u0430\u0437\u043b\u0438\u0447\u043d\u044b\u0445 \u043e\u0444\u0438\u0441\u043d\u044b\u0445 \u0438\u043b\u0438 \u0434\u043e\u043c\u0430\u0448\u043d\u0438\u0445 \u043f\u043e\u043c\u0435\u0449\u0435\u043d\u0438\u0439. \u0420\u0430\u0437\u043c\u0435\u0440\u044b 120\/140x75x60 \u0441\u0430\u043d\u0442\u0438\u043c\u0435\u0442\u0440\u043e\u0432 \u043e\u0431\u0435\u0441\u043f\u0435\u0447\u0438\u0432\u0430\u044e\u0442 \u0434\u043e\u0441\u0442\u0430\u0442\u043e\u0447\u043d\u043e \u043c\u0435\u0441\u0442\u0430 \u0434\u043b\u044f \u0440\u0430\u0431\u043e\u0442\u044b \u0438 \u0445\u0440\u0430\u043d\u0435\u043d\u0438\u044f. \u0421\u0442\u043e\u043b Barold \u2014 \u043e\u0442\u043b\u0438\u0447\u043d\u044b\u0439 \u0432\u044b\u0431\u043e\u0440 \u0434\u043b\u044f \u0442\u0435\u0445, \u043a\u0442\u043e \u0438\u0449\u0435\u0442 \u0441\u0442\u0438\u043b\u044c\u043d\u044b\u0439, \u0444\u0443\u043d\u043a\u0446\u0438\u043e\u043d\u0430\u043b\u044c\u043d\u044b\u0439 \u0438 \u043f\u0440\u043e\u0447\u043d\u044b\u0439 \u0441\u0442\u043e\u043b \u0434\u043b\u044f \u0440\u0430\u0431\u043e\u0442\u044b \u0438\u043b\u0438 \u0443\u0447\u0435\u0431\u044b.<\/p>","protected":false},"featured_media":30726,"comment_status":"open","ping_status":"open","template":"","meta":[],"product_brand":[],"product_cat":[1312,2012,9162],"product_tag":[],"class_list":{"0":"post-30735","1":"product","2":"type-product","3":"status-publish","4":"has-post-thumbnail","6":"product_cat-desks","7":"product_cat-eltap","8":"product_cat-biurka-eltap","10":"first","11":"instock","12":"purchasable","13":"product-type-simple"},"_links":{"self":[{"href":"https:\/\/baldumarket.lt\/ru\/wp-json\/wp\/v2\/product\/30735","targetHints":{"allow":["GET"]}}],"collection":[{"href":"https:\/\/baldumarket.lt\/ru\/wp-json\/wp\/v2\/product"}],"about":[{"href":"https:\/\/baldumarket.lt\/ru\/wp-json\/wp\/v2\/types\/product"}],"replies":[{"embeddable":true,"href":"https:\/\/baldumarket.lt\/ru\/wp-json\/wp\/v2\/comments?post=30735"}],"wp:featuredmedia":[{"embeddable":true,"href":"https:\/\/baldumarket.lt\/ru\/wp-json\/wp\/v2\/media\/30726"}],"wp:attachment":[{"href":"https:\/\/baldumarket.lt\/ru\/wp-json\/wp\/v2\/media?parent=30735"}],"wp:term":[{"taxonomy":"product_brand","embeddable":true,"href":"https:\/\/baldumarket.lt\/ru\/wp-json\/wp\/v2\/product_brand?post=30735"},{"taxonomy":"product_cat","embeddable":true,"href":"https:\/\/baldumarket.lt\/ru\/wp-json\/wp\/v2\/product_cat?post=30735"},{"taxonomy":"product_tag","embeddable":true,"href":"https:\/\/baldumarket.lt\/ru\/wp-json\/wp\/v2\/product_tag?post=30735"}],"curies":[{"name":"WP","href":"https:\/\/api.w.org\/{rel}","templated":true}]}}