{"id":303040,"date":"2026-01-15T18:14:59","date_gmt":"2026-01-15T15:14:59","guid":{"rendered":"https:\/\/baldumarket.lt\/product\/lozko-pietrowe-trzyosobowe-etapo-180x80-bialy-trufla-adrk\/"},"modified":"2026-02-11T18:10:49","modified_gmt":"2026-02-11T15:10:49","slug":"lozko-pietrowe-trzyosobowe-etapo-180x80-bialy-trufla-adrk","status":"publish","type":"product","link":"https:\/\/baldumarket.lt\/ru\/product\/lozko-pietrowe-trzyosobowe-etapo-180x80-bialy-trufla-adrk\/","title":{"rendered":"ETAPO triviet\u0117 dviauk\u0161t\u0117 lova 180\u00d780 balta\/triufeli\u0173 spalvos ADRK"},"content":{"rendered":"<p>\u0422\u0440\u0435\u0445\u043c\u0435\u0441\u0442\u043d\u0430\u044f \u0434\u0432\u0443\u0445\u044a\u044f\u0440\u0443\u0441\u043d\u0430\u044f \u043a\u0440\u043e\u0432\u0430\u0442\u044c ETAPO \u2014 \u043e\u0442\u043b\u0438\u0447\u043d\u044b\u0439 \u0441\u043f\u043e\u0441\u043e\u0431 \u0441\u044d\u043a\u043e\u043d\u043e\u043c\u0438\u0442\u044c \u043c\u0435\u0441\u0442\u043e \u0432 \u043d\u0435\u0431\u043e\u043b\u044c\u0448\u043e\u0439 \u0434\u0435\u0442\u0441\u043a\u043e\u0439 \u043a\u043e\u043c\u043d\u0430\u0442\u0435. \u041e\u043d\u0430 \u043e\u0441\u043d\u0430\u0449\u0435\u043d\u0430 \u0441\u0442\u0440\u0435\u043c\u044f\u043d\u043a\u043e\u0439 \u0438 \u0434\u0432\u0443\u043c\u044f \u0432\u043c\u0435\u0441\u0442\u0438\u0442\u0435\u043b\u044c\u043d\u044b\u043c\u0438 \u0438 \u0444\u0443\u043d\u043a\u0446\u0438\u043e\u043d\u0430\u043b\u044c\u043d\u044b\u043c\u0438 \u0432\u044b\u0434\u0432\u0438\u0436\u043d\u044b\u043c\u0438 \u044f\u0449\u0438\u043a\u0430\u043c\u0438 \u0434\u043b\u044f \u043f\u043e\u0441\u0442\u0435\u043b\u044c\u043d\u043e\u0433\u043e \u0431\u0435\u043b\u044c\u044f. \u041a\u0440\u043e\u043c\u0435 \u0442\u043e\u0433\u043e, \u0434\u0432\u0430 \u0443\u0440\u043e\u0432\u043d\u044f \u043e\u0431\u043e\u0440\u0443\u0434\u043e\u0432\u0430\u043d\u044b \u0437\u0430\u0449\u0438\u0442\u043d\u044b\u043c\u0438 \u0431\u043e\u0440\u0442\u0438\u043a\u0430\u043c\u0438 \u0434\u043b\u044f \u0434\u043e\u043f\u043e\u043b\u043d\u0438\u0442\u0435\u043b\u044c\u043d\u043e\u0439 \u0431\u0435\u0437\u043e\u043f\u0430\u0441\u043d\u043e\u0441\u0442\u0438 \u0432\u043e \u0432\u0440\u0435\u043c\u044f \u0441\u043d\u0430. \u041c\u0430\u0442\u0440\u0430\u0441 \u0432 \u043a\u043e\u043c\u043f\u043b\u0435\u043a\u0442 \u043d\u0435 \u0432\u0445\u043e\u0434\u0438\u0442.<\/p>","protected":false},"excerpt":{"rendered":"<p>\u0428\u0438\u0440\u0438\u043d\u0430 (\u0441\u043c): 93<br \/>\n\u0412\u044b\u0441\u043e\u0442\u0430 (\u0441\u043c): 171<br \/>\n\u0413\u043b\u0443\u0431\u0438\u043d\u0430 (\u0441\u043c): 188<br \/>\n\u0421\u0431\u043e\u0440\u043a\u0430<br \/>\n\u0421\u0430\u043c\u043e\u043e\u0440\u0433\u0430\u043d\u0438\u0437\u0430\u0446\u0438\u044f<br \/>\n\u0412\u0435\u0441 \u043f\u0440\u043e\u0434\u0443\u043a\u0442\u0430 [\u043a\u0433]: 90<br \/>\n\u0420\u0430\u0437\u043c\u0435\u0440 \u043c\u0430\u0442\u0440\u0430\u0441\u0430<br \/>\n80&#215;180<\/p>","protected":false},"featured_media":303041,"comment_status":"open","ping_status":"open","template":"","meta":[],"product_brand":[],"product_cat":[9201,505],"product_tag":[],"class_list":{"0":"post-303040","1":"product","2":"type-product","3":"status-publish","4":"has-post-thumbnail","6":"product_cat-adrk-furniture","7":"product_cat-bedroom-beds","9":"first","10":"instock","11":"purchasable","12":"product-type-simple"},"_links":{"self":[{"href":"https:\/\/baldumarket.lt\/ru\/wp-json\/wp\/v2\/product\/303040","targetHints":{"allow":["GET"]}}],"collection":[{"href":"https:\/\/baldumarket.lt\/ru\/wp-json\/wp\/v2\/product"}],"about":[{"href":"https:\/\/baldumarket.lt\/ru\/wp-json\/wp\/v2\/types\/product"}],"replies":[{"embeddable":true,"href":"https:\/\/baldumarket.lt\/ru\/wp-json\/wp\/v2\/comments?post=303040"}],"wp:featuredmedia":[{"embeddable":true,"href":"https:\/\/baldumarket.lt\/ru\/wp-json\/wp\/v2\/media\/303041"}],"wp:attachment":[{"href":"https:\/\/baldumarket.lt\/ru\/wp-json\/wp\/v2\/media?parent=303040"}],"wp:term":[{"taxonomy":"product_brand","embeddable":true,"href":"https:\/\/baldumarket.lt\/ru\/wp-json\/wp\/v2\/product_brand?post=303040"},{"taxonomy":"product_cat","embeddable":true,"href":"https:\/\/baldumarket.lt\/ru\/wp-json\/wp\/v2\/product_cat?post=303040"},{"taxonomy":"product_tag","embeddable":true,"href":"https:\/\/baldumarket.lt\/ru\/wp-json\/wp\/v2\/product_tag?post=303040"}],"curies":[{"name":"WP","href":"https:\/\/api.w.org\/{rel}","templated":true}]}}