{"id":302967,"date":"2026-01-15T18:13:58","date_gmt":"2026-01-15T15:13:58","guid":{"rendered":"https:\/\/baldumarket.lt\/product\/materac-piankowy-arel-160x200-cm-adrk\/"},"modified":"2026-02-11T18:10:52","modified_gmt":"2026-02-11T15:10:52","slug":"materac-piankowy-arel-160x200-cm-adrk","status":"publish","type":"product","link":"https:\/\/baldumarket.lt\/ru\/product\/materac-piankowy-arel-160x200-cm-adrk\/","title":{"rendered":"AREL put\u0173 \u010diu\u017einys 160\u00d7200 \u0441\u043c ADRK"},"content":{"rendered":"<p>\u0414\u0432\u0443\u0441\u0442\u043e\u0440\u043e\u043d\u043d\u0438\u0439 \u043c\u0430\u0442\u0440\u0430\u0441 AREL \u043f\u0440\u0435\u0434\u0441\u0442\u0430\u0432\u043b\u044f\u0435\u0442 \u0441\u043e\u0431\u043e\u0439 \u043d\u0430\u0438\u0431\u043e\u043b\u0435\u0435 \u0440\u0430\u0441\u043f\u0440\u043e\u0441\u0442\u0440\u0430\u043d\u0435\u043d\u043d\u044b\u0439 \u0442\u0438\u043f \u043f\u043e\u0440\u043e\u043b\u043e\u043d\u043e\u0432\u043e\u0433\u043e \u043c\u0430\u0442\u0440\u0430\u0441\u0430. \u041c\u0430\u0442\u0440\u0430\u0441 \u043d\u0430\u043f\u043e\u043b\u043d\u0435\u043d \u0432\u044b\u0441\u043e\u043a\u043e\u043a\u0430\u0447\u0435\u0441\u0442\u0432\u0435\u043d\u043d\u043e\u0439 \u043f\u043e\u043b\u0438\u0443\u0440\u0435\u0442\u0430\u043d\u043e\u0432\u043e\u0439 \u043f\u0435\u043d\u043e\u0439 T25, \u043e\u0431\u0435 \u0441\u0442\u043e\u0440\u043e\u043d\u044b \u0438\u043c\u0435\u044e\u0442 \u0436\u0435\u0441\u0442\u043a\u043e\u0441\u0442\u044c H5 \u0438 H3 \u2013 \u0436\u0435\u0441\u0442\u043a\u0443\u044e \u0438 \u0441\u0440\u0435\u0434\u043d\u0435-\u0436\u0435\u0441\u0442\u043a\u0443\u044e. \u0414\u043b\u044f \u043f\u043e\u0432\u044b\u0448\u0435\u043d\u0438\u044f \u043a\u043e\u043c\u0444\u043e\u0440\u0442\u0430 \u043c\u0430\u0442\u0440\u0430\u0441 \u043e\u0441\u043d\u0430\u0449\u0435\u043d \u0434\u043e\u043f\u043e\u043b\u043d\u0438\u0442\u0435\u043b\u044c\u043d\u043e\u0439 \u043f\u043b\u0438\u0442\u043e\u0439 \u0438\u0437 \u043a\u043e\u043a\u043e\u0441\u043e\u0432\u043e\u0433\u043e \u0432\u043e\u043b\u043e\u043a\u043d\u0430 \u0432\u044b\u0441\u043e\u0442\u043e\u0439 1 \u0441\u043c. \u0422\u0430\u043a\u043e\u0435 \u0441\u043e\u0447\u0435\u0442\u0430\u043d\u0438\u0435 \u043e\u0431\u0435\u0441\u043f\u0435\u0447\u0438\u0432\u0430\u0435\u0442 \u0430\u0434\u0435\u043a\u0432\u0430\u0442\u043d\u0443\u044e \u0446\u0438\u0440\u043a\u0443\u043b\u044f\u0446\u0438\u044e \u0432\u043e\u0437\u0434\u0443\u0445\u0430 \u0438 \u0445\u043e\u0440\u043e\u0448\u0443\u044e \u0442\u0435\u0440\u043c\u043e\u0440\u0435\u0433\u0443\u043b\u044f\u0446\u0438\u044e. \u0415\u0449\u0435 \u043e\u0434\u043d\u043e\u0439 \u0432\u0430\u0436\u043d\u043e\u0439 \u043e\u0441\u043e\u0431\u0435\u043d\u043d\u043e\u0441\u0442\u044c\u044e \u043c\u0430\u0442\u0440\u0430\u0441\u0430 \u044f\u0432\u043b\u044f\u044e\u0442\u0441\u044f \u0435\u0433\u043e \u0433\u0438\u043f\u043e\u0430\u043b\u043b\u0435\u0440\u0433\u0435\u043d\u043d\u044b\u0435 \u0441\u0432\u043e\u0439\u0441\u0442\u0432\u0430. \u0410\u043d\u0442\u0438\u0430\u043b\u043b\u0435\u0440\u0433\u0435\u043d\u043d\u044b\u0439 \u0441\u0442\u0435\u0433\u0430\u043d\u044b\u0439 \u0447\u0435\u0445\u043e\u043b \u043d\u0435 \u043f\u0440\u0438\u0442\u044f\u0433\u0438\u0432\u0430\u0435\u0442 \u043f\u044b\u043b\u044c, \u043a\u043b\u0435\u0449\u0435\u0439 \u0438 \u0434\u0440\u0443\u0433\u0438\u0435 \u0430\u043b\u043b\u0435\u0440\u0433\u0435\u043d\u044b, \u0447\u0442\u043e \u0434\u0435\u043b\u0430\u0435\u0442 \u0435\u0433\u043e \u043e\u0447\u0435\u043d\u044c \u043f\u043e\u043f\u0443\u043b\u044f\u0440\u043d\u044b\u043c \u0441\u0440\u0435\u0434\u0438 \u043b\u044e\u0434\u0435\u0439, \u0441\u043a\u043b\u043e\u043d\u043d\u044b\u0445 \u043a \u043a\u043e\u0436\u043d\u044b\u043c \u0430\u043b\u043b\u0435\u0440\u0433\u0438\u044f\u043c \u0438 \u0440\u0430\u0437\u0434\u0440\u0430\u0436\u0435\u043d\u0438\u044f\u043c. \u041a\u0440\u043e\u043c\u0435 \u0442\u043e\u0433\u043e, \u0435\u0433\u043e \u043c\u043e\u0436\u043d\u043e \u0441\u0442\u0438\u0440\u0430\u0442\u044c \u0432 \u043c\u0430\u0448\u0438\u043d\u0435 \u043f\u0440\u0438 \u0442\u0435\u043c\u043f\u0435\u0440\u0430\u0442\u0443\u0440\u0435 40 \u0433\u0440\u0430\u0434\u0443\u0441\u043e\u0432 \u0426\u0435\u043b\u044c\u0441\u0438\u044f, \u0447\u0442\u043e \u0435\u0449\u0435 \u0431\u043e\u043b\u044c\u0448\u0435 \u043f\u043e\u0432\u044b\u0448\u0430\u0435\u0442 \u0433\u0438\u0433\u0438\u0435\u043d\u0443 \u0441\u043d\u0430. \u0427\u0435\u0445\u043e\u043b \u0438\u043c\u0435\u0435\u0442 \u043c\u043e\u043b\u043d\u0438\u044e, \u0447\u0442\u043e \u043e\u0431\u043b\u0435\u0433\u0447\u0430\u0435\u0442 \u0435\u0433\u043e \u0441\u043d\u044f\u0442\u0438\u0435 \u0438 \u043d\u0430\u0434\u0435\u0432\u0430\u043d\u0438\u0435. \u041c\u043e\u0434\u0435\u043b\u044c AREL \u043d\u0435 \u0442\u043e\u043b\u044c\u043a\u043e \u0443\u0434\u043e\u0431\u043d\u0430, \u043d\u043e \u0438 \u0434\u043e\u0441\u0442\u0443\u043f\u043d\u0430 \u043f\u043e \u043f\u0440\u0438\u0432\u043b\u0435\u043a\u0430\u0442\u0435\u043b\u044c\u043d\u043e\u0439 \u0446\u0435\u043d\u0435.<\/p>","protected":false},"excerpt":{"rendered":"<p>\u0428\u0438\u0440\u0438\u043d\u0430 (\u0441\u043c): 160<br \/>\n\u0412\u044b\u0441\u043e\u0442\u0430 (\u0441\u043c): 10<br \/>\n\u0413\u043b\u0443\u0431\u0438\u043d\u0430 (\u0441\u043c): 200<br \/>\n\u0421\u0431\u043e\u0440\u043a\u0430<br \/>\n\u0421\u0430\u043c\u043e\u043e\u0440\u0433\u0430\u043d\u0438\u0437\u0430\u0446\u0438\u044f<br \/>\n\u0412\u0435\u0441 \u043f\u0440\u043e\u0434\u0443\u043a\u0442\u0430 [\u043a\u0433]: 10<br \/>\n\u0420\u0430\u0437\u043c\u0435\u0440 \u043c\u0430\u0442\u0440\u0430\u0441\u0430<br \/>\n160&#215;200<\/p>","protected":false},"featured_media":302968,"comment_status":"open","ping_status":"open","template":"","meta":[],"product_brand":[],"product_cat":[9201,1099],"product_tag":[],"class_list":{"0":"post-302967","1":"product","2":"type-product","3":"status-publish","4":"has-post-thumbnail","6":"product_cat-adrk-furniture","7":"product_cat-mattresses","9":"first","10":"instock","11":"purchasable","12":"product-type-simple"},"_links":{"self":[{"href":"https:\/\/baldumarket.lt\/ru\/wp-json\/wp\/v2\/product\/302967","targetHints":{"allow":["GET"]}}],"collection":[{"href":"https:\/\/baldumarket.lt\/ru\/wp-json\/wp\/v2\/product"}],"about":[{"href":"https:\/\/baldumarket.lt\/ru\/wp-json\/wp\/v2\/types\/product"}],"replies":[{"embeddable":true,"href":"https:\/\/baldumarket.lt\/ru\/wp-json\/wp\/v2\/comments?post=302967"}],"wp:featuredmedia":[{"embeddable":true,"href":"https:\/\/baldumarket.lt\/ru\/wp-json\/wp\/v2\/media\/302968"}],"wp:attachment":[{"href":"https:\/\/baldumarket.lt\/ru\/wp-json\/wp\/v2\/media?parent=302967"}],"wp:term":[{"taxonomy":"product_brand","embeddable":true,"href":"https:\/\/baldumarket.lt\/ru\/wp-json\/wp\/v2\/product_brand?post=302967"},{"taxonomy":"product_cat","embeddable":true,"href":"https:\/\/baldumarket.lt\/ru\/wp-json\/wp\/v2\/product_cat?post=302967"},{"taxonomy":"product_tag","embeddable":true,"href":"https:\/\/baldumarket.lt\/ru\/wp-json\/wp\/v2\/product_tag?post=302967"}],"curies":[{"name":"WP","href":"https:\/\/api.w.org\/{rel}","templated":true}]}}