{"id":295308,"date":"2026-01-15T16:31:25","date_gmt":"2026-01-15T13:31:25","guid":{"rendered":"https:\/\/baldumarket.lt\/product\/lozko-podwojne-tomi-200x90-dab-adrk\/"},"modified":"2026-02-11T18:14:39","modified_gmt":"2026-02-11T15:14:39","slug":"lozko-podwojne-tomi-200x90-dab-adrk","status":"publish","type":"product","link":"https:\/\/baldumarket.lt\/ru\/product\/lozko-podwojne-tomi-200x90-dab-adrk\/","title":{"rendered":"TOMI dvigu\u0117 lova 200\u00d790 \u0105\u017euolo spalvos ADRK"},"content":{"rendered":"<p>\u0414\u0432\u0443\u0441\u043f\u0430\u043b\u044c\u043d\u0430\u044f \u043a\u0440\u043e\u0432\u0430\u0442\u044c TOMI \u2014 \u0438\u0434\u0435\u0430\u043b\u044c\u043d\u043e\u0435 \u0440\u0435\u0448\u0435\u043d\u0438\u0435 \u0434\u043b\u044f \u043a\u043e\u043c\u043d\u0430\u0442\u044b, \u0440\u0430\u0441\u0441\u0447\u0438\u0442\u0430\u043d\u043d\u043e\u0439 \u043d\u0430 \u0434\u0432\u0443\u0445 \u0434\u0435\u0442\u0435\u0439. \u041e\u043d\u0430 \u0442\u0430\u043a\u0436\u0435 \u043e\u0442\u043b\u0438\u0447\u043d\u043e \u043f\u043e\u0434\u043e\u0439\u0434\u0435\u0442 \u0434\u043b\u044f \u043d\u0435\u043e\u0436\u0438\u0434\u0430\u043d\u043d\u044b\u0445 \u0433\u043e\u0441\u0442\u0435\u0439. \u041a\u0440\u043e\u0432\u0430\u0442\u044c \u0434\u043e\u0441\u0442\u0443\u043f\u043d\u0430 \u0432 \u0434\u0432\u0443\u0445 \u0440\u0430\u0437\u043c\u0435\u0440\u0430\u0445 \u0438 \u0440\u0430\u0437\u043b\u0438\u0447\u043d\u044b\u0445 \u0446\u0432\u0435\u0442\u0430\u0445, \u0447\u0442\u043e\u0431\u044b \u0434\u043e\u043f\u043e\u043b\u043d\u0438\u0442\u044c \u043b\u044e\u0431\u043e\u0439 \u0438\u043d\u0442\u0435\u0440\u044c\u0435\u0440. \u041e\u043d\u0430 \u043e\u0441\u043d\u0430\u0449\u0435\u043d\u0430 \u0434\u0432\u0443\u043c\u044f \u043f\u0440\u0430\u043a\u0442\u0438\u0447\u043d\u044b\u043c\u0438 \u0438 \u0444\u0443\u043d\u043a\u0446\u0438\u043e\u043d\u0430\u043b\u044c\u043d\u044b\u043c\u0438 \u0432\u044b\u0434\u0432\u0438\u0436\u043d\u044b\u043c\u0438 \u044f\u0449\u0438\u043a\u0430\u043c\u0438 \u0434\u043b\u044f \u043f\u043e\u0441\u0442\u0435\u043b\u044c\u043d\u043e\u0433\u043e \u0431\u0435\u043b\u044c\u044f \u0438 \u043f\u0440\u043e\u0447\u043d\u044b\u043c \u043a\u0430\u0440\u043a\u0430\u0441\u043e\u043c \u0438\u0437 \u0441\u043e\u0441\u043d\u043e\u0432\u043e\u0439 \u0434\u0440\u0435\u0432\u0435\u0441\u0438\u043d\u044b. \u041c\u0430\u0442\u0440\u0430\u0441\u044b \u0432 \u043a\u043e\u043c\u043f\u043b\u0435\u043a\u0442 \u043d\u0435 \u0432\u0445\u043e\u0434\u044f\u0442.<\/p>","protected":false},"excerpt":{"rendered":"<p>\u0428\u0438\u0440\u0438\u043d\u0430 (\u0441\u043c): 97<br \/>\n\u0412\u044b\u0441\u043e\u0442\u0430 (\u0441\u043c): 80<br \/>\n\u0413\u043b\u0443\u0431\u0438\u043d\u0430 (\u0441\u043c): 206<br \/>\n\u0421\u0431\u043e\u0440\u043a\u0430<br \/>\n\u0421\u0430\u043c\u043e\u043e\u0440\u0433\u0430\u043d\u0438\u0437\u0430\u0446\u0438\u044f<br \/>\n\u0412\u0435\u0441 \u043f\u0440\u043e\u0434\u0443\u043a\u0442\u0430 [\u043a\u0433]: 80<\/p>","protected":false},"featured_media":295309,"comment_status":"open","ping_status":"open","template":"","meta":[],"product_brand":[],"product_cat":[9201,505],"product_tag":[],"class_list":{"0":"post-295308","1":"product","2":"type-product","3":"status-publish","4":"has-post-thumbnail","6":"product_cat-adrk-furniture","7":"product_cat-bedroom-beds","9":"first","10":"instock","11":"purchasable","12":"product-type-simple"},"_links":{"self":[{"href":"https:\/\/baldumarket.lt\/ru\/wp-json\/wp\/v2\/product\/295308","targetHints":{"allow":["GET"]}}],"collection":[{"href":"https:\/\/baldumarket.lt\/ru\/wp-json\/wp\/v2\/product"}],"about":[{"href":"https:\/\/baldumarket.lt\/ru\/wp-json\/wp\/v2\/types\/product"}],"replies":[{"embeddable":true,"href":"https:\/\/baldumarket.lt\/ru\/wp-json\/wp\/v2\/comments?post=295308"}],"wp:featuredmedia":[{"embeddable":true,"href":"https:\/\/baldumarket.lt\/ru\/wp-json\/wp\/v2\/media\/295309"}],"wp:attachment":[{"href":"https:\/\/baldumarket.lt\/ru\/wp-json\/wp\/v2\/media?parent=295308"}],"wp:term":[{"taxonomy":"product_brand","embeddable":true,"href":"https:\/\/baldumarket.lt\/ru\/wp-json\/wp\/v2\/product_brand?post=295308"},{"taxonomy":"product_cat","embeddable":true,"href":"https:\/\/baldumarket.lt\/ru\/wp-json\/wp\/v2\/product_cat?post=295308"},{"taxonomy":"product_tag","embeddable":true,"href":"https:\/\/baldumarket.lt\/ru\/wp-json\/wp\/v2\/product_tag?post=295308"}],"curies":[{"name":"WP","href":"https:\/\/api.w.org\/{rel}","templated":true}]}}