{"id":293130,"date":"2026-01-15T16:00:39","date_gmt":"2026-01-15T13:00:39","guid":{"rendered":"https:\/\/baldumarket.lt\/product\/szafka-na-buty-galineo-01-bialy-dab-naturalny-adrk\/"},"modified":"2026-02-11T18:15:38","modified_gmt":"2026-02-11T15:15:38","slug":"szafka-na-buty-galineo-01-bialy-dab-naturalny-adrk","status":"publish","type":"product","link":"https:\/\/baldumarket.lt\/ru\/product\/szafka-na-buty-galineo-01-bialy-dab-naturalny-adrk\/","title":{"rendered":"Bat\u0173 spintel\u0117 GALINEO 01 balta\/nat\u016bralus \u0105\u017euolas ADRK"},"content":{"rendered":"<p>\u0412\u044b\u0441\u043e\u043a\u0438\u0439 \u0448\u043a\u0430\u0444 \u0434\u043b\u044f \u043e\u0431\u0443\u0432\u0438 GALINEO \u0438\u0434\u0435\u0430\u043b\u044c\u043d\u043e \u043f\u043e\u0434\u0445\u043e\u0434\u0438\u0442 \u0434\u043b\u044f \u0445\u0440\u0430\u043d\u0435\u043d\u0438\u044f \u043e\u0431\u0443\u0432\u0438 \u0432 \u043f\u0440\u0438\u0445\u043e\u0436\u0435\u0439. \u0421\u0442\u0438\u043b\u044c\u043d\u044b\u0439 \u0434\u0438\u0437\u0430\u0439\u043d \u043f\u0440\u0435\u043a\u0440\u0430\u0441\u043d\u043e \u0441\u043e\u0447\u0435\u0442\u0430\u0435\u0442\u0441\u044f \u0441 \u0434\u0440\u0443\u0433\u0438\u043c\u0438 \u044d\u043b\u0435\u043c\u0435\u043d\u0442\u0430\u043c\u0438 \u0441\u0438\u0441\u0442\u0435\u043c\u044b GALINEO.<\/p>","protected":false},"excerpt":{"rendered":"<p>\u0428\u0438\u0440\u0438\u043d\u0430 (\u0441\u043c): 97,5<br \/>\n\u0412\u044b\u0441\u043e\u0442\u0430 (\u0441\u043c): 110<br \/>\n\u0413\u043b\u0443\u0431\u0438\u043d\u0430 (\u0441\u043c): 27,5<br \/>\n\u0421\u0431\u043e\u0440\u043a\u0430: \u0421\u0430\u043c\u043e\u0441\u0442\u043e\u044f\u0442\u0435\u043b\u044c\u043d\u0430\u044f \u0441\u0431\u043e\u0440\u043a\u0430<br \/>\n\u0412\u0435\u0441 \u043f\u0440\u043e\u0434\u0443\u043a\u0442\u0430 [\u043a\u0433]: 27<\/p>","protected":false},"featured_media":293131,"comment_status":"open","ping_status":"open","template":"","meta":[],"product_brand":[],"product_cat":[9201,1997],"product_tag":[],"class_list":{"0":"post-293130","1":"product","2":"type-product","3":"status-publish","4":"has-post-thumbnail","6":"product_cat-adrk-furniture","7":"product_cat-shoe-cabinets","9":"first","10":"instock","11":"purchasable","12":"product-type-simple"},"_links":{"self":[{"href":"https:\/\/baldumarket.lt\/ru\/wp-json\/wp\/v2\/product\/293130","targetHints":{"allow":["GET"]}}],"collection":[{"href":"https:\/\/baldumarket.lt\/ru\/wp-json\/wp\/v2\/product"}],"about":[{"href":"https:\/\/baldumarket.lt\/ru\/wp-json\/wp\/v2\/types\/product"}],"replies":[{"embeddable":true,"href":"https:\/\/baldumarket.lt\/ru\/wp-json\/wp\/v2\/comments?post=293130"}],"wp:featuredmedia":[{"embeddable":true,"href":"https:\/\/baldumarket.lt\/ru\/wp-json\/wp\/v2\/media\/293131"}],"wp:attachment":[{"href":"https:\/\/baldumarket.lt\/ru\/wp-json\/wp\/v2\/media?parent=293130"}],"wp:term":[{"taxonomy":"product_brand","embeddable":true,"href":"https:\/\/baldumarket.lt\/ru\/wp-json\/wp\/v2\/product_brand?post=293130"},{"taxonomy":"product_cat","embeddable":true,"href":"https:\/\/baldumarket.lt\/ru\/wp-json\/wp\/v2\/product_cat?post=293130"},{"taxonomy":"product_tag","embeddable":true,"href":"https:\/\/baldumarket.lt\/ru\/wp-json\/wp\/v2\/product_tag?post=293130"}],"curies":[{"name":"WP","href":"https:\/\/api.w.org\/{rel}","templated":true}]}}