{"id":289920,"date":"2026-01-14T23:31:09","date_gmt":"2026-01-14T20:31:09","guid":{"rendered":"https:\/\/baldumarket.lt\/product\/szafka-rtv-dallas-dab-flagstaff-asm\/"},"modified":"2026-02-11T18:16:56","modified_gmt":"2026-02-11T15:16:56","slug":"szafka-rtv-dallas-dab-flagstaff-asm","status":"publish","type":"product","link":"https:\/\/baldumarket.lt\/ru\/product\/szafka-rtv-dallas-dab-flagstaff-asm\/","title":{"rendered":"Dalaso \u0105\u017euolo Flagstafo televizoriaus spintel\u0117 ASM"},"content":{"rendered":"<p>RTV: \u0421 \u043b\u0435\u0432\u043e\u0439 \u0441\u0442\u043e\u0440\u043e\u043d\u044b \u0440\u0430\u0441\u043f\u043e\u043b\u043e\u0436\u0435\u043d\u044b \u0434\u0432\u0435 \u043e\u0442\u043a\u0438\u0434\u043d\u044b\u0435 \u043a\u0440\u044b\u0448\u043a\u0438, \u0437\u0430 \u043a\u043e\u0442\u043e\u0440\u044b\u043c\u0438 \u043d\u0430\u0445\u043e\u0434\u044f\u0442\u0441\u044f \u0434\u0432\u0430 \u043e\u0442\u0441\u0435\u043a\u0430. \u0421 \u043f\u0440\u0430\u0432\u043e\u0439 \u0441\u0442\u043e\u0440\u043e\u043d\u044b \u2014 \u043e\u0442\u043a\u0440\u044b\u0442\u043e\u0435 \u043f\u0440\u043e\u0441\u0442\u0440\u0430\u043d\u0441\u0442\u0432\u043e, \u0440\u0430\u0437\u0434\u0435\u043b\u0435\u043d\u043d\u043e\u0435 \u043f\u043e\u043b\u043a\u043e\u0439. \u0421\u0438\u0441\u0442\u0435\u043c\u0430 \u043e\u0442\u043a\u0440\u044b\u0432\u0430\u043d\u0438\u044f \u00ab\u043d\u0430\u0436\u0430\u0442\u0438\u0435-\u0449\u0435\u043b\u0447\u043e\u043a\u00bb.<\/p>","protected":false},"excerpt":{"rendered":"<p>\u0428\u0438\u0440\u0438\u043d\u0430 (\u0441\u043c): 180<br \/>\n\u0412\u044b\u0441\u043e\u0442\u0430 (\u0441\u043c): 30<br \/>\n\u0413\u043b\u0443\u0431\u0438\u043d\u0430 (\u0441\u043c): 40<\/p>","protected":false},"featured_media":289921,"comment_status":"open","ping_status":"open","template":"","meta":[],"product_brand":[],"product_cat":[9202,1175],"product_tag":[],"class_list":{"0":"post-289920","1":"product","2":"type-product","3":"status-publish","4":"has-post-thumbnail","6":"product_cat-asm","7":"product_cat-tv-stands","9":"first","10":"instock","11":"purchasable","12":"product-type-simple"},"_links":{"self":[{"href":"https:\/\/baldumarket.lt\/ru\/wp-json\/wp\/v2\/product\/289920","targetHints":{"allow":["GET"]}}],"collection":[{"href":"https:\/\/baldumarket.lt\/ru\/wp-json\/wp\/v2\/product"}],"about":[{"href":"https:\/\/baldumarket.lt\/ru\/wp-json\/wp\/v2\/types\/product"}],"replies":[{"embeddable":true,"href":"https:\/\/baldumarket.lt\/ru\/wp-json\/wp\/v2\/comments?post=289920"}],"wp:featuredmedia":[{"embeddable":true,"href":"https:\/\/baldumarket.lt\/ru\/wp-json\/wp\/v2\/media\/289921"}],"wp:attachment":[{"href":"https:\/\/baldumarket.lt\/ru\/wp-json\/wp\/v2\/media?parent=289920"}],"wp:term":[{"taxonomy":"product_brand","embeddable":true,"href":"https:\/\/baldumarket.lt\/ru\/wp-json\/wp\/v2\/product_brand?post=289920"},{"taxonomy":"product_cat","embeddable":true,"href":"https:\/\/baldumarket.lt\/ru\/wp-json\/wp\/v2\/product_cat?post=289920"},{"taxonomy":"product_tag","embeddable":true,"href":"https:\/\/baldumarket.lt\/ru\/wp-json\/wp\/v2\/product_tag?post=289920"}],"curies":[{"name":"WP","href":"https:\/\/api.w.org\/{rel}","templated":true}]}}