{"id":289680,"date":"2026-01-14T23:28:07","date_gmt":"2026-01-14T20:28:07","guid":{"rendered":"https:\/\/baldumarket.lt\/product\/lozko-dzieciece-ala-ii-z-materacem-asm\/"},"modified":"2026-02-11T18:17:03","modified_gmt":"2026-02-11T15:17:03","slug":"lozko-dzieciece-ala-ii-z-materacem-asm","status":"publish","type":"product","link":"https:\/\/baldumarket.lt\/ru\/product\/lozko-dzieciece-ala-ii-z-materacem-asm\/","title":{"rendered":"\u0410\u043b\u0430 II vaiki\u0161ka lova su ASM \u010du\u017einiu"},"content":{"rendered":"<p>\u0418\u0437\u0433\u043e\u0442\u043e\u0432\u043b\u0435\u043d\u043e \u0438\u0437 \u0441\u043e\u0441\u043d\u043e\u0432\u043e\u0439 \u0434\u0440\u0435\u0432\u0435\u0441\u0438\u043d\u044b (\u0438\u0437 \u043b\u0435\u0441\u043e\u0432, \u0441\u0435\u0440\u0442\u0438\u0444\u0438\u0446\u0438\u0440\u043e\u0432\u0430\u043d\u043d\u044b\u0445 FSC). \u041c\u0430\u0442\u0440\u0430\u0441 \u0432 \u043a\u043e\u043c\u043f\u043b\u0435\u043a\u0442\u0435. \u0420\u0435\u0433\u0443\u043b\u0438\u0440\u0443\u0435\u043c\u0430\u044f \u0432\u044b\u0441\u043e\u0442\u0430 \u043b\u0430\u043c\u0435\u043b\u0435\u0439. 3 \u0441\u044a\u0435\u043c\u043d\u044b\u0435 \u043b\u0430\u043c\u0435\u043b\u0438. \u0424\u043e\u0440\u043c\u043e\u0432\u0430\u043d\u043d\u044b\u0435 \u0440\u0430\u043c\u044b \u0438\u0437\u0433\u043e\u043b\u043e\u0432\u044c\u044f. \u0421\u043e\u043e\u0442\u0432\u0435\u0442\u0441\u0442\u0432\u0443\u0435\u0442 \u0441\u0442\u0430\u043d\u0434\u0430\u0440\u0442\u0430\u043c EN 716-1: 2008 + A1: 2013 \u0438 EN 716-2: 2008 + A1: 2013. \u041e\u043a\u0440\u0430\u0448\u0435\u043d\u043e \u0432 \u0441\u043e\u043e\u0442\u0432\u0435\u0442\u0441\u0442\u0432\u0438\u0438 \u0441\u043e \u0441\u0442\u0430\u043d\u0434\u0430\u0440\u0442\u043e\u043c EN 71-3: 2013.<\/p>","protected":false},"excerpt":{"rendered":"<p>\u0428\u0438\u0440\u0438\u043d\u0430 (\u0441\u043c): 124<br \/>\n\u0412\u044b\u0441\u043e\u0442\u0430 (\u0441\u043c): 93<br \/>\n\u0413\u043b\u0443\u0431\u0438\u043d\u0430 (\u0441\u043c): 65<\/p>","protected":false},"featured_media":289681,"comment_status":"open","ping_status":"open","template":"","meta":[],"product_brand":[],"product_cat":[9202,505],"product_tag":[],"class_list":{"0":"post-289680","1":"product","2":"type-product","3":"status-publish","4":"has-post-thumbnail","6":"product_cat-asm","7":"product_cat-bedroom-beds","9":"first","10":"instock","11":"purchasable","12":"product-type-simple"},"_links":{"self":[{"href":"https:\/\/baldumarket.lt\/ru\/wp-json\/wp\/v2\/product\/289680","targetHints":{"allow":["GET"]}}],"collection":[{"href":"https:\/\/baldumarket.lt\/ru\/wp-json\/wp\/v2\/product"}],"about":[{"href":"https:\/\/baldumarket.lt\/ru\/wp-json\/wp\/v2\/types\/product"}],"replies":[{"embeddable":true,"href":"https:\/\/baldumarket.lt\/ru\/wp-json\/wp\/v2\/comments?post=289680"}],"wp:featuredmedia":[{"embeddable":true,"href":"https:\/\/baldumarket.lt\/ru\/wp-json\/wp\/v2\/media\/289681"}],"wp:attachment":[{"href":"https:\/\/baldumarket.lt\/ru\/wp-json\/wp\/v2\/media?parent=289680"}],"wp:term":[{"taxonomy":"product_brand","embeddable":true,"href":"https:\/\/baldumarket.lt\/ru\/wp-json\/wp\/v2\/product_brand?post=289680"},{"taxonomy":"product_cat","embeddable":true,"href":"https:\/\/baldumarket.lt\/ru\/wp-json\/wp\/v2\/product_cat?post=289680"},{"taxonomy":"product_tag","embeddable":true,"href":"https:\/\/baldumarket.lt\/ru\/wp-json\/wp\/v2\/product_tag?post=289680"}],"curies":[{"name":"WP","href":"https:\/\/api.w.org\/{rel}","templated":true}]}}