{"id":28822,"date":"2025-11-14T19:06:59","date_gmt":"2025-11-14T16:06:59","guid":{"rendered":"https:\/\/baldumarket.lt\/product\/callide-15x110x15cm-wiszaca-1-bialy\/"},"modified":"2026-03-24T18:18:04","modified_gmt":"2026-03-24T15:18:04","slug":"callide-15x110x15cm-wiszaca-1-bialy","status":"publish","type":"product","link":"https:\/\/baldumarket.lt\/ru\/product\/callide-15x110x15cm-wiszaca-1-bialy\/","title":{"rendered":"\u041a\u0430\u043b\u043b\u0438\u0434\u0430, 15x110x15\u0441\u043c \u041f\u0430\u043a\u0430\u0431\u0438\u043d\u0430\u043c\u0430\u0441 1 \u0448\u0442."},"content":{"rendered":"<p>Die Callide H\u00e4ngeleuchte mit den Abmessungen von 15 cm Breite, 110 cm L\u00e4nge und 15 cm Tiefe ist eine Hervorragende Beleuchtungsl\u00f6sung, die sich durch Eleganz und Funktionalit\u00e4t auszeichnet. \u0418\u0445 \u043b\u0430\u043c\u043f\u0430 \u043f\u0440\u0435\u0434\u0441\u0442\u0430\u0432\u043b\u044f\u0435\u0442 \u0441\u043e\u0431\u043e\u0439 \u043f\u0440\u0438\u0441\u043f\u043e\u0441\u043e\u0431\u043b\u0435\u043d\u0438\u0435 \u0434\u043b\u044f \u043a\u0440\u0435\u043f\u043b\u0435\u043d\u0438\u044f \u0441\u0442\u0430\u043b\u0438, \u0431\u044b\u043b\u043e Langlebigkeit \u0438 Stabilit\u00e4t der Konstruktion gew\u00e4hrleistet. Auch der Lampenfu\u00df besteht aus dem gleichen Material und verleiht der Gesamten Lampe ein einheitliches Erscheinungsbild. Die Lampe verf\u00fcgt \u00fcber einen Lichtpunkt \u0431\u044b\u043b\u0430 \u0438\u0434\u0435\u0430\u043b\u044c\u043d\u044b\u043c \u0440\u0435\u0448\u0435\u043d\u0438\u0435\u043c \u0434\u043b\u044f \u0444\u043e\u043a\u0443\u0441\u0438\u0440\u043e\u0432\u043e\u0447\u043d\u043e\u0433\u043e \u0438 \u044d\u0444\u0444\u0435\u043a\u0442\u0438\u0432\u043d\u043e\u0433\u043e \u0432\u0438\u0434\u0435\u043d\u0438\u044f \u0432 \u043b\u0443\u0447\u0448\u0435\u043c \u0441\u0432\u0435\u0442\u0435. \u0415\u0441\u043b\u0438 \u0432\u044b \u0438\u0441\u043f\u043e\u043b\u044c\u0437\u0443\u0435\u0442\u0435 \u0441\u0442\u0430\u043d\u0434\u0430\u0440\u0442\u043d\u044b\u0439 E27-Gewinde, \u044d\u0442\u043e \u043e\u0437\u043d\u0430\u0447\u0430\u0435\u0442, \u0447\u0442\u043e Auswahl verschiedener Arten von Gl\u00fchbirnen erm\u00f6glicht, die auf dem Markt erh\u00e4ltlich sind. \u041c\u0430\u043a\u0441\u0438\u043c\u0430\u043b\u044c\u043d\u0430\u044f \u043c\u043e\u0449\u043d\u043e\u0441\u0442\u044c \u043e\u0441\u0432\u0435\u0449\u0435\u043d\u0438\u044f, \u043c\u043e\u0449\u043d\u043e\u0441\u0442\u044c \u043b\u0430\u043c\u043f\u044b \u041a\u0430\u043b\u043b\u0438\u0434\u0435, \u043f\u0440\u0435\u0432\u044b\u0448\u0430\u044e\u0449\u0435\u0439 \u043c\u043e\u0449\u043d\u043e\u0441\u0442\u044c 15 \u0412\u0442, \u0431\u044b\u043b\u0430 \u043d\u0435\u0434\u043e\u043f\u0443\u0441\u0442\u0438\u043c\u043e\u0439. Die Schutzart IP 20 best\u00e4tigt, Dass die Lampe f\u00fcr den Innenbereich vorgesehen ist und Schutz vor Staub und kleinen Partikeln bietet. Die Lampe - \u044d\u0442\u043e \u044d\u043b\u0435\u0433\u0430\u043d\u0442\u043d\u044b\u0439 \u0432\u0438\u0434, \u0438\u0434\u0435\u0430\u043b\u044c\u043d\u044b\u0439 \u0434\u043b\u044f \u0440\u0430\u0437\u043d\u043e\u043e\u0431\u0440\u0430\u0437\u0438\u044f Raumgestaltungen passt. \u0418\u0445 \u0434\u0438\u0437\u0430\u0439\u043d \u0438 \u0434\u0438\u0437\u0430\u0439\u043d machen sie nicht nur zu einer Lichtquelle, sondern auch zu einem tilvollen \u0434\u0435\u043a\u043e\u0440\u0430\u0442\u0438\u0432\u043d\u044b\u0439 \u044d\u043b\u0435\u043c\u0435\u043d\u0442, das das das Erscheinungsbild eines one Raumes bereichert.<\/p>","protected":false},"excerpt":{"rendered":"<p>Die Callide H\u00e4ngeleuchte mit den Abmessungen von 15 cm Breite, 110 cm L\u00e4nge und 15 cm Tiefe ist eine Hervorragende Beleuchtungsl\u00f6sung, die sich durch Eleganz und Funktionalit\u00e4t auszeichnet. \u0418\u0445 \u043b\u0430\u043c\u043f\u0430 \u043f\u0440\u0435\u0434\u0441\u0442\u0430\u0432\u043b\u044f\u0435\u0442 \u0441\u043e\u0431\u043e\u0439 \u043f\u0440\u0438\u0441\u043f\u043e\u0441\u043e\u0431\u043b\u0435\u043d\u0438\u0435 \u0434\u043b\u044f \u043a\u0440\u0435\u043f\u043b\u0435\u043d\u0438\u044f \u0441\u0442\u0430\u043b\u0438, \u0431\u044b\u043b\u043e Langlebigkeit \u0438 Stabilit\u00e4t der Konstruktion gew\u00e4hrleistet. Auch der Lampenfu\u00df besteht aus dem gleichen Material und verleiht der Gesamten Lampe [\u2026]<\/p>","protected":false},"featured_media":28823,"comment_status":"open","ping_status":"open","template":"","meta":[],"product_brand":[],"product_cat":[2012,1231],"product_tag":[],"class_list":{"0":"post-28822","1":"product","2":"type-product","3":"status-publish","4":"has-post-thumbnail","6":"product_cat-eltap","7":"product_cat-lamps","9":"first","10":"instock","11":"purchasable","12":"product-type-simple"},"_links":{"self":[{"href":"https:\/\/baldumarket.lt\/ru\/wp-json\/wp\/v2\/product\/28822","targetHints":{"allow":["GET"]}}],"collection":[{"href":"https:\/\/baldumarket.lt\/ru\/wp-json\/wp\/v2\/product"}],"about":[{"href":"https:\/\/baldumarket.lt\/ru\/wp-json\/wp\/v2\/types\/product"}],"replies":[{"embeddable":true,"href":"https:\/\/baldumarket.lt\/ru\/wp-json\/wp\/v2\/comments?post=28822"}],"wp:featuredmedia":[{"embeddable":true,"href":"https:\/\/baldumarket.lt\/ru\/wp-json\/wp\/v2\/media\/28823"}],"wp:attachment":[{"href":"https:\/\/baldumarket.lt\/ru\/wp-json\/wp\/v2\/media?parent=28822"}],"wp:term":[{"taxonomy":"product_brand","embeddable":true,"href":"https:\/\/baldumarket.lt\/ru\/wp-json\/wp\/v2\/product_brand?post=28822"},{"taxonomy":"product_cat","embeddable":true,"href":"https:\/\/baldumarket.lt\/ru\/wp-json\/wp\/v2\/product_cat?post=28822"},{"taxonomy":"product_tag","embeddable":true,"href":"https:\/\/baldumarket.lt\/ru\/wp-json\/wp\/v2\/product_tag?post=28822"}],"curies":[{"name":"WP","href":"https:\/\/api.w.org\/{rel}","templated":true}]}}