{"id":269932,"date":"2026-01-14T01:16:39","date_gmt":"2026-01-13T22:16:39","guid":{"rendered":"https:\/\/baldumarket.lt\/product\/zestaw-do-przedpokoju-nepo-plus-90-cm-dab-noble\/"},"modified":"2026-02-11T18:17:29","modified_gmt":"2026-02-11T15:17:29","slug":"zestaw-do-przedpokoju-nepo-plus-90-cm-dab-noble","status":"publish","type":"product","link":"https:\/\/baldumarket.lt\/ru\/product\/zestaw-do-przedpokoju-nepo-plus-90-cm-dab-noble\/","title":{"rendered":"NEPO PLUS prie\u0161kambario komplektas 90 cm, kilnus \u0105\u017euolas"},"content":{"rendered":"<p>\u041f\u0440\u0438\u0445\u043e\u0436\u0430\u044f Nepo Plus \u2013 \u043f\u0440\u0430\u043a\u0442\u0438\u0447\u043d\u044b\u0439 \u043c\u0435\u0431\u0435\u043b\u044c\u043d\u044b\u0439 \u043a\u043e\u043c\u043f\u043b\u0435\u043a\u0442 \u0434\u043b\u044f \u0432\u0430\u0448\u0435\u0433\u043e \u0438\u043d\u0442\u0435\u0440\u044c\u0435\u0440\u0430. \u041f\u0440\u0438\u0445\u043e\u0436\u0430\u044f Nepo Plus \u2013 \u0438\u0434\u0435\u0430\u043b\u044c\u043d\u043e\u0435 \u0440\u0435\u0448\u0435\u043d\u0438\u0435 \u0434\u043b\u044f \u0441\u043e\u0437\u0434\u0430\u043d\u0438\u044f \u0444\u0443\u043d\u043a\u0446\u0438\u043e\u043d\u0430\u043b\u044c\u043d\u043e\u0433\u043e \u0438 \u044d\u0441\u0442\u0435\u0442\u0438\u0447\u0435\u0441\u043a\u0438 \u043f\u0440\u0438\u0432\u043b\u0435\u043a\u0430\u0442\u0435\u043b\u044c\u043d\u043e\u0433\u043e \u043f\u0440\u043e\u0441\u0442\u0440\u0430\u043d\u0441\u0442\u0432\u0430 \u0432 \u0432\u0430\u0448\u0435\u043c \u0434\u043e\u043c\u0435. \u0421\u043e\u0432\u0440\u0435\u043c\u0435\u043d\u043d\u0430\u044f, \u043b\u0435\u0433\u043a\u0430\u044f \u043c\u0435\u0431\u0435\u043b\u044c\u043d\u0430\u044f \u043b\u0438\u043d\u0438\u044f Nepo Plus \u043f\u043e\u0437\u0432\u043e\u043b\u0438\u0442 \u0432\u0430\u043c \u0441\u043e\u0437\u0434\u0430\u0442\u044c \u0443\u044e\u0442\u043d\u044b\u0439 \u0438 \u044d\u0440\u0433\u043e\u043d\u043e\u043c\u0438\u0447\u043d\u044b\u0439 \u0438\u043d\u0442\u0435\u0440\u044c\u0435\u0440, \u043f\u043e\u0434\u0445\u043e\u0434\u044f\u0449\u0438\u0439 \u0434\u043b\u044f \u043b\u044e\u0431\u043e\u0433\u043e \u0440\u0430\u0437\u043c\u0435\u0440\u0430. \u041a\u043e\u043c\u0444\u043e\u0440\u0442 \u0438 \u0444\u0443\u043d\u043a\u0446\u0438\u043e\u043d\u0430\u043b\u044c\u043d\u043e\u0441\u0442\u044c.<br \/>\n\u041c\u0435\u0431\u0435\u043b\u044c\u043d\u044b\u0439 \u043a\u043e\u043c\u043f\u043b\u0435\u043a\u0442 Nepo Plus \u043f\u0440\u0435\u0434\u043b\u0430\u0433\u0430\u0435\u0442 \u0432\u0441\u0435 \u043d\u0435\u043e\u0431\u0445\u043e\u0434\u0438\u043c\u043e\u0435 \u0434\u043b\u044f \u043e\u0440\u0433\u0430\u043d\u0438\u0437\u0430\u0446\u0438\u0438 \u0432\u0430\u0448\u0435\u0439 \u043f\u0440\u0438\u0445\u043e\u0436\u0435\u0439. \u041e\u0442\u043a\u0440\u044b\u0442\u043e\u0435 \u043e\u0442\u0434\u0435\u043b\u0435\u043d\u0438\u0435 \u0434\u043b\u044f \u0432\u0435\u0440\u0445\u043d\u0435\u0439 \u043e\u0434\u0435\u0436\u0434\u044b, \u0443\u0434\u043e\u0431\u043d\u044b\u0439 \u044f\u0449\u0438\u043a \u0434\u043b\u044f \u043c\u0435\u043b\u043a\u0438\u0445 \u0432\u0435\u0449\u0435\u0439, \u0448\u043a\u0430\u0444 \u0434\u043b\u044f \u043e\u0431\u0443\u0432\u0438, \u0432\u0435\u0440\u0445\u043d\u044f\u044f \u043f\u043e\u043b\u043a\u0430 \u0434\u043b\u044f \u0448\u043b\u044f\u043f \u0438 \u0448\u0430\u0440\u0444\u043e\u0432, \u0437\u0435\u0440\u043a\u0430\u043b\u043e \u2013 \u043a\u043e\u043c\u043f\u043b\u0435\u043a\u0441\u043d\u043e\u0435 \u0440\u0435\u0448\u0435\u043d\u0438\u0435, \u043e\u0431\u0435\u0441\u043f\u0435\u0447\u0438\u0432\u0430\u044e\u0449\u0435\u0435 \u043f\u043e\u0440\u044f\u0434\u043e\u043a \u0438 \u043a\u043e\u043c\u0444\u043e\u0440\u0442. \u041b\u0430\u043c\u0438\u043d\u0438\u0440\u043e\u0432\u0430\u043d\u043d\u0430\u044f \u043f\u043e\u0432\u0435\u0440\u0445\u043d\u043e\u0441\u0442\u044c \u043f\u043e\u0432\u044b\u0448\u0430\u0435\u0442 \u0438\u0437\u043d\u043e\u0441\u043e\u0441\u0442\u043e\u0439\u043a\u043e\u0441\u0442\u044c \u043c\u0435\u0431\u0435\u043b\u0438, \u0437\u0430\u0449\u0438\u0449\u0430\u044f \u0435\u0435 \u043e\u0442 \u0446\u0430\u0440\u0430\u043f\u0438\u043d \u0438 \u043f\u0435\u0440\u0435\u043f\u0430\u0434\u043e\u0432 \u0442\u0435\u043c\u043f\u0435\u0440\u0430\u0442\u0443\u0440\u044b, \u0447\u0442\u043e \u043e\u0441\u043e\u0431\u0435\u043d\u043d\u043e \u0432\u0430\u0436\u043d\u043e \u0432 \u043f\u0440\u0438\u0445\u043e\u0436\u0435\u0439. \u0421\u0442\u0438\u043b\u044c \u0438 \u0434\u043e\u043b\u0433\u043e\u0432\u0435\u0447\u043d\u043e\u0441\u0442\u044c<br \/>\nThe Nepo Plus unit in noble oak boasts a universal design that complements a variety of interior styles. Horizontal handles facilitate access to the cabinet and drawer, emphasizing the modern character of the furniture. The laminated finish ensures aesthetics and resistance to everyday use, ensuring the furniture maintains its attractive appearance for years to come. Special features: Open space \u2013 hangers for outerwear. Shoe cabinet \u2013 the perfect place to store footwear. Handy drawer \u2013 for small items like keys or documents. Top shelf \u2013 for hats, scarves, or accessories. Mirror \u2013 a practical element for a quick check before leaving. Noble oak color \u2013 a modern and universal look. Laminated surface \u2013 durability and easy cleaning. Horizontal handles \u2013 convenience and an aesthetic accent. Summary<br \/>\n\u041a\u043e\u043c\u043f\u043b\u0435\u043a\u0442 \u043c\u0435\u0431\u0435\u043b\u0438 \u0434\u043b\u044f \u043f\u0440\u0438\u0445\u043e\u0436\u0435\u0439 Nepo Plus \u2014 \u0438\u0434\u0435\u0430\u043b\u044c\u043d\u043e\u0435 \u0440\u0435\u0448\u0435\u043d\u0438\u0435 \u0434\u043b\u044f \u0441\u043e\u0437\u0434\u0430\u043d\u0438\u044f \u0444\u0443\u043d\u043a\u0446\u0438\u043e\u043d\u0430\u043b\u044c\u043d\u043e\u0439 \u0438 \u044d\u0441\u0442\u0435\u0442\u0438\u0447\u0435\u0441\u043a\u0438 \u043f\u0440\u0438\u0432\u043b\u0435\u043a\u0430\u0442\u0435\u043b\u044c\u043d\u043e\u0439 \u043f\u0440\u0438\u0445\u043e\u0436\u0435\u0439. \u0415\u0433\u043e \u043a\u043e\u043c\u043f\u0430\u043a\u0442\u043d\u044b\u0439 \u0434\u0438\u0437\u0430\u0439\u043d \u043e\u0442\u043b\u0438\u0447\u043d\u043e \u043f\u043e\u0434\u0445\u043e\u0434\u0438\u0442 \u0434\u043b\u044f \u043d\u0435\u0431\u043e\u043b\u044c\u0448\u0438\u0445 \u043f\u043e\u043c\u0435\u0449\u0435\u043d\u0438\u0439, \u043e\u0431\u0435\u0441\u043f\u0435\u0447\u0438\u0432\u0430\u044f \u043f\u0440\u0438 \u044d\u0442\u043e\u043c \u0434\u043e\u0441\u0442\u0430\u0442\u043e\u0447\u043d\u043e \u043c\u0435\u0441\u0442\u0430 \u0434\u043b\u044f \u0432\u0441\u0435\u0433\u043e \u043d\u0435\u043e\u0431\u0445\u043e\u0434\u0438\u043c\u043e\u0433\u043e \u0432 \u043f\u043e\u0432\u0441\u0435\u0434\u043d\u0435\u0432\u043d\u043e\u0439 \u0436\u0438\u0437\u043d\u0438. \u0421\u043e\u0447\u0435\u0442\u0430\u0439\u0442\u0435 \u043a\u043e\u043c\u043f\u043b\u0435\u043a\u0442 \u0441 \u0434\u0440\u0443\u0433\u0438\u043c\u0438 \u044d\u043b\u0435\u043c\u0435\u043d\u0442\u0430\u043c\u0438 \u043a\u043e\u043b\u043b\u0435\u043a\u0446\u0438\u0438 Nepo Plus, \u0442\u0430\u043a\u0438\u043c\u0438 \u043a\u0430\u043a \u043a\u043e\u043c\u043e\u0434 \u0438\u043b\u0438 \u0448\u043a\u0430\u0444, \u0447\u0442\u043e\u0431\u044b \u0441\u043e\u0437\u0434\u0430\u0442\u044c \u0433\u0430\u0440\u043c\u043e\u043d\u0438\u0447\u043d\u0443\u044e \u0438 \u043f\u0440\u0430\u043a\u0442\u0438\u0447\u043d\u0443\u044e \u043a\u043e\u043c\u043f\u043e\u0437\u0438\u0446\u0438\u044e.<\/p>\n<p>Product code S435-PPK-DNO Width 90 cm Depth 30.5 cm Height 185.5 cm Collection Nepo Plus Color noble oak Shade dark wood Style modern Material laminate Number of doors 1-door Number of drawers 1-drawer Handle with handles Manufacturer Black Red White Type of furniture Hallway sets VAT 23% EAN 5906123051835<\/p>","protected":false},"excerpt":{"rendered":"<p>Nepo Plus Hallway \u2013 a practical furniture set for your interior. Nepo Plus Hallway is the perfect solution for creating a functional and aesthetically pleasing space in your home. With the modern, lightweight Nepo Plus furniture line, you can create a welcoming and ergonomic interior that works in any size. Comfort and Functionality The Nepo [&hellip;]<\/p>","protected":false},"featured_media":269933,"comment_status":"open","ping_status":"open","template":"","meta":[],"product_brand":[],"product_cat":[9200,1177],"product_tag":[],"class_list":{"0":"post-269932","1":"product","2":"type-product","3":"status-publish","4":"has-post-thumbnail","6":"product_cat-black-red-white","7":"product_cat-wardrobes","9":"first","10":"instock","11":"purchasable","12":"product-type-simple"},"_links":{"self":[{"href":"https:\/\/baldumarket.lt\/ru\/wp-json\/wp\/v2\/product\/269932","targetHints":{"allow":["GET"]}}],"collection":[{"href":"https:\/\/baldumarket.lt\/ru\/wp-json\/wp\/v2\/product"}],"about":[{"href":"https:\/\/baldumarket.lt\/ru\/wp-json\/wp\/v2\/types\/product"}],"replies":[{"embeddable":true,"href":"https:\/\/baldumarket.lt\/ru\/wp-json\/wp\/v2\/comments?post=269932"}],"wp:featuredmedia":[{"embeddable":true,"href":"https:\/\/baldumarket.lt\/ru\/wp-json\/wp\/v2\/media\/269933"}],"wp:attachment":[{"href":"https:\/\/baldumarket.lt\/ru\/wp-json\/wp\/v2\/media?parent=269932"}],"wp:term":[{"taxonomy":"product_brand","embeddable":true,"href":"https:\/\/baldumarket.lt\/ru\/wp-json\/wp\/v2\/product_brand?post=269932"},{"taxonomy":"product_cat","embeddable":true,"href":"https:\/\/baldumarket.lt\/ru\/wp-json\/wp\/v2\/product_cat?post=269932"},{"taxonomy":"product_tag","embeddable":true,"href":"https:\/\/baldumarket.lt\/ru\/wp-json\/wp\/v2\/product_tag?post=269932"}],"curies":[{"name":"WP","href":"https:\/\/api.w.org\/{rel}","templated":true}]}}