{"id":268689,"date":"2026-01-14T00:57:27","date_gmt":"2026-01-13T21:57:27","guid":{"rendered":"https:\/\/baldumarket.lt\/product\/szafka-wiszaca-narozna-60x57-cm-junona-line-bialy-grafit\/"},"modified":"2026-02-11T18:17:44","modified_gmt":"2026-02-11T15:17:44","slug":"szafka-wiszaca-narozna-60x57-cm-junona-line-bialy-grafit","status":"publish","type":"product","link":"https:\/\/baldumarket.lt\/ru\/product\/szafka-wiszaca-narozna-60x57-cm-junona-line-bialy-grafit\/","title":{"rendered":"Kampin\u0117 pakabinama spintel\u0117 60\u00d757 \u0441\u043c JUNONA LINE \u0431\u0430\u043b\u0442\u0430\/\u0433\u0440\u0430\u0444\u0438\u0442\u043e \u0441\u043f\u0430\u043b\u0432\u043e"},"content":{"rendered":"<p>\u0423\u0433\u043b\u043e\u0432\u043e\u0439 \u0432\u0435\u0440\u0445\u043d\u0438\u0439 \u0448\u043a\u0430\u0444 \u0438\u0437 \u043a\u043e\u043b\u043b\u0435\u043a\u0446\u0438\u0438 Junona Line. \u0423\u043c\u043d\u043e\u0435 \u0440\u0435\u0448\u0435\u043d\u0438\u0435 \u0434\u043b\u044f \u0438\u0441\u043f\u043e\u043b\u044c\u0437\u043e\u0432\u0430\u043d\u0438\u044f \u0443\u0433\u043b\u043e\u0432\u043e\u0433\u043e \u043f\u0440\u043e\u0441\u0442\u0440\u0430\u043d\u0441\u0442\u0432\u0430 \u043d\u0430 \u043a\u0443\u0445\u043d\u0435. \u041e\u043d \u043f\u043e\u0437\u0432\u043e\u043b\u044f\u0435\u0442 \u0437\u0430\u0434\u0435\u0439\u0441\u0442\u0432\u043e\u0432\u0430\u0442\u044c \u0447\u0430\u0441\u0442\u043e \u043d\u0435\u0438\u0441\u043f\u043e\u043b\u044c\u0437\u0443\u0435\u043c\u043e\u0435 \u0443\u0433\u043b\u043e\u0432\u043e\u0435 \u043f\u0440\u043e\u0441\u0442\u0440\u0430\u043d\u0441\u0442\u0432\u043e. \u0421 \u044d\u0442\u0438\u043c \u0448\u043a\u0430\u0444\u043e\u043c \u0432\u044b \u043f\u043e\u043b\u0443\u0447\u0438\u0442\u0435 \u0434\u043e\u043f\u043e\u043b\u043d\u0438\u0442\u0435\u043b\u044c\u043d\u043e\u0435 \u043c\u0435\u0441\u0442\u043e \u0434\u043b\u044f \u0445\u0440\u0430\u043d\u0435\u043d\u0438\u044f \u0440\u0430\u0437\u043b\u0438\u0447\u043d\u044b\u0445 \u043f\u0440\u0435\u0434\u043c\u0435\u0442\u043e\u0432, \u0442\u0430\u043a\u0438\u0445 \u043a\u0430\u043a \u043f\u043e\u0441\u0443\u0434\u0430, \u043a\u043e\u0444\u0435, \u0447\u0430\u0439 \u0438 \u0434\u0440\u0443\u0433\u0438\u0435 \u043f\u0440\u043e\u0434\u0443\u043a\u0442\u044b. \u042d\u0442\u043e \u043e\u0442\u043b\u0438\u0447\u043d\u044b\u0439 \u0441\u043f\u043e\u0441\u043e\u0431 \u043c\u0430\u043a\u0441\u0438\u043c\u0430\u043b\u044c\u043d\u043e \u044d\u0444\u0444\u0435\u043a\u0442\u0438\u0432\u043d\u043e \u0438\u0441\u043f\u043e\u043b\u044c\u0437\u043e\u0432\u0430\u0442\u044c \u0434\u043e\u0441\u0442\u0443\u043f\u043d\u043e\u0435 \u043f\u0440\u043e\u0441\u0442\u0440\u0430\u043d\u0441\u0442\u0432\u043e \u043d\u0430 \u0432\u0430\u0448\u0435\u0439 \u043a\u0443\u0445\u043d\u0435. \u0423\u0433\u043b\u043e\u0432\u043e\u0439 \u0432\u0435\u0440\u0445\u043d\u0438\u0439 \u0448\u043a\u0430\u0444 \u0438\u0437 \u043a\u043e\u043b\u043b\u0435\u043a\u0446\u0438\u0438 Junona Line \u0438\u043c\u0435\u0435\u0442 \u0440\u0430\u0437\u043c\u0435\u0440\u044b 60x60x57 \u0441\u043c, \u0447\u0442\u043e \u0434\u0435\u043b\u0430\u0435\u0442 \u0435\u0433\u043e \u043f\u043e\u0434\u0445\u043e\u0434\u044f\u0449\u0438\u043c \u0434\u043b\u044f \u0431\u043e\u043b\u044c\u0448\u0438\u043d\u0441\u0442\u0432\u0430 \u043a\u0443\u0445\u043e\u043d\u044c. \u041a\u0440\u043e\u043c\u0435 \u0442\u043e\u0433\u043e, \u0432\u044b \u043c\u043e\u0436\u0435\u0442\u0435 \u0432\u044b\u0431\u0440\u0430\u0442\u044c \u043f\u0440\u0430\u0432\u043e\u0441\u0442\u043e\u0440\u043e\u043d\u043d\u0438\u0439 \u0438\u043b\u0438 \u043b\u0435\u0432\u043e\u0441\u0442\u043e\u0440\u043e\u043d\u043d\u0438\u0439 \u0432\u0430\u0440\u0438\u0430\u043d\u0442, \u0430\u0434\u0430\u043f\u0442\u0438\u0440\u0443\u044f \u0435\u0433\u043e \u043a \u0432\u0430\u0448\u0438\u043c \u0438\u043d\u0434\u0438\u0432\u0438\u0434\u0443\u0430\u043b\u044c\u043d\u044b\u043c \u043f\u043e\u0442\u0440\u0435\u0431\u043d\u043e\u0441\u0442\u044f\u043c \u0438 \u043f\u043b\u0430\u043d\u0438\u0440\u043e\u0432\u043a\u0435 \u043a\u0443\u0445\u043d\u0438. \u041a\u043e\u043b\u043b\u0435\u043a\u0446\u0438\u044f Junona Line \u043e\u0442\u043b\u0438\u0447\u0430\u0435\u0442\u0441\u044f \u0441\u0434\u0435\u0440\u0436\u0430\u043d\u043d\u044b\u043c\u0438 \u0446\u0432\u0435\u0442\u0430\u043c\u0438. \u0411\u0435\u043b\u044b\u0435 \u043a\u043e\u0440\u043f\u0443\u0441\u0430 \u0438 \u0441\u0432\u0435\u0442\u043b\u043e-\u0441\u0435\u0440\u044b\u0439 \u0433\u043b\u044f\u043d\u0446\u0435\u0432\u044b\u0439 \u0444\u0430\u0441\u0430\u0434 \u0441\u043e\u0437\u0434\u0430\u044e\u0442 \u0432\u043d\u0435\u0432\u0440\u0435\u043c\u0435\u043d\u043d\u043e\u0439 \u043e\u0431\u0440\u0430\u0437, \u043f\u043e\u0434\u0445\u043e\u0434\u044f\u0449\u0438\u0439 \u0434\u043b\u044f \u043c\u043d\u043e\u0433\u0438\u0445 \u0441\u0442\u0438\u043b\u0435\u0439 \u0438\u043d\u0442\u0435\u0440\u044c\u0435\u0440\u0430. \u041a\u043e\u043d\u0442\u0440\u0430\u0441\u0442\u043d\u0430\u044f \u0440\u0443\u0447\u043a\u0430 \u0434\u043e\u0431\u0430\u0432\u043b\u044f\u0435\u0442 \u0441\u043e\u0432\u0440\u0435\u043c\u0435\u043d\u043d\u044b\u0439 \u0448\u0442\u0440\u0438\u0445. \u0421 \u044d\u0442\u0438\u043c \u0432\u044b\u0431\u043e\u0440\u043e\u043c \u0432\u0430\u0448\u0430 \u043a\u0443\u0445\u043d\u044f \u043c\u043e\u0436\u0435\u0442 \u0431\u044b\u0442\u044c \u044d\u043b\u0435\u0433\u0430\u043d\u0442\u043d\u043e\u0439 \u0438 \u043e\u0434\u043d\u043e\u0432\u0440\u0435\u043c\u0435\u043d\u043d\u043e \u0444\u0443\u043d\u043a\u0446\u0438\u043e\u043d\u0430\u043b\u044c\u043d\u043e\u0439. \u0421 \u043a\u043e\u043b\u043b\u0435\u043a\u0446\u0438\u0435\u0439 Junona Line \u0432\u044b \u043c\u043e\u0436\u0435\u0442\u0435 \u0441\u043f\u0440\u043e\u0435\u043a\u0442\u0438\u0440\u043e\u0432\u0430\u0442\u044c \u043a\u0443\u0445\u043d\u044e, \u043a\u043e\u0442\u043e\u0440\u0430\u044f \u0441\u043e\u043e\u0442\u0432\u0435\u0442\u0441\u0442\u0432\u0443\u0435\u0442 \u0432\u0430\u0448\u0438\u043c \u043e\u0436\u0438\u0434\u0430\u043d\u0438\u044f\u043c \u0438 \u043f\u043e\u0442\u0440\u0435\u0431\u043d\u043e\u0441\u0442\u044f\u043c \u0432\u0430\u0448\u0435\u0439 \u0441\u0435\u043c\u044c\u0438. \u0412\u044b \u043d\u0430\u0439\u0434\u0435\u0442\u0435 \u043c\u043d\u043e\u0436\u0435\u0441\u0442\u0432\u043e \u0440\u0435\u0448\u0435\u043d\u0438\u0439, \u043a\u043e\u0442\u043e\u0440\u044b\u0435 \u043f\u043e\u043c\u043e\u0433\u0443\u0442 \u0432\u0430\u043c \u0440\u0430\u0437\u0443\u043c\u043d\u043e \u043e\u0440\u0433\u0430\u043d\u0438\u0437\u043e\u0432\u0430\u0442\u044c \u043a\u0443\u0445\u043e\u043d\u043d\u043e\u0435 \u043f\u0440\u043e\u0441\u0442\u0440\u0430\u043d\u0441\u0442\u0432\u043e.<\/p>\n<p>\u041a\u043e\u0434 \u0442\u043e\u0432\u0430\u0440\u0430 K24-GNWU\/57_LP-BI\/JSZP \u0421\u0438\u043c\u0432\u043e\u043b ZM EAN \u0428\u0438\u0440\u0438\u043d\u0430 60 \u0441\u043c \u0413\u043b\u0443\u0431\u0438\u043d\u0430 60 \u0441\u043c \u0412\u044b\u0441\u043e\u0442\u0430 57,5 \u0441\u043c \u041a\u043e\u043b\u043b\u0435\u043a\u0446\u0438\u044f Junona Line \u0426\u0432\u0435\u0442 \u0431\u0435\u043b\u044b\u0439\/\u0441\u0432\u0435\u0442\u043b\u043e-\u0441\u0435\u0440\u044b\u0439 \u0433\u043b\u044f\u043d\u0446\u0435\u0432\u044b\u0439 \u041e\u0442\u0442\u0435\u043d\u043e\u043a \u0441\u0435\u0440\u044b\u0439 \u0421\u0442\u0438\u043b\u044c \u0441\u043e\u0432\u0440\u0435\u043c\u0435\u043d\u043d\u044b\u0439 \u041a\u043e\u0440\u043f\u0443\u0441 \u043b\u0430\u043c\u0438\u043d\u0430\u0442 \u0424\u0430\u0441\u0430\u0434 \u043b\u0430\u043c\u0438\u043d\u0430\u0442 \u041a\u043e\u043b\u0438\u0447\u0435\u0441\u0442\u0432\u043e \u0434\u0432\u0435\u0440\u0435\u0439 1 \u0434\u0432\u0435\u0440\u044c \u0420\u0443\u0447\u043a\u0430 \u0441 \u0440\u0443\u0447\u043a\u0430\u043c\u0438 \u041f\u043e\u0434\u0441\u0432\u0435\u0442\u043a\u0430 \u043e\u043f\u0446\u0438\u043e\u043d\u0430\u043b\u044c\u043d\u043e \u041f\u0440\u043e\u0438\u0437\u0432\u043e\u0434\u0438\u0442\u0435\u043b\u044c Black Red White \u0422\u0438\u043f \u043c\u0435\u0431\u0435\u043b\u0438 \u041a\u0443\u0445\u043e\u043d\u043d\u044b\u0435 \u0448\u043a\u0430\u0444\u044b \u041d\u0414\u0421 23% EAN 5906123541862<\/p>","protected":false},"excerpt":{"rendered":"<p>\u0423\u0433\u043b\u043e\u0432\u043e\u0439 \u0432\u0435\u0440\u0445\u043d\u0438\u0439 \u0448\u043a\u0430\u0444 \u0438\u0437 \u043a\u043e\u043b\u043b\u0435\u043a\u0446\u0438\u0438 Junona Line. \u0423\u043c\u043d\u043e\u0435 \u0440\u0435\u0448\u0435\u043d\u0438\u0435 \u0434\u043b\u044f \u0438\u0441\u043f\u043e\u043b\u044c\u0437\u043e\u0432\u0430\u043d\u0438\u044f \u0443\u0433\u043b\u043e\u0432\u043e\u0433\u043e \u043f\u0440\u043e\u0441\u0442\u0440\u0430\u043d\u0441\u0442\u0432\u0430 \u043d\u0430 \u043a\u0443\u0445\u043d\u0435. \u041e\u043d \u043f\u043e\u0437\u0432\u043e\u043b\u044f\u0435\u0442 \u0438\u0441\u043f\u043e\u043b\u044c\u0437\u043e\u0432\u0430\u0442\u044c \u0443\u0433\u043b\u043e\u0432\u043e\u0435 \u043f\u0440\u043e\u0441\u0442\u0440\u0430\u043d\u0441\u0442\u0432\u043e, \u043a\u043e\u0442\u043e\u0440\u043e\u0435 \u0447\u0430\u0441\u0442\u043e \u043e\u0441\u0442\u0430\u0435\u0442\u0441\u044f \u043d\u0435\u0438\u0441\u043f\u043e\u043b\u044c\u0437\u043e\u0432\u0430\u043d\u043d\u044b\u043c. \u0421 \u043f\u043e\u043c\u043e\u0449\u044c\u044e \u044d\u0442\u043e\u0433\u043e \u0448\u043a\u0430\u0444\u0430 \u0432\u044b \u043f\u043e\u043b\u0443\u0447\u0438\u0442\u0435 \u0434\u043e\u043f\u043e\u043b\u043d\u0438\u0442\u0435\u043b\u044c\u043d\u043e\u0435 \u043c\u0435\u0441\u0442\u043e \u0434\u043b\u044f \u0445\u0440\u0430\u043d\u0435\u043d\u0438\u044f \u0440\u0430\u0437\u043b\u0438\u0447\u043d\u044b\u0445 \u043f\u0440\u0435\u0434\u043c\u0435\u0442\u043e\u0432, \u0442\u0430\u043a\u0438\u0445 \u043a\u0430\u043a \u043f\u043e\u0441\u0443\u0434\u0430, \u043a\u043e\u0444\u0435, \u0447\u0430\u0439 \u0438 \u0434\u0440\u0443\u0433\u0438\u0435 \u043f\u0440\u043e\u0434\u0443\u043a\u0442\u044b, \u0445\u0440\u0430\u043d\u044f\u0449\u0438\u0435\u0441\u044f \u0432 \u0431\u043e\u043b\u044c\u0448\u0438\u0445 \u043a\u043e\u043b\u0438\u0447\u0435\u0441\u0442\u0432\u0430\u0445. \u042d\u0442\u043e \u043e\u0442\u043b\u0438\u0447\u043d\u044b\u0439 \u0441\u043f\u043e\u0441\u043e\u0431 [\u2026]<\/p>","protected":false},"featured_media":268690,"comment_status":"open","ping_status":"open","template":"","meta":[],"product_brand":[],"product_cat":[9200,9118],"product_tag":[],"class_list":{"0":"post-268689","1":"product","2":"type-product","3":"status-publish","4":"has-post-thumbnail","6":"product_cat-black-red-white","7":"product_cat-kitchen-cabinets","9":"first","10":"instock","11":"purchasable","12":"product-type-simple"},"_links":{"self":[{"href":"https:\/\/baldumarket.lt\/ru\/wp-json\/wp\/v2\/product\/268689","targetHints":{"allow":["GET"]}}],"collection":[{"href":"https:\/\/baldumarket.lt\/ru\/wp-json\/wp\/v2\/product"}],"about":[{"href":"https:\/\/baldumarket.lt\/ru\/wp-json\/wp\/v2\/types\/product"}],"replies":[{"embeddable":true,"href":"https:\/\/baldumarket.lt\/ru\/wp-json\/wp\/v2\/comments?post=268689"}],"wp:featuredmedia":[{"embeddable":true,"href":"https:\/\/baldumarket.lt\/ru\/wp-json\/wp\/v2\/media\/268690"}],"wp:attachment":[{"href":"https:\/\/baldumarket.lt\/ru\/wp-json\/wp\/v2\/media?parent=268689"}],"wp:term":[{"taxonomy":"product_brand","embeddable":true,"href":"https:\/\/baldumarket.lt\/ru\/wp-json\/wp\/v2\/product_brand?post=268689"},{"taxonomy":"product_cat","embeddable":true,"href":"https:\/\/baldumarket.lt\/ru\/wp-json\/wp\/v2\/product_cat?post=268689"},{"taxonomy":"product_tag","embeddable":true,"href":"https:\/\/baldumarket.lt\/ru\/wp-json\/wp\/v2\/product_tag?post=268689"}],"curies":[{"name":"WP","href":"https:\/\/api.w.org\/{rel}","templated":true}]}}