{"id":268509,"date":"2026-01-14T00:54:43","date_gmt":"2026-01-13T21:54:43","guid":{"rendered":"https:\/\/baldumarket.lt\/product\/szafka-stojaca-z-trzema-szufladami-i-blatem-40x86-cm-junona-line-dab-bernstein-grafit\/"},"modified":"2026-02-11T18:17:48","modified_gmt":"2026-02-11T15:17:48","slug":"szafka-stojaca-z-trzema-szufladami-i-blatem-40x86-cm-junona-line-dab-bernstein-grafit","status":"publish","type":"product","link":"https:\/\/baldumarket.lt\/ru\/product\/szafka-stojaca-z-trzema-szufladami-i-blatem-40x86-cm-junona-line-dab-bernstein-grafit\/","title":{"rendered":"Pastatoma spintel\u0117 su Trimis Stal\u010diais ir Stalvir\u0161iu 40\u00d786 \u0441\u043c JUNONA LINE Bernstein \u0105\u017euolas\/grafitas"},"content":{"rendered":"<p>\u041d\u0430\u043f\u043e\u043b\u044c\u043d\u044b\u0439 \u0448\u043a\u0430\u0444 Junona Line \u0441 \u0432\u044b\u0434\u0432\u0438\u0436\u043d\u044b\u043c\u0438 \u044f\u0449\u0438\u043a\u0430\u043c\u0438 \u0438 \u0441\u0442\u043e\u043b\u0435\u0448\u043d\u0438\u0446\u0435\u0439 \u2013 \u0432\u0441\u0451 \u043f\u043e\u0434 \u043a\u043e\u043d\u0442\u0440\u043e\u043b\u0435\u043c. \u041d\u0430\u043f\u043e\u043b\u044c\u043d\u044b\u0439 \u0448\u043a\u0430\u0444 \u0441 \u0432\u044b\u0434\u0432\u0438\u0436\u043d\u044b\u043c\u0438 \u044f\u0449\u0438\u043a\u0430\u043c\u0438 \u2013 \u043d\u0435\u0437\u0430\u043c\u0435\u043d\u0438\u043c\u044b\u0439 \u043a\u0443\u0445\u043e\u043d\u043d\u044b\u0439 \u0430\u043a\u0441\u0435\u0441\u0441\u0443\u0430\u0440, \u043f\u043e\u043c\u043e\u0433\u0430\u044e\u0449\u0438\u0439 \u043f\u043e\u0434\u0434\u0435\u0440\u0436\u0438\u0432\u0430\u0442\u044c \u043f\u043e\u0440\u044f\u0434\u043e\u043a \u0438 \u043a\u043e\u043d\u0442\u0440\u043e\u043b\u0438\u0440\u043e\u0432\u0430\u0442\u044c \u0445\u0440\u0430\u043d\u0435\u043d\u0438\u0435 \u0432\u0435\u0449\u0435\u0439. \u042d\u0442\u043e\u0442 \u0448\u043a\u0430\u0444 \u0440\u0430\u0437\u043c\u0435\u0440\u043e\u043c 40\u00d786 \u0441\u043c \u0438\u043c\u0435\u0435\u0442 \u0434\u0432\u0430 \u0433\u043b\u0443\u0431\u043e\u043a\u0438\u0445 \u0438 \u043e\u0434\u0438\u043d \u043d\u0435\u0433\u043b\u0443\u0431\u043e\u043a\u0438\u0439 \u044f\u0449\u0438\u043a, \u0447\u0442\u043e \u0434\u0435\u043b\u0430\u0435\u0442 \u0435\u0433\u043e \u0438\u0434\u0435\u0430\u043b\u044c\u043d\u044b\u043c \u0434\u043b\u044f \u0445\u0440\u0430\u043d\u0435\u043d\u0438\u044f \u0440\u0430\u0437\u043b\u0438\u0447\u043d\u044b\u0445 \u043a\u0443\u0445\u043e\u043d\u043d\u044b\u0445 \u043f\u0440\u0438\u043d\u0430\u0434\u043b\u0435\u0436\u043d\u043e\u0441\u0442\u0435\u0439. \u0422\u0430\u043a\u043e\u0435 \u0440\u0430\u0437\u0434\u0435\u043b\u0435\u043d\u0438\u0435 \u0438\u0434\u0435\u0430\u043b\u044c\u043d\u043e \u043f\u043e\u0434\u0445\u043e\u0434\u0438\u0442 \u0434\u043b\u044f \u043a\u0430\u0441\u0442\u0440\u044e\u043b\u044c, \u043a\u0440\u044b\u0448\u0435\u043a, \u0441\u0442\u043e\u043b\u043e\u0432\u044b\u0445 \u043f\u0440\u0438\u0431\u043e\u0440\u043e\u0432, \u043d\u043e\u0436\u0435\u0439 \u0438 \u043c\u0435\u043b\u043a\u0438\u0445 \u0430\u043a\u0441\u0435\u0441\u0441\u0443\u0430\u0440\u043e\u0432, \u0442\u0430\u043a\u0438\u0445 \u043a\u0430\u043a \u043e\u0432\u043e\u0449\u0435\u0447\u0438\u0441\u0442\u043a\u0438 \u0438 \u043b\u043e\u043f\u0430\u0442\u043a\u0438. \u042f\u0449\u0438\u043a\u0438 \u043d\u0430 \u0440\u043e\u043b\u0438\u043a\u043e\u0432\u044b\u0445 \u043d\u0430\u043f\u0440\u0430\u0432\u043b\u044f\u044e\u0449\u0438\u0445 \u043e\u0431\u0435\u0441\u043f\u0435\u0447\u0438\u0432\u0430\u044e\u0442 \u043f\u043b\u0430\u0432\u043d\u0443\u044e \u0438 \u0431\u0435\u0441\u0448\u0443\u043c\u043d\u0443\u044e \u0440\u0430\u0431\u043e\u0442\u0443, \u043f\u043e\u0432\u044b\u0448\u0430\u044f \u043a\u043e\u043c\u0444\u043e\u0440\u0442.<\/p>\n<p>\u0412\u0441\u0442\u0440\u0430\u0438\u0432\u0430\u0435\u043c\u044b\u0439 \u0448\u043a\u0430\u0444 \u0438\u043c\u0435\u0435\u0442 \u0440\u0430\u0437\u043c\u0435\u0440\u044b 40\u00d760 \u0441\u043c. \u0421\u0442\u0438\u043b\u044c\u043d\u044b\u0439 \u0434\u0438\u0437\u0430\u0439\u043d \u0448\u043a\u0430\u0444\u0430 \u0432 \u0441\u043e\u0447\u0435\u0442\u0430\u043d\u0438\u0438 \u0441 \u0435\u0433\u043e \u0443\u043d\u0438\u0432\u0435\u0440\u0441\u0430\u043b\u044c\u043d\u043e\u0441\u0442\u044c\u044e \u0434\u043b\u044f \u0440\u0430\u0437\u043b\u0438\u0447\u043d\u044b\u0445 \u043f\u043b\u0430\u043d\u0438\u0440\u043e\u0432\u043e\u043a \u043a\u0443\u0445\u043d\u0438 \u0434\u0435\u043b\u0430\u0435\u0442 \u0435\u0433\u043e \u0438\u0434\u0435\u0430\u043b\u044c\u043d\u044b\u043c \u0434\u043e\u043f\u043e\u043b\u043d\u0435\u043d\u0438\u0435\u043c \u043a \u0441\u043e\u0432\u0440\u0435\u043c\u0435\u043d\u043d\u044b\u043c, \u0442\u0440\u0430\u0434\u0438\u0446\u0438\u043e\u043d\u043d\u044b\u043c \u0438 \u043a\u043b\u0430\u0441\u0441\u0438\u0447\u0435\u0441\u043a\u0438\u043c \u0438\u043d\u0442\u0435\u0440\u044c\u0435\u0440\u0430\u043c. \u0428\u043a\u0430\u0444 \u043e\u0442\u043b\u0438\u0447\u0430\u0435\u0442\u0441\u044f \u043c\u0438\u043d\u0438\u043c\u0430\u043b\u0438\u0441\u0442\u0438\u0447\u043d\u044b\u043c \u0434\u0438\u0437\u0430\u0439\u043d\u043e\u043c: \u043a\u043e\u0440\u043f\u0443\u0441 \u0438\u0437 \u0434\u0443\u0431\u0430 Bernstein \u0438 \u0444\u0430\u0441\u0430\u0434\u044b \u0433\u0440\u0430\u0444\u0438\u0442\u043e\u0432\u043e\u0433\u043e \u0446\u0432\u0435\u0442\u0430 \u0434\u043e\u043f\u043e\u043b\u043d\u0435\u043d\u044b \u0441\u0442\u0438\u043b\u044c\u043d\u043e\u0439 \u0440\u0430\u043c\u043e\u0439. \u041a\u043e\u043d\u0442\u0440\u0430\u0441\u0442\u043d\u0430\u044f \u0441\u0442\u043e\u043b\u0435\u0448\u043d\u0438\u0446\u0430 \u0438\u0437 \u0447\u0435\u0440\u043d\u043e\u0433\u043e \u0438 \u0437\u043e\u043b\u043e\u0442\u043e\u0433\u043e \u043c\u0435\u0442\u0430\u043b\u043b\u0438\u0447\u0435\u0441\u043a\u043e\u0433\u043e \u0441\u043b\u0430\u043d\u0446\u0430 \u0434\u043e\u0431\u0430\u0432\u043b\u044f\u0435\u0442 \u044d\u043b\u0435\u0433\u0430\u043d\u0442\u043d\u043e\u0441\u0442\u0438. \u0421\u043e\u0432\u0440\u0435\u043c\u0435\u043d\u043d\u044b\u0435 \u0440\u0443\u0447\u043a\u0438 \u0432 \u0444\u043e\u0440\u043c\u0435 \u0440\u0443\u0447\u0435\u043a \u0433\u0430\u0440\u043c\u043e\u043d\u0438\u0447\u043d\u043e \u0434\u043e\u043f\u043e\u043b\u043d\u044f\u044e\u0442 \u043e\u0431\u0449\u0438\u0439 \u0434\u0438\u0437\u0430\u0439\u043d.<\/p>\n<p>\u0423\u0437\u043d\u0430\u0439\u0442\u0435, \u043a\u0430\u043a \u0441\u043e\u0447\u0435\u0442\u0430\u0442\u044c \u043d\u0438\u0436\u043d\u0438\u0439 \u0448\u043a\u0430\u0444 \u0441 \u0434\u0440\u0443\u0433\u0438\u043c\u0438 \u044d\u043b\u0435\u043c\u0435\u043d\u0442\u0430\u043c\u0438 \u043a\u043e\u043b\u043b\u0435\u043a\u0446\u0438\u0438. \u041e\u0437\u043d\u0430\u043a\u043e\u043c\u044c\u0442\u0435\u0441\u044c \u0441 \u0434\u0440\u0443\u0433\u043e\u0439 \u043a\u0443\u0445\u043e\u043d\u043d\u043e\u0439 \u043c\u0435\u0431\u0435\u043b\u044c\u044e \u043b\u0438\u043d\u0438\u0438 Junona, \u0434\u043e\u0441\u0442\u0443\u043f\u043d\u043e\u0439 \u043d\u0430 emkameble.pl<\/p>\n<p>\u041a\u043e\u0434 \u0442\u043e\u0432\u0430\u0440\u0430 K24-D3S\/40\/82_ZBL-DBT\/GF\/LMC \u0428\u0438\u0440\u0438\u043d\u0430 40 \u0441\u043c \u0413\u043b\u0443\u0431\u0438\u043d\u0430 47 \u0441\u043c \u0412\u044b\u0441\u043e\u0442\u0430 85,7 \u0441\u043c \u041a\u043e\u043b\u043b\u0435\u043a\u0446\u0438\u044f Junona Line \u0426\u0432\u0435\u0442 \u0434\u0443\u0431 Bernstein\/\u0433\u0440\u0430\u0444\u0438\u0442 \u041e\u0442\u0442\u0435\u043d\u043e\u043a \u0433\u0440\u0430\u0444\u0438\u0442 \u0421\u043a\u0430\u043d\u0434\u0438\u043d\u0430\u0432\u0441\u043a\u0438\u0439 \u0441\u0442\u0438\u043b\u044c \u041c\u0430\u0442\u0435\u0440\u0438\u0430\u043b \u043b\u0430\u043c\u0438\u043d\u0430\u0442 \u041a\u043e\u0440\u043f\u0443\u0441 \u043b\u0430\u043c\u0438\u043d\u0430\u0442 \u041b\u0438\u0446\u0435\u0432\u0430\u044f \u043f\u0430\u043d\u0435\u043b\u044c \u043b\u0430\u043c\u0438\u043d\u0430\u0442 \u0421\u0442\u043e\u043b\u0435\u0448\u043d\u0438\u0446\u0430 \u043b\u0430\u043c\u0438\u043d\u0430\u0442 32 \u043c\u043c \u041a\u043e\u043b\u0438\u0447\u0435\u0441\u0442\u0432\u043e \u0434\u0432\u0435\u0440\u0435\u0439 \u0431\u0435\u0437 \u0434\u0432\u0435\u0440\u0435\u0439 \u041a\u043e\u043b\u0438\u0447\u0435\u0441\u0442\u0432\u043e \u044f\u0449\u0438\u043a\u043e\u0432 3 \u044f\u0449\u0438\u043a\u0430 \u0420\u0443\u0447\u043a\u0430 \u0441 \u0440\u0443\u0447\u043a\u0430\u043c\u0438 \u041f\u0440\u043e\u0438\u0437\u0432\u043e\u0434\u0438\u0442\u0435\u043b\u044c \u0427\u0435\u0440\u043d\u044b\u0439 \u041a\u0440\u0430\u0441\u043d\u044b\u0439 \u0411\u0435\u043b\u044b\u0439 \u0422\u0438\u043f \u043c\u0435\u0431\u0435\u043b\u0438 \u041a\u0443\u0445\u043e\u043d\u043d\u044b\u0435 \u0448\u043a\u0430\u0444\u044b \u041d\u0414\u0421 23% EAN 5906123046770<\/p>","protected":false},"excerpt":{"rendered":"<p>\u0422\u0443\u043c\u0431\u0430 \u043f\u043e\u0434 \u043a\u0443\u0445\u043e\u043d\u043d\u044b\u0435 \u0448\u043a\u0430\u0444\u044b Junona Line \u0441 \u0432\u044b\u0434\u0432\u0438\u0436\u043d\u044b\u043c\u0438 \u044f\u0449\u0438\u043a\u0430\u043c\u0438 \u0438 \u0441\u0442\u043e\u043b\u0435\u0448\u043d\u0438\u0446\u0435\u0439 \u2013 \u0432\u0441\u0451 \u043f\u043e\u0434 \u043a\u043e\u043d\u0442\u0440\u043e\u043b\u0435\u043c. \u0422\u0443\u043c\u0431\u0430 \u043f\u043e\u0434 \u043a\u0443\u0445\u043e\u043d\u043d\u044b\u0435 \u0448\u043a\u0430\u0444\u044b \u0441 \u0432\u044b\u0434\u0432\u0438\u0436\u043d\u044b\u043c\u0438 \u044f\u0449\u0438\u043a\u0430\u043c\u0438 \u2013 \u043d\u0435\u0437\u0430\u043c\u0435\u043d\u0438\u043c\u044b\u0439 \u043a\u0443\u0445\u043e\u043d\u043d\u044b\u0439 \u0430\u043a\u0441\u0435\u0441\u0441\u0443\u0430\u0440, \u043f\u043e\u043c\u043e\u0433\u0430\u044e\u0449\u0438\u0439 \u043f\u043e\u0434\u0434\u0435\u0440\u0436\u0438\u0432\u0430\u0442\u044c \u043f\u043e\u0440\u044f\u0434\u043e\u043a \u0438 \u043a\u043e\u043d\u0442\u0440\u043e\u043b\u0438\u0440\u043e\u0432\u0430\u0442\u044c \u0445\u0440\u0430\u043d\u0435\u043d\u0438\u0435 \u0432\u0435\u0449\u0435\u0439. \u042d\u0442\u0430 \u0442\u0443\u043c\u0431\u0430 \u0440\u0430\u0437\u043c\u0435\u0440\u043e\u043c 40\u00d786 \u0441\u043c \u0438\u043c\u0435\u0435\u0442 \u0434\u0432\u0430 \u0433\u043b\u0443\u0431\u043e\u043a\u0438\u0445 \u0438 \u043e\u0434\u0438\u043d \u043d\u0435\u0433\u043b\u0443\u0431\u043e\u043a\u0438\u0439 \u044f\u0449\u0438\u043a, \u0447\u0442\u043e \u0434\u0435\u043b\u0430\u0435\u0442 \u0435\u0451 \u0438\u0434\u0435\u0430\u043b\u044c\u043d\u043e\u0439 \u0434\u043b\u044f \u0445\u0440\u0430\u043d\u0435\u043d\u0438\u044f \u0440\u0430\u0437\u043b\u0438\u0447\u043d\u044b\u0445 \u043a\u0443\u0445\u043e\u043d\u043d\u044b\u0445 \u043f\u0440\u0438\u043d\u0430\u0434\u043b\u0435\u0436\u043d\u043e\u0441\u0442\u0435\u0439. \u042d\u0442\u0430 \u0441\u0435\u043a\u0446\u0438\u044f [\u2026]<\/p>","protected":false},"featured_media":268510,"comment_status":"open","ping_status":"open","template":"","meta":[],"product_brand":[],"product_cat":[9200,9118],"product_tag":[],"class_list":{"0":"post-268509","1":"product","2":"type-product","3":"status-publish","4":"has-post-thumbnail","6":"product_cat-black-red-white","7":"product_cat-kitchen-cabinets","9":"first","10":"instock","11":"purchasable","12":"product-type-simple"},"_links":{"self":[{"href":"https:\/\/baldumarket.lt\/ru\/wp-json\/wp\/v2\/product\/268509","targetHints":{"allow":["GET"]}}],"collection":[{"href":"https:\/\/baldumarket.lt\/ru\/wp-json\/wp\/v2\/product"}],"about":[{"href":"https:\/\/baldumarket.lt\/ru\/wp-json\/wp\/v2\/types\/product"}],"replies":[{"embeddable":true,"href":"https:\/\/baldumarket.lt\/ru\/wp-json\/wp\/v2\/comments?post=268509"}],"wp:featuredmedia":[{"embeddable":true,"href":"https:\/\/baldumarket.lt\/ru\/wp-json\/wp\/v2\/media\/268510"}],"wp:attachment":[{"href":"https:\/\/baldumarket.lt\/ru\/wp-json\/wp\/v2\/media?parent=268509"}],"wp:term":[{"taxonomy":"product_brand","embeddable":true,"href":"https:\/\/baldumarket.lt\/ru\/wp-json\/wp\/v2\/product_brand?post=268509"},{"taxonomy":"product_cat","embeddable":true,"href":"https:\/\/baldumarket.lt\/ru\/wp-json\/wp\/v2\/product_cat?post=268509"},{"taxonomy":"product_tag","embeddable":true,"href":"https:\/\/baldumarket.lt\/ru\/wp-json\/wp\/v2\/product_tag?post=268509"}],"curies":[{"name":"WP","href":"https:\/\/api.w.org\/{rel}","templated":true}]}}