{"id":268493,"date":"2026-01-14T00:54:27","date_gmt":"2026-01-13T21:54:27","guid":{"rendered":"https:\/\/baldumarket.lt\/product\/szafka-stojaca-z-trzema-szufladami-i-blatem-40x86-cm-junona-line-bialy-grafit\/"},"modified":"2026-02-11T18:17:48","modified_gmt":"2026-02-11T15:17:48","slug":"szafka-stojaca-z-trzema-szufladami-i-blatem-40x86-cm-junona-line-bialy-grafit","status":"publish","type":"product","link":"https:\/\/baldumarket.lt\/ru\/product\/szafka-stojaca-z-trzema-szufladami-i-blatem-40x86-cm-junona-line-bialy-grafit\/","title":{"rendered":"Pastatoma spintel\u0117 su trimis stal\u010diais ir stalvir\u0161iu 40&#215;86 cm JUNONA LINE balta\/grafito spalvos"},"content":{"rendered":"<p>Junona Line Base Cabinet with Drawers &#8211; Everything Under Control. A base cabinet with drawers is an indispensable kitchen accessory that helps maintain order and control over stored items. This 40&#215;86 cm cabinet features two deep drawers and one shallow drawer, making it perfect for storing a variety of kitchen accessories. Thanks to this division, it&#8217;s the perfect place for pots, lids, cutlery, knives, and small accessories like peelers and spatulas. The drawers run on roller guides, ensuring smooth and quiet operation, increasing comfort.<\/p>\n<p>The built-in cabinet occupies a space of 40&#215;60 cm. The cabinet&#8217;s stylish design, combined with its adaptability to a variety of kitchen layouts, makes it a perfect fit for modern, traditional, and classic interiors.<\/p>\n<p>The cabinet features a minimalist design, with a white body and graphite-colored fronts, complemented by a stylish frame. A contrasting gold craft oak countertop adds elegance. Modern, knob-shaped handles harmoniously complement the overall design. See how to match the base cabinet with other elements from the collection. Discover other Junona Line kitchen furniture available at emkameble.pl<\/p>\n<p>Product code K24-D3S\/40\/82_ZBL-BI\/GF\/DCRZ Width 40 cm Depth 47 cm Height 82.5 cm Collection Junona Line Color white\/graphite\/gold craft oak Graphite shade Style classic Material laminate Body laminate Front laminate Top laminate 32mm Number of doors without drawers Number of drawers 3-drawers Handle with handles Manufacturer Black Red White Type of furniture Kitchen cabinets VAT 23% EAN 5906123008174<\/p>\n","protected":false},"excerpt":{"rendered":"<p>Junona Line Base Cabinet with Drawers &#8211; Everything Under Control. A base cabinet with drawers is an indispensable kitchen accessory that helps maintain order and control over stored items. This 40&#215;86 cm cabinet features two deep drawers and one shallow drawer, making it perfect for storing a variety of kitchen accessories. Thanks to this division, [&hellip;]<\/p>\n","protected":false},"featured_media":268494,"comment_status":"open","ping_status":"open","template":"","meta":[],"product_brand":[],"product_cat":[9200,9118],"product_tag":[],"class_list":{"0":"post-268493","1":"product","2":"type-product","3":"status-publish","4":"has-post-thumbnail","6":"product_cat-black-red-white","7":"product_cat-kitchen-cabinets","9":"first","10":"instock","11":"purchasable","12":"product-type-simple"},"_links":{"self":[{"href":"https:\/\/baldumarket.lt\/ru\/wp-json\/wp\/v2\/product\/268493","targetHints":{"allow":["GET"]}}],"collection":[{"href":"https:\/\/baldumarket.lt\/ru\/wp-json\/wp\/v2\/product"}],"about":[{"href":"https:\/\/baldumarket.lt\/ru\/wp-json\/wp\/v2\/types\/product"}],"replies":[{"embeddable":true,"href":"https:\/\/baldumarket.lt\/ru\/wp-json\/wp\/v2\/comments?post=268493"}],"wp:featuredmedia":[{"embeddable":true,"href":"https:\/\/baldumarket.lt\/ru\/wp-json\/wp\/v2\/media\/268494"}],"wp:attachment":[{"href":"https:\/\/baldumarket.lt\/ru\/wp-json\/wp\/v2\/media?parent=268493"}],"wp:term":[{"taxonomy":"product_brand","embeddable":true,"href":"https:\/\/baldumarket.lt\/ru\/wp-json\/wp\/v2\/product_brand?post=268493"},{"taxonomy":"product_cat","embeddable":true,"href":"https:\/\/baldumarket.lt\/ru\/wp-json\/wp\/v2\/product_cat?post=268493"},{"taxonomy":"product_tag","embeddable":true,"href":"https:\/\/baldumarket.lt\/ru\/wp-json\/wp\/v2\/product_tag?post=268493"}],"curies":[{"name":"wp","href":"https:\/\/api.w.org\/{rel}","templated":true}]}}