{"id":267857,"date":"2026-01-14T00:45:03","date_gmt":"2026-01-13T21:45:03","guid":{"rendered":"https:\/\/baldumarket.lt\/product\/szafka-rtv-dwudrzwiowa-z-szuflada-loksa-160-cm-andersen-pine-white\/"},"modified":"2026-02-11T18:18:03","modified_gmt":"2026-02-11T15:18:03","slug":"szafka-rtv-dwudrzwiowa-z-szuflada-loksa-160-cm-andersen-pine-white","status":"publish","type":"product","link":"https:\/\/baldumarket.lt\/ru\/product\/szafka-rtv-dwudrzwiowa-z-szuflada-loksa-160-cm-andersen-pine-white\/","title":{"rendered":"Dvidur\u0117 TV spintel\u0117 su stal\u010diumi LOKSA, 160 \u0441\u043c, anderseno pu\u0161is, balta"},"content":{"rendered":"<p>\u0422\u0443\u043c\u0431\u0430 \u043f\u043e\u0434 \u0442\u0435\u043b\u0435\u0432\u0438\u0437\u043e\u0440 Loksa \u2013 \u0440\u0430\u0437\u0432\u043b\u0435\u043a\u0430\u0442\u0435\u043b\u044c\u043d\u044b\u0439 \u0446\u0435\u043d\u0442\u0440 \u0434\u043b\u044f \u0432\u0430\u0448\u0435\u0439 \u0433\u043e\u0441\u0442\u0438\u043d\u043e\u0439. \u0415\u0441\u043b\u0438 \u0432\u044b \u043c\u0435\u0447\u0442\u0430\u0435\u0442\u0435 \u043e \u0441\u043a\u0430\u043d\u0434\u0438\u043d\u0430\u0432\u0441\u043a\u043e\u043c \u0441\u0442\u0438\u043b\u0435 \u0432 \u0441\u0432\u043e\u0435\u043c \u0438\u043d\u0442\u0435\u0440\u044c\u0435\u0440\u0435, \u043a\u043e\u043b\u043b\u0435\u043a\u0446\u0438\u044f Loksa \u2013 \u0438\u0434\u0435\u0430\u043b\u044c\u043d\u044b\u0439 \u0432\u044b\u0431\u043e\u0440. \u0415\u0435 \u0445\u0430\u0440\u0430\u043a\u0442\u0435\u0440\u043d\u044b\u0435 \u0447\u0435\u0440\u0442\u044b, \u0442\u0430\u043a\u0438\u0435 \u043a\u0430\u043a \u043f\u0440\u043e\u0441\u0442\u044b\u0435 \u0444\u043e\u0440\u043c\u044b, \u0434\u0435\u043a\u043e\u0440\u0438\u0440\u043e\u0432\u0430\u043d\u043d\u044b\u0435 \u0440\u0430\u043c\u043e\u0447\u043d\u044b\u0435 \u0444\u0430\u0441\u0430\u0434\u044b, \u0441\u0442\u0438\u043b\u044c\u043d\u044b\u0435 \u0440\u0443\u0447\u043a\u0438 \u0438 \u043f\u0440\u0438\u0433\u043b\u0443\u0448\u0435\u043d\u043d\u044b\u0435 \u0446\u0432\u0435\u0442\u0430, \u0438\u0434\u0435\u0430\u043b\u044c\u043d\u043e \u0441\u043e\u043e\u0442\u0432\u0435\u0442\u0441\u0442\u0432\u0443\u044e\u0442 \u044d\u0441\u0442\u0435\u0442\u0438\u043a\u0435 \u0441\u043a\u0430\u043d\u0434\u0438\u043d\u0430\u0432\u0441\u043a\u043e\u0433\u043e \u0434\u0438\u0437\u0430\u0439\u043d\u0430. \u042d\u0442\u0430 \u043a\u043e\u043b\u043b\u0435\u043a\u0446\u0438\u044f \u043f\u0440\u0435\u0434\u043b\u0430\u0433\u0430\u0435\u0442 \u0448\u0438\u0440\u043e\u043a\u0438\u0439 \u0432\u044b\u0431\u043e\u0440 \u043c\u0435\u0431\u0435\u043b\u0438, \u043f\u043e\u0437\u0432\u043e\u043b\u044f\u044e\u0449\u0435\u0439 \u043e\u0431\u0443\u0441\u0442\u0440\u043e\u0438\u0442\u044c \u0432\u0430\u0448\u0443 \u0433\u043e\u0441\u0442\u0438\u043d\u0443\u044e \u0438 \u043f\u0440\u0438\u0445\u043e\u0436\u0443\u044e \u0432 \u0441\u043e\u043e\u0442\u0432\u0435\u0442\u0441\u0442\u0432\u0438\u0438 \u0441 \u044d\u0442\u0438\u043c \u0441\u0442\u0438\u043b\u0435\u043c. \u0422\u0443\u043c\u0431\u0430 \u043f\u043e\u0434 \u0442\u0435\u043b\u0435\u0432\u0438\u0437\u043e\u0440 Loksa \u0441\u0442\u0430\u043d\u0435\u0442 \u0446\u0435\u043d\u0442\u0440\u0430\u043b\u044c\u043d\u044b\u043c \u044d\u043b\u0435\u043c\u0435\u043d\u0442\u043e\u043c \u0440\u0430\u0437\u0432\u043b\u0435\u043a\u0430\u0442\u0435\u043b\u044c\u043d\u043e\u0439 \u0437\u043e\u043d\u044b \u0432\u0430\u0448\u0435\u0439 \u0433\u043e\u0441\u0442\u0438\u043d\u043e\u0439. \u042d\u0442\u043e \u043c\u0435\u0441\u0442\u043e \u0434\u043b\u044f \u0440\u0430\u0437\u043c\u0435\u0449\u0435\u043d\u0438\u044f \u0442\u0435\u043b\u0435\u0432\u0438\u0437\u043e\u0440\u0430, \u043a\u043e\u0442\u043e\u0440\u044b\u043c \u0432\u044b \u0441\u043c\u043e\u0436\u0435\u0442\u0435 \u043d\u0430\u0441\u043b\u0430\u0436\u0434\u0430\u0442\u044c\u0441\u044f \u0441 \u0441\u0435\u043c\u044c\u0435\u0439 \u0438 \u0434\u0440\u0443\u0437\u044c\u044f\u043c\u0438. \u042d\u0442\u043e \u0442\u0430\u043a\u0436\u0435 \u043c\u0435\u0441\u0442\u043e \u0434\u043b\u044f \u0445\u0440\u0430\u043d\u0435\u043d\u0438\u044f \u0432\u0430\u0448\u0435\u0439 \u043a\u043e\u043d\u0441\u043e\u043b\u0438, \u0433\u0435\u0439\u043c\u043f\u0430\u0434\u043e\u0432 \u0438 \u043a\u043e\u043b\u043b\u0435\u043a\u0446\u0438\u0438 \u0444\u0438\u043b\u044c\u043c\u043e\u0432. \u0414\u0432\u0430 \u0448\u043a\u0430\u0444\u0430, \u043a\u043e\u043c\u043f\u0430\u043a\u0442\u043d\u044b\u0439 \u044f\u0449\u0438\u043a \u0438 \u043e\u0442\u043a\u0440\u044b\u0442\u0430\u044f \u043f\u043e\u043b\u043a\u0430 \u043f\u0440\u0435\u0434\u043e\u0441\u0442\u0430\u0432\u043b\u044f\u044e\u0442 \u043c\u043d\u043e\u0436\u0435\u0441\u0442\u0432\u043e \u0432\u0430\u0440\u0438\u0430\u043d\u0442\u043e\u0432 \u043e\u0440\u0433\u0430\u043d\u0438\u0437\u0430\u0446\u0438\u0438 \u043f\u0440\u043e\u0441\u0442\u0440\u0430\u043d\u0441\u0442\u0432\u0430. \u041a\u0440\u043e\u043c\u0435 \u0442\u043e\u0433\u043e, \u0441\u043f\u0435\u0446\u0438\u0430\u043b\u044c\u043d\u043e\u0435 \u0432\u0435\u043d\u0442\u0438\u043b\u044f\u0446\u0438\u043e\u043d\u043d\u043e\u0435 \u043e\u0442\u0432\u0435\u0440\u0441\u0442\u0438\u0435 \u043f\u043e\u0437\u0432\u043e\u043b\u044f\u0435\u0442 \u0443\u0434\u043e\u0431\u043d\u043e \u0441\u043f\u0440\u044f\u0442\u0430\u0442\u044c \u043a\u0430\u0431\u0435\u043b\u0438 \u043e\u0442 \u044d\u043b\u0435\u043a\u0442\u0440\u043e\u043d\u043d\u043e\u0439 \u0442\u0435\u0445\u043d\u0438\u043a\u0438. \u0426\u0432\u0435\u0442\u043e\u0432\u0430\u044f \u0433\u0430\u043c\u043c\u0430 \u0442\u0443\u043c\u0431\u044b \u043f\u043e\u0434 \u0442\u0435\u043b\u0435\u0432\u0438\u0437\u043e\u0440 \u0433\u0430\u0440\u043c\u043e\u043d\u0438\u0440\u0443\u0435\u0442 \u0441 \u043e\u0441\u0442\u0430\u043b\u044c\u043d\u043e\u0439 \u043a\u043e\u043b\u043b\u0435\u043a\u0446\u0438\u0435\u0439 Loksa, \u0441\u043e\u0437\u0434\u0430\u0432\u0430\u044f \u0433\u0430\u0440\u043c\u043e\u043d\u0438\u0447\u043d\u043e\u0435 \u0446\u0435\u043b\u043e\u0435 \u0432 \u0432\u0430\u0448\u0435\u043c \u0438\u043d\u0442\u0435\u0440\u044c\u0435\u0440\u0435. \u0421\u0442\u043e\u043b\u0435\u0448\u043d\u0438\u0446\u0430 \u0438\u0437 \u0434\u0443\u0431\u0430 Grandson \u043f\u0440\u0435\u043a\u0440\u0430\u0441\u043d\u043e \u043a\u043e\u043d\u0442\u0440\u0430\u0441\u0442\u0438\u0440\u0443\u0435\u0442 \u0441 \u0431\u0435\u043b\u044b\u043c \u043a\u043e\u0440\u043f\u0443\u0441\u043e\u043c \u0438 \u0444\u0430\u0441\u0430\u0434\u0430\u043c\u0438 \u0438\u0437 \u0441\u043e\u0441\u043d\u044b Andersen. \u0414\u0435\u043a\u043e\u0440\u0430\u0442\u0438\u0432\u043d\u044b\u0435 \u044d\u043b\u0435\u043c\u0435\u043d\u0442\u044b \u0432 \u0440\u0430\u043c\u0430\u0445 \u0438 \u0441\u0442\u0438\u043b\u044c\u043d\u044b\u0435 \u0440\u0443\u0447\u043a\u0438 \u0434\u043e\u0431\u0430\u0432\u043b\u044f\u044e\u0442 \u044d\u043b\u0435\u0433\u0430\u043d\u0442\u043d\u043e\u0441\u0442\u0438 \u0438 \u0438\u043d\u0434\u0438\u0432\u0438\u0434\u0443\u0430\u043b\u044c\u043d\u043e\u0441\u0442\u0438. \u042d\u0442\u0430 \u0442\u0443\u043c\u0431\u0430 \u043f\u043e\u0434 \u0442\u0435\u043b\u0435\u0432\u0438\u0437\u043e\u0440 \u0432 \u0441\u043a\u0430\u043d\u0434\u0438\u043d\u0430\u0432\u0441\u043a\u043e\u043c \u0441\u0442\u0438\u043b\u0435 \u0438\u0434\u0435\u0430\u043b\u044c\u043d\u043e \u0434\u043e\u043f\u043e\u043b\u043d\u0438\u0442 \u043d\u0435 \u0442\u043e\u043b\u044c\u043a\u043e \u0433\u043e\u0441\u0442\u0438\u043d\u0443\u044e, \u043d\u043e \u0438 \u0441\u043f\u0430\u043b\u044c\u043d\u044e \u0438\u043b\u0438 \u043b\u044e\u0431\u0443\u044e \u0434\u0440\u0443\u0433\u0443\u044e \u043a\u043e\u043c\u043d\u0430\u0442\u0443, \u0433\u0434\u0435 \u043d\u0435\u043e\u0431\u0445\u043e\u0434\u0438\u043c\u043e \u0444\u0443\u043d\u043a\u0446\u0438\u043e\u043d\u0430\u043b\u044c\u043d\u043e\u0435 \u0438 \u044d\u0441\u0442\u0435\u0442\u0438\u0447\u043d\u043e\u0435 \u043c\u0435\u0441\u0442\u043e \u0434\u043b\u044f \u0445\u0440\u0430\u043d\u0435\u043d\u0438\u044f. \u042d\u0442\u043e\u0442 \u043f\u0440\u0435\u0434\u043c\u0435\u0442 \u043c\u0435\u0431\u0435\u043b\u0438 \u043b\u0435\u0433\u043a\u043e \u0441\u043e\u0447\u0435\u0442\u0430\u0435\u0442\u0441\u044f \u0441 \u0434\u0440\u0443\u0433\u0438\u043c\u0438 \u043f\u0440\u0435\u0434\u043c\u0435\u0442\u0430\u043c\u0438 \u0438\u0437 \u043a\u043e\u043b\u043b\u0435\u043a\u0446\u0438\u0438 Loksa \u0438\u043b\u0438 \u0433\u0430\u0440\u043c\u043e\u043d\u0438\u0440\u0443\u0435\u0442 \u0441 \u0434\u0440\u0443\u0433\u043e\u0439 \u043c\u0435\u0431\u0435\u043b\u044c\u044e, \u0441\u043e\u0437\u0434\u0430\u0432\u0430\u044f \u0446\u0435\u043b\u043e\u0441\u0442\u043d\u044b\u0439 \u0434\u0438\u0437\u0430\u0439\u043d \u0438\u043d\u0442\u0435\u0440\u044c\u0435\u0440\u0430.<\/p>\n<p>\u041a\u043e\u0434 \u0442\u043e\u0432\u0430\u0440\u0430 S455-RTV2D1S-APW \u0421\u0438\u043c\u0432\u043e\u043b ZM EAN \u0428\u0438\u0440\u0438\u043d\u0430 160 \u0441\u043c \u0413\u043b\u0443\u0431\u0438\u043d\u0430 44 \u0441\u043c \u0412\u044b\u0441\u043e\u0442\u0430 50,5 \u0441\u043c \u041a\u043e\u043b\u043b\u0435\u043a\u0446\u0438\u044f Loksa \u0426\u0432\u0435\u0442 Andersen Pine White \u041e\u0442\u0442\u0435\u043d\u043e\u043a \u0441\u0432\u0435\u0442\u043b\u043e\u0435 \u0434\u0435\u0440\u0435\u0432\u043e \u0421\u0442\u0438\u043b\u044c \u0421\u043a\u0430\u043d\u0434\u0438\u043d\u0430\u0432\u0441\u043a\u0438\u0439 \u041c\u0430\u0442\u0435\u0440\u0438\u0430\u043b \u043b\u0430\u043c\u0438\u043d\u0430\u0442 \u041a\u043e\u043b\u0438\u0447\u0435\u0441\u0442\u0432\u043e \u0434\u0432\u0435\u0440\u0435\u0439 2 \u0434\u0432\u0435\u0440\u0438 \u041a\u043e\u043b\u0438\u0447\u0435\u0441\u0442\u0432\u043e \u044f\u0449\u0438\u043a\u043e\u0432 1 \u044f\u0449\u0438\u043a \u0420\u0443\u0447\u043a\u0430 \u0441 \u0440\u0443\u0447\u043a\u0430\u043c\u0438 \u041f\u0440\u043e\u0438\u0437\u0432\u043e\u0434\u0438\u0442\u0435\u043b\u044c Black Red White \u0422\u0438\u043f \u043c\u0435\u0431\u0435\u043b\u0438 \u0422\u0443\u043c\u0431\u044b \u043f\u043e\u0434 \u0442\u0435\u043b\u0435\u0432\u0438\u0437\u043e\u0440 \u041d\u0414\u0421 23% EAN 5906123607520<\/p>","protected":false},"excerpt":{"rendered":"<p>The Loksa TV stand \u2013 an entertainment center for your living room. If you dream of Scandinavian style in your interior, the Loksa collection is the perfect choice. Its characteristic features, such as simple shapes, decorated framed fronts, stylish handles, and muted colors, perfectly fit the aesthetic of Scandinavian design. This collection offers a wide [&hellip;]<\/p>","protected":false},"featured_media":267858,"comment_status":"open","ping_status":"open","template":"","meta":[],"product_brand":[],"product_cat":[9200,1175],"product_tag":[],"class_list":{"0":"post-267857","1":"product","2":"type-product","3":"status-publish","4":"has-post-thumbnail","6":"product_cat-black-red-white","7":"product_cat-tv-stands","9":"first","10":"instock","11":"purchasable","12":"product-type-simple"},"_links":{"self":[{"href":"https:\/\/baldumarket.lt\/ru\/wp-json\/wp\/v2\/product\/267857","targetHints":{"allow":["GET"]}}],"collection":[{"href":"https:\/\/baldumarket.lt\/ru\/wp-json\/wp\/v2\/product"}],"about":[{"href":"https:\/\/baldumarket.lt\/ru\/wp-json\/wp\/v2\/types\/product"}],"replies":[{"embeddable":true,"href":"https:\/\/baldumarket.lt\/ru\/wp-json\/wp\/v2\/comments?post=267857"}],"wp:featuredmedia":[{"embeddable":true,"href":"https:\/\/baldumarket.lt\/ru\/wp-json\/wp\/v2\/media\/267858"}],"wp:attachment":[{"href":"https:\/\/baldumarket.lt\/ru\/wp-json\/wp\/v2\/media?parent=267857"}],"wp:term":[{"taxonomy":"product_brand","embeddable":true,"href":"https:\/\/baldumarket.lt\/ru\/wp-json\/wp\/v2\/product_brand?post=267857"},{"taxonomy":"product_cat","embeddable":true,"href":"https:\/\/baldumarket.lt\/ru\/wp-json\/wp\/v2\/product_cat?post=267857"},{"taxonomy":"product_tag","embeddable":true,"href":"https:\/\/baldumarket.lt\/ru\/wp-json\/wp\/v2\/product_tag?post=267857"}],"curies":[{"name":"WP","href":"https:\/\/api.w.org\/{rel}","templated":true}]}}