{"id":267471,"date":"2026-01-14T00:39:11","date_gmt":"2026-01-13T21:39:11","guid":{"rendered":"https:\/\/baldumarket.lt\/product\/szafka-na-buty-trzydrzwiowa-metalowa-fly-50x1035x15-bialy\/"},"modified":"2026-02-11T18:18:08","modified_gmt":"2026-02-11T15:18:08","slug":"szafka-na-buty-trzydrzwiowa-metalowa-fly-50x1035x15-bialy","status":"publish","type":"product","link":"https:\/\/baldumarket.lt\/ru\/product\/szafka-na-buty-trzydrzwiowa-metalowa-fly-50x1035x15-bialy\/","title":{"rendered":"Fly trij\u0173 dur\u0173 metalin\u0117 bat\u0173 spintel\u0117 50\u00d7103,5\u00d715 \u0431\u0430\u043b\u0442\u0430"},"content":{"rendered":"<p>\u0428\u043a\u0430\u0444 \u0434\u043b\u044f \u043e\u0431\u0443\u0432\u0438 Fly 3K \u2013 \u044d\u0444\u0444\u0435\u043a\u0442\u0438\u0432\u043d\u0430\u044f \u043e\u0440\u0433\u0430\u043d\u0438\u0437\u0430\u0446\u0438\u044f \u043f\u0440\u043e\u0441\u0442\u0440\u0430\u043d\u0441\u0442\u0432\u0430. \u0414\u0438\u0437\u0430\u0439\u043d \u0438 \u0444\u0443\u043d\u043a\u0446\u0438\u043e\u043d\u0430\u043b\u044c\u043d\u043e\u0441\u0442\u044c. \u0428\u043a\u0430\u0444 \u0434\u043b\u044f \u043e\u0431\u0443\u0432\u0438 Fly 3K \u0438\u0434\u0435\u0430\u043b\u044c\u043d\u043e \u043f\u043e\u0434\u0445\u043e\u0434\u0438\u0442 \u0434\u043b\u044f \u0441\u043e\u0432\u0440\u0435\u043c\u0435\u043d\u043d\u044b\u0445, \u0444\u0443\u043d\u043a\u0446\u0438\u043e\u043d\u0430\u043b\u044c\u043d\u044b\u0445 \u0438\u043d\u0442\u0435\u0440\u044c\u0435\u0440\u043e\u0432, \u0433\u0434\u0435 \u0432\u0430\u0436\u043d\u0430 \u043f\u0440\u043e\u0434\u0443\u043c\u0430\u043d\u043d\u0430\u044f \u043e\u0440\u0433\u0430\u043d\u0438\u0437\u0430\u0446\u0438\u044f. \u0415\u0433\u043e \u043a\u043e\u043c\u043f\u0430\u043a\u0442\u043d\u044b\u0435 \u0440\u0430\u0437\u043c\u0435\u0440\u044b (50\u00d7103,5\u00d715 \u0441\u043c) \u043f\u043e\u0437\u0432\u043e\u043b\u044f\u044e\u0442 \u043b\u0435\u0433\u043a\u043e \u0440\u0430\u0437\u043c\u0435\u0441\u0442\u0438\u0442\u044c \u0435\u0433\u043e \u0432 \u0443\u0437\u043a\u043e\u043c \u043a\u043e\u0440\u0438\u0434\u043e\u0440\u0435, \u0430 \u0442\u0440\u0438 \u043e\u0442\u043a\u0438\u0434\u043d\u044b\u0445 \u043e\u0442\u0434\u0435\u043b\u0435\u043d\u0438\u044f \u0432\u043c\u0435\u0449\u0430\u044e\u0442 \u0431\u043e\u043b\u044c\u0448\u0443\u044e \u043a\u043e\u043b\u043b\u0435\u043a\u0446\u0438\u044e \u043e\u0431\u0443\u0432\u0438 \u2013 \u0438\u0434\u0435\u0430\u043b\u044c\u043d\u043e \u0434\u043b\u044f \u0441\u0435\u043c\u0435\u0439\u043d\u043e\u0433\u043e \u0434\u043e\u043c\u0430 \u0438\u043b\u0438 \u0442\u0435\u0445, \u043a\u0442\u043e \u0446\u0435\u043d\u0438\u0442 \u043f\u043e\u0440\u044f\u0434\u043e\u043a. \u041c\u0430\u0442\u043e\u0432\u043e\u0435 \u043f\u043e\u043a\u0440\u044b\u0442\u0438\u0435 \u0438 \u043c\u0435\u0442\u0430\u043b\u043b\u0438\u0447\u0435\u0441\u043a\u0430\u044f \u043a\u043e\u043d\u0441\u0442\u0440\u0443\u043a\u0446\u0438\u044f \u043e\u0431\u0435\u0441\u043f\u0435\u0447\u0438\u0432\u0430\u044e\u0442 \u0434\u043e\u043b\u0433\u043e\u0432\u0435\u0447\u043d\u043e\u0441\u0442\u044c \u0438 \u044d\u0441\u0442\u0435\u0442\u0438\u0447\u0435\u0441\u043a\u0443\u044e \u043f\u0440\u0438\u0432\u043b\u0435\u043a\u0430\u0442\u0435\u043b\u044c\u043d\u043e\u0441\u0442\u044c. \u0412\u0441\u0442\u0440\u043e\u0435\u043d\u043d\u044b\u0435 \u0440\u0443\u0447\u043a\u0438 \u043f\u043e\u0434\u0447\u0435\u0440\u043a\u0438\u0432\u0430\u044e\u0442 \u043c\u0438\u043d\u0438\u043c\u0430\u043b\u0438\u0441\u0442\u0438\u0447\u043d\u044b\u0439 \u0441\u0442\u0438\u043b\u044c \u0438 \u043e\u0431\u043b\u0435\u0433\u0447\u0430\u044e\u0442 \u043f\u043e\u0432\u0441\u0435\u0434\u043d\u0435\u0432\u043d\u043e\u0435 \u0438\u0441\u043f\u043e\u043b\u044c\u0437\u043e\u0432\u0430\u043d\u0438\u0435. \u0414\u043e\u0441\u0442\u0443\u043f\u0435\u043d \u0432 \u0434\u0432\u0443\u0445 \u0443\u043d\u0438\u0432\u0435\u0440\u0441\u0430\u043b\u044c\u043d\u044b\u0445 \u0446\u0432\u0435\u0442\u0430\u0445 \u2013 \u0431\u0435\u043b\u043e\u043c \u0438 \u0430\u043d\u0442\u0440\u0430\u0446\u0438\u0442\u043e\u0432\u043e\u043c \u2013 \u044d\u0442\u043e\u0442 \u0448\u043a\u0430\u0444 \u043f\u043e\u0434\u043e\u0439\u0434\u0435\u0442 \u043a \u043b\u044e\u0431\u043e\u043c\u0443 \u0438\u043d\u0442\u0435\u0440\u044c\u0435\u0440\u0443. \u0425\u0430\u0440\u0430\u043a\u0442\u0435\u0440\u0438\u0441\u0442\u0438\u043a\u0438: \u0420\u0430\u0437\u043c\u0435\u0440\u044b: 50\u00d7103,5\u00d715 \u0441\u043c \u2013 \u0442\u0440\u0438 \u043e\u0442\u0434\u0435\u043b\u0435\u043d\u0438\u044f \u0434\u043b\u044f \u043e\u0431\u0443\u0432\u0438 \u0432 \u0443\u0437\u043a\u043e\u043c \u043a\u043e\u0440\u043f\u0443\u0441\u0435. \u041c\u0435\u0442\u0430\u043b\u043b \u0441 \u043f\u043e\u0440\u043e\u0448\u043a\u043e\u0432\u044b\u043c \u043f\u043e\u043a\u0440\u044b\u0442\u0438\u0435\u043c \u2013 \u043f\u0440\u043e\u0447\u043d\u044b\u0439 \u0438 \u0443\u0441\u0442\u043e\u0439\u0447\u0438\u0432\u044b\u0439 \u043a \u0446\u0430\u0440\u0430\u043f\u0438\u043d\u0430\u043c. \u041e\u0442\u043a\u0438\u0434\u043d\u044b\u0435 \u0444\u0430\u0441\u0430\u0434\u044b \u0441\u043e \u0432\u0441\u0442\u0440\u043e\u0435\u043d\u043d\u043e\u0439 \u0440\u0443\u0447\u043a\u043e\u0439 \u2013 \u0443\u0434\u043e\u0431\u043d\u044b \u0438 \u0441\u043e\u0432\u0440\u0435\u043c\u0435\u043d\u043d\u044b. \u041c\u0438\u043d\u0438\u043c\u0430\u043b\u0438\u0441\u0442\u0438\u0447\u043d\u044b\u0439 \u0441\u0442\u0438\u043b\u044c \u2013 \u0438\u0434\u0435\u0430\u043b\u044c\u043d\u043e \u043f\u043e\u0434\u0445\u043e\u0434\u0438\u0442 \u0434\u043b\u044f \u043a\u043e\u0440\u0438\u0434\u043e\u0440\u043e\u0432, \u043f\u0440\u0438\u0445\u043e\u0436\u0438\u0445 \u0438 \u0433\u0430\u0440\u0434\u0435\u0440\u043e\u0431\u043d\u044b\u0445. \u0426\u0432\u0435\u0442: \u0431\u0435\u043b\u044b\u0439. \u041a\u0440\u0430\u0442\u043a\u043e\u0435 \u043e\u043f\u0438\u0441\u0430\u043d\u0438\u0435: \u0428\u043a\u0430\u0444 Fly 3K \u2014 \u044d\u0442\u043e \u043f\u0440\u043e\u0447\u043d\u043e\u0435 \u0438 \u044d\u0441\u0442\u0435\u0442\u0438\u0447\u0435\u0441\u043a\u0438 \u043f\u0440\u0438\u0432\u043b\u0435\u043a\u0430\u0442\u0435\u043b\u044c\u043d\u043e\u0435 \u0440\u0435\u0448\u0435\u043d\u0438\u0435 \u0434\u043b\u044f \u0445\u0440\u0430\u043d\u0435\u043d\u0438\u044f \u043e\u0431\u0443\u0432\u0438 \u0432 \u0443\u0437\u043a\u0438\u0445 \u043f\u043e\u043c\u0435\u0449\u0435\u043d\u0438\u044f\u0445. \u0422\u0440\u0438 \u043f\u0440\u0430\u043a\u0442\u0438\u0447\u043d\u044b\u0445 \u043e\u0442\u0434\u0435\u043b\u0435\u043d\u0438\u044f, \u043c\u0435\u0442\u0430\u043b\u043b\u0438\u0447\u0435\u0441\u043a\u0430\u044f \u043a\u043e\u043d\u0441\u0442\u0440\u0443\u043a\u0446\u0438\u044f \u0438 \u044d\u043b\u0435\u0433\u0430\u043d\u0442\u043d\u044b\u0439 \u0432\u043d\u0435\u0448\u043d\u0438\u0439 \u0432\u0438\u0434 \u0434\u0435\u043b\u0430\u044e\u0442 \u0435\u0433\u043e \u0444\u0443\u043d\u043a\u0446\u0438\u043e\u043d\u0430\u043b\u044c\u043d\u044b\u043c \u043f\u0440\u0435\u0434\u043c\u0435\u0442\u043e\u043c \u043c\u0435\u0431\u0435\u043b\u0438, \u043a\u043e\u0442\u043e\u0440\u044b\u0439 \u043f\u0440\u043e\u0441\u043b\u0443\u0436\u0438\u0442 \u0434\u043e\u043b\u0433\u0438\u0435 \u0433\u043e\u0434\u044b.<\/p>\n<p>\u041a\u043e\u0434 \u0442\u043e\u0432\u0430\u0440\u0430 MT_SPP-SFB3K-FLY-BI \u0428\u0438\u0440\u0438\u043d\u0430 50 \u0441\u043c \u0413\u043b\u0443\u0431\u0438\u043d\u0430 15 \u0441\u043c \u0412\u044b\u0441\u043e\u0442\u0430 103,5 \u0441\u043c \u041a\u043e\u043b\u043b\u0435\u043a\u0446\u0438\u044f Fly \u0426\u0432\u0435\u0442 \u0431\u0435\u043b\u044b\u0439 \u041e\u0442\u0442\u0435\u043d\u043e\u043a \u0431\u0435\u043b\u044b\u0439 \u0421\u0442\u0438\u043b\u044c \u0441\u043e\u0432\u0440\u0435\u043c\u0435\u043d\u043d\u044b\u0439 \u041c\u0430\u0442\u0435\u0440\u0438\u0430\u043b \u043c\u0435\u0442\u0430\u043b\u043b \u041f\u0440\u043e\u0438\u0437\u0432\u043e\u0434\u0438\u0442\u0435\u043b\u044c \u0427\u0435\u0440\u043d\u044b\u0439 \u041a\u0440\u0430\u0441\u043d\u044b\u0439 \u0411\u0435\u043b\u044b\u0439 \u0422\u0438\u043f \u043c\u0435\u0431\u0435\u043b\u0438 \u041f\u043e\u043b\u043a\u0438 \u0438 \u0432\u0438\u0442\u0440\u0438\u043d\u044b \u041d\u0414\u0421 23% EAN 5906123122566<\/p>","protected":false},"excerpt":{"rendered":"<p>\u0428\u043a\u0430\u0444 \u0434\u043b\u044f \u043e\u0431\u0443\u0432\u0438 Fly 3K \u2013 \u044d\u0444\u0444\u0435\u043a\u0442\u0438\u0432\u043d\u0430\u044f \u043e\u0440\u0433\u0430\u043d\u0438\u0437\u0430\u0446\u0438\u044f \u043f\u0440\u043e\u0441\u0442\u0440\u0430\u043d\u0441\u0442\u0432\u0430. \u0414\u0438\u0437\u0430\u0439\u043d \u0438 \u0444\u0443\u043d\u043a\u0446\u0438\u043e\u043d\u0430\u043b\u044c\u043d\u043e\u0441\u0442\u044c. \u0428\u043a\u0430\u0444 \u0434\u043b\u044f \u043e\u0431\u0443\u0432\u0438 Fly 3K \u0438\u0434\u0435\u0430\u043b\u044c\u043d\u043e \u043f\u043e\u0434\u0445\u043e\u0434\u0438\u0442 \u0434\u043b\u044f \u0441\u043e\u0432\u0440\u0435\u043c\u0435\u043d\u043d\u044b\u0445, \u0444\u0443\u043d\u043a\u0446\u0438\u043e\u043d\u0430\u043b\u044c\u043d\u044b\u0445 \u0438\u043d\u0442\u0435\u0440\u044c\u0435\u0440\u043e\u0432, \u0433\u0434\u0435 \u043f\u0440\u043e\u0434\u0443\u043c\u0430\u043d\u043d\u0430\u044f \u043e\u0440\u0433\u0430\u043d\u0438\u0437\u0430\u0446\u0438\u044f \u0438\u043c\u0435\u0435\u0442 \u043f\u0435\u0440\u0432\u043e\u0441\u0442\u0435\u043f\u0435\u043d\u043d\u043e\u0435 \u0437\u043d\u0430\u0447\u0435\u043d\u0438\u0435. \u0415\u0433\u043e \u043a\u043e\u043c\u043f\u0430\u043a\u0442\u043d\u044b\u0435 \u0440\u0430\u0437\u043c\u0435\u0440\u044b (50\u00d7103,5\u00d715 \u0441\u043c) \u043f\u043e\u0437\u0432\u043e\u043b\u044f\u044e\u0442 \u043b\u0435\u0433\u043a\u043e \u0440\u0430\u0437\u043c\u0435\u0441\u0442\u0438\u0442\u044c \u0435\u0433\u043e \u0432 \u0443\u0437\u043a\u043e\u043c \u043a\u043e\u0440\u0438\u0434\u043e\u0440\u0435, \u0430 \u0442\u0440\u0438 \u043e\u0442\u043a\u0438\u0434\u043d\u044b\u0445 \u043e\u0442\u0434\u0435\u043b\u0435\u043d\u0438\u044f \u0432\u043c\u0435\u0449\u0430\u044e\u0442 \u0431\u043e\u043b\u044c\u0448\u0443\u044e \u043a\u043e\u043b\u043b\u0435\u043a\u0446\u0438\u044e \u043e\u0431\u0443\u0432\u0438 \u2013 \u0438\u0434\u0435\u0430\u043b\u044c\u043d\u043e \u0434\u043b\u044f \u0441\u0435\u043c\u044c\u0438 [\u2026]<\/p>","protected":false},"featured_media":267472,"comment_status":"open","ping_status":"open","template":"","meta":[],"product_brand":[],"product_cat":[9200,1997],"product_tag":[],"class_list":{"0":"post-267471","1":"product","2":"type-product","3":"status-publish","4":"has-post-thumbnail","6":"product_cat-black-red-white","7":"product_cat-shoe-cabinets","9":"first","10":"instock","11":"purchasable","12":"product-type-simple"},"_links":{"self":[{"href":"https:\/\/baldumarket.lt\/ru\/wp-json\/wp\/v2\/product\/267471","targetHints":{"allow":["GET"]}}],"collection":[{"href":"https:\/\/baldumarket.lt\/ru\/wp-json\/wp\/v2\/product"}],"about":[{"href":"https:\/\/baldumarket.lt\/ru\/wp-json\/wp\/v2\/types\/product"}],"replies":[{"embeddable":true,"href":"https:\/\/baldumarket.lt\/ru\/wp-json\/wp\/v2\/comments?post=267471"}],"wp:featuredmedia":[{"embeddable":true,"href":"https:\/\/baldumarket.lt\/ru\/wp-json\/wp\/v2\/media\/267472"}],"wp:attachment":[{"href":"https:\/\/baldumarket.lt\/ru\/wp-json\/wp\/v2\/media?parent=267471"}],"wp:term":[{"taxonomy":"product_brand","embeddable":true,"href":"https:\/\/baldumarket.lt\/ru\/wp-json\/wp\/v2\/product_brand?post=267471"},{"taxonomy":"product_cat","embeddable":true,"href":"https:\/\/baldumarket.lt\/ru\/wp-json\/wp\/v2\/product_cat?post=267471"},{"taxonomy":"product_tag","embeddable":true,"href":"https:\/\/baldumarket.lt\/ru\/wp-json\/wp\/v2\/product_tag?post=267471"}],"curies":[{"name":"WP","href":"https:\/\/api.w.org\/{rel}","templated":true}]}}