{"id":266197,"date":"2026-01-14T00:20:29","date_gmt":"2026-01-13T21:20:29","guid":{"rendered":"https:\/\/baldumarket.lt\/product\/szafa-dwudrzwiowa-office-lux-80-cm-jasny-szary\/"},"modified":"2026-02-11T18:18:27","modified_gmt":"2026-02-11T15:18:27","slug":"szafa-dwudrzwiowa-office-lux-80-cm-jasny-szary","status":"publish","type":"product","link":"https:\/\/baldumarket.lt\/ru\/product\/szafa-dwudrzwiowa-office-lux-80-cm-jasny-szary\/","title":{"rendered":"\u041e\u0424\u0418\u0421 \u041b\u042e\u041a\u0421 80 \u0441\u043c dviej\u0173 dur\u0173 spinta, \u0161viesiai pilka"},"content":{"rendered":"<p>\u0414\u0432\u0443\u0441\u0442\u0432\u043e\u0440\u0447\u0430\u0442\u044b\u0439 \u0448\u043a\u0430\u0444 Office Lux. \u0428\u043a\u0430\u0444 Office Lux \u2014 \u0438\u0434\u0435\u0430\u043b\u044c\u043d\u043e\u0435 \u0440\u0435\u0448\u0435\u043d\u0438\u0435 \u0434\u043b\u044f \u0442\u0435\u0445, \u043a\u0442\u043e \u0445\u043e\u0447\u0435\u0442 \u043f\u043e\u0434\u0434\u0435\u0440\u0436\u0438\u0432\u0430\u0442\u044c \u043f\u043e\u0440\u044f\u0434\u043e\u043a \u0432 \u043e\u0444\u0438\u0441\u0435, \u0441\u043e\u0437\u0434\u0430\u0432\u0430\u044f \u043f\u0440\u0438 \u044d\u0442\u043e\u043c \u044d\u043b\u0435\u0433\u0430\u043d\u0442\u043d\u043e\u0435 \u043f\u0440\u043e\u0441\u0442\u0440\u0430\u043d\u0441\u0442\u0432\u043e. \u041a\u043e\u043b\u043b\u0435\u043a\u0446\u0438\u044f Office Lux \u043f\u0440\u0435\u0434\u043b\u0430\u0433\u0430\u0435\u0442 \u0448\u0438\u0440\u043e\u043a\u0438\u0439 \u0430\u0441\u0441\u043e\u0440\u0442\u0438\u043c\u0435\u043d\u0442 \u043e\u0444\u0438\u0441\u043d\u043e\u0433\u043e \u043e\u0431\u043e\u0440\u0443\u0434\u043e\u0432\u0430\u043d\u0438\u044f, \u0438 \u0434\u0432\u0443\u0441\u0442\u0432\u043e\u0440\u0447\u0430\u0442\u044b\u0439 \u0448\u043a\u0430\u0444 \u2014 \u043e\u0434\u0438\u043d \u0438\u0437 \u0435\u0435 \u043c\u043d\u043e\u0433\u043e\u0447\u0438\u0441\u043b\u0435\u043d\u043d\u044b\u0445 \u044d\u043b\u0435\u043c\u0435\u043d\u0442\u043e\u0432. \u0423\u0437\u043a\u0438\u0435 \u043f\u043e\u043b\u043a\u0438 \u0432 \u0448\u043a\u0430\u0444\u0443 Office Lux \u2014 \u043e\u0442\u043b\u0438\u0447\u043d\u044b\u0439 \u0438\u043d\u0441\u0442\u0440\u0443\u043c\u0435\u043d\u0442 \u0434\u043b\u044f \u043e\u0440\u0433\u0430\u043d\u0438\u0437\u0430\u0446\u0438\u0438 \u0434\u043e\u043a\u0443\u043c\u0435\u043d\u0442\u043e\u0432, \u043e\u0431\u0435\u0441\u043f\u0435\u0447\u0438\u0432\u0430\u044e\u0449\u0438\u0439 \u043f\u043e\u0440\u044f\u0434\u043e\u043a \u0438 \u043b\u0435\u0433\u043a\u0438\u0439 \u0434\u043e\u0441\u0442\u0443\u043f. \u0412\u0435\u0448\u0430\u043b\u043a\u0430 \u043f\u043e\u0437\u0432\u043e\u043b\u044f\u0435\u0442 \u0445\u0440\u0430\u043d\u0438\u0442\u044c \u043e\u0434\u0435\u0436\u0434\u0443, \u0447\u0442\u043e \u0434\u0435\u043b\u0430\u0435\u0442 \u0448\u043a\u0430\u0444 \u0438\u0434\u0435\u0430\u043b\u044c\u043d\u044b\u043c \u0434\u043b\u044f \u0442\u0435\u0445, \u043a\u0442\u043e \u0445\u043e\u0447\u0435\u0442 \u0432\u0441\u0435\u0433\u0434\u0430 \u0431\u044b\u0442\u044c \u0433\u043e\u0442\u043e\u0432\u044b\u043c. \u0428\u043a\u0430\u0444 \u043e\u0441\u043d\u0430\u0449\u0435\u043d \u0437\u0430\u043c\u043a\u043e\u043c \u0441 \u043a\u043b\u044e\u0447\u043e\u043c, \u043e\u0431\u0435\u0441\u043f\u0435\u0447\u0438\u0432\u0430\u044e\u0449\u0438\u043c \u0431\u0435\u0437\u043e\u043f\u0430\u0441\u043d\u043e\u0435 \u0445\u0440\u0430\u043d\u0435\u043d\u0438\u0435 \u0438 \u043a\u043e\u043d\u0444\u0438\u0434\u0435\u043d\u0446\u0438\u0430\u043b\u044c\u043d\u043e\u0441\u0442\u044c. \u041d\u0435\u0439\u0442\u0440\u0430\u043b\u044c\u043d\u044b\u0439 \u0446\u0432\u0435\u0442 \u0441\u0432\u0435\u0442\u043b\u043e-\u0441\u0435\u0440\u043e\u0433\u043e \u043a\u0430\u0440\u043a\u0430\u0441\u0430 \u0438\u0434\u0435\u0430\u043b\u044c\u043d\u043e \u0434\u043e\u043f\u043e\u043b\u043d\u044f\u0435\u0442 \u044d\u043b\u0435\u0433\u0430\u043d\u0442\u043d\u044b\u0435 \u0433\u0440\u0430\u0444\u0438\u0442\u043e\u0432\u044b\u0435 \u0441\u0442\u0435\u043a\u043b\u044f\u043d\u043d\u044b\u0435 \u0444\u0430\u0441\u0430\u0434\u044b. \u041f\u0440\u043e\u0441\u0442\u044b\u0435 \u0445\u0440\u043e\u043c\u0438\u0440\u043e\u0432\u0430\u043d\u043d\u044b\u0435 \u0440\u0443\u0447\u043a\u0438 \u043d\u0435 \u0442\u043e\u043b\u044c\u043a\u043e \u0443\u043a\u0440\u0430\u0448\u0430\u044e\u0442 \u0438\u0437\u0434\u0435\u043b\u0438\u0435, \u043d\u043e \u0438 \u043e\u0431\u043b\u0435\u0433\u0447\u0430\u044e\u0442 \u0434\u043e\u0441\u0442\u0443\u043f \u043a \u0441\u043e\u0434\u0435\u0440\u0436\u0438\u043c\u043e\u043c\u0443 \u0448\u043a\u0430\u0444\u0430.<br \/>\n\u041a\u043e\u043b\u043b\u0435\u043a\u0446\u0438\u044f \u043e\u0444\u0438\u0441\u043d\u043e\u0439 \u043c\u0435\u0431\u0435\u043b\u0438 Office Lux \u043f\u0440\u0435\u0434\u043b\u0430\u0433\u0430\u0435\u0442 \u043d\u0435 \u0442\u043e\u043b\u044c\u043a\u043e \u043f\u0440\u0430\u043a\u0442\u0438\u0447\u043d\u044b\u0435 \u0448\u043a\u0430\u0444\u044b, \u043d\u043e \u0438 \u0441\u0442\u043e\u043b\u044b \u0438 \u0441\u0442\u0435\u043b\u043b\u0430\u0436\u0438. \u0412\u044b \u043c\u043e\u0436\u0435\u0442\u0435 \u0441\u0432\u043e\u0431\u043e\u0434\u043d\u043e \u043a\u043e\u043c\u0431\u0438\u043d\u0438\u0440\u043e\u0432\u0430\u0442\u044c \u0438\u0445, \u0441\u043e\u0437\u0434\u0430\u0432\u0430\u044f \u0433\u0430\u0440\u043c\u043e\u043d\u0438\u0447\u043d\u0443\u044e \u0438 \u043a\u043e\u043c\u0444\u043e\u0440\u0442\u043d\u0443\u044e \u043e\u0431\u0441\u0442\u0430\u043d\u043e\u0432\u043a\u0443 \u0432 \u043e\u0444\u0438\u0441\u0435.<\/p>\n<p>\u041a\u043e\u0434 \u0442\u043e\u0432\u0430\u0440\u0430 S363-SZF2D\/79-JSZ\/GF \u0421\u0438\u043c\u0432\u043e\u043b ZM EAN \u0428\u0438\u0440\u0438\u043d\u0430 79 \u0441\u043c \u0413\u043b\u0443\u0431\u0438\u043d\u0430 43 \u0441\u043c \u0412\u044b\u0441\u043e\u0442\u0430 221 \u0441\u043c \u041a\u043e\u043b\u043b\u0435\u043a\u0446\u0438\u044f Office Lux \u0426\u0432\u0435\u0442 \u0441\u0432\u0435\u0442\u043b\u043e-\u0441\u0435\u0440\u044b\u0439\/\u0433\u0440\u0430\u0444\u0438\u0442\u043e\u0432\u044b\u0439 \u041e\u0442\u0442\u0435\u043d\u043e\u043a \u0441\u0435\u0440\u044b\u0439 \u0421\u0442\u0438\u043b\u044c \u0441\u043e\u0432\u0440\u0435\u043c\u0435\u043d\u043d\u044b\u0439 \u041c\u0430\u0442\u0435\u0440\u0438\u0430\u043b \u043b\u0430\u043c\u0438\u043d\u0430\u0442 \u041a\u043e\u043b\u0438\u0447\u0435\u0441\u0442\u0432\u043e \u0434\u0432\u0435\u0440\u0435\u0439 2 \u0434\u0432\u0435\u0440\u0438 \u041a\u043e\u043b\u0438\u0447\u0435\u0441\u0442\u0432\u043e \u044f\u0449\u0438\u043a\u043e\u0432 \u0431\u0435\u0437 \u044f\u0449\u0438\u043a\u043e\u0432 \u0420\u0443\u0447\u043a\u0430 \u0441 \u0440\u0443\u0447\u043a\u0430\u043c\u0438 \u041f\u0440\u043e\u0438\u0437\u0432\u043e\u0434\u0438\u0442\u0435\u043b\u044c Black Red White \u0422\u0438\u043f \u043c\u0435\u0431\u0435\u043b\u0438 \u0428\u043a\u0430\u0444\u044b \u041d\u0414\u0421 23% EAN 5906123927192<\/p>","protected":false},"excerpt":{"rendered":"<p>\u0414\u0432\u0443\u0445\u0434\u0432\u0435\u0440\u043d\u044b\u0439 \u0448\u043a\u0430\u0444 Office Lux. \u0428\u043a\u0430\u0444 Office Lux \u2014 \u0438\u0434\u0435\u0430\u043b\u044c\u043d\u043e\u0435 \u0440\u0435\u0448\u0435\u043d\u0438\u0435 \u0434\u043b\u044f \u0442\u0435\u0445, \u043a\u0442\u043e \u0445\u043e\u0447\u0435\u0442 \u043f\u043e\u0434\u0434\u0435\u0440\u0436\u0438\u0432\u0430\u0442\u044c \u043f\u043e\u0440\u044f\u0434\u043e\u043a \u0432 \u043e\u0444\u0438\u0441\u0435, \u0441\u043e\u0437\u0434\u0430\u0432\u0430\u044f \u043f\u0440\u0438 \u044d\u0442\u043e\u043c \u044d\u043b\u0435\u0433\u0430\u043d\u0442\u043d\u043e\u0435 \u043f\u0440\u043e\u0441\u0442\u0440\u0430\u043d\u0441\u0442\u0432\u043e. \u041a\u043e\u043b\u043b\u0435\u043a\u0446\u0438\u044f Office Lux \u043f\u0440\u0435\u0434\u043b\u0430\u0433\u0430\u0435\u0442 \u0448\u0438\u0440\u043e\u043a\u0438\u0439 \u0430\u0441\u0441\u043e\u0440\u0442\u0438\u043c\u0435\u043d\u0442 \u043e\u0444\u0438\u0441\u043d\u043e\u0433\u043e \u043e\u0431\u043e\u0440\u0443\u0434\u043e\u0432\u0430\u043d\u0438\u044f, \u0438 \u0434\u0432\u0443\u0445\u0434\u0432\u0435\u0440\u043d\u044b\u0439 \u0448\u043a\u0430\u0444 \u2014 \u043e\u0434\u0438\u043d \u0438\u0437 \u0435\u0451 \u043c\u043d\u043e\u0433\u043e\u0447\u0438\u0441\u043b\u0435\u043d\u043d\u044b\u0445 \u044d\u043b\u0435\u043c\u0435\u043d\u0442\u043e\u0432. \u0423\u0437\u043a\u0438\u0435 \u043f\u043e\u043b\u043a\u0438 \u0432 \u0448\u043a\u0430\u0444\u0443 Office Lux \u044f\u0432\u043b\u044f\u044e\u0442\u0441\u044f [\u2026]<\/p>","protected":false},"featured_media":266198,"comment_status":"open","ping_status":"open","template":"","meta":[],"product_brand":[],"product_cat":[9200,1177],"product_tag":[],"class_list":{"0":"post-266197","1":"product","2":"type-product","3":"status-publish","4":"has-post-thumbnail","6":"product_cat-black-red-white","7":"product_cat-wardrobes","9":"first","10":"instock","11":"purchasable","12":"product-type-simple"},"_links":{"self":[{"href":"https:\/\/baldumarket.lt\/ru\/wp-json\/wp\/v2\/product\/266197","targetHints":{"allow":["GET"]}}],"collection":[{"href":"https:\/\/baldumarket.lt\/ru\/wp-json\/wp\/v2\/product"}],"about":[{"href":"https:\/\/baldumarket.lt\/ru\/wp-json\/wp\/v2\/types\/product"}],"replies":[{"embeddable":true,"href":"https:\/\/baldumarket.lt\/ru\/wp-json\/wp\/v2\/comments?post=266197"}],"wp:featuredmedia":[{"embeddable":true,"href":"https:\/\/baldumarket.lt\/ru\/wp-json\/wp\/v2\/media\/266198"}],"wp:attachment":[{"href":"https:\/\/baldumarket.lt\/ru\/wp-json\/wp\/v2\/media?parent=266197"}],"wp:term":[{"taxonomy":"product_brand","embeddable":true,"href":"https:\/\/baldumarket.lt\/ru\/wp-json\/wp\/v2\/product_brand?post=266197"},{"taxonomy":"product_cat","embeddable":true,"href":"https:\/\/baldumarket.lt\/ru\/wp-json\/wp\/v2\/product_cat?post=266197"},{"taxonomy":"product_tag","embeddable":true,"href":"https:\/\/baldumarket.lt\/ru\/wp-json\/wp\/v2\/product_tag?post=266197"}],"curies":[{"name":"WP","href":"https:\/\/api.w.org\/{rel}","templated":true}]}}