{"id":265471,"date":"2026-01-14T00:09:43","date_gmt":"2026-01-13T21:09:43","guid":{"rendered":"https:\/\/baldumarket.lt\/product\/sofa-trzyosobowa-na-nozkach-santana-rozkladana-z-pojemnikiem-szara\/"},"modified":"2026-02-11T18:18:38","modified_gmt":"2026-02-11T15:18:38","slug":"sofa-trzyosobowa-na-nozkach-santana-rozkladana-z-pojemnikiem-szara","status":"publish","type":"product","link":"https:\/\/baldumarket.lt\/ru\/product\/sofa-trzyosobowa-na-nozkach-santana-rozkladana-z-pojemnikiem-szara\/","title":{"rendered":"SANTANA trij\u0173 viet\u0173 \u0434\u0438\u0432\u0430\u043d ant koj\u0173, sulankstoma, su daiktad\u0117\u017ee, pilka"},"content":{"rendered":"<p>\u0414\u0438\u0432\u0430\u043d Santana \u2013 \u043a\u043e\u043c\u0444\u043e\u0440\u0442 \u0438 \u044d\u043b\u0435\u0433\u0430\u043d\u0442\u043d\u043e\u0441\u0442\u044c \u0432 \u0432\u0430\u0448\u0435\u0439 \u0433\u043e\u0441\u0442\u0438\u043d\u043e\u0439. \u041a\u043e\u043c\u0444\u043e\u0440\u0442 \u0438 \u0444\u0443\u043d\u043a\u0446\u0438\u043e\u043d\u0430\u043b\u044c\u043d\u043e\u0441\u0442\u044c. \u0414\u0438\u0432\u0430\u043d Santana \u2013 \u044d\u0442\u043e \u0442\u0440\u0435\u0445\u043c\u0435\u0441\u0442\u043d\u044b\u0439 \u0434\u0438\u0432\u0430\u043d, \u0438\u0434\u0435\u0430\u043b\u044c\u043d\u043e \u043f\u043e\u0434\u0445\u043e\u0434\u044f\u0449\u0438\u0439 \u0432 \u043a\u0430\u0447\u0435\u0441\u0442\u0432\u0435 \u0446\u0435\u043d\u0442\u0440\u0430\u043b\u044c\u043d\u043e\u0433\u043e \u044d\u043b\u0435\u043c\u0435\u043d\u0442\u0430 \u0441\u0435\u043c\u0435\u0439\u043d\u043e\u0439 \u0437\u043e\u043d\u044b \u043e\u0442\u0434\u044b\u0445\u0430. \u0411\u043b\u0430\u0433\u043e\u0434\u0430\u0440\u044f \u043c\u0435\u0445\u0430\u043d\u0438\u0437\u043c\u0443 DL \u0432\u044b \u043c\u043e\u0436\u0435\u0442\u0435 \u0431\u044b\u0441\u0442\u0440\u043e \u043f\u0440\u0435\u0432\u0440\u0430\u0442\u0438\u0442\u044c \u0435\u0433\u043e \u0432 \u043a\u0440\u043e\u0432\u0430\u0442\u044c \u0440\u0430\u0437\u043c\u0435\u0440\u043e\u043c 153\u00d7191 \u0441\u043c, \u043e\u0431\u0435\u0441\u043f\u0435\u0447\u0438\u0432 \u043a\u043e\u043c\u0444\u043e\u0440\u0442\u043d\u043e\u0435 \u0441\u043f\u0430\u043b\u044c\u043d\u043e\u0435 \u043c\u0435\u0441\u0442\u043e \u0434\u043b\u044f \u0434\u0432\u043e\u0438\u0445. \u0421\u0438\u0434\u0435\u043d\u044c\u0435, \u043d\u0430\u043f\u043e\u043b\u043d\u0435\u043d\u043d\u043e\u0435 \u043f\u0435\u043d\u043e\u0439 \u0438 \u043f\u0440\u0443\u0436\u0438\u043d\u0430\u043c\u0438, \u0430\u0434\u0430\u043f\u0442\u0438\u0440\u0443\u0435\u0442\u0441\u044f \u043a \u0432\u0430\u0448\u0435\u043c\u0443 \u0442\u0435\u043b\u0443, \u043e\u0431\u0435\u0441\u043f\u0435\u0447\u0438\u0432\u0430\u044f \u043a\u043e\u043c\u0444\u043e\u0440\u0442 \u0438 \u0434\u043e\u043b\u0433\u043e\u0432\u0435\u0447\u043d\u043e\u0441\u0442\u044c \u043d\u0430 \u0434\u043e\u043b\u0433\u0438\u0435 \u0433\u043e\u0434\u044b. \u041f\u0440\u0430\u043a\u0442\u0438\u0447\u043d\u044b\u0435 \u043e\u0441\u043e\u0431\u0435\u043d\u043d\u043e\u0441\u0442\u0438: \u0412\u0441\u0442\u0440\u043e\u0435\u043d\u043d\u043e\u0435 \u043e\u0442\u0434\u0435\u043b\u0435\u043d\u0438\u0435 \u0434\u043b\u044f \u043f\u043e\u0441\u0442\u0435\u043b\u044c\u043d\u043e\u0433\u043e \u0431\u0435\u043b\u044c\u044f \u043f\u043e\u0437\u0432\u043e\u043b\u044f\u0435\u0442 \u0445\u0440\u0430\u043d\u0438\u0442\u044c \u043e\u0434\u0435\u044f\u043b\u0430, \u043f\u043e\u0434\u0443\u0448\u043a\u0438 \u0438 \u043f\u043b\u0435\u0434\u044b, \u043f\u043e\u0434\u0434\u0435\u0440\u0436\u0438\u0432\u0430\u044f \u043f\u043e\u0440\u044f\u0434\u043e\u043a \u0432 \u0433\u043e\u0441\u0442\u0438\u043d\u043e\u0439. \u041f\u0440\u0438\u043f\u043e\u0434\u043d\u044f\u0442\u044b\u0435 \u0434\u0435\u0440\u0435\u0432\u044f\u043d\u043d\u044b\u0435 \u043d\u043e\u0436\u043a\u0438 \u043e\u0431\u043b\u0435\u0433\u0447\u0430\u044e\u0442 \u0443\u0431\u043e\u0440\u043a\u0443 \u043f\u043e\u0434 \u0434\u0438\u0432\u0430\u043d\u043e\u043c, \u0430 \u043e\u0431\u0438\u0432\u043a\u0430 \u0441\u043f\u0438\u043d\u043a\u0438 \u0438\u0437 \u0442\u043a\u0430\u043d\u0438 \u043f\u043e\u0437\u0432\u043e\u043b\u044f\u0435\u0442 \u0440\u0430\u0437\u043c\u0435\u0441\u0442\u0438\u0442\u044c \u0435\u0433\u043e \u0432 \u043b\u044e\u0431\u043e\u043c \u043c\u0435\u0441\u0442\u0435 \u043a\u043e\u043c\u043d\u0430\u0442\u044b. \u0414\u0438\u0437\u0430\u0439\u043d \u0438 \u0441\u0442\u0438\u043b\u044c: \u041c\u044f\u0433\u043a\u0430\u044f, \u043f\u0440\u0438\u044f\u0442\u043d\u0430\u044f \u043d\u0430 \u043e\u0449\u0443\u043f\u044c \u043e\u0431\u0438\u0432\u043a\u0430 \u0438\u0437 \u0442\u043a\u0430\u043d\u0438 Nano 11 \u0441\u043e\u0437\u0434\u0430\u0435\u0442 \u0443\u044e\u0442\u043d\u0443\u044e \u0430\u0442\u043c\u043e\u0441\u0444\u0435\u0440\u0443. \u0412\u043d\u0435\u0432\u0440\u0435\u043c\u0435\u043d\u043d\u043e\u0439 \u0434\u0438\u0437\u0430\u0439\u043d \u0434\u0438\u0432\u0430\u043d\u0430, \u0434\u043e\u043f\u043e\u043b\u043d\u0435\u043d\u043d\u044b\u0439 \u0431\u043e\u043b\u044c\u0448\u0438\u043c\u0438 \u043f\u043e\u0434\u0443\u0448\u043a\u0430\u043c\u0438 \u0441\u043f\u0438\u043d\u043a\u0438, \u0434\u0432\u0443\u043c\u044f \u0434\u0435\u043a\u043e\u0440\u0430\u0442\u0438\u0432\u043d\u044b\u043c\u0438 \u043f\u043e\u0434\u0443\u0448\u043a\u0430\u043c\u0438 \u0438 \u043c\u044f\u0433\u043a\u0438\u043c\u0438 \u043f\u043e\u0434\u043b\u043e\u043a\u043e\u0442\u043d\u0438\u043a\u0430\u043c\u0438, \u0434\u0435\u043b\u0430\u0435\u0442 Santana \u0438\u0434\u0435\u0430\u043b\u044c\u043d\u044b\u043c \u0434\u043e\u043f\u043e\u043b\u043d\u0435\u043d\u0438\u0435\u043c \u043a\u0430\u043a \u043a \u0441\u043e\u0432\u0440\u0435\u043c\u0435\u043d\u043d\u044b\u043c, \u0442\u0430\u043a \u0438 \u043a \u043a\u043b\u0430\u0441\u0441\u0438\u0447\u0435\u0441\u043a\u0438\u043c \u0438\u043d\u0442\u0435\u0440\u044c\u0435\u0440\u0430\u043c. \u0425\u0430\u0440\u0430\u043a\u0442\u0435\u0440\u0438\u0441\u0442\u0438\u043a\u0438: \u0422\u0440\u0435\u0445\u043c\u0435\u0441\u0442\u043d\u044b\u0439 \u0434\u0438\u0432\u0430\u043d \u0441 \u0444\u0443\u043d\u043a\u0446\u0438\u0435\u0439 \u0441\u043f\u0430\u043b\u044c\u043d\u043e\u0433\u043e \u043c\u0435\u0441\u0442\u0430, \u0421\u043f\u0430\u043b\u044c\u043d\u043e\u0435 \u043c\u0435\u0441\u0442\u043e: 153 x 191 \u0441\u043c, \u041c\u0435\u0445\u0430\u043d\u0438\u0437\u043c \u0440\u0430\u0441\u043a\u043b\u0430\u0434\u044b\u0432\u0430\u043d\u0438\u044f \u0442\u0438\u043f\u0430 DLS, \u0421\u0438\u0434\u0435\u043d\u044c\u0435: \u043f\u0435\u043d\u043e\u043f\u043e\u043b\u0438\u0443\u0440\u0435\u0442\u0430\u043d \u0438 \u043f\u0440\u0443\u0436\u0438\u043d\u044b S-\u043e\u0431\u0440\u0430\u0437\u043d\u043e\u0439 \u0444\u043e\u0440\u043c\u044b, \u0411\u043e\u043b\u044c\u0448\u043e\u0439 \u043e\u0442\u0441\u0435\u043a \u0434\u043b\u044f \u0445\u0440\u0430\u043d\u0435\u043d\u0438\u044f \u043f\u043e\u0441\u0442\u0435\u043b\u044c\u043d\u043e\u0433\u043e \u0431\u0435\u043b\u044c\u044f, \u041c\u044f\u0433\u043a\u0430\u044f \u043e\u0431\u0438\u0432\u043a\u0430 \u2013 \u0442\u043a\u0430\u043d\u044c Nano 11, \u0414\u0432\u0435 \u0434\u0435\u043a\u043e\u0440\u0430\u0442\u0438\u0432\u043d\u044b\u0435 \u043f\u043e\u0434\u0443\u0448\u043a\u0438 \u0432 \u043a\u043e\u043c\u043f\u043b\u0435\u043a\u0442\u0435, \u0414\u0435\u0440\u0435\u0432\u044f\u043d\u043d\u044b\u0435 \u043d\u043e\u0436\u043a\u0438, \u0421\u043f\u0438\u043d\u043a\u0430 \u0434\u0438\u0432\u0430\u043d\u0430 \u043e\u0431\u0442\u044f\u043d\u0443\u0442\u0430 \u0442\u043a\u0430\u043d\u044c\u044e, \u041a\u043e\u043c\u043f\u0430\u043a\u0442\u043d\u044b\u0435 \u0440\u0430\u0437\u043c\u0435\u0440\u044b: 238 x 108 x 99 \u0441\u043c. \u0420\u0435\u0437\u044e\u043c\u0435: \u0414\u0438\u0432\u0430\u043d Santana \u2013 \u044d\u0442\u043e \u044d\u043b\u0435\u0433\u0430\u043d\u0442\u043d\u044b\u0439 \u0438 \u043f\u0440\u0430\u043a\u0442\u0438\u0447\u043d\u044b\u0439 \u043f\u0440\u0435\u0434\u043c\u0435\u0442 \u043c\u0435\u0431\u0435\u043b\u0438 \u0434\u043b\u044f \u0433\u043e\u0441\u0442\u0438\u043d\u043e\u0439, \u0441\u043e\u0447\u0435\u0442\u0430\u044e\u0449\u0438\u0439 \u0432 \u0441\u0435\u0431\u0435 \u043a\u043e\u043c\u0444\u043e\u0440\u0442 \u043f\u043e\u0432\u0441\u0435\u0434\u043d\u0435\u0432\u043d\u043e\u0433\u043e \u0438\u0441\u043f\u043e\u043b\u044c\u0437\u043e\u0432\u0430\u043d\u0438\u044f \u0438 \u0444\u0443\u043d\u043a\u0446\u0438\u044e \u0441\u043f\u0430\u043b\u044c\u043d\u043e\u0433\u043e \u043c\u0435\u0441\u0442\u0430. \u0411\u043b\u0430\u0433\u043e\u0434\u0430\u0440\u044f \u043c\u044f\u0433\u043a\u043e\u0439 \u0442\u043a\u0430\u043d\u0438 Nano 11, \u043e\u0442\u0441\u0435\u043a\u0443 \u0434\u043b\u044f \u0445\u0440\u0430\u043d\u0435\u043d\u0438\u044f \u043f\u043e\u0441\u0442\u0435\u043b\u044c\u043d\u043e\u0433\u043e \u0431\u0435\u043b\u044c\u044f \u0438 \u0432\u043d\u0435\u0432\u0440\u0435\u043c\u0435\u043d\u043d\u043e\u043c\u0443 \u0434\u0438\u0437\u0430\u0439\u043d\u0443 \u043e\u043d \u0441\u0442\u0430\u043d\u0435\u0442 \u0434\u0435\u043a\u043e\u0440\u0430\u0442\u0438\u0432\u043d\u044b\u043c \u044d\u043b\u0435\u043c\u0435\u043d\u0442\u043e\u043c \u0432\u0430\u0448\u0435\u0433\u043e \u0438\u043d\u0442\u0435\u0440\u044c\u0435\u0440\u0430.<\/p>\n<p>\u041a\u043e\u0434 \u0442\u043e\u0432\u0430\u0440\u0430 FL-SO3-SANTANA-LX_3DL-G1-NANO_11 \u0428\u0438\u0440\u0438\u043d\u0430 238 \u0441\u043c \u0413\u043b\u0443\u0431\u0438\u043d\u0430 108 \u0441\u043c \u0413\u043b\u0443\u0431\u0438\u043d\u0430 \u0441\u0438\u0434\u0435\u043d\u044c\u044f 63 \u0441\u043c \u0412\u044b\u0441\u043e\u0442\u0430 99 \u0441\u043c \u0412\u044b\u0441\u043e\u0442\u0430 \u0441\u0438\u0434\u0435\u043d\u044c\u044f 44 \u0441\u043c \u041a\u043e\u043b\u043b\u0435\u043a\u0446\u0438\u044f Santana \u0426\u0432\u0435\u0442 Nano 11 \u0413\u0440\u0430\u0444\u0438\u0442\u043e\u0432\u044b\u0439 \u043e\u0442\u0442\u0435\u043d\u043e\u043a \u0421\u0442\u0438\u043b\u044c \u0441\u043e\u0432\u0440\u0435\u043c\u0435\u043d\u043d\u044b\u0439 \u041c\u0430\u0442\u0435\u0440\u0438\u0430\u043b \u043f\u043b\u0435\u0442\u0435\u043d\u0438\u0435 \u0424\u0443\u043d\u043a\u0446\u0438\u044f \u0441\u043d\u0430 \u0441 \u0444\u0443\u043d\u043a\u0446\u0438\u0435\u0439 \u0441\u043d\u0430 \u0421\u043f\u0430\u043b\u044c\u043d\u0430\u044f \u0437\u043e\u043d\u0430 153\u00d7191 \u0441\u043c \u041a\u043e\u043d\u0442\u0435\u0439\u043d\u0435\u0440 \u0441 1 \u043a\u043e\u043d\u0442\u0435\u0439\u043d\u0435\u0440\u043e\u043c \u0424\u0443\u043d\u043a\u0446\u0438\u044f \u0440\u0435\u043b\u0430\u043a\u0441\u0430\u0446\u0438\u0438 \u0431\u0435\u0437 \u0444\u0443\u043d\u043a\u0446\u0438\u0438 \u0440\u0435\u043b\u0430\u043a\u0441\u0430\u0446\u0438\u0438 \u0420\u0435\u0433\u0443\u043b\u0438\u0440\u0443\u0435\u043c\u0430\u044f \u0441\u043f\u0438\u043d\u043a\u0430 \u043d\u0435\u0442 \u041f\u043e\u0434\u0433\u043e\u043b\u043e\u0432\u043d\u0438\u043a \u0431\u0435\u0437 \u043f\u043e\u0434\u0433\u043e\u043b\u043e\u0432\u043d\u0438\u043a\u0430 \u041d\u0430\u043f\u043e\u043b\u043d\u0438\u0442\u0435\u043b\u044c \u0437\u0438\u0433\u0437\u0430\u0433\u043e\u043e\u0431\u0440\u0430\u0437\u043d\u044b\u0439 \u043f\u0440\u0443\u0436\u0438\u043d\u043d\u044b\u0439\/\u043f\u0435\u043d\u043e\u043f\u043b\u0430\u0441\u0442 \u041f\u0440\u043e\u0438\u0437\u0432\u043e\u0434\u0438\u0442\u0435\u043b\u044c \u0427\u0435\u0440\u043d\u044b\u0439 \u041a\u0440\u0430\u0441\u043d\u044b\u0439 \u0411\u0435\u043b\u044b\u0439 \u0422\u0438\u043f \u043c\u0435\u0431\u0435\u043b\u0438 \u0414\u0438\u0432\u0430\u043d\u044b \u0438 \u043a\u0443\u0448\u0435\u0442\u043a\u0438 \u041d\u0414\u0421 23%<\/p>","protected":false},"excerpt":{"rendered":"<p>The Santana Sofa \u2013 Comfort and Elegance in Your Living Room. Comfort and Functionality. The Santana sofa is a three-seater that&#8217;s perfect as the centerpiece of a family relaxation area. Thanks to the DL mechanism, you can quickly transform it into a 153&#215;191 cm bed, providing a comfortable sleeping space for two. The seat, filled [&hellip;]<\/p>","protected":false},"featured_media":265472,"comment_status":"open","ping_status":"open","template":"","meta":[],"product_brand":[],"product_cat":[9200,560],"product_tag":[],"class_list":{"0":"post-265471","1":"product","2":"type-product","3":"status-publish","4":"has-post-thumbnail","6":"product_cat-black-red-white","7":"product_cat-sofas-and-couches","9":"first","10":"instock","11":"purchasable","12":"product-type-simple"},"_links":{"self":[{"href":"https:\/\/baldumarket.lt\/ru\/wp-json\/wp\/v2\/product\/265471","targetHints":{"allow":["GET"]}}],"collection":[{"href":"https:\/\/baldumarket.lt\/ru\/wp-json\/wp\/v2\/product"}],"about":[{"href":"https:\/\/baldumarket.lt\/ru\/wp-json\/wp\/v2\/types\/product"}],"replies":[{"embeddable":true,"href":"https:\/\/baldumarket.lt\/ru\/wp-json\/wp\/v2\/comments?post=265471"}],"wp:featuredmedia":[{"embeddable":true,"href":"https:\/\/baldumarket.lt\/ru\/wp-json\/wp\/v2\/media\/265472"}],"wp:attachment":[{"href":"https:\/\/baldumarket.lt\/ru\/wp-json\/wp\/v2\/media?parent=265471"}],"wp:term":[{"taxonomy":"product_brand","embeddable":true,"href":"https:\/\/baldumarket.lt\/ru\/wp-json\/wp\/v2\/product_brand?post=265471"},{"taxonomy":"product_cat","embeddable":true,"href":"https:\/\/baldumarket.lt\/ru\/wp-json\/wp\/v2\/product_cat?post=265471"},{"taxonomy":"product_tag","embeddable":true,"href":"https:\/\/baldumarket.lt\/ru\/wp-json\/wp\/v2\/product_tag?post=265471"}],"curies":[{"name":"WP","href":"https:\/\/api.w.org\/{rel}","templated":true}]}}