{"id":264583,"date":"2026-01-13T23:56:38","date_gmt":"2026-01-13T20:56:38","guid":{"rendered":"https:\/\/baldumarket.lt\/product\/regal-wysoki-zamkniety-office-lux-80-cm-jasny-szary\/"},"modified":"2026-02-11T18:18:47","modified_gmt":"2026-02-11T15:18:47","slug":"regal-wysoki-zamkniety-office-lux-80-cm-jasny-szary","status":"publish","type":"product","link":"https:\/\/baldumarket.lt\/ru\/product\/regal-wysoki-zamkniety-office-lux-80-cm-jasny-szary\/","title":{"rendered":"OFFICE LUX 80 cm auk\u0161\u010dio u\u017edara lentyna, \u0161viesiai pilka"},"content":{"rendered":"<p>\u0412\u044b\u0441\u043e\u043a\u0438\u0439 \u043e\u0442\u043a\u0440\u044b\u0442\u044b\u0439 \u043a\u043d\u0438\u0436\u043d\u044b\u0439 \u0448\u043a\u0430\u0444 Office Lux. \u042d\u0442\u043e\u0442 \u0437\u0430\u043a\u0440\u044b\u0442\u044b\u0439 \u043a\u043d\u0438\u0436\u043d\u044b\u0439 \u0448\u043a\u0430\u0444 \u0438\u0437 \u043a\u043e\u043b\u043b\u0435\u043a\u0446\u0438\u0438 Office Lux \u0441\u043e\u0437\u0434\u0430\u043d \u0441 \u0443\u0447\u0435\u0442\u043e\u043c \u0437\u0430\u0449\u0438\u0442\u044b \u043a\u043e\u043c\u043c\u0435\u0440\u0447\u0435\u0441\u043a\u043e\u0439 \u0442\u0430\u0439\u043d\u044b, \u0441\u043e\u0447\u0435\u0442\u0430\u044f \u044d\u0441\u0442\u0435\u0442\u0438\u043a\u0443 \u0438 \u0444\u0443\u043d\u043a\u0446\u0438\u043e\u043d\u0430\u043b\u044c\u043d\u043e\u0441\u0442\u044c \u0438 \u0438\u0434\u0435\u0430\u043b\u044c\u043d\u043e \u043f\u043e\u0434\u0445\u043e\u0434\u044f\u0449\u0438\u0439 \u0434\u043b\u044f \u0441\u043e\u0432\u0440\u0435\u043c\u0435\u043d\u043d\u044b\u0445 \u043e\u0444\u0438\u0441\u043e\u0432. \u041a\u043d\u0438\u0436\u043d\u044b\u0439 \u0448\u043a\u0430\u0444 Office Lux \u2014 \u0438\u0434\u0435\u0430\u043b\u044c\u043d\u043e\u0435 \u043c\u0435\u0441\u0442\u043e \u0434\u043b\u044f \u043a\u043e\u043d\u0444\u0438\u0434\u0435\u043d\u0446\u0438\u0430\u043b\u044c\u043d\u043e\u0433\u043e \u0430\u0440\u0445\u0438\u0432\u0438\u0440\u043e\u0432\u0430\u043d\u0438\u044f \u0434\u0435\u043b\u043e\u0432\u044b\u0445 \u0434\u043e\u043a\u0443\u043c\u0435\u043d\u0442\u043e\u0432. \u041f\u043e\u043b\u043d\u043e\u0441\u0442\u044c\u044e \u0437\u0430\u043a\u0440\u044b\u0442\u044b\u0439, \u0441 \u0434\u0432\u0443\u043c\u044f \u0437\u0430\u043f\u0438\u0440\u0430\u044e\u0449\u0438\u043c\u0438\u0441\u044f \u043e\u0442\u0434\u0435\u043b\u0435\u043d\u0438\u044f\u043c\u0438 \u0438 \u0434\u0432\u0443\u043c\u044f \u043f\u0440\u043e\u0441\u0442\u043e\u0440\u043d\u044b\u043c\u0438 \u044f\u0449\u0438\u043a\u0430\u043c\u0438, \u043e\u043d \u043e\u0431\u0435\u0441\u043f\u0435\u0447\u0438\u0432\u0430\u0435\u0442 \u0431\u0435\u0437\u043e\u043f\u0430\u0441\u043d\u043e\u0435 \u0445\u0440\u0430\u043d\u0435\u043d\u0438\u0435 \u0432\u0430\u0436\u043d\u043e\u0439 \u0438\u043d\u0444\u043e\u0440\u043c\u0430\u0446\u0438\u0438. \u041a\u043e\u0440\u043f\u0443\u0441 \u0448\u043a\u0430\u0444\u0430 \u0432\u044b\u043f\u043e\u043b\u043d\u0435\u043d \u0432 \u0441\u0432\u0435\u0442\u043b\u043e-\u0441\u0435\u0440\u043e\u043c \u0446\u0432\u0435\u0442\u0435, \u0430 \u0444\u0430\u0441\u0430\u0434\u044b \u2014 \u0438\u0437 \u0441\u0442\u0435\u043a\u043b\u0430, \u043f\u043e\u043a\u0440\u044b\u0442\u043e\u0433\u043e \u043b\u0430\u043a\u043e\u043c \u044d\u043b\u0435\u0433\u0430\u043d\u0442\u043d\u043e\u0433\u043e \u0433\u0440\u0430\u0444\u0438\u0442\u043e\u0432\u043e\u0433\u043e \u0446\u0432\u0435\u0442\u0430. \u041f\u0440\u043e\u0441\u0442\u044b\u0435 \u0445\u0440\u043e\u043c\u0438\u0440\u043e\u0432\u0430\u043d\u043d\u044b\u0435 \u0440\u0443\u0447\u043a\u0438 \u043d\u0435 \u0442\u043e\u043b\u044c\u043a\u043e \u043e\u0431\u043b\u0435\u0433\u0447\u0430\u044e\u0442 \u0434\u043e\u0441\u0442\u0443\u043f \u043a \u0441\u043e\u0434\u0435\u0440\u0436\u0438\u043c\u043e\u043c\u0443 \u044f\u0449\u0438\u043a\u043e\u0432 \u0438 \u043e\u0442\u0434\u0435\u043b\u0435\u043d\u0438\u0439, \u043d\u043e \u0438 \u0441\u043b\u0443\u0436\u0430\u0442 \u0434\u0435\u043a\u043e\u0440\u0430\u0442\u0438\u0432\u043d\u044b\u043c \u044d\u043b\u0435\u043c\u0435\u043d\u0442\u043e\u043c. \u041a\u043d\u0438\u0436\u043d\u044b\u0439 \u0448\u043a\u0430\u0444 \u043f\u043e\u0434\u0434\u0435\u0440\u0436\u0438\u0432\u0430\u0435\u0442\u0441\u044f \u043c\u0438\u043d\u0438\u043c\u0430\u043b\u0438\u0441\u0442\u0438\u0447\u043d\u044b\u043c\u0438 \u0445\u0440\u043e\u043c\u0438\u0440\u043e\u0432\u0430\u043d\u043d\u044b\u043c\u0438 \u043d\u043e\u0436\u043a\u0430\u043c\u0438, \u043f\u0440\u0438\u0434\u0430\u044e\u0449\u0438\u043c\u0438 \u0435\u043c\u0443 \u043b\u0435\u0433\u043a\u0438\u0439 \u0438 \u0441\u043e\u0432\u0440\u0435\u043c\u0435\u043d\u043d\u044b\u0439 \u0432\u0438\u0434.<\/p>\n<p>\u0421 \u043a\u043e\u043b\u043b\u0435\u043a\u0446\u0438\u0435\u0439 Office Lux \u0432\u044b \u043c\u043e\u0436\u0435\u0442\u0435 \u0441\u043e\u0437\u0434\u0430\u0442\u044c \u044d\u0440\u0433\u043e\u043d\u043e\u043c\u0438\u0447\u043d\u043e\u0435 \u0440\u0430\u0431\u043e\u0447\u0435\u0435 \u043f\u0440\u043e\u0441\u0442\u0440\u0430\u043d\u0441\u0442\u0432\u043e, \u043e\u0431\u044a\u0435\u0434\u0438\u043d\u0438\u0432 \u0441\u0442\u043e\u043b, \u043c\u043e\u0431\u0438\u043b\u044c\u043d\u044b\u0439 \u043a\u043e\u043c\u043e\u0434 \u0438 \u043a\u043e\u043c\u043f\u043b\u0435\u043a\u0442 \u0441\u0442\u0435\u043b\u043b\u0430\u0436\u0435\u0439, \u0447\u0442\u043e \u043f\u043e\u0437\u0432\u043e\u043b\u0438\u0442 \u0432\u0430\u043c \u043d\u0430\u0441\u043b\u0430\u0436\u0434\u0430\u0442\u044c\u0441\u044f \u043a\u043e\u043c\u043f\u043b\u0435\u043a\u0441\u043d\u043e\u0439 \u0438 \u044d\u0441\u0442\u0435\u0442\u0438\u0447\u0435\u0441\u043a\u0438 \u043f\u0440\u0438\u0432\u043b\u0435\u043a\u0430\u0442\u0435\u043b\u044c\u043d\u043e\u0439 \u043e\u0431\u0441\u0442\u0430\u043d\u043e\u0432\u043a\u043e\u0439 \u0432 \u043e\u0444\u0438\u0441\u0435, \u043e\u0431\u0435\u0441\u043f\u0435\u0447\u0438\u0432\u0430\u044f \u043f\u0440\u0438 \u044d\u0442\u043e\u043c \u0431\u0435\u0437\u043e\u043f\u0430\u0441\u043d\u043e\u0441\u0442\u044c \u043a\u043e\u043d\u0444\u0438\u0434\u0435\u043d\u0446\u0438\u0430\u043b\u044c\u043d\u043e\u0439 \u0438\u043d\u0444\u043e\u0440\u043c\u0430\u0446\u0438\u0438.<\/p>\n<p>\u041a\u043e\u0434 \u0442\u043e\u0432\u0430\u0440\u0430 S363-REG4D2S\/220-JSZ\/GF \u0421\u0438\u043c\u0432\u043e\u043b ZM EAN \u0428\u0438\u0440\u0438\u043d\u0430 79 \u0441\u043c \u0413\u043b\u0443\u0431\u0438\u043d\u0430 35 \u0441\u043c \u0412\u044b\u0441\u043e\u0442\u0430 221,2 \u0441\u043c \u041a\u043e\u043b\u043b\u0435\u043a\u0446\u0438\u044f Office Lux \u0426\u0432\u0435\u0442 \u0441\u0432\u0435\u0442\u043b\u043e-\u0441\u0435\u0440\u044b\u0439\/\u0433\u0440\u0430\u0444\u0438\u0442\u043e\u0432\u044b\u0439 \u041e\u0442\u0442\u0435\u043d\u043e\u043a \u0441\u0435\u0440\u044b\u0439 \u0421\u0442\u0438\u043b\u044c \u0441\u043e\u0432\u0440\u0435\u043c\u0435\u043d\u043d\u044b\u0439 \u041c\u0430\u0442\u0435\u0440\u0438\u0430\u043b \u043b\u0430\u043c\u0438\u043d\u0430\u0442 \u041a\u043e\u043b\u0438\u0447\u0435\u0441\u0442\u0432\u043e \u0434\u0432\u0435\u0440\u0435\u0439 4 \u0434\u0432\u0435\u0440\u0438 \u041a\u043e\u043b\u0438\u0447\u0435\u0441\u0442\u0432\u043e \u044f\u0449\u0438\u043a\u043e\u0432 2 \u044f\u0449\u0438\u043a\u0430 \u0420\u0443\u0447\u043a\u0430 \u0441 \u0440\u0443\u0447\u043a\u0430\u043c\u0438 \u041f\u0440\u043e\u0438\u0437\u0432\u043e\u0434\u0438\u0442\u0435\u043b\u044c Black Red White \u0422\u0438\u043f \u043c\u0435\u0431\u0435\u043b\u0438 \u041f\u043e\u043b\u043a\u0438 \u0438 \u0432\u0438\u0442\u0440\u0438\u043d\u044b \u041d\u0414\u0421 23% EAN 5906123927178<\/p>","protected":false},"excerpt":{"rendered":"<p>Office Lux Tall Open Bookcase. This closed bookcase from the Office Lux collection was created with the protection of business secrets in mind, combining aesthetics with functionality and perfect for modern offices. The Office Lux bookcase is the perfect place for confidentially archiving business documents. Fully enclosed, with two lockable cabinets and two spacious drawers, [&hellip;]<\/p>","protected":false},"featured_media":264584,"comment_status":"open","ping_status":"open","template":"","meta":[],"product_brand":[],"product_cat":[9200,1177],"product_tag":[],"class_list":{"0":"post-264583","1":"product","2":"type-product","3":"status-publish","4":"has-post-thumbnail","6":"product_cat-black-red-white","7":"product_cat-wardrobes","9":"first","10":"instock","11":"purchasable","12":"product-type-simple"},"_links":{"self":[{"href":"https:\/\/baldumarket.lt\/ru\/wp-json\/wp\/v2\/product\/264583","targetHints":{"allow":["GET"]}}],"collection":[{"href":"https:\/\/baldumarket.lt\/ru\/wp-json\/wp\/v2\/product"}],"about":[{"href":"https:\/\/baldumarket.lt\/ru\/wp-json\/wp\/v2\/types\/product"}],"replies":[{"embeddable":true,"href":"https:\/\/baldumarket.lt\/ru\/wp-json\/wp\/v2\/comments?post=264583"}],"wp:featuredmedia":[{"embeddable":true,"href":"https:\/\/baldumarket.lt\/ru\/wp-json\/wp\/v2\/media\/264584"}],"wp:attachment":[{"href":"https:\/\/baldumarket.lt\/ru\/wp-json\/wp\/v2\/media?parent=264583"}],"wp:term":[{"taxonomy":"product_brand","embeddable":true,"href":"https:\/\/baldumarket.lt\/ru\/wp-json\/wp\/v2\/product_brand?post=264583"},{"taxonomy":"product_cat","embeddable":true,"href":"https:\/\/baldumarket.lt\/ru\/wp-json\/wp\/v2\/product_cat?post=264583"},{"taxonomy":"product_tag","embeddable":true,"href":"https:\/\/baldumarket.lt\/ru\/wp-json\/wp\/v2\/product_tag?post=264583"}],"curies":[{"name":"WP","href":"https:\/\/api.w.org\/{rel}","templated":true}]}}