{"id":263767,"date":"2026-01-13T23:44:46","date_gmt":"2026-01-13T20:44:46","guid":{"rendered":"https:\/\/baldumarket.lt\/product\/regal-jednodrzwiowy-niski-space-office-120-cm-dab-artisan\/"},"modified":"2026-02-11T18:18:57","modified_gmt":"2026-02-11T15:18:57","slug":"regal-jednodrzwiowy-niski-space-office-120-cm-dab-artisan","status":"publish","type":"product","link":"https:\/\/baldumarket.lt\/ru\/product\/regal-jednodrzwiowy-niski-space-office-120-cm-dab-artisan\/","title":{"rendered":"SPACE OFFICE \u017eema knyg\u0173 lentyna, vienv\u0117r\u0117s durys, 120 \u0441\u043c, \u0105\u017euolo spalvos"},"content":{"rendered":"<p>SPACE OFFICE Closed-Storage Shelf \u2013 Elegance and Functionality in One. This modern office shelving unit is not only a practical storage solution but also a design element that combines functionality with aesthetics. Its dual-function design, with three open shelves and three lockable doors, allows for efficient space management. The laminated board from which the shelving unit is constructed ensures not only durability but also resistance to scratches and damage. The lockable doors, equipped with a soft-close mechanism, add an elegant touch. The attractive natural wood color lends it versatility, allowing it to easily integrate into a variety of interior designs. Its generous dimensions (120 x 37 x 122 cm) make the shelving unit versatile and easily adaptable to various spaces, not only offices but also kitchens and hallways. Its openwork design allows for access from two sides, further enhancing its functionality. It is not only a piece of storage furniture, but also a stylish accessory that highlights the elegance of the space in which it is located.<\/p>\n<p>Product code S479-REG1D\/120-DASN Symbol ZM EAN Width 120 cm Depth 37 cm Height 122 cm Collection Space Office Color artisan oak Shade light wood Style modern Material laminate Number of doors 1-door Number of drawers without drawers Handle with handles Manufacturer Black Red White Type of furniture Shelves and display cabinets VAT tax 23% EAN 5906123707534<\/p>","protected":false},"excerpt":{"rendered":"<p>SPACE OFFICE Closed-Storage Shelf \u2013 Elegance and Functionality in One. This modern office shelving unit is not only a practical storage solution but also a design element that combines functionality with aesthetics. Its dual-function design, with three open shelves and three lockable doors, allows for efficient space management. The laminated board from which the shelving [&hellip;]<\/p>","protected":false},"featured_media":263768,"comment_status":"open","ping_status":"open","template":"","meta":[],"product_brand":[],"product_cat":[9200,1987],"product_tag":[],"class_list":{"0":"post-263767","1":"product","2":"type-product","3":"status-publish","4":"has-post-thumbnail","6":"product_cat-black-red-white","7":"product_cat-shelving-units","9":"first","10":"instock","11":"purchasable","12":"product-type-simple"},"_links":{"self":[{"href":"https:\/\/baldumarket.lt\/ru\/wp-json\/wp\/v2\/product\/263767","targetHints":{"allow":["GET"]}}],"collection":[{"href":"https:\/\/baldumarket.lt\/ru\/wp-json\/wp\/v2\/product"}],"about":[{"href":"https:\/\/baldumarket.lt\/ru\/wp-json\/wp\/v2\/types\/product"}],"replies":[{"embeddable":true,"href":"https:\/\/baldumarket.lt\/ru\/wp-json\/wp\/v2\/comments?post=263767"}],"wp:featuredmedia":[{"embeddable":true,"href":"https:\/\/baldumarket.lt\/ru\/wp-json\/wp\/v2\/media\/263768"}],"wp:attachment":[{"href":"https:\/\/baldumarket.lt\/ru\/wp-json\/wp\/v2\/media?parent=263767"}],"wp:term":[{"taxonomy":"product_brand","embeddable":true,"href":"https:\/\/baldumarket.lt\/ru\/wp-json\/wp\/v2\/product_brand?post=263767"},{"taxonomy":"product_cat","embeddable":true,"href":"https:\/\/baldumarket.lt\/ru\/wp-json\/wp\/v2\/product_cat?post=263767"},{"taxonomy":"product_tag","embeddable":true,"href":"https:\/\/baldumarket.lt\/ru\/wp-json\/wp\/v2\/product_tag?post=263767"}],"curies":[{"name":"WP","href":"https:\/\/api.w.org\/{rel}","templated":true}]}}