{"id":263740,"date":"2026-01-13T23:44:24","date_gmt":"2026-01-13T20:44:24","guid":{"rendered":"https:\/\/baldumarket.lt\/product\/regal-jednodrzwiowy-nepo-plus-60-cm-dab-noble-bialy\/"},"modified":"2026-02-11T18:18:58","modified_gmt":"2026-02-11T15:18:58","slug":"regal-jednodrzwiowy-nepo-plus-60-cm-dab-noble-bialy","status":"publish","type":"product","link":"https:\/\/baldumarket.lt\/ru\/product\/regal-jednodrzwiowy-nepo-plus-60-cm-dab-noble-bialy\/","title":{"rendered":"NEPO PLUS vien\u0173 dur\u0173 knyg\u0173 lentyna, 60 cm, kilnus \u0105\u017euolas\/balta"},"content":{"rendered":"<p>\u0417\u0430\u043a\u0440\u044b\u0442\u0430\u044f \u043f\u043e\u043b\u043a\u0430 Nepo Plus \u2013 \u043c\u0435\u0441\u0442\u043e \u0434\u043b\u044f \u0445\u0440\u0430\u043d\u0435\u043d\u0438\u044f \u0432\u0441\u0435\u0433\u043e \u043d\u0435\u043e\u0431\u0445\u043e\u0434\u0438\u043c\u043e\u0433\u043e. \u0421\u043e\u0432\u0440\u0435\u043c\u0435\u043d\u043d\u0430\u044f \u043b\u0438\u043d\u0438\u044f \u0434\u0435\u0442\u0441\u043a\u043e\u0439 \u043c\u0435\u0431\u0435\u043b\u0438 Nepo Plus \u0441\u043e\u0447\u0435\u0442\u0430\u0435\u0442 \u0432 \u0441\u0435\u0431\u0435 \u043f\u0440\u043e\u0441\u0442\u044b\u0435 \u0444\u043e\u0440\u043c\u044b, \u0433\u043b\u0430\u0434\u043a\u0438\u0435 \u0444\u0430\u0441\u0430\u0434\u044b \u0438 \u0432\u044b\u0441\u043e\u043a\u043e\u0435 \u043a\u0430\u0447\u0435\u0441\u0442\u0432\u043e \u0438\u0437\u0433\u043e\u0442\u043e\u0432\u043b\u0435\u043d\u0438\u044f, \u0438\u0434\u0435\u0430\u043b\u044c\u043d\u043e \u0432\u043f\u0438\u0441\u044b\u0432\u0430\u044f\u0441\u044c \u0432 \u043b\u044e\u0431\u043e\u0439 \u0438\u043d\u0442\u0435\u0440\u044c\u0435\u0440. \u041a\u043e\u043c\u0444\u043e\u0440\u0442 \u0438 \u0444\u0443\u043d\u043a\u0446\u0438\u043e\u043d\u0430\u043b\u044c\u043d\u043e\u0441\u0442\u044c.<br \/>\n\u0412\u044b\u0441\u043e\u043a\u0438\u0439 \u0441\u0442\u0435\u043b\u043b\u0430\u0436 Nepo Plus \u0441 \u0437\u0430\u043a\u0440\u044b\u0442\u043e\u0439 \u043f\u0435\u0440\u0435\u0434\u043d\u0435\u0439 \u043f\u0430\u043d\u0435\u043b\u044c\u044e \u043e\u0431\u0435\u0441\u043f\u0435\u0447\u0438\u0432\u0430\u0435\u0442 \u043f\u0440\u0430\u043a\u0442\u0438\u0447\u043d\u043e\u0435 \u043c\u0435\u0441\u0442\u043e \u0434\u043b\u044f \u0445\u0440\u0430\u043d\u0435\u043d\u0438\u044f \u0432\u0435\u0449\u0435\u0439, \u0438\u0434\u0435\u0430\u043b\u044c\u043d\u043e \u043f\u043e\u0434\u0445\u043e\u0434\u044f\u0449\u0435\u0435 \u0434\u043b\u044f \u0434\u0435\u0442\u0441\u043a\u043e\u0439 \u043a\u043e\u043c\u043d\u0430\u0442\u044b. \u0427\u0435\u0442\u044b\u0440\u0435 \u043f\u0440\u043e\u0441\u0442\u043e\u0440\u043d\u044b\u0435 \u043f\u043e\u043b\u043a\u0438, \u0441\u043a\u0440\u044b\u0442\u044b\u0435 \u0437\u0430 \u0437\u0430\u043a\u0440\u044b\u0442\u043e\u0439 \u043f\u0435\u0440\u0435\u0434\u043d\u0435\u0439 \u043f\u0430\u043d\u0435\u043b\u044c\u044e, \u043f\u043e\u0437\u0432\u043e\u043b\u044f\u044e\u0442 \u0443\u0434\u043e\u0431\u043d\u043e \u0440\u0430\u0437\u043c\u0435\u0441\u0442\u0438\u0442\u044c \u043e\u0434\u0435\u0436\u0434\u0443, \u0442\u0435\u0442\u0440\u0430\u0434\u0438, \u0443\u0447\u0435\u0431\u043d\u0438\u043a\u0438 \u0438 \u0434\u0440\u0443\u0433\u0438\u0435 \u043d\u0435\u043e\u0431\u0445\u043e\u0434\u0438\u043c\u044b\u0435 \u0432\u0435\u0449\u0438. \u042d\u0442\u043e \u0437\u043d\u0430\u0447\u0438\u0442\u0435\u043b\u044c\u043d\u043e \u0443\u043f\u0440\u043e\u0449\u0430\u0435\u0442 \u043f\u043e\u0434\u0434\u0435\u0440\u0436\u0430\u043d\u0438\u0435 \u043f\u043e\u0440\u044f\u0434\u043a\u0430. \u0421\u0442\u0438\u043b\u044c \u0438 \u0434\u043e\u043b\u0433\u043e\u0432\u0435\u0447\u043d\u043e\u0441\u0442\u044c.<br \/>\nThe laminated surface of the Nepo Plus shelving unit stands out for its increased resistance to scratches and temperature changes, and its ease of cleaning. The subdued color scheme, featuring a noble oak body with white fronts, gives the piece a modern and versatile look that complements a variety of interior designs. A simple handle highlights the minimalist design while also providing easy access to the furniture&#8217;s contents. Special features: Four spacious shelves \u2013 ideal for textbooks, clothing, and other accessories. Laminated surface \u2013 scratch-resistant, easy to clean, and durable. Subdued colors \u2013 noble oak body with white fronts. Simple handle \u2013 easy opening and a modern look. Tall shelf \u2013 optimal use of space in a youth room. Summary<br \/>\n\u0417\u0430\u043a\u0440\u044b\u0442\u0430\u044f \u043f\u043e\u043b\u043a\u0430 Nepo Plus \u2014 \u0438\u0434\u0435\u0430\u043b\u044c\u043d\u043e\u0435 \u0440\u0435\u0448\u0435\u043d\u0438\u0435 \u0434\u043b\u044f \u0442\u0435\u0445, \u043a\u0442\u043e \u0446\u0435\u043d\u0438\u0442 \u0444\u0443\u043d\u043a\u0446\u0438\u043e\u043d\u0430\u043b\u044c\u043d\u043e\u0441\u0442\u044c \u0438 \u0441\u043e\u0432\u0440\u0435\u043c\u0435\u043d\u043d\u044b\u0439 \u0434\u0438\u0437\u0430\u0439\u043d. \u041f\u0440\u043e\u0441\u0442\u043e\u0440\u043d\u043e\u0435 \u0432\u043d\u0443\u0442\u0440\u0435\u043d\u043d\u0435\u0435 \u043f\u0440\u043e\u0441\u0442\u0440\u0430\u043d\u0441\u0442\u0432\u043e, \u043f\u0440\u043e\u0447\u043d\u0430\u044f \u043a\u043e\u043d\u0441\u0442\u0440\u0443\u043a\u0446\u0438\u044f \u0438 \u043c\u0438\u043d\u0438\u043c\u0430\u043b\u0438\u0441\u0442\u0438\u0447\u043d\u044b\u0439 \u0441\u0442\u0438\u043b\u044c \u0434\u0435\u043b\u0430\u044e\u0442 \u0435\u0451 \u0438\u0434\u0435\u0430\u043b\u044c\u043d\u044b\u043c \u043c\u0435\u0441\u0442\u043e\u043c \u0434\u043b\u044f \u0445\u0440\u0430\u043d\u0435\u043d\u0438\u044f \u0440\u0430\u0437\u043b\u0438\u0447\u043d\u044b\u0445 \u0432\u0435\u0449\u0435\u0439, \u043f\u043e\u043c\u043e\u0433\u0430\u044f \u043f\u043e\u0434\u0434\u0435\u0440\u0436\u0438\u0432\u0430\u0442\u044c \u043f\u043e\u0440\u044f\u0434\u043e\u043a \u0432 \u0434\u0435\u0442\u0441\u043a\u043e\u0439 \u043a\u043e\u043c\u043d\u0430\u0442\u0435. \u0421\u043e\u0447\u0435\u0442\u0430\u0439\u0442\u0435 \u043f\u043e\u043b\u043a\u0443 \u0441 \u043f\u0438\u0441\u044c\u043c\u0435\u043d\u043d\u044b\u043c \u0441\u0442\u043e\u043b\u043e\u043c, \u0448\u043a\u0430\u0444\u043e\u043c \u0438\u043b\u0438 \u0434\u0440\u0443\u0433\u0438\u043c\u0438 \u044d\u043b\u0435\u043c\u0435\u043d\u0442\u0430\u043c\u0438 \u043a\u043e\u043b\u043b\u0435\u043a\u0446\u0438\u0438 Nepo Plus, \u0447\u0442\u043e\u0431\u044b \u0441\u043e\u0437\u0434\u0430\u0442\u044c \u044d\u0440\u0433\u043e\u043d\u043e\u043c\u0438\u0447\u043d\u043e\u0435 \u0438 \u0441\u0442\u0438\u043b\u044c\u043d\u043e\u0435 \u043f\u0440\u043e\u0441\u0442\u0440\u0430\u043d\u0441\u0442\u0432\u043e.<\/p>\n<p>Product code S435-REG1D-DNO\/BI Width 60 cm Depth 34 cm Height 197 cm Collection Nepo Plus Color noble oak\/white Shade dark wood Style modern Material laminate Number of doors 1-door Number of drawers without drawers Handle with handles Manufacturer Black Red White Type of furniture Shelves and display cabinets VAT 23% EAN 5906123051941<\/p>","protected":false},"excerpt":{"rendered":"<p>\u0421\u0442\u0435\u043b\u043b\u0430\u0436 Nepo Plus \u0441 \u0437\u0430\u043a\u0440\u044b\u0442\u044b\u043c\u0438 \u043f\u043e\u043b\u043a\u0430\u043c\u0438 \u2013 \u043c\u0435\u0441\u0442\u043e \u0434\u043b\u044f \u0445\u0440\u0430\u043d\u0435\u043d\u0438\u044f \u0432\u0441\u0435\u0433\u043e \u043d\u0435\u043e\u0431\u0445\u043e\u0434\u0438\u043c\u043e\u0433\u043e. \u0421\u043e\u0432\u0440\u0435\u043c\u0435\u043d\u043d\u0430\u044f \u043b\u0438\u043d\u0438\u044f \u0434\u0435\u0442\u0441\u043a\u043e\u0439 \u043c\u0435\u0431\u0435\u043b\u0438 Nepo Plus \u0441\u043e\u0447\u0435\u0442\u0430\u0435\u0442 \u0432 \u0441\u0435\u0431\u0435 \u043f\u0440\u043e\u0441\u0442\u044b\u0435 \u0444\u043e\u0440\u043c\u044b, \u0433\u043b\u0430\u0434\u043a\u0438\u0435 \u0444\u0430\u0441\u0430\u0434\u044b \u0438 \u0432\u044b\u0441\u043e\u043a\u043e\u0435 \u043a\u0430\u0447\u0435\u0441\u0442\u0432\u043e \u0438\u0437\u0433\u043e\u0442\u043e\u0432\u043b\u0435\u043d\u0438\u044f, \u0438\u0434\u0435\u0430\u043b\u044c\u043d\u043e \u0432\u043f\u0438\u0441\u044b\u0432\u0430\u044f\u0441\u044c \u0432 \u043b\u044e\u0431\u043e\u0439 \u0438\u043d\u0442\u0435\u0440\u044c\u0435\u0440. \u041a\u043e\u043c\u0444\u043e\u0440\u0442 \u0438 \u0444\u0443\u043d\u043a\u0446\u0438\u043e\u043d\u0430\u043b\u044c\u043d\u043e\u0441\u0442\u044c. \u0412\u044b\u0441\u043e\u043a\u0438\u0439 \u0441\u0442\u0435\u043b\u043b\u0430\u0436 Nepo Plus \u0441 \u0437\u0430\u043a\u0440\u044b\u0442\u044b\u043c\u0438 \u043f\u043e\u043b\u043a\u0430\u043c\u0438 \u043e\u0431\u0435\u0441\u043f\u0435\u0447\u0438\u0432\u0430\u0435\u0442 \u043f\u0440\u0430\u043a\u0442\u0438\u0447\u043d\u043e\u0435 \u043c\u0435\u0441\u0442\u043e \u0434\u043b\u044f \u0445\u0440\u0430\u043d\u0435\u043d\u0438\u044f, \u0438\u0434\u0435\u0430\u043b\u044c\u043d\u043e \u043f\u043e\u0434\u0445\u043e\u0434\u044f\u0449\u0435\u0435 \u0434\u043b\u044f \u0434\u0435\u0442\u0441\u043a\u043e\u0439 \u043a\u043e\u043c\u043d\u0430\u0442\u044b. \u0427\u0435\u0442\u044b\u0440\u0435 \u043f\u0440\u043e\u0441\u0442\u043e\u0440\u043d\u044b\u0435 \u043f\u043e\u043b\u043a\u0438 [\u2026]<\/p>","protected":false},"featured_media":263741,"comment_status":"open","ping_status":"open","template":"","meta":[],"product_brand":[],"product_cat":[9200,1987],"product_tag":[],"class_list":{"0":"post-263740","1":"product","2":"type-product","3":"status-publish","4":"has-post-thumbnail","6":"product_cat-black-red-white","7":"product_cat-shelving-units","9":"first","10":"instock","11":"purchasable","12":"product-type-simple"},"_links":{"self":[{"href":"https:\/\/baldumarket.lt\/ru\/wp-json\/wp\/v2\/product\/263740","targetHints":{"allow":["GET"]}}],"collection":[{"href":"https:\/\/baldumarket.lt\/ru\/wp-json\/wp\/v2\/product"}],"about":[{"href":"https:\/\/baldumarket.lt\/ru\/wp-json\/wp\/v2\/types\/product"}],"replies":[{"embeddable":true,"href":"https:\/\/baldumarket.lt\/ru\/wp-json\/wp\/v2\/comments?post=263740"}],"wp:featuredmedia":[{"embeddable":true,"href":"https:\/\/baldumarket.lt\/ru\/wp-json\/wp\/v2\/media\/263741"}],"wp:attachment":[{"href":"https:\/\/baldumarket.lt\/ru\/wp-json\/wp\/v2\/media?parent=263740"}],"wp:term":[{"taxonomy":"product_brand","embeddable":true,"href":"https:\/\/baldumarket.lt\/ru\/wp-json\/wp\/v2\/product_brand?post=263740"},{"taxonomy":"product_cat","embeddable":true,"href":"https:\/\/baldumarket.lt\/ru\/wp-json\/wp\/v2\/product_cat?post=263740"},{"taxonomy":"product_tag","embeddable":true,"href":"https:\/\/baldumarket.lt\/ru\/wp-json\/wp\/v2\/product_tag?post=263740"}],"curies":[{"name":"WP","href":"https:\/\/api.w.org\/{rel}","templated":true}]}}