{"id":263724,"date":"2026-01-13T23:44:12","date_gmt":"2026-01-13T20:44:12","guid":{"rendered":"https:\/\/baldumarket.lt\/product\/regal-jednodrzwiowy-nepo-plus-60-cm-bialy-dab-sonoma\/"},"modified":"2026-02-11T18:18:58","modified_gmt":"2026-02-11T15:18:58","slug":"regal-jednodrzwiowy-nepo-plus-60-cm-bialy-dab-sonoma","status":"publish","type":"product","link":"https:\/\/baldumarket.lt\/ru\/product\/regal-jednodrzwiowy-nepo-plus-60-cm-bialy-dab-sonoma\/","title":{"rendered":"NEPO PLUS vien\u0173 dur\u0173 knyg\u0173 lentyna, 60 cm, balta\/sonoma \u0105\u017euolas"},"content":{"rendered":"<p>\u0421\u0442\u0435\u043b\u043b\u0430\u0436 Nepo Plus \u0441 \u0437\u0430\u043a\u0440\u044b\u0442\u044b\u043c\u0438 \u043f\u043e\u043b\u043a\u0430\u043c\u0438 \u2013 \u0438\u0434\u0435\u0430\u043b\u044c\u043d\u043e\u0435 \u0440\u0435\u0448\u0435\u043d\u0438\u0435 \u0434\u043b\u044f \u0445\u0440\u0430\u043d\u0435\u043d\u0438\u044f \u0432\u0430\u0448\u0438\u0445 \u0432\u0435\u0449\u0435\u0439. \u041b\u0438\u043d\u0438\u044f \u0434\u0435\u0442\u0441\u043a\u043e\u0439 \u043c\u0435\u0431\u0435\u043b\u0438 Nepo Plus \u2013 \u043f\u0440\u0435\u043a\u0440\u0430\u0441\u043d\u044b\u0439 \u043f\u0440\u0438\u043c\u0435\u0440 \u0441\u043e\u0432\u0440\u0435\u043c\u0435\u043d\u043d\u043e\u0433\u043e \u0434\u0438\u0437\u0430\u0439\u043d\u0430, \u0441\u043e\u0447\u0435\u0442\u0430\u044e\u0449\u0435\u0433\u043e \u0432 \u0441\u0435\u0431\u0435 \u043f\u0440\u043e\u0441\u0442\u044b\u0435 \u0444\u043e\u0440\u043c\u044b, \u0433\u043b\u0430\u0434\u043a\u0438\u0435 \u0444\u0430\u0441\u0430\u0434\u044b \u0438 \u0432\u044b\u0441\u043e\u043a\u043e\u0435 \u043a\u0430\u0447\u0435\u0441\u0442\u0432\u043e \u0438\u0437\u0433\u043e\u0442\u043e\u0432\u043b\u0435\u043d\u0438\u044f. \u0421\u0442\u0435\u043b\u043b\u0430\u0436 Nepo Plus \u0441 \u0437\u0430\u043a\u0440\u044b\u0442\u044b\u043c\u0438 \u043f\u043e\u043b\u043a\u0430\u043c\u0438 \u0438\u0434\u0435\u0430\u043b\u044c\u043d\u043e \u043f\u043e\u0434\u043e\u0439\u0434\u0435\u0442, \u0435\u0441\u043b\u0438 \u0432\u044b \u0438\u0449\u0435\u0442\u0435 \u043c\u0435\u0441\u0442\u043e \u0434\u043b\u044f \u0445\u0440\u0430\u043d\u0435\u043d\u0438\u044f \u043e\u0434\u0435\u0436\u0434\u044b, \u0442\u0435\u0442\u0440\u0430\u0434\u0435\u0439, \u0443\u0447\u0435\u0431\u043d\u0438\u043a\u043e\u0432 \u0438 \u0434\u0440\u0443\u0433\u0438\u0445 \u0432\u0435\u0449\u0435\u0439, \u043a\u043e\u0442\u043e\u0440\u044b\u0435 \u0432\u044b \u0445\u043e\u0442\u0438\u0442\u0435 \u0445\u0440\u0430\u043d\u0438\u0442\u044c \u043e\u0440\u0433\u0430\u043d\u0438\u0437\u043e\u0432\u0430\u043d\u043d\u043e \u0438 \u043f\u043e\u0434 \u0440\u0443\u043a\u043e\u0439. \u041f\u0440\u0430\u043a\u0442\u0438\u0447\u043d\u0430\u044f \u043e\u0440\u0433\u0430\u043d\u0438\u0437\u0430\u0446\u0438\u044f: \u044d\u0442\u043e\u0442 \u0432\u044b\u0441\u043e\u043a\u0438\u0439 \u0441\u0442\u0435\u043b\u043b\u0430\u0436 Nepo Plus \u0441 \u0437\u0430\u043a\u0440\u044b\u0442\u044b\u043c\u0438 \u043f\u043e\u043b\u043a\u0430\u043c\u0438 \u0438\u043c\u0435\u0435\u0442 \u0447\u0435\u0442\u044b\u0440\u0435 \u043f\u0440\u0430\u043a\u0442\u0438\u0447\u043d\u044b\u0435 \u043f\u043e\u043b\u043a\u0438, \u043f\u043e\u0437\u0432\u043e\u043b\u044f\u044e\u0449\u0438\u0435 \u0443\u0434\u043e\u0431\u043d\u043e \u0441\u043e\u0440\u0442\u0438\u0440\u043e\u0432\u0430\u0442\u044c \u0438 \u0445\u0440\u0430\u043d\u0438\u0442\u044c \u0440\u0430\u0437\u043b\u0438\u0447\u043d\u044b\u0435 \u043f\u0440\u0435\u0434\u043c\u0435\u0442\u044b. \u042d\u0442\u043e \u0438\u0434\u0435\u0430\u043b\u044c\u043d\u043e\u0435 \u0440\u0435\u0448\u0435\u043d\u0438\u0435 \u0434\u043b\u044f \u0434\u0435\u0442\u0441\u043a\u0438\u0445 \u043a\u043e\u043c\u043d\u0430\u0442, \u0433\u0434\u0435 \u043f\u043e\u0440\u044f\u0434\u043e\u043a \u0438\u043c\u0435\u0435\u0442 \u043f\u0435\u0440\u0432\u043e\u0441\u0442\u0435\u043f\u0435\u043d\u043d\u043e\u0435 \u0437\u043d\u0430\u0447\u0435\u043d\u0438\u0435. \u041b\u0430\u043c\u0438\u043d\u0438\u0440\u043e\u0432\u0430\u043d\u043d\u0430\u044f \u043f\u043e\u0432\u0435\u0440\u0445\u043d\u043e\u0441\u0442\u044c \u0443\u0441\u0442\u043e\u0439\u0447\u0438\u0432\u0430 \u043a \u0446\u0430\u0440\u0430\u043f\u0438\u043d\u0430\u043c, \u0447\u0442\u043e \u043e\u0431\u0435\u0441\u043f\u0435\u0447\u0438\u0432\u0430\u0435\u0442 \u0434\u043e\u043b\u0433\u043e\u0432\u0435\u0447\u043d\u043e\u0441\u0442\u044c. \u041e\u043d\u0430 \u0442\u0430\u043a\u0436\u0435 \u043b\u0435\u0433\u043a\u043e \u0447\u0438\u0441\u0442\u0438\u0442\u0441\u044f, \u0447\u0442\u043e \u043f\u043e\u0437\u0432\u043e\u043b\u044f\u0435\u0442 \u043f\u043e\u0434\u0434\u0435\u0440\u0436\u0438\u0432\u0430\u0442\u044c \u0441\u0442\u0435\u043b\u043b\u0430\u0436 \u0432 \u0438\u0434\u0435\u0430\u043b\u044c\u043d\u043e\u043c \u0441\u043e\u0441\u0442\u043e\u044f\u043d\u0438\u0438 \u0434\u043e\u043b\u0433\u0438\u0435 \u0433\u043e\u0434\u044b. \u0420\u0430\u0437\u043d\u043e\u043e\u0431\u0440\u0430\u0437\u0438\u0435 \u0446\u0432\u0435\u0442\u043e\u0432 \u043f\u043e\u0437\u0432\u043e\u043b\u044f\u0435\u0442 \u0432\u044b\u0431\u0440\u0430\u0442\u044c \u0438\u0434\u0435\u0430\u043b\u044c\u043d\u044b\u0439 \u0441\u0442\u0435\u043b\u043b\u0430\u0436, \u0434\u043e\u043f\u043e\u043b\u043d\u044f\u044e\u0449\u0438\u0439 \u0432\u0430\u0448 \u0438\u043d\u0442\u0435\u0440\u044c\u0435\u0440. \u0411\u0435\u043b\u044b\u0439, \u0434\u0443\u0431 \u0421\u043e\u043d\u043e\u043c\u0430, \u0434\u0443\u0431 \u041c\u043e\u043d\u0430\u0441\u0442\u044b\u0440\u044c \u0438 \u0432\u0435\u043d\u0433\u0435 \u2013 \u044d\u0442\u043e \u043b\u0438\u0448\u044c \u043d\u0435\u043a\u043e\u0442\u043e\u0440\u044b\u0435 \u0438\u0437 \u0434\u043e\u0441\u0442\u0443\u043f\u043d\u044b\u0445 \u0432\u0430\u0440\u0438\u0430\u043d\u0442\u043e\u0432. \u0412\u044b \u0442\u0430\u043a\u0436\u0435 \u043c\u043e\u0436\u0435\u0442\u0435 \u0441\u043e\u0447\u0435\u0442\u0430\u0442\u044c \u0440\u0430\u0437\u043d\u044b\u0435 \u0446\u0432\u0435\u0442\u0430 \u0441 \u0434\u0440\u0443\u0433\u0438\u043c\u0438 \u044d\u043b\u0435\u043c\u0435\u043d\u0442\u0430\u043c\u0438 \u043a\u043e\u043b\u043b\u0435\u043a\u0446\u0438\u0438 \u0434\u043b\u044f \u0441\u043e\u0437\u0434\u0430\u043d\u0438\u044f \u0433\u0430\u0440\u043c\u043e\u043d\u0438\u0447\u043d\u044b\u0445 \u043a\u043e\u043c\u043f\u043e\u0437\u0438\u0446\u0438\u0439. \u041f\u0440\u043e\u0441\u0442\u0430\u044f \u0440\u0443\u0447\u043a\u0430 \u043e\u0431\u043b\u0435\u0433\u0447\u0430\u0435\u0442 \u043e\u0442\u043a\u0440\u044b\u0432\u0430\u043d\u0438\u0435 \u0438 \u0437\u0430\u043a\u0440\u044b\u0432\u0430\u043d\u0438\u0435 \u0434\u0432\u0435\u0440\u0435\u0439, \u043e\u0431\u0435\u0441\u043f\u0435\u0447\u0438\u0432\u0430\u044f \u043b\u0435\u0433\u043a\u0438\u0439 \u0434\u043e\u0441\u0442\u0443\u043f \u043a \u0441\u043e\u0434\u0435\u0440\u0436\u0438\u043c\u043e\u043c\u0443 \u0437\u0430\u043a\u0440\u044b\u0442\u043e\u0433\u043e \u043a\u043d\u0438\u0436\u043d\u043e\u0433\u043e \u0448\u043a\u0430\u0444\u0430. \u0417\u0430\u043a\u0440\u044b\u0442\u044b\u0439 \u043a\u043d\u0438\u0436\u043d\u044b\u0439 \u0448\u043a\u0430\u0444 Nepo Plus \u0434\u043e\u043f\u043e\u043b\u043d\u044f\u0435\u0442 \u0434\u0440\u0443\u0433\u0438\u0435 \u044d\u043b\u0435\u043c\u0435\u043d\u0442\u044b \u043a\u043e\u043b\u043b\u0435\u043a\u0446\u0438\u0438, \u0442\u0430\u043a\u0438\u0435 \u043a\u0430\u043a \u0448\u043a\u0430\u0444 \u0434\u043b\u044f \u043e\u0434\u0435\u0436\u0434\u044b \u0438\u043b\u0438 \u043f\u0438\u0441\u044c\u043c\u0435\u043d\u043d\u044b\u0439 \u0441\u0442\u043e\u043b. \u0412\u044b \u043c\u043e\u0436\u0435\u0442\u0435 \u043d\u0430\u0441\u0442\u0440\u043e\u0438\u0442\u044c \u043c\u0435\u0431\u0435\u043b\u044c \u0432 \u0441\u043e\u043e\u0442\u0432\u0435\u0442\u0441\u0442\u0432\u0438\u0438 \u0441 \u043f\u043e\u0442\u0440\u0435\u0431\u043d\u043e\u0441\u0442\u044f\u043c\u0438 \u0432\u0430\u0448\u0435\u0439 \u043c\u043e\u043b\u043e\u0434\u043e\u0439 \u0441\u0435\u043c\u044c\u0438, \u0441\u043e\u0437\u0434\u0430\u0432 \u0444\u0443\u043d\u043a\u0446\u0438\u043e\u043d\u0430\u043b\u044c\u043d\u043e\u0435 \u0438 \u0441\u043e\u0432\u0440\u0435\u043c\u0435\u043d\u043d\u043e\u0435 \u043f\u0440\u043e\u0441\u0442\u0440\u0430\u043d\u0441\u0442\u0432\u043e \u0434\u043b\u044f \u0443\u0447\u0435\u0431\u044b \u0438 \u0445\u0440\u0430\u043d\u0435\u043d\u0438\u044f \u0432\u0435\u0449\u0435\u0439. \u0412\u043a\u0440\u0430\u0442\u0446\u0435, \u0437\u0430\u043a\u0440\u044b\u0442\u044b\u0439 \u043a\u043d\u0438\u0436\u043d\u044b\u0439 \u0448\u043a\u0430\u0444 Nepo Plus \u2014 \u044d\u0442\u043e \u043f\u0440\u0430\u043a\u0442\u0438\u0447\u043d\u043e\u0435 \u0438 \u0441\u0442\u0438\u043b\u044c\u043d\u043e\u0435 \u0440\u0435\u0448\u0435\u043d\u0438\u0435 \u0434\u043b\u044f \u0445\u0440\u0430\u043d\u0435\u043d\u0438\u044f \u0438 \u043e\u0440\u0433\u0430\u043d\u0438\u0437\u0430\u0446\u0438\u0438 \u0432\u0435\u0449\u0435\u0439 \u0432 \u0434\u0435\u0442\u0441\u043a\u043e\u0439 \u043a\u043e\u043c\u043d\u0430\u0442\u0435. \u0415\u0433\u043e \u043f\u0440\u043e\u0447\u043d\u0430\u044f \u043a\u043e\u043d\u0441\u0442\u0440\u0443\u043a\u0446\u0438\u044f, \u0440\u0430\u0437\u043d\u043e\u043e\u0431\u0440\u0430\u0437\u0438\u0435 \u0446\u0432\u0435\u0442\u043e\u0432 \u0438 \u043f\u0440\u043e\u0441\u0442\u043e\u0442\u0430 \u0438\u0441\u043f\u043e\u043b\u044c\u0437\u043e\u0432\u0430\u043d\u0438\u044f \u0434\u0435\u043b\u0430\u044e\u0442 \u0435\u0433\u043e \u043e\u0442\u043b\u0438\u0447\u043d\u044b\u043c \u0432\u044b\u0431\u043e\u0440\u043e\u043c \u0434\u043b\u044f \u0442\u0435\u0445, \u043a\u0442\u043e \u0446\u0435\u043d\u0438\u0442 \u043a\u0430\u043a \u0444\u0443\u043d\u043a\u0446\u0438\u043e\u043d\u0430\u043b\u044c\u043d\u043e\u0441\u0442\u044c, \u0442\u0430\u043a \u0438 \u0441\u043e\u0432\u0440\u0435\u043c\u0435\u043d\u043d\u044b\u0439 \u0434\u0438\u0437\u0430\u0439\u043d. \u0421\u043e\u0447\u0435\u0442\u0430\u044f \u0435\u0433\u043e \u0441 \u0434\u0440\u0443\u0433\u0438\u043c\u0438 \u044d\u043b\u0435\u043c\u0435\u043d\u0442\u0430\u043c\u0438 \u043a\u043e\u043b\u043b\u0435\u043a\u0446\u0438\u0438, \u0432\u044b \u043c\u043e\u0436\u0435\u0442\u0435 \u0441\u043e\u0437\u0434\u0430\u0442\u044c \u043a\u043e\u043c\u043f\u043b\u0435\u043a\u0441\u043d\u0443\u044e \u0438 \u0433\u0430\u0440\u043c\u043e\u043d\u0438\u0447\u043d\u0443\u044e \u043e\u0431\u0441\u0442\u0430\u043d\u043e\u0432\u043a\u0443, \u043e\u0442\u0432\u0435\u0447\u0430\u044e\u0449\u0443\u044e \u043f\u043e\u0442\u0440\u0435\u0431\u043d\u043e\u0441\u0442\u044f\u043c \u0432\u0430\u0448\u0435\u0439 \u0441\u0435\u043c\u044c\u0438.<\/p>\n<p>\u041a\u043e\u0434 \u0442\u043e\u0432\u0430\u0440\u0430 S435-REG1D-BI\/DSO \u0421\u0438\u043c\u0432\u043e\u043b ZM EAN \u0428\u0438\u0440\u0438\u043d\u0430 60 \u0441\u043c \u0413\u043b\u0443\u0431\u0438\u043d\u0430 34 \u0441\u043c \u0412\u044b\u0441\u043e\u0442\u0430 197 \u0441\u043c \u041a\u043e\u043b\u043b\u0435\u043a\u0446\u0438\u044f Nepo Plus \u0426\u0432\u0435\u0442 \u0431\u0435\u043b\u044b\u0439\/\u0434\u0443\u0431 \u0421\u043e\u043d\u043e\u043c\u0430 \u041e\u0442\u0442\u0435\u043d\u043e\u043a \u0441\u0432\u0435\u0442\u043b\u043e\u0435 \u0434\u0435\u0440\u0435\u0432\u043e \u0421\u0442\u0438\u043b\u044c \u0441\u043e\u0432\u0440\u0435\u043c\u0435\u043d\u043d\u044b\u0439 \u041a\u043e\u043b\u0438\u0447\u0435\u0441\u0442\u0432\u043e \u0434\u0432\u0435\u0440\u0435\u0439 1 \u0434\u0432\u0435\u0440\u044c \u041a\u043e\u043b\u0438\u0447\u0435\u0441\u0442\u0432\u043e \u044f\u0449\u0438\u043a\u043e\u0432 \u0431\u0435\u0437 \u044f\u0449\u0438\u043a\u043e\u0432 \u0420\u0443\u0447\u043a\u0430 \u0441 \u0440\u0443\u0447\u043a\u0430\u043c\u0438 \u041f\u0440\u043e\u0438\u0437\u0432\u043e\u0434\u0438\u0442\u0435\u043b\u044c Black Red White \u0422\u0438\u043f \u043c\u0435\u0431\u0435\u043b\u0438 \u041f\u043e\u043b\u043a\u0438 \u0438 \u0432\u0438\u0442\u0440\u0438\u043d\u044b \u041d\u0414\u0421 23% EAN 5906123949781<\/p>","protected":false},"excerpt":{"rendered":"<p>The Nepo Plus Closed Shelf \u2013 the perfect storage solution for your belongings. The Nepo Plus youth furniture line is a perfect example of modern design, combining simple form, smooth fronts, and high-quality craftsmanship. The Nepo Plus closed shelving unit is the perfect solution if you&#8217;re looking for a place to store clothes, notebooks, textbooks, [&hellip;]<\/p>","protected":false},"featured_media":263725,"comment_status":"open","ping_status":"open","template":"","meta":[],"product_brand":[],"product_cat":[9200,1987],"product_tag":[],"class_list":{"0":"post-263724","1":"product","2":"type-product","3":"status-publish","4":"has-post-thumbnail","6":"product_cat-black-red-white","7":"product_cat-shelving-units","9":"first","10":"instock","11":"purchasable","12":"product-type-simple"},"_links":{"self":[{"href":"https:\/\/baldumarket.lt\/ru\/wp-json\/wp\/v2\/product\/263724","targetHints":{"allow":["GET"]}}],"collection":[{"href":"https:\/\/baldumarket.lt\/ru\/wp-json\/wp\/v2\/product"}],"about":[{"href":"https:\/\/baldumarket.lt\/ru\/wp-json\/wp\/v2\/types\/product"}],"replies":[{"embeddable":true,"href":"https:\/\/baldumarket.lt\/ru\/wp-json\/wp\/v2\/comments?post=263724"}],"wp:featuredmedia":[{"embeddable":true,"href":"https:\/\/baldumarket.lt\/ru\/wp-json\/wp\/v2\/media\/263725"}],"wp:attachment":[{"href":"https:\/\/baldumarket.lt\/ru\/wp-json\/wp\/v2\/media?parent=263724"}],"wp:term":[{"taxonomy":"product_brand","embeddable":true,"href":"https:\/\/baldumarket.lt\/ru\/wp-json\/wp\/v2\/product_brand?post=263724"},{"taxonomy":"product_cat","embeddable":true,"href":"https:\/\/baldumarket.lt\/ru\/wp-json\/wp\/v2\/product_cat?post=263724"},{"taxonomy":"product_tag","embeddable":true,"href":"https:\/\/baldumarket.lt\/ru\/wp-json\/wp\/v2\/product_tag?post=263724"}],"curies":[{"name":"WP","href":"https:\/\/api.w.org\/{rel}","templated":true}]}}