{"id":263712,"date":"2026-01-13T23:44:03","date_gmt":"2026-01-13T20:44:03","guid":{"rendered":"https:\/\/baldumarket.lt\/product\/regal-jednodrzwiowy-holten-98-cm-dab-waterford\/"},"modified":"2026-02-11T18:18:58","modified_gmt":"2026-02-11T15:18:58","slug":"regal-jednodrzwiowy-holten-98-cm-dab-waterford","status":"publish","type":"product","link":"https:\/\/baldumarket.lt\/ru\/product\/regal-jednodrzwiowy-holten-98-cm-dab-waterford\/","title":{"rendered":"HOLTEN vien\u0173 dur\u0173 knyg\u0173 lentyna, 98 cm, Waterford \u0105\u017euolas"},"content":{"rendered":"<p>\u041a\u043d\u0438\u0436\u043d\u044b\u0439 \u0448\u043a\u0430\u0444 Holten \u2013 \u0441\u0442\u0435\u043b\u043b\u0430\u0436 \u0434\u043b\u044f \u043a\u043d\u0438\u0433 \u0438\u043b\u0438 \u0434\u0435\u043a\u043e\u0440\u0430\u0442\u0438\u0432\u043d\u0430\u044f \u0432\u0438\u0442\u0440\u0438\u043d\u0430. \u0414\u0438\u0437\u0430\u0439\u043d \u0434\u043e\u043c\u0430\u0448\u043d\u0435\u0433\u043e \u043f\u0440\u043e\u0441\u0442\u0440\u0430\u043d\u0441\u0442\u0432\u0430 \u2013 \u0432\u0430\u0436\u043d\u044b\u0439 \u0430\u0441\u043f\u0435\u043a\u0442, \u0441\u043e\u0447\u0435\u0442\u0430\u044e\u0449\u0438\u0439 \u0441\u0442\u0438\u043b\u044c \u0438 \u0444\u0443\u043d\u043a\u0446\u0438\u043e\u043d\u0430\u043b\u044c\u043d\u043e\u0441\u0442\u044c. \u0421\u043e\u0437\u0434\u0430\u0432 \u044d\u0440\u0433\u043e\u043d\u043e\u043c\u0438\u0447\u043d\u044b\u0439 \u0441\u0442\u0435\u043b\u043b\u0430\u0436, \u0432\u044b \u043c\u043e\u0436\u0435\u0442\u0435 \u043e\u0431\u0443\u0441\u0442\u0440\u043e\u0438\u0442\u044c \u0438\u0434\u0435\u0430\u043b\u044c\u043d\u043e\u0435 \u043c\u0435\u0441\u0442\u043e \u0434\u043b\u044f \u0440\u0430\u0431\u043e\u0442\u044b, \u043e\u0442\u0434\u044b\u0445\u0430 \u0438 \u0434\u0435\u043c\u043e\u043d\u0441\u0442\u0440\u0430\u0446\u0438\u0438 \u043b\u044e\u0431\u0438\u043c\u044b\u0445 \u043f\u0440\u0435\u0434\u043c\u0435\u0442\u043e\u0432 \u0434\u0435\u043a\u043e\u0440\u0430. \u041a\u043e\u043b\u043b\u0435\u043a\u0446\u0438\u044f Holten \u2013 \u043e\u0442\u043b\u0438\u0447\u043d\u044b\u0439 \u0432\u0430\u0440\u0438\u0430\u043d\u0442 \u0434\u043b\u044f \u0442\u0435\u0445, \u043a\u0442\u043e \u0446\u0435\u043d\u0438\u0442 \u0441\u043e\u0432\u0440\u0435\u043c\u0435\u043d\u043d\u044b\u0439 \u0434\u0438\u0437\u0430\u0439\u043d \u0438 \u043f\u0440\u0430\u043a\u0442\u0438\u0447\u043d\u043e\u0441\u0442\u044c. \u041a \u0435\u0451 \u0445\u0430\u0440\u0430\u043a\u0442\u0435\u0440\u043d\u044b\u043c \u043e\u0441\u043e\u0431\u0435\u043d\u043d\u043e\u0441\u0442\u044f\u043c \u043e\u0442\u043d\u043e\u0441\u044f\u0442\u0441\u044f \u0443\u0442\u043e\u043b\u0449\u0435\u043d\u043d\u044b\u0435 \u0431\u043e\u043a\u043e\u0432\u044b\u0435 \u0441\u0442\u0435\u043d\u043a\u0438, \u0441\u0432\u0435\u0442\u043b\u044b\u0435 \u0442\u043e\u043d\u0430, \u0444\u0430\u0441\u0430\u0434\u044b \u0431\u0435\u0437 \u0440\u0443\u0447\u0435\u043a \u0438 \u044d\u0444\u0444\u0435\u043a\u0442\u043d\u0430\u044f \u0441\u0442\u043e\u043b\u0435\u0448\u043d\u0438\u0446\u0430. \u0412 \u044d\u0442\u043e\u0439 \u0441\u0442\u0430\u0442\u044c\u0435 \u0432\u044b \u0443\u0437\u043d\u0430\u0435\u0442\u0435 \u0431\u043e\u043b\u044c\u0448\u0435 \u043e \u043a\u043d\u0438\u0436\u043d\u043e\u043c \u0448\u043a\u0430\u0444\u0435 Holten, \u043d\u0435\u0437\u0430\u043c\u0435\u043d\u0438\u043c\u043e\u043c \u044d\u043b\u0435\u043c\u0435\u043d\u0442\u0435 \u044d\u0442\u043e\u0439 \u043a\u043e\u043b\u043b\u0435\u043a\u0446\u0438\u0438. \u0423 \u0432\u0430\u0441 \u0443\u0436\u0435 \u0435\u0441\u0442\u044c \u043c\u0435\u0441\u0442\u043e \u0434\u043b\u044f \u0443\u0447\u0435\u0431\u044b, \u043e\u0442\u0434\u044b\u0445\u0430 \u0438 \u043f\u0440\u0438\u0435\u043c\u0430 \u0433\u043e\u0441\u0442\u0435\u0439, \u043d\u043e \u0432\u0430\u043c \u0432\u0441\u0435 \u0435\u0449\u0435 \u043d\u0435 \u0445\u0432\u0430\u0442\u0430\u0435\u0442 \u043c\u0435\u0431\u0435\u043b\u0438, \u043a\u043e\u0442\u043e\u0440\u0430\u044f \u043f\u043e\u0437\u0432\u043e\u043b\u0438\u043b\u0430 \u0431\u044b \u0445\u0440\u0430\u043d\u0438\u0442\u044c \u0438 \u0434\u0435\u043c\u043e\u043d\u0441\u0442\u0440\u0438\u0440\u043e\u0432\u0430\u0442\u044c \u0442\u043e, \u0447\u0442\u043e \u0434\u043b\u044f \u0432\u0430\u0441 \u043d\u0430\u0438\u0431\u043e\u043b\u0435\u0435 \u0432\u0430\u0436\u043d\u043e. \u041a\u043d\u0438\u0436\u043d\u044b\u0439 \u0448\u043a\u0430\u0444 Holten \u2013 \u044d\u0442\u043e \u0440\u0435\u0448\u0435\u043d\u0438\u0435, \u043a\u043e\u0442\u043e\u0440\u043e\u0433\u043e \u0432\u044b \u0436\u0434\u0430\u043b\u0438. \u0411\u043b\u0430\u0433\u043e\u0434\u0430\u0440\u044f \u043c\u043d\u043e\u0433\u043e\u0447\u0438\u0441\u043b\u0435\u043d\u043d\u044b\u043c \u043f\u043e\u043b\u043a\u0430\u043c \u0432\u044b \u0441\u043c\u043e\u0436\u0435\u0442\u0435 \u043e\u0440\u0433\u0430\u043d\u0438\u0437\u043e\u0432\u0430\u0442\u044c \u0432\u0441\u0435 \u0441\u0432\u043e\u0438 \u0432\u0435\u0449\u0438 \u0438 \u043f\u0440\u043e\u0434\u0435\u043c\u043e\u043d\u0441\u0442\u0440\u0438\u0440\u043e\u0432\u0430\u0442\u044c \u0441\u0432\u043e\u0438 \u043a\u043e\u043b\u043b\u0435\u043a\u0446\u0438\u0438 \u0438 \u043f\u0440\u0435\u0434\u043c\u0435\u0442\u044b \u0434\u0435\u043a\u043e\u0440\u0430. \u042d\u0442\u043e \u0438\u0434\u0435\u0430\u043b\u044c\u043d\u043e\u0435 \u043c\u0435\u0441\u0442\u043e \u0434\u043b\u044f \u0434\u0435\u043c\u043e\u043d\u0441\u0442\u0440\u0430\u0446\u0438\u0438 \u0432\u0430\u0448\u0438\u0445 \u0442\u0440\u043e\u0444\u0435\u0435\u0432, \u043b\u044e\u0431\u0438\u043c\u044b\u0445 \u043a\u043d\u0438\u0433 \u0438\u043b\u0438 \u0434\u0440\u0443\u0433\u0438\u0445 \u043f\u0440\u0435\u0434\u043c\u0435\u0442\u043e\u0432, \u043a\u043e\u0442\u043e\u0440\u044b\u0435 \u0432\u044b \u0445\u043e\u0442\u0438\u0442\u0435 \u043f\u043e\u043a\u0430\u0437\u0430\u0442\u044c. \u041a\u043d\u0438\u0436\u043d\u044b\u0439 \u0448\u043a\u0430\u0444 Holten \u043c\u043e\u0436\u0435\u0442 \u043f\u043e\u0445\u0432\u0430\u0441\u0442\u0430\u0442\u044c\u0441\u044f \u0432\u043f\u0435\u0447\u0430\u0442\u043b\u044f\u044e\u0449\u0438\u043c\u0438 \u0440\u0430\u0437\u043c\u0435\u0440\u0430\u043c\u0438 \u2013 156,5 \u0441\u043c \u0432 \u0432\u044b\u0441\u043e\u0442\u0443 \u0438 98 \u0441\u043c \u0432 \u0448\u0438\u0440\u0438\u043d\u0443. \u042d\u0442\u043e \u0437\u043d\u0430\u0447\u0438\u0442, \u0447\u0442\u043e \u0443 \u0432\u0430\u0441 \u0431\u0443\u0434\u0435\u0442 \u043c\u043d\u043e\u0433\u043e \u043c\u0435\u0441\u0442\u0430 \u0434\u043b\u044f \u0445\u0440\u0430\u043d\u0435\u043d\u0438\u044f \u0438 \u0434\u0435\u043c\u043e\u043d\u0441\u0442\u0440\u0430\u0446\u0438\u0438. \u0427\u0442\u043e \u0432\u044b \u043d\u0430\u0439\u0434\u0435\u0442\u0435 \u0432\u043d\u0443\u0442\u0440\u0438? \u0422\u0440\u0438 \u043e\u0442\u043a\u0440\u044b\u0442\u044b\u0435 \u043f\u043e\u043b\u043a\u0438: \u0438\u0434\u0435\u0430\u043b\u044c\u043d\u043e\u0435 \u043c\u0435\u0441\u0442\u043e \u0434\u043b\u044f \u0440\u0430\u0437\u043c\u0435\u0449\u0435\u043d\u0438\u044f \u0432\u0430\u0448\u0438\u0445 \u043b\u044e\u0431\u0438\u043c\u044b\u0445 \u043a\u043d\u0438\u0433, \u0443\u0447\u0435\u0431\u043d\u0438\u043a\u043e\u0432, \u0434\u043e\u043a\u0443\u043c\u0435\u043d\u0442\u043e\u0432 \u0438\u043b\u0438 \u043f\u0440\u0435\u0434\u043c\u0435\u0442\u043e\u0432 \u0434\u0435\u043a\u043e\u0440\u0430. \u0412\u044b \u043c\u043e\u0436\u0435\u0442\u0435 \u0441\u0432\u043e\u0431\u043e\u0434\u043d\u043e \u0440\u0430\u0441\u0441\u0442\u0430\u0432\u043b\u044f\u0442\u044c \u0438 \u043f\u0435\u0440\u0435\u0441\u0442\u0430\u0432\u043b\u044f\u0442\u044c \u0438\u0445 \u0432 \u0441\u043e\u043e\u0442\u0432\u0435\u0442\u0441\u0442\u0432\u0438\u0438 \u0441\u043e \u0441\u0432\u043e\u0438\u043c\u0438 \u043f\u043e\u0442\u0440\u0435\u0431\u043d\u043e\u0441\u0442\u044f\u043c\u0438. \u041f\u0440\u0430\u043a\u0442\u0438\u0447\u043d\u044b\u0439 \u0448\u043a\u0430\u0444: \u044d\u0442\u043e\u0442 \u0448\u043a\u0430\u0444 \u0438\u043c\u0435\u0435\u0442 \u0434\u0432\u0435\u0440\u0446\u044b, \u043f\u043e\u0437\u0432\u043e\u043b\u044f\u044e\u0449\u0438\u0435 \u0445\u0440\u0430\u043d\u0438\u0442\u044c \u0432\u0435\u0449\u0438, \u043a\u043e\u0442\u043e\u0440\u044b\u0435 \u043d\u0435 \u043e\u0431\u044f\u0437\u0430\u0442\u0435\u043b\u044c\u043d\u043e \u0434\u043e\u043b\u0436\u043d\u044b \u0431\u044b\u0442\u044c \u043d\u0430 \u0432\u0438\u0434\u0443. \u0412\u043d\u0443\u0442\u0440\u0438 \u0432\u044b \u043d\u0430\u0439\u0434\u0435\u0442\u0435 \u0442\u0440\u0438 \u043f\u0440\u0430\u043a\u0442\u0438\u0447\u043d\u044b\u0435 \u043f\u043e\u043b\u043a\u0438, \u043a\u043e\u0442\u043e\u0440\u044b\u0435 \u0443\u043f\u0440\u043e\u0441\u0442\u044f\u0442 \u043e\u0440\u0433\u0430\u043d\u0438\u0437\u0430\u0446\u0438\u044e \u0432\u0430\u0448\u0438\u0445 \u0432\u0435\u0449\u0435\u0439. \u041a\u043d\u0438\u0436\u043d\u044b\u0439 \u0448\u043a\u0430\u0444 Holten \u043d\u0435 \u0442\u043e\u043b\u044c\u043a\u043e \u0438\u0434\u0435\u0430\u043b\u044c\u043d\u043e \u0432\u044b\u043f\u043e\u043b\u043d\u044f\u0435\u0442 \u0441\u0432\u043e\u044e \u0444\u0443\u043d\u043a\u0446\u0438\u044e, \u043d\u043e \u0438 \u0432\u043f\u0435\u0447\u0430\u0442\u043b\u044f\u0435\u0442 \u0441\u0432\u043e\u0438\u043c \u0434\u0438\u0437\u0430\u0439\u043d\u043e\u043c. \u041f\u0440\u043e\u0441\u0442\u0430\u044f \u043a\u043e\u043d\u0441\u0442\u0440\u0443\u043a\u0446\u0438\u044f \u0441 \u0443\u0442\u043e\u043b\u0449\u0435\u043d\u043d\u044b\u043c\u0438 \u0431\u043e\u043a\u043e\u0432\u0438\u043d\u0430\u043c\u0438 \u043f\u0440\u0438\u0434\u0430\u0435\u0442 \u0435\u043c\u0443 \u0441\u043e\u0432\u0440\u0435\u043c\u0435\u043d\u043d\u044b\u0439 \u0445\u0430\u0440\u0430\u043a\u0442\u0435\u0440. \u0426\u0432\u0435\u0442\u043e\u0432\u0430\u044f \u0433\u0430\u043c\u043c\u0430 \u0442\u0430\u043a\u0436\u0435 \u0432\u043f\u0435\u0447\u0430\u0442\u043b\u044f\u0435\u0442 \u2013 \u044d\u0444\u0444\u0435\u043a\u0442\u043d\u0430\u044f \u0441\u0442\u043e\u043b\u0435\u0448\u043d\u0438\u0446\u0430 \u0438\u0437 \u0434\u0443\u0431\u0430 \u0412\u043e\u0442\u0430\u043d \u043f\u0440\u0435\u043a\u0440\u0430\u0441\u043d\u043e \u043a\u043e\u043d\u0442\u0440\u0430\u0441\u0442\u0438\u0440\u0443\u0435\u0442 \u0441 \u043c\u0430\u0442\u043e\u0432\u044b\u043c \u0431\u0435\u043b\u044b\u043c \u043a\u043e\u0440\u043f\u0443\u0441\u043e\u043c \u0438 \u043b\u0430\u043a\u0438\u0440\u043e\u0432\u0430\u043d\u043d\u043e\u0439 \u043f\u0435\u0440\u0435\u0434\u043d\u0435\u0439 \u043f\u0430\u043d\u0435\u043b\u044c\u044e \u0437\u0435\u0440\u043a\u0430\u043b\u044c\u043d\u043e-\u0431\u0435\u043b\u043e\u0433\u043e \u0446\u0432\u0435\u0442\u0430. \u042d\u0442\u043e \u0441\u043e\u0447\u0435\u0442\u0430\u043d\u0438\u0435 \u043a\u043b\u0430\u0441\u0441\u0438\u0447\u0435\u0441\u043a\u043e\u0439 \u044d\u043b\u0435\u0433\u0430\u043d\u0442\u043d\u043e\u0441\u0442\u0438 \u0438 \u0441\u043e\u0432\u0440\u0435\u043c\u0435\u043d\u043d\u043e\u0433\u043e \u043c\u0438\u043d\u0438\u043c\u0430\u043b\u0438\u0437\u043c\u0430. \u0421\u0442\u043e\u0438\u0442 \u043e\u0442\u043c\u0435\u0442\u0438\u0442\u044c, \u0447\u0442\u043e \u0438\u0437-\u0437\u0430 \u0440\u0430\u0437\u043b\u0438\u0447\u043d\u044b\u0445 \u043c\u0430\u0442\u0435\u0440\u0438\u0430\u043b\u043e\u0432, \u0438\u0441\u043f\u043e\u043b\u044c\u0437\u0443\u0435\u043c\u044b\u0445 \u0432 \u0441\u0442\u043e\u043b\u0435\u0448\u043d\u0438\u0446\u0435 \u0438 \u0440\u0435\u0439\u043a\u0430\u0445, \u0442\u0435\u043a\u0441\u0442\u0443\u0440\u0430 \u0434\u0440\u0435\u0432\u0435\u0441\u0438\u043d\u044b \u043c\u043e\u0436\u0435\u0442 \u043d\u0435\u043c\u043d\u043e\u0433\u043e \u043e\u0442\u043b\u0438\u0447\u0430\u0442\u044c\u0441\u044f, \u0447\u0442\u043e \u043f\u0440\u0438\u0434\u0430\u0435\u0442 \u043f\u043e\u043b\u043a\u0435 \u0435\u0449\u0435 \u0431\u043e\u043b\u044c\u0448\u0435 \u0438\u043d\u0434\u0438\u0432\u0438\u0434\u0443\u0430\u043b\u044c\u043d\u043e\u0441\u0442\u0438. \u0414\u043e\u043f\u043e\u043b\u043d\u0438\u0442\u0435\u043b\u044c\u043d\u044b\u043c \u043f\u0440\u0435\u0438\u043c\u0443\u0449\u0435\u0441\u0442\u0432\u043e\u043c \u043f\u043e\u043b\u043a\u0438 Holten \u044f\u0432\u043b\u044f\u0435\u0442\u0441\u044f \u0432\u043e\u0437\u043c\u043e\u0436\u043d\u043e\u0441\u0442\u044c \u0441\u043e\u0447\u0435\u0442\u0430\u0442\u044c \u0435\u0435 \u0441 \u0434\u0440\u0443\u0433\u0438\u043c\u0438 \u044d\u043b\u0435\u043c\u0435\u043d\u0442\u0430\u043c\u0438 \u043a\u043e\u043b\u043b\u0435\u043a\u0446\u0438\u0438, \u0442\u0430\u043a\u0438\u043c\u0438 \u043a\u0430\u043a \u043f\u0438\u0441\u044c\u043c\u0435\u043d\u043d\u044b\u0439 \u0441\u0442\u043e\u043b \u0438\u043b\u0438 \u0448\u043a\u0430\u0444. \u042d\u0442\u043e \u043f\u043e\u0437\u0432\u043e\u043b\u044f\u0435\u0442 \u0441\u043e\u0437\u0434\u0430\u0442\u044c \u0433\u0430\u0440\u043c\u043e\u043d\u0438\u0447\u043d\u043e\u0435 \u0438 \u0441\u0442\u0438\u043b\u044c\u043d\u043e\u0435 \u043e\u0444\u043e\u0440\u043c\u043b\u0435\u043d\u0438\u0435 \u0432 \u0440\u0430\u0437\u043b\u0438\u0447\u043d\u044b\u0445 \u043f\u043e\u043c\u0435\u0449\u0435\u043d\u0438\u044f\u0445, \u0442\u0430\u043a\u0438\u0445 \u043a\u0430\u043a \u0433\u043e\u0441\u0442\u0438\u043d\u0430\u044f, \u043a\u0430\u0431\u0438\u043d\u0435\u0442 \u0438\u043b\u0438 \u0434\u0435\u0442\u0441\u043a\u0430\u044f \u043a\u043e\u043c\u043d\u0430\u0442\u0430. \u0422\u0430\u043a\u043e\u0435 \u0440\u0435\u0448\u0435\u043d\u0438\u0435 \u043f\u043e\u0437\u0432\u043e\u043b\u044f\u0435\u0442 \u043f\u043e\u0434\u0434\u0435\u0440\u0436\u0438\u0432\u0430\u0442\u044c \u0441\u0442\u0438\u043b\u0438\u0441\u0442\u0438\u0447\u0435\u0441\u043a\u0443\u044e \u0446\u0435\u043b\u043e\u0441\u0442\u043d\u043e\u0441\u0442\u044c \u0432\u043e \u0432\u0441\u0435\u0445 \u043a\u043e\u043c\u043d\u0430\u0442\u0430\u0445, \u043e\u0431\u0435\u0441\u043f\u0435\u0447\u0438\u0432\u0430\u044f \u043f\u0440\u0438 \u044d\u0442\u043e\u043c \u0444\u0443\u043d\u043a\u0446\u0438\u043e\u043d\u0430\u043b\u044c\u043d\u043e\u0441\u0442\u044c \u0438 \u0443\u0434\u043e\u0431\u0441\u0442\u0432\u043e \u0438\u0441\u043f\u043e\u043b\u044c\u0437\u043e\u0432\u0430\u043d\u0438\u044f. \u041a\u043e\u0440\u043e\u0447\u0435 \u0433\u043e\u0432\u043e\u0440\u044f, \u043f\u043e\u043b\u043a\u0430 Holten \u2014 \u044d\u0442\u043e \u043d\u0435 \u043f\u0440\u043e\u0441\u0442\u043e \u043c\u0435\u0441\u0442\u043e \u0434\u043b\u044f \u0445\u0440\u0430\u043d\u0435\u043d\u0438\u044f, \u043d\u043e \u0438 \u0434\u0435\u043a\u043e\u0440\u0430\u0442\u0438\u0432\u043d\u044b\u0439 \u044d\u043b\u0435\u043c\u0435\u043d\u0442, \u043a\u043e\u0442\u043e\u0440\u044b\u0439 \u0434\u043e\u0431\u0430\u0432\u0438\u0442 \u0441\u043e\u0432\u0440\u0435\u043c\u0435\u043d\u043d\u044b\u0439 \u0438 \u044d\u043b\u0435\u0433\u0430\u043d\u0442\u043d\u044b\u0439 \u0448\u0442\u0440\u0438\u0445 \u0432\u0430\u0448\u0435\u043c\u0443 \u0438\u043d\u0442\u0435\u0440\u044c\u0435\u0440\u0443. \u0411\u043b\u0430\u0433\u043e\u0434\u0430\u0440\u044f \u0441\u0432\u043e\u0435\u0439 \u0444\u0443\u043d\u043a\u0446\u0438\u043e\u043d\u0430\u043b\u044c\u043d\u043e\u0441\u0442\u0438 \u0438 \u0432\u043e\u0437\u043c\u043e\u0436\u043d\u043e\u0441\u0442\u0438 \u0441\u043e\u0447\u0435\u0442\u0430\u0442\u044c \u0435\u0451 \u0441 \u0434\u0440\u0443\u0433\u0438\u043c\u0438 \u044d\u043b\u0435\u043c\u0435\u043d\u0442\u0430\u043c\u0438 \u043a\u043e\u043b\u043b\u0435\u043a\u0446\u0438\u0438 Holten, \u0432\u044b \u0441\u043e\u0437\u0434\u0430\u0434\u0438\u0442\u0435 \u0433\u0430\u0440\u043c\u043e\u043d\u0438\u0447\u043d\u043e\u0435 \u043f\u0440\u043e\u0441\u0442\u0440\u0430\u043d\u0441\u0442\u0432\u043e, \u0438\u0434\u0435\u0430\u043b\u044c\u043d\u043e \u0441\u043e\u043e\u0442\u0432\u0435\u0442\u0441\u0442\u0432\u0443\u044e\u0449\u0435\u0435 \u0432\u0430\u0448\u0438\u043c \u043f\u043e\u0442\u0440\u0435\u0431\u043d\u043e\u0441\u0442\u044f\u043c \u0438 \u0432\u043a\u0443\u0441\u0430\u043c. \u042d\u0442\u043e \u0438\u043d\u0432\u0435\u0441\u0442\u0438\u0446\u0438\u044f \u0432 \u043a\u043e\u043c\u0444\u043e\u0440\u0442 \u0438 \u044d\u0441\u0442\u0435\u0442\u0438\u043a\u0443 \u0432\u0430\u0448\u0435\u0433\u043e \u0434\u043e\u043c\u0430.<\/p>\n<p>\u041a\u043e\u0434 \u0442\u043e\u0432\u0430\u0440\u0430 S493-REG1D\/150-DWF \u0421\u0438\u043c\u0432\u043e\u043b ZM EAN \u0428\u0438\u0440\u0438\u043d\u0430 98,2 \u0441\u043c \u0413\u043b\u0443\u0431\u0438\u043d\u0430 42 \u0441\u043c \u0412\u044b\u0441\u043e\u0442\u0430 156,5 \u0441\u043c \u041a\u043e\u043b\u043b\u0435\u043a\u0446\u0438\u044f Holten \u0426\u0432\u0435\u0442 Waterford Oak \u041e\u0442\u0442\u0435\u043d\u043e\u043a \u0442\u0435\u043c\u043d\u043e\u0433\u043e \u0434\u0435\u0440\u0435\u0432\u0430 \u0421\u0442\u0438\u043b\u044c \u0441\u043e\u0432\u0440\u0435\u043c\u0435\u043d\u043d\u044b\u0439 \u041a\u043e\u043b\u0438\u0447\u0435\u0441\u0442\u0432\u043e \u0434\u0432\u0435\u0440\u0435\u0439 1 \u0434\u0432\u0435\u0440\u044c \u041a\u043e\u043b\u0438\u0447\u0435\u0441\u0442\u0432\u043e \u044f\u0449\u0438\u043a\u043e\u0432 \u0431\u0435\u0437 \u044f\u0449\u0438\u043a\u043e\u0432 \u0420\u0443\u0447\u043a\u0430 \u0431\u0435\u0437 \u0440\u0443\u0447\u0435\u043a \u041f\u0440\u043e\u0438\u0437\u0432\u043e\u0434\u0438\u0442\u0435\u043b\u044c Black Red White \u0422\u0438\u043f \u043c\u0435\u0431\u0435\u043b\u0438 \u041f\u043e\u043b\u043a\u0438 \u0438 \u0432\u0438\u0442\u0440\u0438\u043d\u044b \u041d\u0414\u0421 23% EAN 5906123709866<\/p>","protected":false},"excerpt":{"rendered":"<p>Holten Bookcase \u2013 A Bookcase or Decoration Display. Home space design is an important aspect that combines style with functionality. By creating an ergonomic unit, you can create the perfect place for work, relaxation, and displaying your favorite decorations. The Holten collection is an excellent option for those who value modern design and practicality. Its [&hellip;]<\/p>","protected":false},"featured_media":263713,"comment_status":"open","ping_status":"open","template":"","meta":[],"product_brand":[],"product_cat":[9200,1987],"product_tag":[],"class_list":{"0":"post-263712","1":"product","2":"type-product","3":"status-publish","4":"has-post-thumbnail","6":"product_cat-black-red-white","7":"product_cat-shelving-units","9":"first","10":"instock","11":"purchasable","12":"product-type-simple"},"_links":{"self":[{"href":"https:\/\/baldumarket.lt\/ru\/wp-json\/wp\/v2\/product\/263712","targetHints":{"allow":["GET"]}}],"collection":[{"href":"https:\/\/baldumarket.lt\/ru\/wp-json\/wp\/v2\/product"}],"about":[{"href":"https:\/\/baldumarket.lt\/ru\/wp-json\/wp\/v2\/types\/product"}],"replies":[{"embeddable":true,"href":"https:\/\/baldumarket.lt\/ru\/wp-json\/wp\/v2\/comments?post=263712"}],"wp:featuredmedia":[{"embeddable":true,"href":"https:\/\/baldumarket.lt\/ru\/wp-json\/wp\/v2\/media\/263713"}],"wp:attachment":[{"href":"https:\/\/baldumarket.lt\/ru\/wp-json\/wp\/v2\/media?parent=263712"}],"wp:term":[{"taxonomy":"product_brand","embeddable":true,"href":"https:\/\/baldumarket.lt\/ru\/wp-json\/wp\/v2\/product_brand?post=263712"},{"taxonomy":"product_cat","embeddable":true,"href":"https:\/\/baldumarket.lt\/ru\/wp-json\/wp\/v2\/product_cat?post=263712"},{"taxonomy":"product_tag","embeddable":true,"href":"https:\/\/baldumarket.lt\/ru\/wp-json\/wp\/v2\/product_tag?post=263712"}],"curies":[{"name":"WP","href":"https:\/\/api.w.org\/{rel}","templated":true}]}}