{"id":263025,"date":"2026-01-13T23:34:27","date_gmt":"2026-01-13T20:34:27","guid":{"rendered":"https:\/\/baldumarket.lt\/product\/oswietlenie-do-witryny-dwudrzwiowej-nuis\/"},"modified":"2026-02-11T18:19:11","modified_gmt":"2026-02-11T15:19:11","slug":"oswietlenie-do-witryny-dwudrzwiowej-nuis","status":"publish","type":"product","link":"https:\/\/baldumarket.lt\/ru\/product\/oswietlenie-do-witryny-dwudrzwiowej-nuis\/","title":{"rendered":"Ap\u0161vietimas NUIS dviej\u0173 dur\u0173 vitrinai"},"content":{"rendered":"<p>\u041f\u043e\u0434\u0441\u0432\u0435\u0442\u043a\u0430 \u0434\u043b\u044f \u0432\u0438\u0442\u0440\u0438\u043d \u0438\u0437 \u043a\u043e\u043b\u043b\u0435\u043a\u0446\u0438\u0438 Nuis.<\/p>\n<p>\u041a\u043e\u0434 \u0442\u043e\u0432\u0430\u0440\u0430 S396-REG2D2W_OPCJA-BI3K \u0421\u0438\u043c\u0432\u043e\u043b ZM EAN \u041a\u043e\u043b\u043b\u0435\u043a\u0446\u0438\u044f Nuis \u0426\u0432\u0435\u0442 \u0442\u0435\u043f\u043b\u044b\u0439 \u0431\u0435\u043b\u044b\u0439 3000K \u041f\u0440\u043e\u0438\u0437\u0432\u043e\u0434\u0438\u0442\u0435\u043b\u044c \u0427\u0435\u0440\u043d\u044b\u0439 \u041a\u0440\u0430\u0441\u043d\u044b\u0439 \u0411\u0435\u043b\u044b\u0439 \u0422\u0438\u043f \u043c\u0435\u0431\u0435\u043b\u0438 \u041f\u043e\u043b\u043a\u0438 \u0438 \u0432\u0438\u0442\u0440\u0438\u043d\u044b \u041d\u0414\u0421 23% EAN 5906123929684<\/p>","protected":false},"excerpt":{"rendered":"<p>Display cabinet lighting from the Nuis collection. Product code S396-REG2D2W_OPCJA-BI3K Symbol ZM EAN Collection Nuis Color warm white 3000K Manufacturer Black Red White Furniture type Shelves and display cabinets VAT 23% EAN 5906123929684<\/p>","protected":false},"featured_media":0,"comment_status":"open","ping_status":"open","template":"","meta":[],"product_brand":[],"product_cat":[9200,1043],"product_tag":[],"class_list":{"0":"post-263025","1":"product","2":"type-product","3":"status-publish","5":"product_cat-black-red-white","6":"product_cat-extras","8":"first","9":"instock","10":"purchasable","11":"product-type-simple"},"_links":{"self":[{"href":"https:\/\/baldumarket.lt\/ru\/wp-json\/wp\/v2\/product\/263025","targetHints":{"allow":["GET"]}}],"collection":[{"href":"https:\/\/baldumarket.lt\/ru\/wp-json\/wp\/v2\/product"}],"about":[{"href":"https:\/\/baldumarket.lt\/ru\/wp-json\/wp\/v2\/types\/product"}],"replies":[{"embeddable":true,"href":"https:\/\/baldumarket.lt\/ru\/wp-json\/wp\/v2\/comments?post=263025"}],"wp:attachment":[{"href":"https:\/\/baldumarket.lt\/ru\/wp-json\/wp\/v2\/media?parent=263025"}],"wp:term":[{"taxonomy":"product_brand","embeddable":true,"href":"https:\/\/baldumarket.lt\/ru\/wp-json\/wp\/v2\/product_brand?post=263025"},{"taxonomy":"product_cat","embeddable":true,"href":"https:\/\/baldumarket.lt\/ru\/wp-json\/wp\/v2\/product_cat?post=263025"},{"taxonomy":"product_tag","embeddable":true,"href":"https:\/\/baldumarket.lt\/ru\/wp-json\/wp\/v2\/product_tag?post=263025"}],"curies":[{"name":"WP","href":"https:\/\/api.w.org\/{rel}","templated":true}]}}