{"id":262459,"date":"2026-01-13T23:26:19","date_gmt":"2026-01-13T20:26:19","guid":{"rendered":"https:\/\/baldumarket.lt\/product\/mebloscianka-malcolm-dab-monument\/"},"modified":"2026-02-11T18:19:18","modified_gmt":"2026-02-11T15:19:18","slug":"mebloscianka-malcolm-dab-monument","status":"publish","type":"product","link":"https:\/\/baldumarket.lt\/ru\/product\/mebloscianka-malcolm-dab-monument\/","title":{"rendered":"\u041c\u0410\u041b\u042c\u041a\u041e\u041b\u041c \u0441\u0435\u043d\u0438\u043d\u0435 \u0441\u043f\u0438\u043d\u0442\u0435\u043b\u0435, \u0105\u017euolo imitacija, Monumentalus \u0105\u017euolas"},"content":{"rendered":"<p>\u0421\u0442\u0435\u043b\u043b\u0430\u0436 Malcolm \u2013 \u043e\u0440\u0433\u0430\u043d\u0438\u0437\u043e\u0432\u0430\u043d\u043d\u043e\u0435 \u043f\u0440\u043e\u0441\u0442\u0440\u0430\u043d\u0441\u0442\u0432\u043e \u0434\u043b\u044f \u0441\u0442\u0443\u0434\u0435\u043d\u0442\u043e\u0432. \u0421\u0442\u0435\u043b\u043b\u0430\u0436 Malcolm \u043c\u043e\u0436\u043d\u043e \u043e\u0445\u0430\u0440\u0430\u043a\u0442\u0435\u0440\u0438\u0437\u043e\u0432\u0430\u0442\u044c \u043a\u0430\u043a \u0438\u043d\u043d\u043e\u0432\u0430\u0446\u0438\u043e\u043d\u043d\u0443\u044e \u0438\u043d\u0442\u0435\u0440\u043f\u0440\u0435\u0442\u0430\u0446\u0438\u044e \u043c\u043e\u043b\u043e\u0434\u0435\u0436\u043d\u043e\u0439 \u043c\u0435\u0431\u0435\u043b\u0438, \u0441\u043e\u0447\u0435\u0442\u0430\u044e\u0449\u0443\u044e \u0441\u043e\u0432\u0440\u0435\u043c\u0435\u043d\u043d\u044b\u0439 \u0434\u0438\u0437\u0430\u0439\u043d \u0441 \u043a\u043b\u0430\u0441\u0441\u0438\u0447\u0435\u0441\u043a\u0438\u043c\u0438 \u0446\u0432\u0435\u0442\u0430\u043c\u0438. \u0411\u043b\u0430\u0433\u043e\u0434\u0430\u0440\u044f \u0441\u0432\u043e\u0435\u0439 \u043a\u043e\u043c\u043f\u0430\u043a\u0442\u043d\u043e\u0439 \u043a\u043e\u043d\u0441\u0442\u0440\u0443\u043a\u0446\u0438\u0438, \u0441\u0442\u0435\u043b\u043b\u0430\u0436 Malcolm \u044f\u0432\u043b\u044f\u0435\u0442\u0441\u044f \u0438\u0434\u0435\u0430\u043b\u044c\u043d\u044b\u043c \u0440\u0435\u0448\u0435\u043d\u0438\u0435\u043c \u0434\u043b\u044f \u043d\u0435\u0431\u043e\u043b\u044c\u0448\u0438\u0445 \u043c\u043e\u043b\u043e\u0434\u0435\u0436\u043d\u044b\u0445 \u043a\u043e\u043c\u043d\u0430\u0442, \u043f\u0440\u0435\u0434\u043e\u0441\u0442\u0430\u0432\u043b\u044f\u044f \u0434\u043e\u0441\u0442\u0430\u0442\u043e\u0447\u043d\u043e \u043c\u0435\u0441\u0442\u0430 \u0434\u043b\u044f \u043d\u0443\u0436\u0434 \u0441\u0442\u0443\u0434\u0435\u043d\u0442\u0430.<br \/>\n\u042d\u043b\u0435\u043c\u0435\u043d\u0442\u044b \u043d\u0430\u0441\u0442\u0435\u043d\u043d\u043e\u0433\u043e \u043c\u043e\u0434\u0443\u043b\u044f \u0438\u0434\u0435\u0430\u043b\u044c\u043d\u043e \u0441\u043e\u043e\u0442\u0432\u0435\u0442\u0441\u0442\u0432\u0443\u044e\u0442 \u043f\u043e\u0442\u0440\u0435\u0431\u043d\u043e\u0441\u0442\u044f\u043c \u0443\u0447\u0435\u043d\u0438\u043a\u0430. \u0421\u0442\u043e\u043b \u0438\u043c\u0435\u0435\u0442 \u0448\u0438\u0440\u043e\u043a\u0443\u044e \u0441\u0442\u043e\u043b\u0435\u0448\u043d\u0438\u0446\u0443, \u043f\u043e\u0437\u0432\u043e\u043b\u044f\u044e\u0449\u0443\u044e \u0441\u043e\u0441\u0440\u0435\u0434\u043e\u0442\u043e\u0447\u0438\u0442\u044c\u0441\u044f \u043d\u0430 \u0443\u0447\u0435\u0431\u0435. \u041a\u043d\u0438\u0436\u043d\u044b\u0439 \u0448\u043a\u0430\u0444 \u0438 \u043f\u043e\u043b\u043a\u0430 \u043f\u0440\u0435\u0434\u043e\u0441\u0442\u0430\u0432\u043b\u044f\u044e\u0442 \u043c\u0435\u0441\u0442\u043e \u0434\u043b\u044f \u043a\u043d\u0438\u0433 \u0438 \u0442\u0435\u0442\u0440\u0430\u0434\u0435\u0439. \u041f\u0440\u043e\u0441\u0442\u043e\u0440\u043d\u044b\u0439 \u0448\u043a\u0430\u0444 \u043e\u0431\u0435\u0441\u043f\u0435\u0447\u0438\u0432\u0430\u0435\u0442 \u043c\u0435\u0441\u0442\u043e \u0434\u043b\u044f \u0445\u0440\u0430\u043d\u0435\u043d\u0438\u044f \u0440\u0430\u0437\u043b\u0438\u0447\u043d\u044b\u0445 \u0432\u0435\u0449\u0435\u0439.<br \/>\n\u041f\u0438\u0441\u044c\u043c\u0435\u043d\u043d\u044b\u0439 \u0441\u0442\u043e\u043b, \u043e\u0442\u0434\u0435\u043b\u0430\u043d\u043d\u044b\u0439 \u0441\u0434\u0435\u0440\u0436\u0430\u043d\u043d\u044b\u043c \u0446\u0432\u0435\u0442\u043e\u043c \u00ab\u0414\u0443\u0431 \u041a\u0430\u043d\u044c\u043e\u043d \u041c\u043e\u043d\u0443\u043c\u0435\u043d\u0442\u00bb, \u0434\u043e\u043f\u043e\u043b\u043d\u0435\u043d \u0441\u0435\u0440\u044b\u043c\u0438 \u0432\u043e\u043b\u044c\u0444\u0440\u0430\u043c\u043e\u0432\u044b\u043c\u0438 \u0430\u043a\u0446\u0435\u043d\u0442\u0430\u043c\u0438. \u0421\u043e\u0432\u0440\u0435\u043c\u0435\u043d\u043d\u044b\u0439 \u0445\u0430\u0440\u0430\u043a\u0442\u0435\u0440 \u0441\u0442\u043e\u043b\u0430 \u043f\u043e\u0434\u0447\u0435\u0440\u043a\u0438\u0432\u0430\u0435\u0442\u0441\u044f \u0442\u0438\u0441\u043d\u0435\u043d\u0438\u0435\u043c \u0431\u0443\u043a\u0432 \u0438 \u0443\u0434\u043e\u0431\u043d\u044b\u043c\u0438 \u0431\u043e\u043b\u044c\u0448\u0438\u043c\u0438 \u0440\u0443\u0447\u043a\u0430\u043c\u0438 \u0438\u0437 \u0441\u043e\u0441\u0442\u0430\u0440\u0435\u043d\u043d\u043e\u0433\u043e \u043d\u0438\u043a\u0435\u043b\u044f.<br \/>\n\u042d\u043b\u0435\u043c\u0435\u043d\u0442\u044b \u043c\u043e\u0434\u0443\u043b\u044c\u043d\u043e\u0439 \u0441\u0438\u0441\u0442\u0435\u043c\u044b Malcolm \u043c\u043e\u0436\u043d\u043e \u0441\u0432\u043e\u0431\u043e\u0434\u043d\u043e \u043a\u043e\u043c\u0431\u0438\u043d\u0438\u0440\u043e\u0432\u0430\u0442\u044c, \u0447\u0442\u043e\u0431\u044b \u0438\u0434\u0435\u0430\u043b\u044c\u043d\u043e \u0441\u043e\u043e\u0442\u0432\u0435\u0442\u0441\u0442\u0432\u043e\u0432\u0430\u0442\u044c \u0442\u0440\u0435\u0431\u043e\u0432\u0430\u043d\u0438\u044f\u043c \u043a\u043e\u043c\u043d\u0430\u0442\u044b \u0438 \u0438\u043d\u0434\u0438\u0432\u0438\u0434\u0443\u0430\u043b\u044c\u043d\u044b\u043c \u043f\u043e\u0442\u0440\u0435\u0431\u043d\u043e\u0441\u0442\u044f\u043c \u0440\u0435\u0431\u0435\u043d\u043a\u0430.<\/p>\n<p>\u041a\u043e\u0434 \u0442\u043e\u0432\u0430\u0440\u0430 S325-MALCOLM-DAMO\/SZW\/DAMON \u0421\u0438\u043c\u0432\u043e\u043b ZM EAN \u0428\u0438\u0440\u0438\u043d\u0430 280 \u0441\u043c \u0412\u044b\u0441\u043e\u0442\u0430 205,5 \u0441\u043c \u041a\u043e\u043b\u043b\u0435\u043a\u0446\u0438\u044f Malcolm \u0426\u0432\u0435\u0442 \u0434\u0443\u0431 \u043c\u043e\u043d\u0443\u043c\u0435\u043d\u0442\u0430\u043b\u044c\u043d\u044b\u0439\/\u0441\u0435\u0440\u044b\u0439 \u0432\u043e\u043b\u044c\u0444\u0440\u0430\u043c\/\u0434\u0443\u0431 \u043c\u043e\u043d\u0443\u043c\u0435\u043d\u0442\u0430\u043b\u044c\u043d\u044b\u0439 \u0441 \u043f\u0440\u0438\u043d\u0442\u043e\u043c \u041e\u0442\u0442\u0435\u043d\u043e\u043a \u0442\u0435\u043c\u043d\u043e\u0435 \u0434\u0435\u0440\u0435\u0432\u043e \u0421\u0442\u0438\u043b\u044c \u0441\u043e\u0432\u0440\u0435\u043c\u0435\u043d\u043d\u044b\u0439 \u041c\u0430\u0442\u0435\u0440\u0438\u0430\u043b \u043b\u0430\u043c\u0438\u043d\u0430\u0442 \u041a\u043e\u043b\u0438\u0447\u0435\u0441\u0442\u0432\u043e \u0434\u0432\u0435\u0440\u0435\u0439 \u043c\u043d\u043e\u0433\u043e\u0434\u0432\u0435\u0440\u043d\u044b\u0439 \u041a\u043e\u043b\u0438\u0447\u0435\u0441\u0442\u0432\u043e \u044f\u0449\u0438\u043a\u043e\u0432 5 \u0438 \u0431\u043e\u043b\u0435\u0435 \u044f\u0449\u0438\u043a\u043e\u0432 \u0420\u0443\u0447\u043a\u0430 \u0441 \u0440\u0443\u0447\u043a\u0430\u043c\u0438 \u041f\u0440\u043e\u0438\u0437\u0432\u043e\u0434\u0438\u0442\u0435\u043b\u044c \u0427\u0435\u0440\u043d\u044b\u0439 \u041a\u0440\u0430\u0441\u043d\u044b\u0439 \u0411\u0435\u043b\u044b\u0439 \u0422\u0438\u043f \u043c\u0435\u0431\u0435\u043b\u0438 \u041a\u043e\u043c\u043f\u043b\u0435\u043a\u0442\u044b \u041d\u0414\u0421 23% EAN 5906123925389<\/p>","protected":false},"excerpt":{"rendered":"<p>\u0421\u0442\u0435\u043b\u043b\u0430\u0436 Malcolm \u2013 \u043e\u0440\u0433\u0430\u043d\u0438\u0437\u043e\u0432\u0430\u043d\u043d\u043e\u0435 \u043f\u0440\u043e\u0441\u0442\u0440\u0430\u043d\u0441\u0442\u0432\u043e \u0434\u043b\u044f \u0441\u0442\u0443\u0434\u0435\u043d\u0442\u043e\u0432. \u0421\u0442\u0435\u043b\u043b\u0430\u0436 Malcolm \u043c\u043e\u0436\u043d\u043e \u043e\u0445\u0430\u0440\u0430\u043a\u0442\u0435\u0440\u0438\u0437\u043e\u0432\u0430\u0442\u044c \u043a\u0430\u043a \u0438\u043d\u043d\u043e\u0432\u0430\u0446\u0438\u043e\u043d\u043d\u0443\u044e \u0438\u043d\u0442\u0435\u0440\u043f\u0440\u0435\u0442\u0430\u0446\u0438\u044e \u043c\u043e\u043b\u043e\u0434\u0435\u0436\u043d\u043e\u0439 \u043c\u0435\u0431\u0435\u043b\u0438, \u0441\u043e\u0447\u0435\u0442\u0430\u044e\u0449\u0443\u044e \u0441\u043e\u0432\u0440\u0435\u043c\u0435\u043d\u043d\u044b\u0439 \u0434\u0438\u0437\u0430\u0439\u043d \u0441 \u043a\u043b\u0430\u0441\u0441\u0438\u0447\u0435\u0441\u043a\u0438\u043c\u0438 \u0446\u0432\u0435\u0442\u0430\u043c\u0438. \u0411\u043b\u0430\u0433\u043e\u0434\u0430\u0440\u044f \u0441\u0432\u043e\u0435\u0439 \u043a\u043e\u043c\u043f\u0430\u043a\u0442\u043d\u043e\u0439 \u043a\u043e\u043d\u0441\u0442\u0440\u0443\u043a\u0446\u0438\u0438, \u0441\u0442\u0435\u043b\u043b\u0430\u0436 Malcolm \u044f\u0432\u043b\u044f\u0435\u0442\u0441\u044f \u0438\u0434\u0435\u0430\u043b\u044c\u043d\u044b\u043c \u0440\u0435\u0448\u0435\u043d\u0438\u0435\u043c \u0434\u043b\u044f \u043d\u0435\u0431\u043e\u043b\u044c\u0448\u0438\u0445 \u043c\u043e\u043b\u043e\u0434\u0435\u0436\u043d\u044b\u0445 \u043a\u043e\u043c\u043d\u0430\u0442, \u043e\u0431\u0435\u0441\u043f\u0435\u0447\u0438\u0432\u0430\u044f \u0434\u043e\u0441\u0442\u0430\u0442\u043e\u0447\u043d\u043e \u043c\u0435\u0441\u0442\u0430 \u0434\u043b\u044f [\u2026]<\/p>","protected":false},"featured_media":262460,"comment_status":"open","ping_status":"open","template":"","meta":[],"product_brand":[],"product_cat":[9200,2008],"product_tag":[],"class_list":{"0":"post-262459","1":"product","2":"type-product","3":"status-publish","4":"has-post-thumbnail","6":"product_cat-black-red-white","7":"product_cat-wall-units","9":"first","10":"instock","11":"purchasable","12":"product-type-simple"},"_links":{"self":[{"href":"https:\/\/baldumarket.lt\/ru\/wp-json\/wp\/v2\/product\/262459","targetHints":{"allow":["GET"]}}],"collection":[{"href":"https:\/\/baldumarket.lt\/ru\/wp-json\/wp\/v2\/product"}],"about":[{"href":"https:\/\/baldumarket.lt\/ru\/wp-json\/wp\/v2\/types\/product"}],"replies":[{"embeddable":true,"href":"https:\/\/baldumarket.lt\/ru\/wp-json\/wp\/v2\/comments?post=262459"}],"wp:featuredmedia":[{"embeddable":true,"href":"https:\/\/baldumarket.lt\/ru\/wp-json\/wp\/v2\/media\/262460"}],"wp:attachment":[{"href":"https:\/\/baldumarket.lt\/ru\/wp-json\/wp\/v2\/media?parent=262459"}],"wp:term":[{"taxonomy":"product_brand","embeddable":true,"href":"https:\/\/baldumarket.lt\/ru\/wp-json\/wp\/v2\/product_brand?post=262459"},{"taxonomy":"product_cat","embeddable":true,"href":"https:\/\/baldumarket.lt\/ru\/wp-json\/wp\/v2\/product_cat?post=262459"},{"taxonomy":"product_tag","embeddable":true,"href":"https:\/\/baldumarket.lt\/ru\/wp-json\/wp\/v2\/product_tag?post=262459"}],"curies":[{"name":"WP","href":"https:\/\/api.w.org\/{rel}","templated":true}]}}