{"id":262032,"date":"2026-01-13T23:19:53","date_gmt":"2026-01-13T20:19:53","guid":{"rendered":"https:\/\/baldumarket.lt\/product\/materac-multipocket-erso-vegan-180x200\/"},"modified":"2026-02-11T18:19:22","modified_gmt":"2026-02-11T15:19:22","slug":"materac-multipocket-erso-vegan-180x200","status":"publish","type":"product","link":"https:\/\/baldumarket.lt\/ru\/product\/materac-multipocket-erso-vegan-180x200\/","title":{"rendered":"Erso vegani\u0161kas daugiaki\u0161enis \u010diu\u017einys 180&#215;200"},"content":{"rendered":"<p>\u041a\u043e\u043c\u0444\u043e\u0440\u0442\u043d\u044b\u0439 \u043c\u0430\u0442\u0440\u0430\u0441 Erso Vegan 180\u00d7200<br \/>\n\u041c\u0430\u0442\u0440\u0430\u0441 Erso Vegan 180\u00d7200 \u043e\u0431\u0435\u0441\u043f\u0435\u0447\u0438\u0432\u0430\u0435\u0442 \u043f\u0440\u0435\u0432\u043e\u0441\u0445\u043e\u0434\u043d\u0443\u044e \u043f\u043e\u0434\u0434\u0435\u0440\u0436\u043a\u0443 \u0431\u043b\u0430\u0433\u043e\u0434\u0430\u0440\u044f \u0438\u0441\u043f\u043e\u043b\u044c\u0437\u043e\u0432\u0430\u043d\u0438\u044e \u043d\u0435\u0437\u0430\u0432\u0438\u0441\u0438\u043c\u043e \u0440\u0430\u0431\u043e\u0442\u0430\u044e\u0449\u0438\u0445 \u043c\u043d\u043e\u0433\u043e\u043a\u0430\u0440\u043c\u0430\u043d\u043d\u044b\u0445 \u043f\u0440\u0443\u0436\u0438\u043d, \u043a\u043e\u0442\u043e\u0440\u044b\u0435 \u0430\u0434\u0430\u043f\u0442\u0438\u0440\u0443\u044e\u0442\u0441\u044f \u043a \u0444\u043e\u0440\u043c\u0435 \u0442\u0435\u043b\u0430, \u043e\u0431\u0435\u0441\u043f\u0435\u0447\u0438\u0432\u0430\u044f \u0432\u044b\u0441\u043e\u043a\u0443\u044e \u0442\u043e\u0447\u0435\u0447\u043d\u0443\u044e \u044d\u043b\u0430\u0441\u0442\u0438\u0447\u043d\u043e\u0441\u0442\u044c. \u0421\u0435\u043c\u044c \u0437\u043e\u043d \u043a\u043e\u043c\u0444\u043e\u0440\u0442\u0430 \u0441\u043f\u043e\u0441\u043e\u0431\u0441\u0442\u0432\u0443\u044e\u0442 \u044d\u0440\u0433\u043e\u043d\u043e\u043c\u0438\u0447\u043d\u043e\u043c\u0443 \u0440\u0430\u0441\u043f\u0440\u0435\u0434\u0435\u043b\u0435\u043d\u0438\u044e \u0432\u0435\u0441\u0430, \u0447\u0442\u043e \u043f\u043e\u0434\u0434\u0435\u0440\u0436\u0438\u0432\u0430\u0435\u0442 \u0437\u0434\u043e\u0440\u043e\u0432\u043e\u0435 \u043f\u043e\u043b\u043e\u0436\u0435\u043d\u0438\u0435 \u0432\u043e \u0432\u0440\u0435\u043c\u044f \u0441\u043d\u0430. \u0411\u043b\u0430\u0433\u043e\u0434\u0430\u0440\u044f \u0433\u0438\u0431\u0440\u0438\u0434\u043d\u043e\u043c\u0443 \u0441\u043b\u043e\u044e \u0438\u0437 \u043f\u0435\u043d\u044b \u0438 \u043b\u0430\u0442\u0435\u043a\u0441\u0430 \u043c\u0430\u0442\u0440\u0430\u0441 \u043e\u0431\u043b\u0430\u0434\u0430\u0435\u0442 \u0434\u043e\u043f\u043e\u043b\u043d\u0438\u0442\u0435\u043b\u044c\u043d\u043e\u0439 \u044d\u043b\u0430\u0441\u0442\u0438\u0447\u043d\u043e\u0441\u0442\u044c\u044e \u0438 \u0432\u043e\u0437\u0434\u0443\u0445\u043e\u043f\u0440\u043e\u043d\u0438\u0446\u0430\u0435\u043c\u043e\u0441\u0442\u044c\u044e, \u043e\u0431\u0435\u0441\u043f\u0435\u0447\u0438\u0432\u0430\u044f \u043e\u043f\u0442\u0438\u043c\u0430\u043b\u044c\u043d\u044b\u0439 \u043a\u043e\u043c\u0444\u043e\u0440\u0442 \u0438 \u0433\u0438\u0433\u0438\u0435\u043d\u0443 \u0441\u043d\u0430. \u0424\u0443\u043d\u043a\u0446\u0438\u043e\u043d\u0430\u043b\u044c\u043d\u043e\u0441\u0442\u044c<br \/>\n\u041c\u0430\u0442\u0440\u0430\u0441 \u0434\u0432\u0443\u0441\u0442\u043e\u0440\u043e\u043d\u043d\u0438\u0439, \u0447\u0442\u043e \u043e\u0431\u043b\u0435\u0433\u0447\u0430\u0435\u0442 \u0435\u0433\u043e \u0438\u0441\u043f\u043e\u043b\u044c\u0437\u043e\u0432\u0430\u043d\u0438\u0435. \u0412\u044b\u0441\u043e\u043a\u0430\u044f \u0436\u0435\u0441\u0442\u043a\u043e\u0441\u0442\u044c H3 \u043e\u0431\u0435\u0441\u043f\u0435\u0447\u0438\u0432\u0430\u0435\u0442 \u0441\u0442\u0430\u0431\u0438\u043b\u044c\u043d\u0443\u044e \u0438 \u043d\u0430\u0434\u0435\u0436\u043d\u0443\u044e \u043f\u043e\u0434\u0434\u0435\u0440\u0436\u043a\u0443 \u0442\u0435\u043b\u0430. \u0427\u0435\u0445\u043e\u043b Vegan, \u043a\u043e\u0442\u043e\u0440\u044b\u0439 \u043c\u043e\u0436\u043d\u043e \u0441\u0442\u0438\u0440\u0430\u0442\u044c \u043f\u0440\u0438 \u0442\u0435\u043c\u043f\u0435\u0440\u0430\u0442\u0443\u0440\u0435 \u0434\u043e 60\u00b0C, \u0438\u043c\u0435\u0435\u0442 \u043c\u043e\u043b\u043d\u0438\u044e, \u043f\u043e\u0437\u0432\u043e\u043b\u044f\u044e\u0449\u0443\u044e \u0440\u0430\u0437\u0434\u0435\u043b\u0438\u0442\u044c \u0435\u0433\u043e \u043f\u043e\u043f\u043e\u043b\u0430\u043c \u0434\u043b\u044f \u0443\u0434\u043e\u0431\u0441\u0442\u0432\u0430 \u0441\u043d\u044f\u0442\u0438\u044f \u0438 \u0443\u0445\u043e\u0434\u0430. \u041e\u0441\u043e\u0431\u0435\u043d\u043d\u043e\u0441\u0442\u0438: \u041d\u0435\u0437\u0430\u0432\u0438\u0441\u0438\u043c\u0430\u044f \u0440\u0430\u0431\u043e\u0442\u0430 \u043c\u043d\u043e\u0433\u043e\u043a\u0430\u0440\u043c\u0430\u043d\u043d\u044b\u0445 \u043f\u0440\u0443\u0436\u0438\u043d, \u043f\u043e\u043a\u0440\u044b\u0442\u044b\u0445 \u0443\u043f\u0440\u0443\u0433\u043e\u0439 \u0433\u0438\u0431\u0440\u0438\u0434\u043d\u043e\u0439 \u043f\u0435\u043d\u043e\u0439 \u0441 \u0433\u0438\u0433\u0438\u0435\u043d\u0438\u0447\u0435\u0441\u043a\u0438\u043c \u0441\u0435\u0440\u0442\u0438\u0444\u0438\u043a\u0430\u0442\u043e\u043c. 7 \u0437\u043e\u043d \u043a\u043e\u043c\u0444\u043e\u0440\u0442\u0430 \u043e\u0431\u0435\u0441\u043f\u0435\u0447\u0438\u0432\u0430\u044e\u0442 \u044d\u0440\u0433\u043e\u043d\u043e\u043c\u0438\u0447\u043d\u0443\u044e \u043f\u043e\u0434\u0434\u0435\u0440\u0436\u043a\u0443 \u0442\u0435\u043b\u0430. \u0414\u0432\u0443\u0441\u0442\u043e\u0440\u043e\u043d\u043d\u0438\u0439 \u043c\u0430\u0442\u0440\u0430\u0441. \u0413\u0438\u0431\u0440\u0438\u0434\u043d\u0430\u044f \u043f\u0435\u043d\u0430 \u0438 \u0441\u043b\u043e\u0439 \u043b\u0430\u0442\u0435\u043a\u0441\u0430 \u0434\u043b\u044f \u0434\u043e\u043f\u043e\u043b\u043d\u0438\u0442\u0435\u043b\u044c\u043d\u043e\u0439 \u044d\u043b\u0430\u0441\u0442\u0438\u0447\u043d\u043e\u0441\u0442\u0438 \u0438 \u0432\u043e\u0437\u0434\u0443\u0445\u043e\u043f\u0440\u043e\u043d\u0438\u0446\u0430\u0435\u043c\u043e\u0441\u0442\u0438. \u0412\u044b\u0441\u043e\u0442\u0430 \u043c\u0430\u0442\u0440\u0430\u0441\u0430: 27 \u0441\u043c. \u0412\u044b\u0441\u043e\u043a\u0430\u044f \u0436\u0435\u0441\u0442\u043a\u043e\u0441\u0442\u044c \u043c\u0430\u0442\u0440\u0430\u0441\u0430 H3. \u0427\u0435\u0445\u043e\u043b Vegan \u043c\u043e\u0436\u043d\u043e \u0440\u0430\u0437\u0434\u0435\u043b\u0438\u0442\u044c \u043f\u043e\u043f\u043e\u043b\u0430\u043c. \u0427\u0435\u0445\u043e\u043b \u043c\u043e\u0436\u043d\u043e \u0441\u0442\u0438\u0440\u0430\u0442\u044c \u0432 \u043c\u0430\u0448\u0438\u043d\u0435 \u043f\u0440\u0438 \u0442\u0435\u043c\u043f\u0435\u0440\u0430\u0442\u0443\u0440\u0435 \u0434\u043e 60\u00b0C. 25-\u043b\u0435\u0442\u043d\u044f\u044f \u0433\u0430\u0440\u0430\u043d\u0442\u0438\u044f \u043d\u0430 \u043f\u0435\u043d\u043e\u043f\u043e\u043b\u0438\u0443\u0440\u0435\u0442\u0430\u043d\u043e\u0432\u044b\u0439 \u0441\u0435\u0440\u0434\u0435\u0447\u043d\u0438\u043a \u0438 \u043f\u0440\u0443\u0436\u0438\u043d\u044b (\u0442\u0440\u0435\u0431\u0443\u0435\u0442\u0441\u044f \u0440\u0435\u0433\u0438\u0441\u0442\u0440\u0430\u0446\u0438\u044f \u043f\u043e\u043a\u0443\u043f\u043a\u0438 \u043d\u0430 \u0441\u0430\u0439\u0442\u0435 \u043f\u0440\u043e\u0438\u0437\u0432\u043e\u0434\u0438\u0442\u0435\u043b\u044f). \u041a\u0440\u0430\u0442\u043a\u043e\u0435 \u043e\u043f\u0438\u0441\u0430\u043d\u0438\u0435<br \/>\n\u041c\u0430\u0442\u0440\u0430\u0441 Erso Vegan 180\u00d7200 \u043e\u0442\u043b\u0438\u0447\u0430\u0435\u0442\u0441\u044f \u0443\u0441\u043e\u0432\u0435\u0440\u0448\u0435\u043d\u0441\u0442\u0432\u043e\u0432\u0430\u043d\u043d\u043e\u0439 \u043a\u043e\u043d\u0441\u0442\u0440\u0443\u043a\u0446\u0438\u0435\u0439, \u0441\u043e\u0447\u0435\u0442\u0430\u044e\u0449\u0435\u0439 \u0432 \u0441\u0435\u0431\u0435 \u043c\u043d\u043e\u0433\u043e\u043a\u0430\u0440\u043c\u0430\u043d\u043d\u044b\u0435 \u043f\u0440\u0443\u0436\u0438\u043d\u044b, \u0433\u0438\u0431\u0440\u0438\u0434\u043d\u0443\u044e \u043f\u0435\u043d\u0443 \u0438 \u043b\u0430\u0442\u0435\u043a\u0441, \u043e\u0431\u0435\u0441\u043f\u0435\u0447\u0438\u0432\u0430\u044f \u0438\u0441\u043a\u043b\u044e\u0447\u0438\u0442\u0435\u043b\u044c\u043d\u0443\u044e \u043f\u043e\u0434\u0434\u0435\u0440\u0436\u043a\u0443 \u0438 \u043a\u043e\u043c\u0444\u043e\u0440\u0442. \u0412\u044b\u0441\u043e\u043a\u0430\u044f \u0436\u0435\u0441\u0442\u043a\u043e\u0441\u0442\u044c \u0434\u0435\u043b\u0430\u0435\u0442 \u044d\u0442\u043e\u0442 \u043c\u0430\u0442\u0440\u0430\u0441 \u043f\u043e\u0434\u0445\u043e\u0434\u044f\u0449\u0438\u043c \u0434\u043b\u044f \u0442\u0435\u0445, \u043a\u0442\u043e \u043f\u0440\u0435\u0434\u043f\u043e\u0447\u0438\u0442\u0430\u0435\u0442 \u043d\u0430\u0434\u0435\u0436\u043d\u0443\u044e \u043f\u043e\u0434\u0434\u0435\u0440\u0436\u043a\u0443 \u0432\u043e \u0432\u0440\u0435\u043c\u044f \u0441\u043d\u0430. \u0411\u043b\u0430\u0433\u043e\u0434\u0430\u0440\u044f \u043f\u0440\u0430\u043a\u0442\u0438\u0447\u043d\u044b\u043c \u043e\u0441\u043e\u0431\u0435\u043d\u043d\u043e\u0441\u0442\u044f\u043c, \u0442\u0430\u043a\u0438\u043c \u043a\u0430\u043a \u0432\u0435\u0433\u0430\u043d\u0441\u043a\u0438\u0439 \u0447\u0435\u0445\u043e\u043b \u0438 \u043f\u0440\u043e\u0441\u0442\u043e\u0442\u0430 \u0432 \u0443\u0445\u043e\u0434\u0435, \u044d\u0442\u043e\u0442 \u043f\u0440\u043e\u0434\u0443\u043a\u0442 \u0441\u043e\u0447\u0435\u0442\u0430\u0435\u0442 \u0432 \u0441\u0435\u0431\u0435 \u0444\u0443\u043d\u043a\u0446\u0438\u043e\u043d\u0430\u043b\u044c\u043d\u043e\u0441\u0442\u044c \u0438 \u0434\u043e\u043b\u0433\u043e\u0432\u0435\u0447\u043d\u043e\u0441\u0442\u044c, \u0447\u0442\u043e \u043f\u043e\u0434\u0442\u0432\u0435\u0440\u0436\u0434\u0430\u0435\u0442\u0441\u044f 25-\u043b\u0435\u0442\u043d\u0435\u0439 \u0433\u0430\u0440\u0430\u043d\u0442\u0438\u0435\u0439.<\/p>\n<p>\u0410\u0440\u0442\u0438\u043a\u0443\u043b L07-MA-ERSO_VEGAN-180-MAT01-BK \u0414\u043b\u0438\u043d\u0430 200 \u0441\u043c \u0428\u0438\u0440\u0438\u043d\u0430 180 \u0441\u043c \u0412\u044b\u0441\u043e\u0442\u0430 27 \u0441\u043c \u041a\u043e\u043b\u043b\u0435\u043a\u0446\u0438\u044f Erso \u0421\u043f\u0430\u043b\u044c\u043d\u0430\u044f \u0437\u043e\u043d\u0430 180\u00d7200 \u041d\u0430\u043f\u043e\u043b\u043d\u0438\u0442\u0435\u043b\u044c: \u043c\u043d\u043e\u0433\u043e\u043a\u0430\u0440\u043c\u0430\u043d\u043d\u044b\u0435 \u043f\u0440\u0443\u0436\u0438\u043d\u044b \u0417\u043e\u043d\u044b \u0436\u0435\u0441\u0442\u043a\u043e\u0441\u0442\u0438: 7 \u0437\u043e\u043d \u0416\u0435\u0441\u0442\u043a\u043e\u0441\u0442\u044c: H3 \u0421\u044a\u0435\u043c\u043d\u044b\u0439 \u0447\u0435\u0445\u043e\u043b \u041f\u0440\u043e\u0438\u0437\u0432\u043e\u0434\u0438\u0442\u0435\u043b\u044c: Black Red White \u0422\u0438\u043f \u043c\u0435\u0431\u0435\u043b\u0438: \u041c\u0430\u0442\u0440\u0430\u0441\u044b \u041d\u0414\u0421: 23% EAN: 5906123047609<\/p>","protected":false},"excerpt":{"rendered":"<p>Erso Vegan 180&#215;200 Mattress Comfort The Erso Vegan 180&#215;200 mattress provides excellent support thanks to the use of independently working multipocket springs that adapt to the shape of the body, ensuring high point elasticity. Seven comfort zones help with ergonomic weight distribution, which supports a healthy sleeping position. Thanks to the hybrid foam and latex [&hellip;]<\/p>","protected":false},"featured_media":262033,"comment_status":"open","ping_status":"open","template":"","meta":[],"product_brand":[],"product_cat":[9200,1099],"product_tag":[],"class_list":{"0":"post-262032","1":"product","2":"type-product","3":"status-publish","4":"has-post-thumbnail","6":"product_cat-black-red-white","7":"product_cat-mattresses","9":"first","10":"instock","11":"purchasable","12":"product-type-simple"},"_links":{"self":[{"href":"https:\/\/baldumarket.lt\/ru\/wp-json\/wp\/v2\/product\/262032","targetHints":{"allow":["GET"]}}],"collection":[{"href":"https:\/\/baldumarket.lt\/ru\/wp-json\/wp\/v2\/product"}],"about":[{"href":"https:\/\/baldumarket.lt\/ru\/wp-json\/wp\/v2\/types\/product"}],"replies":[{"embeddable":true,"href":"https:\/\/baldumarket.lt\/ru\/wp-json\/wp\/v2\/comments?post=262032"}],"wp:featuredmedia":[{"embeddable":true,"href":"https:\/\/baldumarket.lt\/ru\/wp-json\/wp\/v2\/media\/262033"}],"wp:attachment":[{"href":"https:\/\/baldumarket.lt\/ru\/wp-json\/wp\/v2\/media?parent=262032"}],"wp:term":[{"taxonomy":"product_brand","embeddable":true,"href":"https:\/\/baldumarket.lt\/ru\/wp-json\/wp\/v2\/product_brand?post=262032"},{"taxonomy":"product_cat","embeddable":true,"href":"https:\/\/baldumarket.lt\/ru\/wp-json\/wp\/v2\/product_cat?post=262032"},{"taxonomy":"product_tag","embeddable":true,"href":"https:\/\/baldumarket.lt\/ru\/wp-json\/wp\/v2\/product_tag?post=262032"}],"curies":[{"name":"WP","href":"https:\/\/api.w.org\/{rel}","templated":true}]}}