{"id":260375,"date":"2026-01-13T22:56:40","date_gmt":"2026-01-13T19:56:40","guid":{"rendered":"https:\/\/baldumarket.lt\/product\/krzeslo-tapicerowane-aren-dab-sonoma-szary\/"},"modified":"2026-02-11T18:19:52","modified_gmt":"2026-02-11T15:19:52","slug":"krzeslo-tapicerowane-aren-dab-sonoma-szary","status":"publish","type":"product","link":"https:\/\/baldumarket.lt\/ru\/product\/krzeslo-tapicerowane-aren-dab-sonoma-szary\/","title":{"rendered":"\u0410\u0420\u0415\u041d apmu\u0161tas kr\u0117slas, sonoma \u0105\u017euolas\/pilka"},"content":{"rendered":"<p>\u0421\u0442\u0443\u043b Aren \u2013 \u043a\u043e\u043c\u0444\u043e\u0440\u0442 \u0438 \u044d\u043b\u0435\u0433\u0430\u043d\u0442\u043d\u043e\u0441\u0442\u044c \u0432 \u043a\u0430\u0436\u0434\u043e\u0439 \u0434\u0435\u0442\u0430\u043b\u0438. \u0421\u0442\u0443\u043b Aren \u2013 \u0438\u0434\u0435\u0430\u043b\u044c\u043d\u044b\u0439 \u0432\u044b\u0431\u043e\u0440 \u0434\u043b\u044f \u0442\u0435\u0445, \u043a\u0442\u043e \u0438\u0449\u0435\u0442 \u0441\u0442\u0438\u043b\u044c\u043d\u044b\u0439 \u0438 \u0444\u0443\u043d\u043a\u0446\u0438\u043e\u043d\u0430\u043b\u044c\u043d\u044b\u0439 \u043f\u0440\u0435\u0434\u043c\u0435\u0442 \u043c\u0435\u0431\u0435\u043b\u0438 \u0434\u043b\u044f \u043f\u043e\u0432\u0441\u0435\u0434\u043d\u0435\u0432\u043d\u043e\u0433\u043e \u0438\u0441\u043f\u043e\u043b\u044c\u0437\u043e\u0432\u0430\u043d\u0438\u044f. \u041e\u0431\u0438\u0442\u044b\u0439 \u043c\u044f\u0433\u043a\u043e\u0439 \u043d\u0430 \u043e\u0449\u0443\u043f\u044c \u0442\u043a\u0430\u043d\u044c\u044e, \u043e\u043d \u043e\u0440\u0433\u0430\u043d\u0438\u0447\u043d\u043e \u0432\u043f\u0438\u0441\u044b\u0432\u0430\u0435\u0442\u0441\u044f \u0432 \u044d\u0441\u0442\u0435\u0442\u0438\u043a\u0443 \u0441\u043e\u0432\u0440\u0435\u043c\u0435\u043d\u043d\u044b\u0445, \u043a\u043b\u0430\u0441\u0441\u0438\u0447\u0435\u0441\u043a\u0438\u0445 \u0438 \u0434\u0430\u0436\u0435 \u0438\u043d\u0434\u0443\u0441\u0442\u0440\u0438\u0430\u043b\u044c\u043d\u044b\u0445 \u0438\u043d\u0442\u0435\u0440\u044c\u0435\u0440\u043e\u0432. \u0421\u0434\u0435\u0440\u0436\u0430\u043d\u043d\u044b\u0435 \u0446\u0432\u0435\u0442\u0430 \u0438 \u043f\u0440\u043e\u0441\u0442\u043e\u0439 \u0434\u0438\u0437\u0430\u0439\u043d \u0434\u0435\u043b\u0430\u044e\u0442 \u0441\u0442\u0443\u043b \u043f\u0440\u0435\u043a\u0440\u0430\u0441\u043d\u044b\u043c \u0434\u043e\u043f\u043e\u043b\u043d\u0435\u043d\u0438\u0435\u043c \u043a \u043b\u044e\u0431\u043e\u0439 \u0441\u0442\u043e\u043b\u043e\u0432\u043e\u0439, \u043e\u0444\u0438\u0441\u0443 \u0438\u043b\u0438 \u0433\u043e\u0441\u0442\u0438\u043d\u043e\u0439.<\/p>\n<p>\u0423\u0434\u043e\u0431\u043d\u043e\u0435, \u044d\u0440\u0433\u043e\u043d\u043e\u043c\u0438\u0447\u043d\u043e\u0435 \u0441\u0438\u0434\u0435\u043d\u044c\u0435 \u043e\u0431\u0435\u0441\u043f\u0435\u0447\u0438\u0432\u0430\u0435\u0442 \u043a\u043e\u043c\u0444\u043e\u0440\u0442 \u0434\u0430\u0436\u0435 \u043f\u0440\u0438 \u0434\u043b\u0438\u0442\u0435\u043b\u044c\u043d\u043e\u043c \u0438\u0441\u043f\u043e\u043b\u044c\u0437\u043e\u0432\u0430\u043d\u0438\u0438, \u0430 \u043f\u0440\u043e\u0447\u043d\u044b\u0439 \u043a\u0430\u0440\u043a\u0430\u0441 \u0438\u0437 \u0431\u0443\u043a\u0430 \u0433\u0430\u0440\u0430\u043d\u0442\u0438\u0440\u0443\u0435\u0442 \u0443\u0441\u0442\u043e\u0439\u0447\u0438\u0432\u043e\u0441\u0442\u044c \u0438 \u0434\u043e\u043b\u0433\u043e\u0432\u0435\u0447\u043d\u043e\u0441\u0442\u044c. \u0421\u0442\u0443\u043b Aren \u0441\u043e\u0447\u0435\u0442\u0430\u0435\u0442 \u0432 \u0441\u0435\u0431\u0435 \u044d\u043b\u0435\u0433\u0430\u043d\u0442\u043d\u044b\u0439 \u0434\u0438\u0437\u0430\u0439\u043d \u0438 \u043f\u0440\u0430\u043a\u0442\u0438\u0447\u043d\u043e\u0441\u0442\u044c, \u0447\u0442\u043e \u0434\u0435\u043b\u0430\u0435\u0442 \u0435\u0433\u043e \u0438\u0434\u0435\u0430\u043b\u044c\u043d\u044b\u043c \u0434\u043e\u043f\u043e\u043b\u043d\u0435\u043d\u0438\u0435\u043c \u043a \u043b\u044e\u0431\u043e\u043c\u0443 \u043f\u043e\u043c\u0435\u0449\u0435\u043d\u0438\u044e. \u0425\u0430\u0440\u0430\u043a\u0442\u0435\u0440\u0438\u0441\u0442\u0438\u043a\u0438: \u041a\u0430\u0440\u043a\u0430\u0441: \u0431\u0443\u043a \u0446\u0432\u0435\u0442\u0430 \u00ab\u0441\u043e\u043d\u043e\u043c\u0441\u043a\u0438\u0439 \u0434\u0443\u0431\u00bb. \u041e\u0431\u0438\u0432\u043a\u0430: \u043c\u044f\u0433\u043a\u0430\u044f \u0441\u0435\u0440\u0430\u044f \u0442\u043a\u0430\u043d\u044c. \u041a\u043e\u043c\u0444\u043e\u0440\u0442: \u0443\u0434\u043e\u0431\u043d\u043e\u0435 \u0441\u0438\u0434\u0435\u043d\u044c\u0435 \u0438 \u044d\u0440\u0433\u043e\u043d\u043e\u043c\u0438\u0447\u043d\u0430\u044f \u0441\u043f\u0438\u043d\u043a\u0430. \u0414\u0438\u0437\u0430\u0439\u043d: \u0443\u043d\u0438\u0432\u0435\u0440\u0441\u0430\u043b\u044c\u043d\u044b\u0439, \u043f\u043e\u0434\u0445\u043e\u0434\u0438\u0442 \u0434\u043b\u044f \u043c\u043d\u043e\u0433\u0438\u0445 \u0438\u043d\u0442\u0435\u0440\u044c\u0435\u0440\u043e\u0432. \u041f\u0440\u043e\u0447\u043d\u0430\u044f \u043a\u043e\u043d\u0441\u0442\u0440\u0443\u043a\u0446\u0438\u044f: \u0438\u0434\u0435\u0430\u043b\u044c\u043d\u043e \u043f\u043e\u0434\u0445\u043e\u0434\u0438\u0442 \u0434\u043b\u044f \u043f\u043e\u0432\u0441\u0435\u0434\u043d\u0435\u0432\u043d\u043e\u0433\u043e \u0438\u0441\u043f\u043e\u043b\u044c\u0437\u043e\u0432\u0430\u043d\u0438\u044f.<\/p>\n<p>\u041a\u043e\u0434 \u0442\u043e\u0432\u0430\u0440\u0430 MT_DREW-KRZ-AREN-DSO-BARREL_90 \u0428\u0438\u0440\u0438\u043d\u0430 43 \u0441\u043c \u0413\u043b\u0443\u0431\u0438\u043d\u0430 50 \u0441\u043c \u0413\u043b\u0443\u0431\u0438\u043d\u0430 \u0441\u0438\u0434\u0435\u043d\u044c\u044f 40 \u0441\u043c \u0412\u044b\u0441\u043e\u0442\u0430 92 \u0441\u043c \u0412\u044b\u0441\u043e\u0442\u0430 \u0441\u0438\u0434\u0435\u043d\u044c\u044f 47 \u0441\u043c \u041a\u043e\u043b\u043b\u0435\u043a\u0446\u0438\u044f Aren \u0426\u0432\u0435\u0442 sonoma oak\/barrel 90 \u041e\u0442\u0442\u0435\u043d\u043e\u043a \u0441\u0432\u0435\u0442\u043b\u043e\u0435 \u0434\u0435\u0440\u0435\u0432\u043e \u0421\u0442\u0438\u043b\u044c \u0441\u043e\u0432\u0440\u0435\u043c\u0435\u043d\u043d\u044b\u0439 \u041c\u0430\u0442\u0435\u0440\u0438\u0430\u043b \u0434\u0435\u0440\u0435\u0432\u043e\/\u0442\u043a\u0430\u043d\u044c \u041a\u0430\u0440\u043a\u0430\u0441 \u0434\u0435\u0440\u0435\u0432\u043e \u041f\u043e\u0434\u043b\u043e\u043a\u043e\u0442\u043d\u0438\u043a\u0438 \u0431\u0435\u0437 \u043f\u043e\u0434\u043b\u043e\u043a\u043e\u0442\u043d\u0438\u043a\u043e\u0432 \u041f\u0440\u043e\u0438\u0437\u0432\u043e\u0434\u0438\u0442\u0435\u043b\u044c \u0427\u0435\u0440\u043d\u044b\u0439 \u041a\u0440\u0430\u0441\u043d\u044b\u0439 \u0411\u0435\u043b\u044b\u0439 \u0422\u0438\u043f \u043c\u0435\u0431\u0435\u043b\u0438 \u0421\u0442\u0443\u043b\u044c\u044f \u041d\u0414\u0421 23% EAN 5906123123907<\/p>","protected":false},"excerpt":{"rendered":"<p>\u041a\u0440\u0435\u0441\u043b\u043e Aren \u2013 \u043a\u043e\u043c\u0444\u043e\u0440\u0442 \u0438 \u044d\u043b\u0435\u0433\u0430\u043d\u0442\u043d\u043e\u0441\u0442\u044c \u0432 \u043a\u0430\u0436\u0434\u043e\u0439 \u0434\u0435\u0442\u0430\u043b\u0438. \u041a\u0440\u0435\u0441\u043b\u043e Aren \u2013 \u0438\u0434\u0435\u0430\u043b\u044c\u043d\u044b\u0439 \u0432\u044b\u0431\u043e\u0440 \u0434\u043b\u044f \u0442\u0435\u0445, \u043a\u0442\u043e \u0438\u0449\u0435\u0442 \u0441\u0442\u0438\u043b\u044c\u043d\u044b\u0439 \u0438 \u0444\u0443\u043d\u043a\u0446\u0438\u043e\u043d\u0430\u043b\u044c\u043d\u044b\u0439 \u043f\u0440\u0435\u0434\u043c\u0435\u0442 \u043c\u0435\u0431\u0435\u043b\u0438 \u0434\u043b\u044f \u043f\u043e\u0432\u0441\u0435\u0434\u043d\u0435\u0432\u043d\u043e\u0433\u043e \u0438\u0441\u043f\u043e\u043b\u044c\u0437\u043e\u0432\u0430\u043d\u0438\u044f. \u041e\u0431\u0438\u0442\u043e\u0435 \u043c\u044f\u0433\u043a\u043e\u0439 \u043d\u0430 \u043e\u0449\u0443\u043f\u044c \u0442\u043a\u0430\u043d\u044c\u044e, \u043e\u043d\u043e \u043e\u0440\u0433\u0430\u043d\u0438\u0447\u043d\u043e \u0432\u043f\u0438\u0441\u044b\u0432\u0430\u0435\u0442\u0441\u044f \u0432 \u044d\u0441\u0442\u0435\u0442\u0438\u043a\u0443 \u0441\u043e\u0432\u0440\u0435\u043c\u0435\u043d\u043d\u044b\u0445, \u043a\u043b\u0430\u0441\u0441\u0438\u0447\u0435\u0441\u043a\u0438\u0445 \u0438 \u0434\u0430\u0436\u0435 \u0438\u043d\u0434\u0443\u0441\u0442\u0440\u0438\u0430\u043b\u044c\u043d\u044b\u0445 \u0438\u043d\u0442\u0435\u0440\u044c\u0435\u0440\u043e\u0432. \u0421\u0434\u0435\u0440\u0436\u0430\u043d\u043d\u044b\u0435 \u0446\u0432\u0435\u0442\u0430 \u0438 \u043f\u0440\u043e\u0441\u0442\u043e\u0439 \u0434\u0438\u0437\u0430\u0439\u043d [\u2026]<\/p>","protected":false},"featured_media":260376,"comment_status":"open","ping_status":"open","template":"","meta":[],"product_brand":[],"product_cat":[9200,1930],"product_tag":[],"class_list":{"0":"post-260375","1":"product","2":"type-product","3":"status-publish","4":"has-post-thumbnail","6":"product_cat-black-red-white","7":"product_cat-chairs","9":"first","10":"instock","11":"purchasable","12":"product-type-simple"},"_links":{"self":[{"href":"https:\/\/baldumarket.lt\/ru\/wp-json\/wp\/v2\/product\/260375","targetHints":{"allow":["GET"]}}],"collection":[{"href":"https:\/\/baldumarket.lt\/ru\/wp-json\/wp\/v2\/product"}],"about":[{"href":"https:\/\/baldumarket.lt\/ru\/wp-json\/wp\/v2\/types\/product"}],"replies":[{"embeddable":true,"href":"https:\/\/baldumarket.lt\/ru\/wp-json\/wp\/v2\/comments?post=260375"}],"wp:featuredmedia":[{"embeddable":true,"href":"https:\/\/baldumarket.lt\/ru\/wp-json\/wp\/v2\/media\/260376"}],"wp:attachment":[{"href":"https:\/\/baldumarket.lt\/ru\/wp-json\/wp\/v2\/media?parent=260375"}],"wp:term":[{"taxonomy":"product_brand","embeddable":true,"href":"https:\/\/baldumarket.lt\/ru\/wp-json\/wp\/v2\/product_brand?post=260375"},{"taxonomy":"product_cat","embeddable":true,"href":"https:\/\/baldumarket.lt\/ru\/wp-json\/wp\/v2\/product_cat?post=260375"},{"taxonomy":"product_tag","embeddable":true,"href":"https:\/\/baldumarket.lt\/ru\/wp-json\/wp\/v2\/product_tag?post=260375"}],"curies":[{"name":"WP","href":"https:\/\/api.w.org\/{rel}","templated":true}]}}