{"id":258000,"date":"2026-01-13T22:22:59","date_gmt":"2026-01-13T19:22:59","guid":{"rendered":"https:\/\/baldumarket.lt\/product\/biurko-120-zele-dab-wotan-bialy-polysk\/"},"modified":"2026-02-11T18:30:13","modified_gmt":"2026-02-11T15:30:13","slug":"biurko-120-zele-dab-wotan-bialy-polysk","status":"publish","type":"product","link":"https:\/\/baldumarket.lt\/ru\/product\/biurko-120-zele-dab-wotan-bialy-polysk\/","title":{"rendered":"Ra\u0161omasis stalas 120 ZELE Wotan \u0105\u017euolas\/blizgi balta"},"content":{"rendered":"<p>\u0421\u0442\u043e\u043b Zele \u2013 \u0432\u0430\u0448\u0435 \u043c\u0435\u0441\u0442\u043e \u0434\u043b\u044f \u0431\u043e\u043b\u044c\u0448\u0438\u0445 \u043f\u0440\u043e\u0435\u043a\u0442\u043e\u0432. \u0415\u0441\u043b\u0438 \u0432\u044b \u043f\u043e\u043a\u043b\u043e\u043d\u043d\u0438\u043a \u0441\u043e\u0432\u0440\u0435\u043c\u0435\u043d\u043d\u043e\u0433\u043e \u0434\u0438\u0437\u0430\u0439\u043d\u0430 \u0438\u043d\u0442\u0435\u0440\u044c\u0435\u0440\u0430, \u0432\u0434\u043e\u0445\u043d\u043e\u0432\u043b\u0435\u043d\u043d\u043e\u0433\u043e \u043a\u0430\u043a \u044d\u043a\u043e\u043b\u043e\u0433\u0438\u0447\u043d\u044b\u043c \u043e\u0431\u0440\u0430\u0437\u043e\u043c \u0436\u0438\u0437\u043d\u0438, \u0442\u0430\u043a \u0438 \u0442\u0440\u0430\u0434\u0438\u0446\u0438\u043e\u043d\u043d\u044b\u043c\u0438 \u0440\u0435\u0448\u0435\u043d\u0438\u044f\u043c\u0438, \u0442\u043e \u043a\u043e\u043b\u043b\u0435\u043a\u0446\u0438\u044f Zele \u0438\u0434\u0435\u0430\u043b\u044c\u043d\u043e \u0432\u0430\u043c \u043f\u043e\u0434\u043e\u0439\u0434\u0435\u0442. \u0415\u0435 \u0441\u0435\u0440\u0434\u0446\u0435\u043c \u0438 \u0434\u0443\u0448\u043e\u0439 \u044f\u0432\u043b\u044f\u0435\u0442\u0441\u044f \u0441\u0442\u043e\u043b Zele, \u043d\u0435\u0437\u0430\u043c\u0435\u043d\u0438\u043c\u044b\u0439 \u044d\u043b\u0435\u043c\u0435\u043d\u0442 \u043a\u0430\u0436\u0434\u043e\u0439 \u0441\u0442\u0443\u0434\u0435\u043d\u0447\u0435\u0441\u043a\u043e\u0439 \u043a\u043e\u043c\u043d\u0430\u0442\u044b. \u041f\u043e\u0437\u0432\u043e\u043b\u044c\u0442\u0435 \u043d\u0430\u043c \u0440\u0430\u0441\u0441\u043a\u0430\u0437\u0430\u0442\u044c \u0432\u0430\u043c \u0431\u043e\u043b\u044c\u0448\u0435 \u043e\u0431 \u044d\u0442\u043e\u043c \u0444\u0443\u043d\u043a\u0446\u0438\u043e\u043d\u0430\u043b\u044c\u043d\u043e\u043c \u043f\u0440\u0435\u0434\u043c\u0435\u0442\u0435 \u043c\u0435\u0431\u0435\u043b\u0438, \u043a\u043e\u0442\u043e\u0440\u044b\u0439 \u043e\u0431\u0435\u0441\u043f\u0435\u0447\u0438\u0432\u0430\u0435\u0442 \u043a\u043e\u043c\u0444\u043e\u0440\u0442 \u0438 \u043f\u0440\u043e\u0434\u0443\u043a\u0442\u0438\u0432\u043d\u043e\u0441\u0442\u044c \u0432 \u043b\u044e\u0431\u043e\u0435 \u0432\u0440\u0435\u043c\u044f. \u0420\u0430\u0437\u043c\u0435\u0440 \u0432\u044b\u0431\u0440\u0430\u043d \u043d\u0435 \u0441\u043b\u0443\u0447\u0430\u0439\u043d\u043e \u2013 \u0432\u043f\u0435\u0447\u0430\u0442\u043b\u044f\u044e\u0449\u0430\u044f \u0441\u0442\u043e\u043b\u0435\u0448\u043d\u0438\u0446\u0430 \u0448\u0438\u0440\u0438\u043d\u043e\u0439 120 \u0441\u043c \u043e\u0431\u0435\u0441\u043f\u0435\u0447\u0438\u0432\u0430\u0435\u0442 \u0434\u043e\u0441\u0442\u0430\u0442\u043e\u0447\u043d\u043e \u043c\u0435\u0441\u0442\u0430 \u0434\u043b\u044f \u0432\u0441\u0435\u0433\u043e, \u0447\u0442\u043e \u043d\u0443\u0436\u043d\u043e \u0441\u0442\u0443\u0434\u0435\u043d\u0442\u0443. \u0412\u044b \u043b\u0435\u0433\u043a\u043e \u0441\u043c\u043e\u0436\u0435\u0442\u0435 \u0440\u0430\u0437\u043c\u0435\u0441\u0442\u0438\u0442\u044c \u043d\u043e\u0443\u0442\u0431\u0443\u043a, \u0442\u0435\u0442\u0440\u0430\u0434\u0438, \u043e\u0440\u0433\u0430\u043d\u0430\u0439\u0437\u0435\u0440 \u0434\u043b\u044f \u0441\u0442\u043e\u043b\u0430 \u0438\u043b\u0438 \u0434\u0430\u0436\u0435 \u043b\u0430\u043c\u043f\u0443 \u0434\u043b\u044f \u043e\u0441\u0432\u0435\u0449\u0435\u043d\u0438\u044f \u0432\u0430\u0448\u0438\u0445 \u0437\u0430\u0434\u0430\u0447. \u041a\u0440\u043e\u043c\u0435 \u0442\u043e\u0433\u043e, \u043b\u0430\u043c\u0438\u043d\u0438\u0440\u043e\u0432\u0430\u043d\u043d\u0430\u044f \u043f\u043e\u0432\u0435\u0440\u0445\u043d\u043e\u0441\u0442\u044c \u0441\u0442\u043e\u043b\u0430 Zele \u0434\u0435\u043b\u0430\u0435\u0442 \u0435\u0433\u043e \u043d\u0435 \u0442\u043e\u043b\u044c\u043a\u043e \u0441\u0442\u0438\u043b\u044c\u043d\u044b\u043c, \u043d\u043e \u0438 \u0438\u0441\u043a\u043b\u044e\u0447\u0438\u0442\u0435\u043b\u044c\u043d\u043e \u0443\u0441\u0442\u043e\u0439\u0447\u0438\u0432\u044b\u043c \u043a \u043f\u043e\u0432\u0440\u0435\u0436\u0434\u0435\u043d\u0438\u044f\u043c. \u0412\u044b \u043c\u043e\u0436\u0435\u0442\u0435 \u043f\u0438\u0441\u0430\u0442\u044c, \u0440\u0438\u0441\u043e\u0432\u0430\u0442\u044c \u0438 \u0440\u0430\u0431\u043e\u0442\u0430\u0442\u044c \u0437\u0430 \u043d\u0438\u043c \u0433\u043e\u0434\u0430\u043c\u0438, \u043d\u0435 \u0431\u0435\u0441\u043f\u043e\u043a\u043e\u044f\u0441\u044c \u043e \u043f\u0440\u0438\u0437\u043d\u0430\u043a\u0430\u0445 \u0438\u0437\u043d\u043e\u0441\u0430. \u041a\u043e\u0433\u0434\u0430 \u0432\u044b \u0437\u0430\u043a\u043e\u043d\u0447\u0438\u0442\u0435 \u0437\u0430\u043d\u044f\u0442\u0438\u044f \u0438\u043b\u0438 \u043f\u0440\u043e\u0435\u043a\u0442, \u0432\u0430\u043c \u043d\u0435 \u043f\u0440\u0438\u0434\u0435\u0442\u0441\u044f \u0431\u0435\u0441\u043f\u043e\u043a\u043e\u0438\u0442\u044c\u0441\u044f \u043e\u0431 \u0443\u0431\u043e\u0440\u043a\u0435. \u0421\u0442\u043e\u043b Zele \u0431\u044b\u043b \u0440\u0430\u0437\u0440\u0430\u0431\u043e\u0442\u0430\u043d \u0441 \u0443\u0447\u0435\u0442\u043e\u043c \u0445\u0440\u0430\u043d\u0435\u043d\u0438\u044f. \u041f\u0440\u043e\u0441\u0442\u043e\u0440\u043d\u044b\u0439 \u0448\u043a\u0430\u0444 \u043f\u043e\u0434 \u0441\u0442\u043e\u043b\u0435\u0448\u043d\u0438\u0446\u0435\u0439 \u043f\u043e\u0437\u0432\u043e\u043b\u044f\u0435\u0442 \u0445\u0440\u0430\u043d\u0438\u0442\u044c \u0442\u0435\u0442\u0440\u0430\u0434\u0438, \u0443\u0447\u0435\u0431\u043d\u0438\u043a\u0438 \u0438 \u0434\u0440\u0443\u0433\u0438\u0435 \u0434\u043e\u043a\u0443\u043c\u0435\u043d\u0442\u044b. \u041c\u0435\u043b\u043a\u0438\u0435 \u043e\u0444\u0438\u0441\u043d\u044b\u0435 \u043f\u0440\u0438\u043d\u0430\u0434\u043b\u0435\u0436\u043d\u043e\u0441\u0442\u0438 \u043c\u043e\u0436\u043d\u043e \u0445\u0440\u0430\u043d\u0438\u0442\u044c \u0432 \u0443\u0434\u043e\u0431\u043d\u043e\u043c \u044f\u0449\u0438\u043a\u0435. \u042d\u0442\u043e \u043e\u0431\u0435\u0441\u043f\u0435\u0447\u0438\u0442 \u043f\u043e\u0440\u044f\u0434\u043e\u043a \u043d\u0430 \u0440\u0430\u0431\u043e\u0447\u0435\u043c \u043c\u0435\u0441\u0442\u0435 \u0438 \u0433\u043e\u0442\u043e\u0432\u043d\u043e\u0441\u0442\u044c \u043a \u0440\u0430\u0431\u043e\u0442\u0435. \u0426\u0432\u0435\u0442\u043e\u0432\u0430\u044f \u0433\u0430\u043c\u043c\u0430 \u0441\u0442\u043e\u043b\u0430 Zele \u0442\u0430\u043a\u0436\u0435 \u0437\u0430\u0441\u043b\u0443\u0436\u0438\u0432\u0430\u0435\u0442 \u0432\u043d\u0438\u043c\u0430\u043d\u0438\u044f. \u041d\u0430 \u0432\u044b\u0431\u043e\u0440 \u043f\u0440\u0435\u0434\u043b\u0430\u0433\u0430\u044e\u0442\u0441\u044f \u0434\u0432\u0430 \u043f\u0440\u0438\u0432\u043b\u0435\u043a\u0430\u0442\u0435\u043b\u044c\u043d\u044b\u0445 \u0432\u0430\u0440\u0438\u0430\u043d\u0442\u0430. \u041f\u0435\u0440\u0432\u044b\u0439 \u2014 \u044d\u0442\u043e \u0441\u043e\u0447\u0435\u0442\u0430\u043d\u0438\u0435 \u043a\u043e\u0440\u043f\u0443\u0441\u0430 \u0438\u0437 \u0434\u0443\u0431\u0430 Wotan \u0441 \u0433\u043b\u044f\u043d\u0446\u0435\u0432\u044b\u043c\u0438 \u0431\u0435\u043b\u044b\u043c\u0438 \u0444\u0430\u0441\u0430\u0434\u0430\u043c\u0438. \u042d\u0442\u043e \u0441\u043e\u0447\u0435\u0442\u0430\u043d\u0438\u0435 \u043f\u0440\u0438\u0434\u0430\u0435\u0442 \u0438\u043d\u0442\u0435\u0440\u044c\u0435\u0440\u0443 \u0441\u043e\u0432\u0440\u0435\u043c\u0435\u043d\u043d\u044b\u0439 \u0445\u0430\u0440\u0430\u043a\u0442\u0435\u0440 \u0438 \u0434\u043e\u0431\u0430\u0432\u043b\u044f\u0435\u0442 \u044d\u043b\u0435\u0433\u0430\u043d\u0442\u043d\u043e\u0441\u0442\u0438. \u041e\u0434\u043d\u0430\u043a\u043e, \u0435\u0441\u043b\u0438 \u0432\u044b \u043f\u0440\u0435\u0434\u043f\u043e\u0447\u0438\u0442\u0430\u0435\u0442\u0435 \u0431\u043e\u043b\u0435\u0435 \u0441\u0434\u0435\u0440\u0436\u0430\u043d\u043d\u044b\u0435 \u0446\u0432\u0435\u0442\u0430, \u0441\u0442\u043e\u043b Zele \u0442\u0430\u043a\u0436\u0435 \u0434\u043e\u0441\u0442\u0443\u043f\u0435\u043d \u0432 \u0432\u0430\u0440\u0438\u0430\u043d\u0442\u0435 \u043f\u043e\u043b\u043d\u043e\u0441\u0442\u044c\u044e \u0438\u0437 \u0434\u0443\u0431\u0430 Wotan. \u0412\u044b \u043c\u043e\u0436\u0435\u0442\u0435 \u043d\u0430\u0441\u0442\u0440\u043e\u0438\u0442\u044c \u0435\u0433\u043e \u0432 \u0441\u043e\u043e\u0442\u0432\u0435\u0442\u0441\u0442\u0432\u0438\u0438 \u0441\u043e \u0441\u0432\u043e\u0438\u043c\u0438 \u043f\u0440\u0435\u0434\u043f\u043e\u0447\u0442\u0435\u043d\u0438\u044f\u043c\u0438 \u0438 \u0434\u0438\u0437\u0430\u0439\u043d\u043e\u043c \u0438\u043d\u0442\u0435\u0440\u044c\u0435\u0440\u0430. \u041c\u0438\u043d\u0438\u043c\u0430\u043b\u0438\u0441\u0442\u0438\u0447\u043d\u044b\u0435 \u0440\u0443\u0447\u043a\u0438, \u0438\u043d\u0442\u0435\u0433\u0440\u0438\u0440\u043e\u0432\u0430\u043d\u043d\u044b\u0435 \u0432 \u0432\u0435\u0440\u0445\u043d\u0438\u0439 \u043a\u0440\u0430\u0439 \u0444\u0430\u0441\u0430\u0434\u043e\u0432, \u043f\u0440\u0438\u0434\u0430\u044e\u0442 \u0441\u0442\u043e\u043b\u0443 Zele \u0443\u043d\u0438\u043a\u0430\u043b\u044c\u043d\u044b\u0439 \u0445\u0430\u0440\u0430\u043a\u0442\u0435\u0440. \u0412 \u0446\u0435\u043b\u043e\u043c, \u043e\u043d \u0432\u044b\u0433\u043b\u044f\u0434\u0438\u0442 \u043d\u0435 \u0442\u043e\u043b\u044c\u043a\u043e \u0441\u043e\u0432\u0440\u0435\u043c\u0435\u043d\u043d\u043e, \u043d\u043e \u0438 \u044d\u043b\u0435\u0433\u0430\u043d\u0442\u043d\u043e, \u0447\u0442\u043e \u0434\u0435\u043b\u0430\u0435\u0442 \u0435\u0433\u043e \u0438\u0434\u0435\u0430\u043b\u044c\u043d\u044b\u043c \u0434\u043e\u043f\u043e\u043b\u043d\u0435\u043d\u0438\u0435\u043c \u043a \u0440\u0430\u0437\u043b\u0438\u0447\u043d\u044b\u043c \u0441\u0442\u0438\u043b\u044f\u043c \u0438\u043d\u0442\u0435\u0440\u044c\u0435\u0440\u0430. \u041e\u0434\u043d\u0430\u043a\u043e \u0441\u0442\u043e\u043b Zele \u2014 \u044d\u0442\u043e \u043d\u0435 \u043f\u0440\u043e\u0441\u0442\u043e \u043e\u0442\u0434\u0435\u043b\u044c\u043d\u044b\u0439 \u043f\u0440\u0435\u0434\u043c\u0435\u0442 \u043c\u0435\u0431\u0435\u043b\u0438. \u0421\u043e\u0447\u0435\u0442\u0430\u044f \u0435\u0433\u043e \u0441 \u0434\u0440\u0443\u0433\u0438\u043c\u0438 \u043c\u043e\u0434\u0443\u043b\u044f\u043c\u0438 \u0438\u0437 \u043a\u043e\u043b\u043b\u0435\u043a\u0446\u0438\u0438 Zele, \u0432\u044b \u043c\u043e\u0436\u0435\u0442\u0435 \u0441\u043e\u0437\u0434\u0430\u0442\u044c \u044d\u0440\u0433\u043e\u043d\u043e\u043c\u0438\u0447\u043d\u043e\u0435 \u0438 \u0444\u0443\u043d\u043a\u0446\u0438\u043e\u043d\u0430\u043b\u044c\u043d\u043e\u0435 \u0440\u0430\u0431\u043e\u0447\u0435\u0435 \u043c\u0435\u0441\u0442\u043e \u0434\u043b\u044f \u0432\u0430\u0448\u0435\u0433\u043e \u0440\u0435\u0431\u0435\u043d\u043a\u0430 \u0438\u043b\u0438 \u043f\u043e\u0434\u0440\u043e\u0441\u0442\u043a\u0430. \u042d\u0442\u043e \u043c\u0435\u0441\u0442\u043e, \u0433\u0434\u0435 \u0443\u0447\u0435\u0431\u0430 \u0441\u0442\u0430\u043d\u043e\u0432\u0438\u0442\u0441\u044f \u0443\u0434\u043e\u0432\u043e\u043b\u044c\u0441\u0442\u0432\u0438\u0435\u043c, \u0430 \u043a\u0430\u0436\u0434\u044b\u0439 \u043f\u0440\u043e\u0435\u043a\u0442 \u043c\u043e\u0436\u0435\u0442 \u0441\u0442\u0430\u0442\u044c \u0433\u0440\u0430\u043d\u0434\u0438\u043e\u0437\u043d\u044b\u043c. \u041a\u043e\u0440\u043e\u0447\u0435 \u0433\u043e\u0432\u043e\u0440\u044f, \u0441\u0442\u043e\u043b Zele \u2014 \u044d\u0442\u043e \u043d\u0435 \u043f\u0440\u043e\u0441\u0442\u043e \u043f\u0440\u0435\u0434\u043c\u0435\u0442 \u043c\u0435\u0431\u0435\u043b\u0438 \u0434\u043b\u044f \u0432\u044b\u043f\u043e\u043b\u043d\u0435\u043d\u0438\u044f \u0434\u043e\u043c\u0430\u0448\u043d\u0435\u0439 \u0440\u0430\u0431\u043e\u0442\u044b. \u042d\u0442\u043e \u043c\u0435\u0441\u0442\u043e, \u0433\u0434\u0435 \u0440\u043e\u0436\u0434\u0430\u044e\u0442\u0441\u044f \u0433\u0440\u0430\u043d\u0434\u0438\u043e\u0437\u043d\u044b\u0435 \u043f\u0440\u043e\u0435\u043a\u0442\u044b \u0438 \u0432\u043e\u043f\u043b\u043e\u0449\u0430\u044e\u0442\u0441\u044f \u043c\u0435\u0447\u0442\u044b \u0432 \u0440\u0435\u0430\u043b\u044c\u043d\u043e\u0441\u0442\u044c. \u0411\u043b\u0430\u0433\u043e\u0434\u0430\u0440\u044f \u0441\u0432\u043e\u0435\u0439 \u0444\u0443\u043d\u043a\u0446\u0438\u043e\u043d\u0430\u043b\u044c\u043d\u043e\u0441\u0442\u0438, \u044d\u043b\u0435\u0433\u0430\u043d\u0442\u043d\u043e\u0441\u0442\u0438 \u0438 \u0434\u0438\u0437\u0430\u0439\u043d\u0435\u0440\u0441\u043a\u0438\u043c \u0432\u043e\u0437\u043c\u043e\u0436\u043d\u043e\u0441\u0442\u044f\u043c, \u0441\u0442\u043e\u043b Zele \u0441\u0442\u0430\u043d\u0435\u0442 \u0441\u0435\u0440\u0434\u0446\u0435\u043c \u043b\u044e\u0431\u043e\u0439 \u0441\u0442\u0443\u0434\u0435\u043d\u0447\u0435\u0441\u043a\u043e\u0439 \u043a\u043e\u043c\u043d\u0430\u0442\u044b. \u0414\u0430\u0439\u0442\u0435 \u0435\u043c\u0443 \u0448\u0430\u043d\u0441 \u0438 \u043f\u043e\u0441\u043c\u043e\u0442\u0440\u0438\u0442\u0435, \u0447\u0435\u0433\u043e \u0432\u044b \u0441\u043c\u043e\u0436\u0435\u0442\u0435 \u0434\u043e\u0441\u0442\u0438\u0447\u044c \u0432 \u044d\u0442\u043e\u043c \u0443\u043d\u0438\u043a\u0430\u043b\u044c\u043d\u043e\u043c \u043f\u0440\u043e\u0441\u0442\u0440\u0430\u043d\u0441\u0442\u0432\u0435.<\/p>\n<p>\u041a\u043e\u0434 \u0442\u043e\u0432\u0430\u0440\u0430 S383-BIU\/120-DWO\/BIP \u0421\u0438\u043c\u0432\u043e\u043b ZM EAN \u0414\u043b\u0438\u043d\u0430 120 \u0441\u043c \u0428\u0438\u0440\u0438\u043d\u0430 60 \u0441\u043c \u0412\u044b\u0441\u043e\u0442\u0430 76 \u0441\u043c \u041a\u043e\u043b\u043b\u0435\u043a\u0446\u0438\u044f Zele \u0426\u0432\u0435\u0442 \u0434\u0443\u0431\/\u0433\u043b\u044f\u043d\u0446\u0435\u0432\u044b\u0439 \u0431\u0435\u043b\u044b\u0439 \u041e\u0442\u0442\u0435\u043d\u043e\u043a \u0431\u0435\u043b\u044b\u0439 \u0421\u0442\u0438\u043b\u044c \u0441\u043e\u0432\u0440\u0435\u043c\u0435\u043d\u043d\u044b\u0439 \u041c\u0430\u0442\u0435\u0440\u0438\u0430\u043b \u043b\u0430\u043c\u0438\u043d\u0430\u0442 \u041a\u043e\u043b\u0438\u0447\u0435\u0441\u0442\u0432\u043e \u0434\u0432\u0435\u0440\u0435\u0439 1 \u0434\u0432\u0435\u0440\u044c \u041a\u043e\u043b\u0438\u0447\u0435\u0441\u0442\u0432\u043e \u044f\u0449\u0438\u043a\u043e\u0432 1 \u044f\u0449\u0438\u043a \u0420\u0443\u0447\u043a\u0430 \u0441 \u0440\u0443\u0447\u043a\u0430\u043c\u0438 \u041f\u0440\u043e\u0438\u0437\u0432\u043e\u0434\u0438\u0442\u0435\u043b\u044c Black Red White \u0422\u0438\u043f \u043c\u0435\u0431\u0435\u043b\u0438 \u0421\u0442\u043e\u043b\u044b \u0418\u041d\u041d 23% EAN 5906123928380<\/p>","protected":false},"excerpt":{"rendered":"<p>Zele Desk &#8211; Your Place for Big Projects. If you&#8217;re a fan of modern interior design inspired by both an eco-friendly lifestyle and traditional solutions, then the Zele collection is perfect for you. Its heart and soul is the Zele desk, an essential element of every student&#8217;s room. Let us tell you more about this [&hellip;]<\/p>","protected":false},"featured_media":258001,"comment_status":"open","ping_status":"open","template":"","meta":[],"product_brand":[],"product_cat":[9200,1312],"product_tag":[],"class_list":{"0":"post-258000","1":"product","2":"type-product","3":"status-publish","4":"has-post-thumbnail","6":"product_cat-black-red-white","7":"product_cat-desks","9":"first","10":"instock","11":"purchasable","12":"product-type-simple"},"_links":{"self":[{"href":"https:\/\/baldumarket.lt\/ru\/wp-json\/wp\/v2\/product\/258000","targetHints":{"allow":["GET"]}}],"collection":[{"href":"https:\/\/baldumarket.lt\/ru\/wp-json\/wp\/v2\/product"}],"about":[{"href":"https:\/\/baldumarket.lt\/ru\/wp-json\/wp\/v2\/types\/product"}],"replies":[{"embeddable":true,"href":"https:\/\/baldumarket.lt\/ru\/wp-json\/wp\/v2\/comments?post=258000"}],"wp:featuredmedia":[{"embeddable":true,"href":"https:\/\/baldumarket.lt\/ru\/wp-json\/wp\/v2\/media\/258001"}],"wp:attachment":[{"href":"https:\/\/baldumarket.lt\/ru\/wp-json\/wp\/v2\/media?parent=258000"}],"wp:term":[{"taxonomy":"product_brand","embeddable":true,"href":"https:\/\/baldumarket.lt\/ru\/wp-json\/wp\/v2\/product_brand?post=258000"},{"taxonomy":"product_cat","embeddable":true,"href":"https:\/\/baldumarket.lt\/ru\/wp-json\/wp\/v2\/product_cat?post=258000"},{"taxonomy":"product_tag","embeddable":true,"href":"https:\/\/baldumarket.lt\/ru\/wp-json\/wp\/v2\/product_tag?post=258000"}],"curies":[{"name":"WP","href":"https:\/\/api.w.org\/{rel}","templated":true}]}}