{"id":257741,"date":"2026-01-10T23:00:44","date_gmt":"2026-01-10T20:00:44","guid":{"rendered":"https:\/\/baldumarket.lt\/product\/york-y18-140-loze-bez-pojemnika-na-posciel\/"},"modified":"2026-05-01T16:49:48","modified_gmt":"2026-05-01T13:49:48","slug":"york-y18-140-loze-bez-pojemnika-na-posciel","status":"publish","type":"product","link":"https:\/\/baldumarket.lt\/ru\/product\/york-y18-140-loze-bez-pojemnika-na-posciel\/","title":{"rendered":"\u0419\u041e\u0420\u041a Y18\/140 LOVA BE PATALYN\u0116S D\u0116\u017d\u0116S"},"content":{"rendered":"<p>\u041a\u0440\u043e\u0432\u0430\u0442\u044c YORK Y18 \u2014 \u043d\u0435\u0437\u0430\u043c\u0435\u043d\u0438\u043c\u044b\u0439 \u043f\u0440\u0435\u0434\u043c\u0435\u0442 \u043c\u0435\u0431\u0435\u043b\u0438 \u0434\u043b\u044f \u043b\u044e\u0431\u043e\u0439 \u0441\u043f\u0430\u043b\u044c\u043d\u0438. \u041e\u043d\u0430 \u043e\u0442\u043b\u0438\u0447\u0430\u0435\u0442\u0441\u044f \u0441\u043e\u0432\u0440\u0435\u043c\u0435\u043d\u043d\u044b\u043c \u0438 \u0441\u0442\u0438\u043b\u044c\u043d\u044b\u043c \u0434\u0438\u0437\u0430\u0439\u043d\u043e\u043c. \u041a\u0440\u043e\u0432\u0430\u0442\u044c \u0441\u043e\u0441\u0442\u043e\u0438\u0442 \u0438\u0437 \u043a\u0430\u0440\u043a\u0430\u0441\u0430 \u0438 \u043c\u044f\u0433\u043a\u043e\u0433\u043e \u0438\u0437\u0433\u043e\u043b\u043e\u0432\u044c\u044f \u0438\u0437 \u0442\u043a\u0430\u043d\u0438 TATUM chenille, \u043e\u0431\u0435\u0441\u043f\u0435\u0447\u0438\u0432\u0430\u044e\u0449\u0435\u0433\u043e \u043a\u043e\u043c\u0444\u043e\u0440\u0442 \u0434\u043b\u044f \u0441\u043f\u0438\u043d\u044b \u0432\u043e \u0432\u0440\u0435\u043c\u044f \u0447\u0442\u0435\u043d\u0438\u044f \u0438\u043b\u0438 \u043f\u0440\u043e\u0441\u043c\u043e\u0442\u0440\u0430 \u0442\u0435\u043b\u0435\u0432\u0438\u0437\u043e\u0440\u0430. \u041c\u0430\u0442\u0440\u0430\u0441 \u0438 \u043a\u0430\u0440\u043a\u0430\u0441 \u043d\u0435 \u0432\u0445\u043e\u0434\u044f\u0442 \u0432 \u043a\u043e\u043c\u043f\u043b\u0435\u043a\u0442; \u0438\u0445 \u043c\u043e\u0436\u043d\u043e \u043f\u0440\u0438\u043e\u0431\u0440\u0435\u0441\u0442\u0438 \u043e\u0442\u0434\u0435\u043b\u044c\u043d\u043e. \u0421\u043e\u0447\u0435\u0442\u0430\u043d\u0438\u0435 \u0442\u0435\u043f\u043b\u043e\u0433\u043e \u043e\u0442\u0442\u0435\u043d\u043a\u0430 \u0434\u0435\u0440\u0435\u0432\u0430 \u0441 \u0433\u0440\u0430\u0444\u0438\u0442\u043e\u0432\u044b\u043c\u0438 \u044d\u043b\u0435\u043c\u0435\u043d\u0442\u0430\u043c\u0438 \u043a\u0440\u043e\u0432\u0430\u0442\u0438 \u0438 \u043c\u044f\u0433\u043a\u0438\u043c \u0438\u0437\u0433\u043e\u043b\u043e\u0432\u044c\u0435\u043c \u043f\u0440\u0438\u0432\u043b\u0435\u043a\u0430\u0435\u0442 \u0432\u043d\u0438\u043c\u0430\u043d\u0438\u0435 \u0438 \u0441\u043e\u0437\u0434\u0430\u0435\u0442 \u043f\u043e\u0438\u0441\u0442\u0438\u043d\u0435 \u0434\u0438\u0437\u0430\u0439\u043d\u0435\u0440\u0441\u043a\u0438\u0439 \u043f\u0440\u0435\u0434\u043c\u0435\u0442 \u0434\u043b\u044f \u043b\u044e\u0431\u043e\u0433\u043e \u0438\u043d\u0442\u0435\u0440\u044c\u0435\u0440\u0430. \u041a\u0440\u043e\u043c\u0435 \u0442\u043e\u0433\u043e, \u0432\u044b \u043c\u043e\u0436\u0435\u0442\u0435 \u043f\u043e\u0434\u0441\u0432\u0435\u0442\u0438\u0442\u044c \u043a\u0430\u0440\u043a\u0430\u0441 \u043a\u0440\u043e\u0432\u0430\u0442\u0438 \u0441\u0432\u0435\u0442\u043e\u0434\u0438\u043e\u0434\u043d\u043e\u0439 \u043b\u0435\u043d\u0442\u043e\u0439 (\u0437\u0430 \u0434\u043e\u043f\u043e\u043b\u043d\u0438\u0442\u0435\u043b\u044c\u043d\u0443\u044e \u043f\u043b\u0430\u0442\u0443), \u0441\u043e\u0437\u0434\u0430\u0432 \u043d\u0435\u0436\u043d\u043e\u0435 \u0441\u0432\u0435\u0447\u0435\u043d\u0438\u0435 \u0438 \u0440\u043e\u043c\u0430\u043d\u0442\u0438\u0447\u0435\u0441\u043a\u0443\u044e \u0430\u0442\u043c\u043e\u0441\u0444\u0435\u0440\u0443. \u041a\u0440\u043e\u0432\u0430\u0442\u044c \u0434\u043e\u0441\u0442\u0443\u043f\u043d\u0430 \u0432 \u0442\u0440\u0435\u0445 \u0440\u0430\u0437\u043c\u0435\u0440\u0430\u0445: 140 \u0441\u043c, 160 \u0441\u043c \u0438 180 \u0441\u043c. \u041e\u043d\u0430 \u0438\u0434\u0435\u0430\u043b\u044c\u043d\u043e \u0434\u043e\u043f\u043e\u043b\u043d\u0438\u0442 \u0434\u0440\u0443\u0433\u0443\u044e \u043c\u0435\u0431\u0435\u043b\u044c \u0438\u0437 \u043a\u043e\u043b\u043b\u0435\u043a\u0446\u0438\u0438 YORK \u0438\u043b\u0438 \u0431\u0443\u0434\u0435\u0442 \u0438\u0441\u043f\u043e\u043b\u044c\u0437\u043e\u0432\u0430\u0442\u044c\u0441\u044f \u043a\u0430\u043a \u0441\u0430\u043c\u043e\u0441\u0442\u043e\u044f\u0442\u0435\u043b\u044c\u043d\u044b\u0439 \u043f\u0440\u0435\u0434\u043c\u0435\u0442.<\/p>\n<p>\u0428\u0438\u0440\u0438\u043d\u0430 150 \u0441\u043c, \u0434\u043b\u0438\u043d\u0430 220 \u0441\u043c, \u0432\u044b\u0441\u043e\u0442\u0430 100 \u0441\u043c, \u0441\u043f\u0430\u043b\u044c\u043d\u043e\u0435 \u043c\u0435\u0441\u0442\u043e 140 \u0441\u043c x 200 \u0441\u043c, \u0432\u0435\u0441 \u0438\u0437\u0434\u0435\u043b\u0438\u044f \u0441 \u0443\u043f\u0430\u043a\u043e\u0432\u043a\u043e\u0439 81,20 \u043a\u0433. \u041a\u043e\u0434 \u043f\u0440\u043e\u0438\u0437\u0432\u043e\u0434\u0438\u0442\u0435\u043b\u044f \/ \u0441\u0438\u043c\u0432\u043e\u043b Y18\/140. \u041d\u0430\u0437\u0432\u0430\u043d\u0438\u0435 \u043a\u043e\u043b\u043b\u0435\u043a\u0446\u0438\u0438 YORK. \u041d\u0430\u0437\u0432\u0430\u043d\u0438\u0435 \u0432 \u0441\u0438\u0441\u0442\u0435\u043c\u0435 b2b: YORK Y-18\/140 Grandson Oak\/Graphite. \u041a\u043e\u043c\u043f\u043b\u0435\u043a\u0442 \u043a\u0440\u043e\u0432\u0430\u0442\u0438. \u041a\u043e\u043b\u0438\u0447\u0435\u0441\u0442\u0432\u043e \u0443\u043f\u0430\u043a\u043e\u0432\u043e\u043a: 4. \u0421\u0442\u0438\u043b\u044c: \u041c\u043e\u0434\u0435\u0440\u043d. \u041a\u043e\u043c\u043f\u043b\u0435\u043a\u0442\u0430\u0446\u0438\u044f: \u0418\u043d\u0441\u0442\u0440\u0443\u043a\u0446\u0438\u044f \u043f\u043e \u0441\u0431\u043e\u0440\u043a\u0435 \/ \u0430\u043a\u0441\u0435\u0441\u0441\u0443\u0430\u0440\u044b \u0434\u043b\u044f \u0441\u0431\u043e\u0440\u043a\u0438. \u0421\u0431\u043e\u0440\u043a\u0430: \u0421\u0430\u043c\u043e\u0441\u0442\u043e\u044f\u0442\u0435\u043b\u044c\u043d\u0430\u044f \u0441\u0431\u043e\u0440\u043a\u0430. \u0426\u0432\u0435\u0442\u0430: Grandson Oak \/ Graphite. \u041c\u0430\u0442\u0435\u0440\u0438\u0430\u043b \u0441\u0442\u043e\u043b\u0435\u0448\u043d\u0438\u0446\u044b \/ \u0442\u0438\u043f \/ \u0442\u043e\u043b\u0449\u0438\u043d\u0430: \u0414\u0421\u041f 16 \u043c\u043c \/ \u0414\u0421\u041f 22 \u043c\u043c. \u041c\u0430\u0442\u0435\u0440\u0438\u0430\u043b \u043b\u0435\u0432\u043e\u0439 \u0438 \u043f\u0440\u0430\u0432\u043e\u0439 \u0431\u043e\u043a\u043e\u0432\u044b\u0445 \u0441\u0442\u043e\u0440\u043e\u043d \/ \u0442\u0438\u043f \/ \u0442\u043e\u043b\u0449\u0438\u043d\u0430: \u0414\u0421\u041f 22 \u043c\u043c. \u041c\u0430\u0442\u0435\u0440\u0438\u0430\u043b \u043e\u0441\u043d\u043e\u0432\u0430\u043d\u0438\u044f \/ \u0442\u0438\u043f \/ \u0442\u043e\u043b\u0449\u0438\u043d\u0430: \u0414\u0421\u041f 22 \u043c\u043c. \u041c\u0430\u0442\u0435\u0440\u0438\u0430\u043b \u043d\u043e\u0436\u0435\u043a \/ \u043c\u0430\u0442\u0435\u0440\u0438\u0430\u043b \/ \u0446\u0432\u0435\u0442: \u041d\u0435\u0440\u0435\u0433\u0443\u043b\u0438\u0440\u0443\u0435\u043c\u044b\u0435 \/ \u041c\u0435\u0431\u0435\u043b\u044c\u043d\u044b\u0435 \u043d\u0430\u043f\u0440\u0430\u0432\u043b\u044f\u044e\u0449\u0438\u0435 \/ \u043f\u043b\u0430\u0441\u0442\u0438\u043a \/ \u0427\u0435\u0440\u043d\u044b\u0439. \u041a\u043e\u043c\u043f\u043b\u0435\u043a\u0442\u0430\u0446\u0438\u044f: \u0421\u0442\u0430\u043d\u0434\u0430\u0440\u0442\u043d\u0430\u044f \u043c\u044f\u0433\u043a\u0430\u044f \u043f\u0430\u043d\u0435\u043b\u044c \u0438\u0437\u0433\u043e\u043b\u043e\u0432\u044c\u044f \u0438\u0437 \u0447\u0435\u0440\u043d\u043e\u0439 \u0442\u043a\u0430\u043d\u0438. \u041d\u0430\u0437\u0432\u0430\u043d\u0438\u0435 \/ \u043d\u043e\u043c\u0435\u0440 \u0442\u043a\u0430\u043d\u0438: Faro \/ 6<\/p>","protected":false},"excerpt":{"rendered":"<p>\u041a\u0440\u043e\u0432\u0430\u0442\u044c YORK Y18 \u2014 \u043d\u0435\u0437\u0430\u043c\u0435\u043d\u0438\u043c\u044b\u0439 \u043f\u0440\u0435\u0434\u043c\u0435\u0442 \u043c\u0435\u0431\u0435\u043b\u0438 \u0434\u043b\u044f \u043b\u044e\u0431\u043e\u0439 \u0441\u043f\u0430\u043b\u044c\u043d\u0438. \u041e\u043d\u0430 \u043e\u0442\u043b\u0438\u0447\u0430\u0435\u0442\u0441\u044f \u0441\u043e\u0432\u0440\u0435\u043c\u0435\u043d\u043d\u044b\u043c \u0438 \u0441\u0442\u0438\u043b\u044c\u043d\u044b\u043c \u0434\u0438\u0437\u0430\u0439\u043d\u043e\u043c. \u041a\u0440\u043e\u0432\u0430\u0442\u044c \u0441\u043e\u0441\u0442\u043e\u0438\u0442 \u0438\u0437 \u043a\u0430\u0440\u043a\u0430\u0441\u0430 \u0438 \u043c\u044f\u0433\u043a\u043e\u0433\u043e \u0438\u0437\u0433\u043e\u043b\u043e\u0432\u044c\u044f \u0438\u0437 \u0442\u043a\u0430\u043d\u0438 TATUM \u0448\u0435\u043d\u0438\u043b\u043b, \u043e\u0431\u0435\u0441\u043f\u0435\u0447\u0438\u0432\u0430\u044e\u0449\u0435\u0433\u043e \u043a\u043e\u043c\u0444\u043e\u0440\u0442 \u0434\u043b\u044f \u0441\u043f\u0438\u043d\u044b \u0432\u043e \u0432\u0440\u0435\u043c\u044f \u0447\u0442\u0435\u043d\u0438\u044f \u0438\u043b\u0438 \u043f\u0440\u043e\u0441\u043c\u043e\u0442\u0440\u0430 \u0442\u0435\u043b\u0435\u0432\u0438\u0437\u043e\u0440\u0430. \u041c\u0430\u0442\u0440\u0430\u0441 \u0438 \u043a\u0430\u0440\u043a\u0430\u0441 \u043d\u0435 \u0432\u0445\u043e\u0434\u044f\u0442 \u0432 \u043a\u043e\u043c\u043f\u043b\u0435\u043a\u0442; \u0438\u0445 \u043c\u043e\u0436\u043d\u043e \u043f\u0440\u0438\u043e\u0431\u0440\u0435\u0441\u0442\u0438 \u043e\u0442\u0434\u0435\u043b\u044c\u043d\u043e. [\u2026]<\/p>","protected":false},"featured_media":257742,"comment_status":"open","ping_status":"open","template":"","meta":[],"product_brand":[],"product_cat":[10231,505,2457],"product_tag":[],"class_list":{"0":"post-257741","1":"product","2":"type-product","3":"status-publish","4":"has-post-thumbnail","6":"product_cat-furniture-system-york-liveo","7":"product_cat-bedroom-beds","8":"product_cat-liveo","10":"first","11":"instock","12":"purchasable","13":"product-type-simple"},"_links":{"self":[{"href":"https:\/\/baldumarket.lt\/ru\/wp-json\/wp\/v2\/product\/257741","targetHints":{"allow":["GET"]}}],"collection":[{"href":"https:\/\/baldumarket.lt\/ru\/wp-json\/wp\/v2\/product"}],"about":[{"href":"https:\/\/baldumarket.lt\/ru\/wp-json\/wp\/v2\/types\/product"}],"replies":[{"embeddable":true,"href":"https:\/\/baldumarket.lt\/ru\/wp-json\/wp\/v2\/comments?post=257741"}],"wp:featuredmedia":[{"embeddable":true,"href":"https:\/\/baldumarket.lt\/ru\/wp-json\/wp\/v2\/media\/257742"}],"wp:attachment":[{"href":"https:\/\/baldumarket.lt\/ru\/wp-json\/wp\/v2\/media?parent=257741"}],"wp:term":[{"taxonomy":"product_brand","embeddable":true,"href":"https:\/\/baldumarket.lt\/ru\/wp-json\/wp\/v2\/product_brand?post=257741"},{"taxonomy":"product_cat","embeddable":true,"href":"https:\/\/baldumarket.lt\/ru\/wp-json\/wp\/v2\/product_cat?post=257741"},{"taxonomy":"product_tag","embeddable":true,"href":"https:\/\/baldumarket.lt\/ru\/wp-json\/wp\/v2\/product_tag?post=257741"}],"curies":[{"name":"WP","href":"https:\/\/api.w.org\/{rel}","templated":true}]}}