{"id":256503,"date":"2026-01-10T22:47:23","date_gmt":"2026-01-10T19:47:23","guid":{"rendered":"https:\/\/baldumarket.lt\/product\/pati-pk10-pf05-szafka-gorna-narozna-60-uniwersalna-lewostronna-prawostronna\/"},"modified":"2026-02-11T18:30:35","modified_gmt":"2026-02-11T15:30:35","slug":"pati-pk10-pf05-szafka-gorna-narozna-60-uniwersalna-lewostronna-prawostronna","status":"publish","type":"product","link":"https:\/\/baldumarket.lt\/ru\/product\/pati-pk10-pf05-szafka-gorna-narozna-60-uniwersalna-lewostronna-prawostronna\/","title":{"rendered":"PATI PK10\/PF05 VIR\u0160UTIN\u0116 KAMPIN\u0116 SPINTEL\u0116 60 UNIVERSALI KAIR\u0116\/DE\u0160IN\u0116"},"content":{"rendered":"<p>\u0428\u0438\u0440\u0438\u043d\u0430 60 \u0441\u043c \u0413\u043b\u0443\u0431\u0438\u043d\u0430 60 \u0441\u043c \u0412\u044b\u0441\u043e\u0442\u0430 60 \u0441\u043c \u0412\u0435\u0441 \u0438\u0437\u0434\u0435\u043b\u0438\u044f \u0441 \u0443\u043f\u0430\u043a\u043e\u0432\u043a\u043e\u0439 19,65 \u043a\u0433 \u041a\u043e\u0434 \u043f\u0440\u043e\u0438\u0437\u0432\u043e\u0434\u0438\u0442\u0435\u043b\u044f \/ \u0441\u0438\u043c\u0432\u043e\u043b PK10\/PF05 \u041d\u0430\u0437\u0432\u0430\u043d\u0438\u0435 \u043a\u043e\u043b\u043b\u0435\u043a\u0446\u0438\u0438 PATI \u041a\u043e\u043b\u0438\u0447\u0435\u0441\u0442\u0432\u043e \u0443\u043f\u0430\u043a\u043e\u0432\u043e\u043a 2 \u0421\u0442\u0438\u043b\u044c \u041c\u043e\u0434\u0435\u0440\u043d \u041a\u043e\u043c\u043f\u043b\u0435\u043a\u0442\u0430\u0446\u0438\u044f \u0418\u043d\u0441\u0442\u0440\u0443\u043a\u0446\u0438\u044f \u043f\u043e \u0441\u0431\u043e\u0440\u043a\u0435 \/ \u0430\u043a\u0441\u0435\u0441\u0441\u0443\u0430\u0440\u044b \u0434\u043b\u044f \u0441\u0431\u043e\u0440\u043a\u0438 \u0421\u0431\u043e\u0440\u043a\u0430 \u0421\u0430\u043c\u043e\u0441\u0442\u043e\u044f\u0442\u0435\u043b\u044c\u043d\u0430\u044f \u0441\u0431\u043e\u0440\u043a\u0430 \u0426\u0432\u0435\u0442 \u043a\u043e\u0440\u043f\u0443\u0441\u0430 Cremona Torro Oak \u041c\u0430\u0442\u0435\u0440\u0438\u0430\u043b \/ \u0442\u0438\u043f \/ \u0442\u043e\u043b\u0449\u0438\u043d\u0430 \u043a\u043e\u0440\u043f\u0443\u0441\u0430 16 \u043c\u043c \u0414\u0421\u041f \u041c\u0430\u0442\u0435\u0440\u0438\u0430\u043b \u0432\u0435\u0440\u0445\u043d\u0435\u0439 \u043f\u0430\u043d\u0435\u043b\u0438 \u043a\u043e\u0440\u043f\u0443\u0441\u0430 \/ \u0442\u0438\u043f \/ \u0442\u043e\u043b\u0449\u0438\u043d\u0430 16 \u043c\u043c \u0414\u0421\u041f \u041c\u0430\u0442\u0435\u0440\u0438\u0430\u043b \u043d\u0438\u0436\u043d\u0435\u0439 \u043f\u0430\u043d\u0435\u043b\u0438 \u043a\u043e\u0440\u043f\u0443\u0441\u0430 \/ \u0442\u0438\u043f \/ \u0442\u043e\u043b\u0449\u0438\u043d\u0430 16 \u043c\u043c \u0414\u0421\u041f \u0426\u0432\u0435\u0442 \u043f\u043e\u043b\u043e\u043a Cremona Torro Oak \u041c\u0430\u0442\u0435\u0440\u0438\u0430\u043b \/ \u0442\u0438\u043f \/ \u0442\u043e\u043b\u0449\u0438\u043d\u0430 \u043f\u043e\u043b\u043e\u043a 16 \u043c\u043c \u0414\u0421\u041f \u041a\u043e\u043b\u0438\u0447\u0435\u0441\u0442\u0432\u043e \u043f\u043e\u043b\u043e\u043a 1 \u041c\u0430\u0442\u0435\u0440\u0438\u0430\u043b \u0437\u0430\u0434\u043d\u0435\u0439 \u0441\u0442\u0435\u043d\u043a\u0438 \/ \u0442\u0438\u043f \/ \u0442\u043e\u043b\u0449\u0438\u043d\u0430 16 \u043c\u043c \u0414\u0421\u041f \/ 2,5 \u043c\u043c HDF \u0426\u0432\u0435\u0442 \u0432\u0438\u0434\u0438\u043c\u043e\u0439 \u0447\u0430\u0441\u0442\u0438 \u0437\u0430\u0434\u043d\u0435\u0439 \u0441\u0442\u0435\u043d\u043a\u0438 Cremona Torro Oak \/ \u0411\u0435\u043b\u044b\u0439 \u0414\u043e\u0441\u0442\u0443\u043f\u043d\u044b\u0435 \u0446\u0432\u0435\u0442\u0430 \u043f\u0435\u0440\u0435\u0434\u043d\u0435\u0439 \u043f\u0430\u043d\u0435\u043b\u0438: \u0431\u0435\u043b\u044b\u0439, \u043a\u0430\u0448\u0435\u043c\u0438\u0440, Cremona Torro Oak, \u0434\u0443\u0431 Artisan, \u0441\u0432\u0435\u0442\u043b\u043e-\u0433\u0440\u0430\u0444\u0438\u0442\u043e\u0432\u044b\u0439 \u041c\u0430\u0442\u0435\u0440\u0438\u0430\u043b \u043e\u0442\u0434\u0435\u043b\u043a\u0438 \u043f\u0435\u0440\u0435\u0434\u043d\u0435\u0439 \u043f\u0430\u043d\u0435\u043b\u0438 \/ \u0442\u0438\u043f \/ \u0442\u043e\u043b\u0449\u0438\u043d\u0430 16 \u043c\u043c \u0414\u0421\u041f \u041f\u0435\u0440\u0435\u0434\u043d\u044f\u044f \u043f\u0435\u0442\u043b\u044f \u2300 35 \u043c\u043c, \u0440\u0435\u0433\u0443\u043b\u0438\u0440\u0443\u0435\u043c\u0430\u044f \u0432 \u0442\u0440\u0435\u0445 \u043f\u043b\u043e\u0441\u043a\u043e\u0441\u0442\u044f\u0445 \u0420\u0443\u0447\u043a\u0430 \/ \u041e\u0442\u0434\u0435\u043b\u043a\u0430 \/ \u0426\u0432\u0435\u0442 \u041f\u043b\u0430\u0441\u0442\u0438\u043a \/ \u0427\u0435\u0440\u043d\u044b\u0439 \u041a\u043e\u043b\u0438\u0447\u0435\u0441\u0442\u0432\u043e \u0434\u0432\u0435\u0440\u0435\u0439 2 \u041a\u043e\u043b\u0438\u0447\u0435\u0441\u0442\u0432\u043e \u0437\u0430\u043a\u0440\u044b\u0442\u044b\u0445 \u043d\u0438\u0448 2 \u041a\u043e\u043c\u043f\u043b\u0435\u043a\u0442\u0430\u0446\u0438\u044f \u043a\u043e\u0440\u043f\u0443\u0441\u0430 \u0420\u0435\u0433\u0443\u043b\u0438\u0440\u0443\u0435\u043c\u044b\u0435 \u043c\u0435\u0431\u0435\u043b\u044c\u043d\u044b\u0435 \u043f\u043e\u0434\u0432\u0435\u0441\u044b \u0423\u043d\u0438\u0432\u0435\u0440\u0441\u0430\u043b\u044c\u043d\u044b\u0439 \u043a\u043e\u0440\u043f\u0443\u0441 \u0441\u043b\u0435\u0432\u0430 \/ \u0441\u043f\u0440\u0430\u0432\u0430 \u0414\u0410 \u0414\u043e\u043f\u043e\u043b\u043d\u0438\u0442\u0435\u043b\u044c\u043d\u0430\u044f \u0438\u043d\u0444\u043e\u0440\u043c\u0430\u0446\u0438\u044f \u043e \u043f\u0440\u043e\u0434\u0443\u043a\u0442\u0435 \u041f\u0440\u0438 \u0443\u0441\u0442\u0430\u043d\u043e\u0432\u043a\u0435 \u0444\u0430\u0441\u0430\u0434\u043e\u0432 PF05 \u043d\u0430 \u043a\u043e\u0440\u043f\u0443\u0441 PK10 \u0432 \u043a\u043e\u043c\u043f\u043b\u0435\u043a\u0442 \u0432\u0445\u043e\u0434\u044f\u0442 \u0434\u0432\u0435 \u0440\u0443\u0447\u043a\u0438 \u2013 \u0441\u043b\u0435\u0434\u0443\u0435\u0442 \u0443\u0441\u0442\u0430\u043d\u043e\u0432\u0438\u0442\u044c \u0442\u043e\u043b\u044c\u043a\u043e \u043e\u0434\u043d\u0443 (\u0441 \u043f\u0440\u0430\u0432\u043e\u0439 \u0438\u043b\u0438 \u043b\u0435\u0432\u043e\u0439 \u0441\u0442\u043e\u0440\u043e\u043d\u044b, \u043f\u043e \u0436\u0435\u043b\u0430\u043d\u0438\u044e). \u0423\u0441\u0442\u0430\u043d\u043e\u0432\u043a\u0430 \u0434\u0432\u0443\u0445 \u0440\u0443\u0447\u0435\u043a \u043f\u0440\u0435\u0434\u043e\u0442\u0432\u0440\u0430\u0442\u0438\u0442 \u043e\u0442\u043a\u0440\u044b\u0432\u0430\u043d\u0438\u0435 \u0444\u0430\u0441\u0430\u0434\u043e\u0432 \u0448\u043a\u0430\u0444\u0430.<\/p>","protected":false},"excerpt":{"rendered":"<p>\u0428\u0438\u0440\u0438\u043d\u0430 60 \u0441\u043c, \u0433\u043b\u0443\u0431\u0438\u043d\u0430 60 \u0441\u043c, \u0432\u044b\u0441\u043e\u0442\u0430 60 \u0441\u043c, \u0432\u0435\u0441 \u0438\u0437\u0434\u0435\u043b\u0438\u044f \u0441 \u0443\u043f\u0430\u043a\u043e\u0432\u043a\u043e\u0439 19,65 \u043a\u0433. \u041a\u043e\u0434\/\u0441\u0438\u043c\u0432\u043e\u043b \u043f\u0440\u043e\u0438\u0437\u0432\u043e\u0434\u0438\u0442\u0435\u043b\u044f PK10\/PF05. \u041d\u0430\u0437\u0432\u0430\u043d\u0438\u0435 \u043a\u043e\u043b\u043b\u0435\u043a\u0446\u0438\u0438 PATI. \u041a\u043e\u043b\u0438\u0447\u0435\u0441\u0442\u0432\u043e \u0443\u043f\u0430\u043a\u043e\u0432\u043e\u043a: 2. \u0421\u0442\u0438\u043b\u044c: \u041c\u043e\u0434\u0435\u0440\u043d. \u041a\u043e\u043c\u043f\u043b\u0435\u043a\u0442\u0430\u0446\u0438\u044f: \u0418\u043d\u0441\u0442\u0440\u0443\u043a\u0446\u0438\u044f \u043f\u043e \u0441\u0431\u043e\u0440\u043a\u0435 \/ \u043f\u0440\u0438\u043d\u0430\u0434\u043b\u0435\u0436\u043d\u043e\u0441\u0442\u0438 \u0434\u043b\u044f \u0441\u0431\u043e\u0440\u043a\u0438. \u0421\u0431\u043e\u0440\u043a\u0430: \u0421\u0430\u043c\u043e\u0441\u0442\u043e\u044f\u0442\u0435\u043b\u044c\u043d\u0430\u044f \u0441\u0431\u043e\u0440\u043a\u0430. \u0426\u0432\u0435\u0442 \u043a\u043e\u0440\u043f\u0443\u0441\u0430: Cremona Torro Oak. \u041c\u0430\u0442\u0435\u0440\u0438\u0430\u043b\/\u0442\u0438\u043f\/\u0442\u043e\u043b\u0449\u0438\u043d\u0430 \u043a\u043e\u0440\u043f\u0443\u0441\u0430: \u0414\u0421\u041f 16 \u043c\u043c. \u0421\u0442\u043e\u043b\u0435\u0448\u043d\u0438\u0446\u0430 [\u2026]<\/p>","protected":false},"featured_media":254972,"comment_status":"open","ping_status":"open","template":"","meta":[],"product_brand":[],"product_cat":[9118,2457],"product_tag":[],"class_list":{"0":"post-256503","1":"product","2":"type-product","3":"status-publish","4":"has-post-thumbnail","6":"product_cat-kitchen-cabinets","7":"product_cat-liveo","9":"first","10":"instock","11":"purchasable","12":"product-type-simple"},"_links":{"self":[{"href":"https:\/\/baldumarket.lt\/ru\/wp-json\/wp\/v2\/product\/256503","targetHints":{"allow":["GET"]}}],"collection":[{"href":"https:\/\/baldumarket.lt\/ru\/wp-json\/wp\/v2\/product"}],"about":[{"href":"https:\/\/baldumarket.lt\/ru\/wp-json\/wp\/v2\/types\/product"}],"replies":[{"embeddable":true,"href":"https:\/\/baldumarket.lt\/ru\/wp-json\/wp\/v2\/comments?post=256503"}],"wp:featuredmedia":[{"embeddable":true,"href":"https:\/\/baldumarket.lt\/ru\/wp-json\/wp\/v2\/media\/254972"}],"wp:attachment":[{"href":"https:\/\/baldumarket.lt\/ru\/wp-json\/wp\/v2\/media?parent=256503"}],"wp:term":[{"taxonomy":"product_brand","embeddable":true,"href":"https:\/\/baldumarket.lt\/ru\/wp-json\/wp\/v2\/product_brand?post=256503"},{"taxonomy":"product_cat","embeddable":true,"href":"https:\/\/baldumarket.lt\/ru\/wp-json\/wp\/v2\/product_cat?post=256503"},{"taxonomy":"product_tag","embeddable":true,"href":"https:\/\/baldumarket.lt\/ru\/wp-json\/wp\/v2\/product_tag?post=256503"}],"curies":[{"name":"WP","href":"https:\/\/api.w.org\/{rel}","templated":true}]}}