{"id":254145,"date":"2026-01-10T22:22:24","date_gmt":"2026-01-10T19:22:24","guid":{"rendered":"https:\/\/baldumarket.lt\/product\/ferro-fe18-140-s-p-loze-z-pojemnikiem-na-posciel\/"},"modified":"2026-02-11T18:31:14","modified_gmt":"2026-02-11T15:31:14","slug":"ferro-fe18-140-s-p-loze-z-pojemnikiem-na-posciel","status":"publish","type":"product","link":"https:\/\/baldumarket.lt\/ru\/product\/ferro-fe18-140-s-p-loze-z-pojemnikiem-na-posciel\/","title":{"rendered":"FERRO FE18\/140 SP Lova su patalyn\u0117s d\u0117\u017ee"},"content":{"rendered":"<p>\u041a\u0440\u043e\u0432\u0430\u0442\u044c Ferro FE18 \u2014 \u043e\u0442\u043b\u0438\u0447\u043d\u044b\u0439 \u0432\u044b\u0431\u043e\u0440 \u0434\u043b\u044f \u0442\u0435\u0445, \u043a\u0442\u043e \u0438\u0449\u0435\u0442 \u043a\u043e\u043c\u0444\u043e\u0440\u0442\u043d\u043e\u0435 \u0438 \u0441\u0442\u0438\u043b\u044c\u043d\u043e\u0435 \u0441\u043f\u0430\u043b\u044c\u043d\u043e\u0435 \u043c\u0435\u0441\u0442\u043e. \u0414\u043e\u0441\u0442\u0443\u043f\u043d\u0430\u044f \u0432 \u0440\u0430\u0437\u043b\u0438\u0447\u043d\u044b\u0445 \u0432\u0430\u0440\u0438\u0430\u043d\u0442\u0430\u0445 \u0448\u0438\u0440\u0438\u043d\u044b (120 \u0441\u043c, 140 \u0441\u043c, 160 \u0441\u043c, 180 \u0441\u043c), \u043e\u043d\u0430 \u043c\u043e\u0436\u0435\u0442 \u0431\u044b\u0442\u044c \u0430\u0434\u0430\u043f\u0442\u0438\u0440\u043e\u0432\u0430\u043d\u0430 \u043f\u043e\u0434 \u0438\u043d\u0434\u0438\u0432\u0438\u0434\u0443\u0430\u043b\u044c\u043d\u044b\u0435 \u043f\u043e\u0442\u0440\u0435\u0431\u043d\u043e\u0441\u0442\u0438 \u0438 \u0432\u043d\u0443\u0442\u0440\u0435\u043d\u043d\u0435\u0435 \u043f\u0440\u043e\u0441\u0442\u0440\u0430\u043d\u0441\u0442\u0432\u043e. \u0412\u0441\u0442\u0440\u043e\u0435\u043d\u043d\u043e\u0435 \u043e\u0442\u0434\u0435\u043b\u0435\u043d\u0438\u0435 \u0434\u043b\u044f \u043f\u043e\u0441\u0442\u0435\u043b\u044c\u043d\u043e\u0433\u043e \u0431\u0435\u043b\u044c\u044f \u043e\u0431\u0435\u0441\u043f\u0435\u0447\u0438\u0432\u0430\u0435\u0442 \u0434\u043e\u043f\u043e\u043b\u043d\u0438\u0442\u0435\u043b\u044c\u043d\u043e\u0435 \u043c\u0435\u0441\u0442\u043e \u0434\u043b\u044f \u0445\u0440\u0430\u043d\u0435\u043d\u0438\u044f, \u0447\u0442\u043e \u043e\u0441\u043e\u0431\u0435\u043d\u043d\u043e \u0443\u0434\u043e\u0431\u043d\u043e \u0432 \u043d\u0435\u0431\u043e\u043b\u044c\u0448\u0438\u0445 \u043a\u043e\u043c\u043d\u0430\u0442\u0430\u0445. \u0421\u043e\u0432\u0440\u0435\u043c\u0435\u043d\u043d\u044b\u0439 \u0434\u0438\u0437\u0430\u0439\u043d \u0438\u0437 \u0434\u0443\u0431\u0430 Cremona Torro \u0441 \u0447\u0435\u0440\u043d\u044b\u043c\u0438 \u0430\u043a\u0446\u0435\u043d\u0442\u0430\u043c\u0438 \u043f\u0440\u0438\u0434\u0430\u0441\u0442 \u044d\u043b\u0435\u0433\u0430\u043d\u0442\u043d\u043e\u0441\u0442\u044c \u043b\u044e\u0431\u043e\u043c\u0443 \u0438\u043d\u0442\u0435\u0440\u044c\u0435\u0440\u0443 \u0438 \u0433\u0430\u0440\u043c\u043e\u043d\u0438\u0447\u043d\u043e \u0432\u043f\u0438\u0448\u0435\u0442\u0441\u044f \u0432 \u0440\u0430\u0437\u043b\u0438\u0447\u043d\u044b\u0435 \u0441\u0442\u0438\u043b\u0438 \u0434\u0435\u043a\u043e\u0440\u0430. \u042d\u0442\u043e \u0444\u0443\u043d\u043a\u0446\u0438\u043e\u043d\u0430\u043b\u044c\u043d\u043e\u0435 \u0440\u0435\u0448\u0435\u043d\u0438\u0435 \u043f\u043e\u0434\u043e\u0439\u0434\u0435\u0442 \u043a\u0430\u043a \u043c\u043e\u043b\u043e\u0434\u044b\u043c, \u0442\u0430\u043a \u0438 \u043f\u043e\u0436\u0438\u043b\u044b\u043c \u043b\u044e\u0434\u044f\u043c, \u0446\u0435\u043d\u044f\u0449\u0438\u043c \u043a\u043e\u043c\u0444\u043e\u0440\u0442 \u0438 \u0441\u043e\u0432\u0440\u0435\u043c\u0435\u043d\u043d\u044b\u0439 \u0441\u0442\u0438\u043b\u044c.<\/p>\n<p>\u0428\u0438\u0440\u0438\u043d\u0430 147 \u0441\u043c, \u0434\u043b\u0438\u043d\u0430 220 \u0441\u043c, \u0432\u044b\u0441\u043e\u0442\u0430 106,5 \u0441\u043c, \u0441\u043f\u0430\u043b\u044c\u043d\u043e\u0435 \u043c\u0435\u0441\u0442\u043e 140 \u0441\u043c x 200 \u0441\u043c, \u0432\u0435\u0441 \u0438\u0437\u0434\u0435\u043b\u0438\u044f \u0441 \u0443\u043f\u0430\u043a\u043e\u0432\u043a\u043e\u0439 111,40 \u043a\u0433. \u041a\u043e\u0434\/\u0441\u0438\u043c\u0432\u043e\u043b \u043f\u0440\u043e\u0438\u0437\u0432\u043e\u0434\u0438\u0442\u0435\u043b\u044f FE18\/140S.P. \u041d\u0430\u0437\u0432\u0430\u043d\u0438\u0435 \u043a\u043e\u043b\u043b\u0435\u043a\u0446\u0438\u0438 FERRO \u041d\u0430\u0437\u0432\u0430\u043d\u0438\u0435 \u0432 \u0441\u0438\u0441\u0442\u0435\u043c\u0435 b2b FERRO FE18\/140 D CREM TORRO\/CZ \u041a\u0440\u043e\u0432\u0430\u0442\u044c 140 \u0432\u043c\u0435\u0441\u0442\u0438\u043c\u043e\u0441\u0442\u044c\u044e 140 ...<\/p>","protected":false},"excerpt":{"rendered":"<p>\u041a\u0440\u043e\u0432\u0430\u0442\u044c Ferro FE18 \u2014 \u043e\u0442\u043b\u0438\u0447\u043d\u044b\u0439 \u0432\u044b\u0431\u043e\u0440 \u0434\u043b\u044f \u0442\u0435\u0445, \u043a\u0442\u043e \u0438\u0449\u0435\u0442 \u043a\u043e\u043c\u0444\u043e\u0440\u0442\u043d\u043e\u0435 \u0438 \u0441\u0442\u0438\u043b\u044c\u043d\u043e\u0435 \u0441\u043f\u0430\u043b\u044c\u043d\u043e\u0435 \u043c\u0435\u0441\u0442\u043e. \u0414\u043e\u0441\u0442\u0443\u043f\u043d\u0430\u044f \u0432 \u0440\u0430\u0437\u043b\u0438\u0447\u043d\u044b\u0445 \u0432\u0430\u0440\u0438\u0430\u043d\u0442\u0430\u0445 \u0448\u0438\u0440\u0438\u043d\u044b (120 \u0441\u043c, 140 \u0441\u043c, 160 \u0441\u043c, 180 \u0441\u043c), \u043e\u043d\u0430 \u043c\u043e\u0436\u0435\u0442 \u0431\u044b\u0442\u044c \u0430\u0434\u0430\u043f\u0442\u0438\u0440\u043e\u0432\u0430\u043d\u0430 \u043f\u043e\u0434 \u0438\u043d\u0434\u0438\u0432\u0438\u0434\u0443\u0430\u043b\u044c\u043d\u044b\u0435 \u043f\u043e\u0442\u0440\u0435\u0431\u043d\u043e\u0441\u0442\u0438 \u0438 \u0432\u043d\u0443\u0442\u0440\u0435\u043d\u043d\u0435\u0435 \u043f\u0440\u043e\u0441\u0442\u0440\u0430\u043d\u0441\u0442\u0432\u043e. \u0412\u0441\u0442\u0440\u043e\u0435\u043d\u043d\u043e\u0435 \u043e\u0442\u0434\u0435\u043b\u0435\u043d\u0438\u0435 \u0434\u043b\u044f \u043f\u043e\u0441\u0442\u0435\u043b\u044c\u043d\u043e\u0433\u043e \u0431\u0435\u043b\u044c\u044f \u043e\u0431\u0435\u0441\u043f\u0435\u0447\u0438\u0432\u0430\u0435\u0442 \u0434\u043e\u043f\u043e\u043b\u043d\u0438\u0442\u0435\u043b\u044c\u043d\u043e\u0435 \u043c\u0435\u0441\u0442\u043e \u0434\u043b\u044f \u0445\u0440\u0430\u043d\u0435\u043d\u0438\u044f, \u0447\u0442\u043e \u043e\u0441\u043e\u0431\u0435\u043d\u043d\u043e \u0443\u0434\u043e\u0431\u043d\u043e \u0432 \u043d\u0435\u0431\u043e\u043b\u044c\u0448\u0438\u0445 \u043a\u043e\u043c\u043d\u0430\u0442\u0430\u0445. [\u2026]<\/p>","protected":false},"featured_media":254146,"comment_status":"open","ping_status":"open","template":"","meta":[],"product_brand":[],"product_cat":[505,2457],"product_tag":[],"class_list":{"0":"post-254145","1":"product","2":"type-product","3":"status-publish","4":"has-post-thumbnail","6":"product_cat-bedroom-beds","7":"product_cat-liveo","9":"first","10":"instock","11":"purchasable","12":"product-type-simple"},"_links":{"self":[{"href":"https:\/\/baldumarket.lt\/ru\/wp-json\/wp\/v2\/product\/254145","targetHints":{"allow":["GET"]}}],"collection":[{"href":"https:\/\/baldumarket.lt\/ru\/wp-json\/wp\/v2\/product"}],"about":[{"href":"https:\/\/baldumarket.lt\/ru\/wp-json\/wp\/v2\/types\/product"}],"replies":[{"embeddable":true,"href":"https:\/\/baldumarket.lt\/ru\/wp-json\/wp\/v2\/comments?post=254145"}],"wp:featuredmedia":[{"embeddable":true,"href":"https:\/\/baldumarket.lt\/ru\/wp-json\/wp\/v2\/media\/254146"}],"wp:attachment":[{"href":"https:\/\/baldumarket.lt\/ru\/wp-json\/wp\/v2\/media?parent=254145"}],"wp:term":[{"taxonomy":"product_brand","embeddable":true,"href":"https:\/\/baldumarket.lt\/ru\/wp-json\/wp\/v2\/product_brand?post=254145"},{"taxonomy":"product_cat","embeddable":true,"href":"https:\/\/baldumarket.lt\/ru\/wp-json\/wp\/v2\/product_cat?post=254145"},{"taxonomy":"product_tag","embeddable":true,"href":"https:\/\/baldumarket.lt\/ru\/wp-json\/wp\/v2\/product_tag?post=254145"}],"curies":[{"name":"WP","href":"https:\/\/api.w.org\/{rel}","templated":true}]}}