{"id":251626,"date":"2026-01-10T18:16:28","date_gmt":"2026-01-10T15:16:28","guid":{"rendered":"https:\/\/baldumarket.lt\/product\/szafa-dwudrzwiowa-story-so-12-bez-piaskowy-dab-vincenza-bielona\/"},"modified":"2026-02-11T18:31:50","modified_gmt":"2026-02-11T15:31:50","slug":"szafa-dwudrzwiowa-story-so-12-bez-piaskowy-dab-vincenza-bielona","status":"publish","type":"product","link":"https:\/\/baldumarket.lt\/ru\/product\/szafa-dwudrzwiowa-story-so-12-bez-piaskowy-dab-vincenza-bielona\/","title":{"rendered":"\u0418\u0421\u0422\u041e\u0420\u0418\u042f SO-12 dviej\u0173 dur\u0173 spinta | sm\u0117lio spalvos \/ balintas \u0412\u0438\u043d\u0447\u0435\u043d\u0446\u0430 \u0410\u0436\u0443\u043e\u043b\u0430\u0441"},"content":{"rendered":"<p>\u041c\u043e\u0434\u0435\u043b\u044c: \u0414\u0432\u0443\u0445\u0434\u0432\u0435\u0440\u043d\u044b\u0439 \u0448\u043a\u0430\u0444 STORY SO-12<br \/>\n\u0426\u0432\u0435\u0442: \u041f\u0435\u0441\u043e\u0447\u043d\u043e-\u0431\u0435\u0436\u0435\u0432\u044b\u0439\/\u0412\u044b\u0431\u0435\u043b\u0435\u043d\u043d\u044b\u0439 \u0434\u0443\u0431 \u0412\u0438\u043d\u0447\u0435\u043d\u0446\u0430<br \/>\n\u0420\u0430\u0437\u043c\u0435\u0440\u044b: \u0428\u0438\u0440\u0438\u043d\u0430: 85 \u0441\u043c<br \/>\n\u0420\u043e\u0441\u0442: 186 \u0441\u043c<br \/>\n\u0413\u043b\u0443\u0431\u0438\u043d\u0430: 52 \u0441\u043c<br \/>\n\u0414\u043e\u043f\u0443\u0441\u043a \u043f\u043e \u0440\u0430\u0437\u043c\u0435\u0440\u0430\u043c \u00b12%<br \/>\n\u041c\u0430\u0442\u0435\u0440\u0438\u0430\u043b: \u041a\u043e\u0440\u043f\u0443\u0441: \u043b\u0430\u043c\u0438\u043d\u0438\u0440\u043e\u0432\u0430\u043d\u043d\u0430\u044f \u0414\u0421\u041f; 16 \u043c\u043c; 25 \u043c\u043c, \u041c\u0414\u0424 30\u00d740<br \/>\n\u041e\u0431\u0440\u0430\u0431\u043e\u0442\u043a\u0430 \u043a\u0440\u043e\u043c\u043e\u043a \u043a\u043e\u0440\u043f\u0443\u0441\u0430: ABS; 1,0 \u043c\u043c<br \/>\n\u0426\u0432\u0435\u0442 \u043a\u0443\u0437\u043e\u0432\u0430: \u041f\u0435\u0441\u043e\u0447\u043d\u043e-\u0431\u0435\u0436\u0435\u0432\u044b\u0439\/\u0412\u044b\u0431\u0435\u043b\u0435\u043d\u043d\u044b\u0439 \u0434\u0443\u0431 \u0412\u0438\u043d\u0447\u0435\u043d\u0446\u0430<br \/>\n\u0412\u0435\u0440\u0445\u043d\u044f\u044f \u0447\u0430\u0441\u0442\u044c: \u043b\u0430\u043c\u0438\u043d\u0438\u0440\u043e\u0432\u0430\u043d\u043d\u0430\u044f \u0414\u0421\u041f; 25 \u043c\u043c<br \/>\n\u041e\u0442\u0434\u0435\u043b\u043a\u0430 \u043a\u0440\u043e\u043c\u043a\u0438 \u0432\u0435\u0440\u0445\u043d\u0435\u0439 \u043f\u0430\u043d\u0435\u043b\u0438: ABS; 1,0 \u043c\u043c<br \/>\n\u041a\u043e\u043b\u0438\u0447\u0435\u0441\u0442\u0432\u043e \u043e\u0431\u043b\u0438\u0446\u043e\u0432\u0430\u043d\u043d\u044b\u0445 \u0448\u043f\u043e\u043d\u043e\u043c \u0432\u0435\u0440\u0445\u043d\u0438\u0445 \u043a\u0440\u043e\u043c\u043e\u043a: 4<br \/>\n\u0426\u0432\u0435\u0442 \u0441\u0442\u043e\u043b\u0435\u0448\u043d\u0438\u0446\u044b: \u041e\u0442\u0431\u0435\u043b\u0435\u043d\u043d\u044b\u0439 \u0434\u0443\u0431 \u0412\u0438\u043d\u0447\u0435\u043d\u0446\u0430<br \/>\n\u0417\u0430\u0434\u043d\u044f\u044f \u043f\u0430\u043d\u0435\u043b\u044c: HDF-\u043f\u043b\u0438\u0442\u0430; 3 \u043c\u043c<br \/>\n\u0412\u0438\u0434\u0438\u043c\u0430\u044f \u043e\u0442\u0434\u0435\u043b\u043a\u0430 \u0437\u0430\u0434\u043d\u0435\u0439 \u043f\u0430\u043d\u0435\u043b\u0438: \u043b\u0430\u043c\u0438\u043d\u0430\u0442<br \/>\n\u041d\u0435\u0432\u0438\u0434\u0438\u043c\u0430\u044f \u043e\u0442\u0434\u0435\u043b\u043a\u0430 \u0437\u0430\u0434\u043d\u0435\u0439 \u043f\u0430\u043d\u0435\u043b\u0438: \u043d\u0435\u043e\u0431\u0440\u0430\u0431\u043e\u0442\u0430\u043d\u043d\u0430\u044f<br \/>\n\u041a\u0440\u0435\u043f\u043b\u0435\u043d\u0438\u0435 \u043d\u0430 \u0437\u0430\u0434\u043d\u044e\u044e \u043f\u0430\u043d\u0435\u043b\u044c: nuta<br \/>\n\u0426\u0432\u0435\u0442 \u0437\u0430\u0434\u043d\u0435\u0439 \u043f\u0430\u043d\u0435\u043b\u0438: \u043f\u0435\u0441\u043e\u0447\u043d\u043e-\u0431\u0435\u0436\u0435\u0432\u044b\u0439<br \/>\n\u041f\u043e\u043b\u043a\u0430: \u043b\u0430\u043c\u0438\u043d\u0438\u0440\u043e\u0432\u0430\u043d\u043d\u0430\u044f \u0414\u0421\u041f \u0442\u043e\u043b\u0449\u0438\u043d\u043e\u0439 16 \u043c\u043c.<br \/>\n\u041e\u0442\u0434\u0435\u043b\u043a\u0430 \u043a\u0440\u043e\u043c\u043e\u043a \u043f\u043e\u043b\u043a\u0438: ABS; 0,45 \u043c\u043c<br \/>\n\u041a\u043e\u043b\u0438\u0447\u0435\u0441\u0442\u0432\u043e \u043f\u043e\u043b\u043e\u043a, \u0441\u043a\u043b\u0435\u0435\u043d\u043d\u044b\u0445 \u043f\u043e \u043a\u0440\u0430\u044f\u043c: 1<br \/>\n\u041c\u0430\u043a\u0441\u0438\u043c\u0430\u043b\u044c\u043d\u0430\u044f \u043d\u0430\u0433\u0440\u0443\u0437\u043a\u0430 \u043d\u0430 \u043f\u043e\u043b\u043a\u0443 (\u043a\u0433): 5 \u043a\u0433<br \/>\n\u0426\u0432\u0435\u0442 \u043f\u043e\u043b\u043a\u0438: \u043f\u0435\u0441\u043e\u0447\u043d\u043e-\u0431\u0435\u0436\u0435\u0432\u044b\u0439<br \/>\n\u041a\u043e\u043b\u0438\u0447\u0435\u0441\u0442\u0432\u043e \u043f\u043e\u043b\u043e\u043a: 3<br \/>\n\u041c\u0430\u0442\u0435\u0440\u0438\u0430\u043b \u0434\u043d\u0430 \u044f\u0449\u0438\u043a\u0430: HDF; 3 \u043c\u043c<\/p>","protected":false},"excerpt":{"rendered":"<p>\u041c\u043e\u0434\u0435\u043b\u044c: \u0414\u0432\u0443\u0445\u0434\u0432\u0435\u0440\u043d\u044b\u0439 \u0448\u043a\u0430\u0444 STORY SO-12 \u0426\u0432\u0435\u0442: \u041f\u0435\u0441\u043e\u0447\u043d\u043e-\u0431\u0435\u0436\u0435\u0432\u044b\u0439\/\u0412\u044b\u0431\u0435\u043b\u0435\u043d\u043d\u044b\u0439 \u0434\u0443\u0431 \u0412\u0438\u043d\u0447\u0435\u043d\u0446\u0430 \u0420\u0430\u0437\u043c\u0435\u0440\u044b: \u0428\u0438\u0440\u0438\u043d\u0430: 85 \u0441\u043c \u0412\u044b\u0441\u043e\u0442\u0430: 186 \u0441\u043c \u0413\u043b\u0443\u0431\u0438\u043d\u0430: 52 \u0441\u043c \u0414\u043e\u043f\u0443\u0441\u043a \u043f\u043e \u0440\u0430\u0437\u043c\u0435\u0440\u0430\u043c \u00b12% \u041c\u0430\u0442\u0435\u0440\u0438\u0430\u043b: \u041a\u043e\u0440\u043f\u0443\u0441: \u043b\u0430\u043c\u0438\u043d\u0438\u0440\u043e\u0432\u0430\u043d\u043d\u0430\u044f \u0414\u0421\u041f; 16 \u043c\u043c; 25 \u043c\u043c, \u041c\u0414\u0424 30\u00d740 \u041e\u0442\u0434\u0435\u043b\u043a\u0430 \u043a\u0440\u043e\u043c\u043a\u0438 \u043a\u043e\u0440\u043f\u0443\u0441\u0430: \u0410\u0411\u0421-\u043f\u043b\u0430\u0441\u0442\u0438\u043a; 1,0 \u043c\u043c \u0426\u0432\u0435\u0442 \u043a\u043e\u0440\u043f\u0443\u0441\u0430: \u041f\u0435\u0441\u043e\u0447\u043d\u043e-\u0431\u0435\u0436\u0435\u0432\u044b\u0439\/\u0412\u044b\u0431\u0435\u043b\u0435\u043d\u043d\u044b\u0439 \u0434\u0443\u0431 \u0412\u0438\u043d\u0447\u0435\u043d\u0446\u0430 \u0421\u0442\u043e\u043b\u0435\u0448\u043d\u0438\u0446\u0430: \u043b\u0430\u043c\u0438\u043d\u0438\u0440\u043e\u0432\u0430\u043d\u043d\u0430\u044f \u0414\u0421\u041f; 25 \u043c\u043c \u041e\u0442\u0434\u0435\u043b\u043a\u0430 \u043a\u0440\u043e\u043c\u043a\u0438 \u0441\u0442\u043e\u043b\u0435\u0448\u043d\u0438\u0446\u044b: \u0410\u0411\u0421-\u043f\u043b\u0430\u0441\u0442\u0438\u043a; 1,0 [\u2026]<\/p>","protected":false},"featured_media":251627,"comment_status":"open","ping_status":"open","template":"","meta":[],"product_brand":[],"product_cat":[9263,2454,1177],"product_tag":[],"class_list":{"0":"post-251626","1":"product","2":"type-product","3":"status-publish","4":"has-post-thumbnail","6":"product_cat-furniture-system-story-lenart","7":"product_cat-lenart","8":"product_cat-wardrobes","10":"first","11":"instock","12":"purchasable","13":"product-type-simple"},"_links":{"self":[{"href":"https:\/\/baldumarket.lt\/ru\/wp-json\/wp\/v2\/product\/251626","targetHints":{"allow":["GET"]}}],"collection":[{"href":"https:\/\/baldumarket.lt\/ru\/wp-json\/wp\/v2\/product"}],"about":[{"href":"https:\/\/baldumarket.lt\/ru\/wp-json\/wp\/v2\/types\/product"}],"replies":[{"embeddable":true,"href":"https:\/\/baldumarket.lt\/ru\/wp-json\/wp\/v2\/comments?post=251626"}],"wp:featuredmedia":[{"embeddable":true,"href":"https:\/\/baldumarket.lt\/ru\/wp-json\/wp\/v2\/media\/251627"}],"wp:attachment":[{"href":"https:\/\/baldumarket.lt\/ru\/wp-json\/wp\/v2\/media?parent=251626"}],"wp:term":[{"taxonomy":"product_brand","embeddable":true,"href":"https:\/\/baldumarket.lt\/ru\/wp-json\/wp\/v2\/product_brand?post=251626"},{"taxonomy":"product_cat","embeddable":true,"href":"https:\/\/baldumarket.lt\/ru\/wp-json\/wp\/v2\/product_cat?post=251626"},{"taxonomy":"product_tag","embeddable":true,"href":"https:\/\/baldumarket.lt\/ru\/wp-json\/wp\/v2\/product_tag?post=251626"}],"curies":[{"name":"WP","href":"https:\/\/api.w.org\/{rel}","templated":true}]}}