{"id":251531,"date":"2026-01-10T18:15:39","date_gmt":"2026-01-10T15:15:39","guid":{"rendered":"https:\/\/baldumarket.lt\/product\/stolik-nocny-lenny-ly-07-dab-artisan-bez-truflowy\/"},"modified":"2026-02-11T18:31:51","modified_gmt":"2026-02-11T15:31:51","slug":"stolik-nocny-lenny-ly-07-dab-artisan-bez-truflowy","status":"publish","type":"product","link":"https:\/\/baldumarket.lt\/ru\/product\/stolik-nocny-lenny-ly-07-dab-artisan-bez-truflowy\/","title":{"rendered":"LENNY LY-07 \u043d\u043e\u0432\u044b\u0435 \u0441\u0442\u0430\u043b\u0438 | \u0420\u0435\u043c\u0435\u0441\u043b\u0435\u043d\u043d\u044b\u0439 \u0105\u017euolas + sm\u0117lio spalva + triufeliai"},"content":{"rendered":"<p>\u041a\u043e\u043b\u043b\u0435\u043a\u0446\u0438\u044f: \u041b\u0415\u041d\u041d\u0418<br \/>\n\u041c\u043e\u0434\u0435\u043b\u044c: LY-07<br \/>\n\u0426\u0432\u0435\u0442: \u0414\u0443\u0431 \u0440\u0443\u0447\u043d\u043e\u0439 \u0440\u0430\u0431\u043e\u0442\u044b \/ \u0411\u0435\u0436\u0435\u0432\u044b\u0439 \/ \u0422\u0440\u044e\u0444\u0435\u043b\u044c<br \/>\n\u0420\u0430\u0437\u043c\u0435\u0440\u044b: \u0428\u0438\u0440\u0438\u043d\u0430: 45 \u0441\u043c<br \/>\n\u0412\u044b\u0441\u043e\u0442\u0430: 42 \u0441\u043c<br \/>\n\u0413\u043b\u0443\u0431\u0438\u043d\u0430: 40 \u0441\u043c<br \/>\n\u041e\u0441\u043d\u043e\u0432\u043d\u044b\u0435 \u0441\u0432\u0435\u0434\u0435\u043d\u0438\u044f: \u0418\u043d\u0434\u0435\u043a\u0441 \u043c\u0430\u0441\u0441\u044b \u0442\u0435\u043b\u0430: LY7ABT<br \/>\n\u0425\u0430\u0440\u0430\u043a\u0442\u0435\u0440\u0438\u0441\u0442\u0438\u043a\u0438 \u043a\u0443\u0437\u043e\u0432\u0430: 1S<br \/>\n\u0412\u0435\u0441 \u0442\u0435\u043b\u0430: 12 \u043a\u0433<br \/>\n\u0421\u0431\u043e\u0440\u043a\u0430: \u0422\u0440\u0435\u0431\u0443\u0435\u0442\u0441\u044f \u0441\u0431\u043e\u0440\u043a\u0430.<br \/>\n\u041e\u0431\u043e\u0440\u0443\u0434\u043e\u0432\u0430\u043d\u0438\u0435: 1 \u043f\u043e\u043b\u043a\u0430<br \/>\n\u041a\u043e\u043b\u0438\u0447\u0435\u0441\u0442\u0432\u043e \u044f\u0449\u0438\u043a\u043e\u0432: 1<br \/>\n\u0424\u0443\u0440\u043d\u0438\u0442\u0443\u0440\u0430: \u0420\u0443\u0447\u043a\u0430: \u041f\u0412\u0425<br \/>\n\u041d\u0430\u043f\u0440\u0430\u0432\u043b\u044f\u044e\u0449\u0438\u0435 \u0434\u043b\u044f \u0432\u044b\u0434\u0432\u0438\u0436\u043d\u043e\u0433\u043e \u044f\u0449\u0438\u043a\u0430: \u0448\u0430\u0440\u0438\u043a\u043e\u043f\u043e\u0434\u0448\u0438\u043f\u043d\u0438\u043a\u043e\u0432\u044b\u0435 \u043d\u0430\u043f\u0440\u0430\u0432\u043b\u044f\u044e\u0449\u0438\u0435<br \/>\n\u0421\u0442\u043e\u043f\u0430\/\u043d\u043e\u0433\u0430: \u041f\u043e\u043b\u0437\u0443\u043d\u043e\u043a<br \/>\n\u041c\u0430\u0442\u0435\u0440\u0438\u0430\u043b: \u041a\u043e\u0440\u043f\u0443\u0441: \u041b\u0430\u043c\u0438\u043d\u0438\u0440\u043e\u0432\u0430\u043d\u043d\u0430\u044f \u0414\u0421\u041f: 16 \u043c\u043c<br \/>\n\u041e\u0431\u0440\u0430\u0431\u043e\u0442\u043a\u0430 \u043a\u0440\u043e\u043c\u043a\u0438 \u043a\u043e\u0440\u043f\u0443\u0441\u0430: 0,45 \u043c\u043c<br \/>\n\u0426\u0432\u0435\u0442 \u043a\u043e\u0440\u043f\u0443\u0441\u0430: \u0414\u0443\u0431 \u0440\u0443\u0447\u043d\u043e\u0439 \u0440\u0430\u0431\u043e\u0442\u044b \/ \u0411\u0435\u0436\u0435\u0432\u044b\u0439 \/ \u0422\u0440\u044e\u0444\u0435\u043b\u044c<br \/>\n\u0412\u0435\u0440\u0445\u043d\u044f\u044f \u0447\u0430\u0441\u0442\u044c: \u043b\u0430\u043c\u0438\u043d\u0438\u0440\u043e\u0432\u0430\u043d\u043d\u0430\u044f \u0414\u0421\u041f; 16 \u043c\u043c<br \/>\n\u041e\u0431\u0440\u0430\u0431\u043e\u0442\u043a\u0430 \u043a\u0440\u043e\u043c\u043a\u0438 \u0432\u0435\u0440\u0445\u043d\u0435\u0439 \u0434\u043e\u0441\u043a\u0438: 0,45 \u043c\u043c<br \/>\n\u041a\u043e\u043b\u0438\u0447\u0435\u0441\u0442\u0432\u043e \u043e\u0431\u043b\u0438\u0446\u043e\u0432\u0430\u043d\u043d\u044b\u0445 \u0448\u043f\u043e\u043d\u043e\u043c \u0432\u0435\u0440\u0445\u043d\u0438\u0445 \u043a\u0440\u043e\u043c\u043e\u043a: 4<br \/>\n\u0426\u0432\u0435\u0442 \u0441\u0442\u043e\u043b\u0435\u0448\u043d\u0438\u0446\u044b: \u0434\u0443\u0431 \u0440\u0443\u0447\u043d\u043e\u0439 \u0440\u0430\u0431\u043e\u0442\u044b<br \/>\n\u0417\u0430\u0434\u043d\u044f\u044f \u043f\u0430\u043d\u0435\u043b\u044c: \u043f\u043b\u0438\u0442\u0430 HDF; 3 \u043c\u043c<br \/>\n\u0412\u0438\u0434\u0438\u043c\u0430\u044f \u043e\u0442\u0434\u0435\u043b\u043a\u0430 \u0437\u0430\u0434\u043d\u0435\u0439 \u043f\u0430\u043d\u0435\u043b\u0438: \u043b\u0430\u043c\u0438\u043d\u0430\u0442<br \/>\n\u041d\u0435\u0432\u0438\u0434\u0438\u043c\u0430\u044f \u043e\u0442\u0434\u0435\u043b\u043a\u0430 \u0449\u0438\u0442\u0430: \u043d\u0435\u043e\u0431\u0440\u0430\u0431\u043e\u0442\u0430\u043d\u043d\u044b\u0439 \u043c\u0430\u0442\u0435\u0440\u0438\u0430\u043b<br \/>\n\u041a\u0440\u0435\u043f\u043b\u0435\u043d\u0438\u0435 \u0449\u0438\u0442\u0430: Nuta<br \/>\n\u0426\u0432\u0435\u0442 \u0437\u0430\u0434\u043d\u0435\u0439 \u043f\u0430\u043d\u0435\u043b\u0438: \u0434\u0443\u0431 \u0440\u0443\u0447\u043d\u043e\u0439 \u0440\u0430\u0431\u043e\u0442\u044b<br \/>\n\u041b\u0438\u0446\u0435\u0432\u0430\u044f \u0441\u0442\u043e\u0440\u043e\u043d\u0430: \u043b\u0430\u043c\u0438\u043d\u0438\u0440\u043e\u0432\u0430\u043d\u043d\u0430\u044f \u0414\u0421\u041f; 16 \u043c\u043c<br \/>\n\u041e\u0431\u0440\u0430\u0431\u043e\u0442\u043a\u0430 \u043f\u0435\u0440\u0435\u0434\u043d\u0435\u0439 \u043a\u0440\u043e\u043c\u043a\u0438: 1,70 \u043c\u043c<br \/>\n\u0426\u0432\u0435\u0442 \u043f\u0435\u0440\u0435\u0434\u043d\u0435\u0439 \u0447\u0430\u0441\u0442\u0438: \u0431\u0435\u0436\u0435\u0432\u044b\u0439\/\u0442\u0440\u044e\u0444\u0435\u043b\u044c\u043d\u044b\u0439<br \/>\n\u0412\u043d\u0443\u0442\u0440\u0435\u043d\u043d\u044f\u044f \u043e\u0442\u0434\u0435\u043b\u043a\u0430 \u044f\u0449\u0438\u043a\u0430: \u0431\u0435\u043b\u0430\u044f \u043b\u0435\u043d\u0442\u0430.<br \/>\n\u0414\u043d\u043e \u044f\u0449\u0438\u043a\u0430: \u043f\u043b\u0438\u0442\u0430 HDF; 3 \u043c\u043c<\/p>","protected":false},"excerpt":{"rendered":"<p>\u041a\u043e\u043b\u043b\u0435\u043a\u0446\u0438\u044f: LENNY \u041c\u043e\u0434\u0435\u043b\u044c: LY-07 \u0426\u0432\u0435\u0442: \u0414\u0443\u0431 \u0440\u0443\u0447\u043d\u043e\u0439 \u0440\u0430\u0431\u043e\u0442\u044b \/ \u0411\u0435\u0436\u0435\u0432\u044b\u0439 \/ \u0422\u0440\u044e\u0444\u0435\u043b\u044c \u0420\u0430\u0437\u043c\u0435\u0440\u044b: \u0428\u0438\u0440\u0438\u043d\u0430: 45 \u0441\u043c \u0412\u044b\u0441\u043e\u0442\u0430: 42 \u0441\u043c \u0413\u043b\u0443\u0431\u0438\u043d\u0430: 40 \u0441\u043c \u041e\u0441\u043d\u043e\u0432\u043d\u044b\u0435 \u0445\u0430\u0440\u0430\u043a\u0442\u0435\u0440\u0438\u0441\u0442\u0438\u043a\u0438: \u0418\u043d\u0434\u0435\u043a\u0441 \u043a\u043e\u0440\u043f\u0443\u0441\u0430: LY7ABT \u0425\u0430\u0440\u0430\u043a\u0442\u0435\u0440\u0438\u0441\u0442\u0438\u043a\u0438 \u043a\u043e\u0440\u043f\u0443\u0441\u0430: 1S \u0412\u0435\u0441 \u043a\u043e\u0440\u043f\u0443\u0441\u0430: 12 \u043a\u0433 \u0421\u0431\u043e\u0440\u043a\u0430: \u0422\u0440\u0435\u0431\u0443\u0435\u0442\u0441\u044f \u0441\u0431\u043e\u0440\u043a\u0430 \u041a\u043e\u043c\u043f\u043b\u0435\u043a\u0442\u0430\u0446\u0438\u044f: 1 \u043f\u043e\u043b\u043a\u0430 \u041a\u043e\u043b\u0438\u0447\u0435\u0441\u0442\u0432\u043e \u044f\u0449\u0438\u043a\u043e\u0432: 1 \u0424\u0443\u0440\u043d\u0438\u0442\u0443\u0440\u0430: \u0420\u0443\u0447\u043a\u0430: \u041f\u0412\u0425 \u041d\u0430\u043f\u0440\u0430\u0432\u043b\u044f\u044e\u0449\u0438\u0435 \u044f\u0449\u0438\u043a\u0430: \u0428\u0430\u0440\u0438\u043a\u043e\u0432\u044b\u0435 \u043d\u0430\u043f\u0440\u0430\u0432\u043b\u044f\u044e\u0449\u0438\u0435 \u041d\u043e\u0436\u043a\u0438: \u041d\u0430\u043f\u0440\u0430\u0432\u043b\u044f\u044e\u0449\u0438\u0435 \u041c\u0430\u0442\u0435\u0440\u0438\u0430\u043b: \u041a\u043e\u0440\u043f\u0443\u0441: [\u2026]<\/p>","protected":false},"featured_media":251532,"comment_status":"open","ping_status":"open","template":"","meta":[],"product_brand":[],"product_cat":[9258,1176,2454],"product_tag":[],"class_list":{"0":"post-251531","1":"product","2":"type-product","3":"status-publish","4":"has-post-thumbnail","6":"product_cat-furniture-system-lenny-lenart","7":"product_cat-bedside-tables","8":"product_cat-lenart","10":"first","11":"instock","12":"purchasable","13":"product-type-simple"},"_links":{"self":[{"href":"https:\/\/baldumarket.lt\/ru\/wp-json\/wp\/v2\/product\/251531","targetHints":{"allow":["GET"]}}],"collection":[{"href":"https:\/\/baldumarket.lt\/ru\/wp-json\/wp\/v2\/product"}],"about":[{"href":"https:\/\/baldumarket.lt\/ru\/wp-json\/wp\/v2\/types\/product"}],"replies":[{"embeddable":true,"href":"https:\/\/baldumarket.lt\/ru\/wp-json\/wp\/v2\/comments?post=251531"}],"wp:featuredmedia":[{"embeddable":true,"href":"https:\/\/baldumarket.lt\/ru\/wp-json\/wp\/v2\/media\/251532"}],"wp:attachment":[{"href":"https:\/\/baldumarket.lt\/ru\/wp-json\/wp\/v2\/media?parent=251531"}],"wp:term":[{"taxonomy":"product_brand","embeddable":true,"href":"https:\/\/baldumarket.lt\/ru\/wp-json\/wp\/v2\/product_brand?post=251531"},{"taxonomy":"product_cat","embeddable":true,"href":"https:\/\/baldumarket.lt\/ru\/wp-json\/wp\/v2\/product_cat?post=251531"},{"taxonomy":"product_tag","embeddable":true,"href":"https:\/\/baldumarket.lt\/ru\/wp-json\/wp\/v2\/product_tag?post=251531"}],"curies":[{"name":"WP","href":"https:\/\/api.w.org\/{rel}","templated":true}]}}