{"id":245849,"date":"2026-01-02T23:15:44","date_gmt":"2026-01-02T20:15:44","guid":{"rendered":"https:\/\/baldumarket.lt\/product\/zestaw-szafka-80-cm-adel-oak-z-umywalka-smile\/"},"modified":"2026-04-25T23:17:59","modified_gmt":"2026-04-25T20:17:59","slug":"zestaw-szafka-80-cm-adel-oak-z-umywalka-smile","status":"publish","type":"product","link":"https:\/\/baldumarket.lt\/ru\/product\/zestaw-szafka-80-cm-adel-oak-z-umywalka-smile\/","title":{"rendered":"80 \u0441\u043c ADEL \u0104\u017dUOLIN\u0116S spintel\u0117s su SMILE praustuvu komplektas"},"content":{"rendered":"","protected":false},"excerpt":{"rendered":"<p>\u0422\u0443\u043c\u0431\u0430 \u043f\u043e\u0434 \u0440\u0430\u043a\u043e\u0432\u0438\u043d\u0443 ADEL OAK 82-80-B-2S 80 \u0441\u043c ( 80 | 46 | 57 ) \u0421\u043e\u0432\u0440\u0435\u043c\u0435\u043d\u043d\u0430\u044f \u043a\u0435\u0440\u0430\u043c\u0438\u0447\u0435\u0441\u043a\u0430\u044f \u0440\u0430\u043a\u043e\u0432\u0438\u043d\u0430 \u0434\u043b\u044f \u0441\u0442\u043e\u043b\u0435\u0448\u043d\u0438\u0446\u044b Smile 1 ( 42 | 42 | 14 ) \u0421\u0442\u043e\u043b\u0435\u0448\u043d\u0438\u0446\u0430 ADEL OAK 89-80-B 80 \u0441\u043c ( 80.4 | 46 | 2 ) \u0417\u0435\u0440\u043a\u0430\u043b\u043e Alice 80 \u0441\u043c \u0441\u043e \u0441\u0432\u0435\u0442\u043e\u0434\u0438\u043e\u0434\u043d\u043e\u0439 \u043f\u043e\u0434\u0441\u0432\u0435\u0442\u043a\u043e\u0439 ( 68 | 3 | 83 ) \u0412\u044b\u0441\u043e\u043a\u0430\u044f \u043a\u043e\u043b\u043e\u043d\u043d\u0430 ADEL OAK 80-01-B-1D ( 35 | 25 | 140 )<br \/>\n\u0428\u0438\u0440\u0438\u043d\u0430 (\u0441\u043c): 80<br \/>\n\u0413\u043b\u0443\u0431\u0438\u043d\u0430 (\u0441\u043c): 46<\/p>","protected":false},"featured_media":245850,"comment_status":"open","ping_status":"open","template":"","meta":[],"product_brand":[],"product_cat":[9117,2015,9183],"product_tag":[],"class_list":{"0":"post-245849","1":"product","2":"type-product","3":"status-publish","4":"has-post-thumbnail","6":"product_cat-bathroom","7":"product_cat-comad","8":"product_cat-bathroom-furniture-sets-comad","10":"first","11":"instock","12":"purchasable","13":"product-type-simple"},"_links":{"self":[{"href":"https:\/\/baldumarket.lt\/ru\/wp-json\/wp\/v2\/product\/245849","targetHints":{"allow":["GET"]}}],"collection":[{"href":"https:\/\/baldumarket.lt\/ru\/wp-json\/wp\/v2\/product"}],"about":[{"href":"https:\/\/baldumarket.lt\/ru\/wp-json\/wp\/v2\/types\/product"}],"replies":[{"embeddable":true,"href":"https:\/\/baldumarket.lt\/ru\/wp-json\/wp\/v2\/comments?post=245849"}],"wp:featuredmedia":[{"embeddable":true,"href":"https:\/\/baldumarket.lt\/ru\/wp-json\/wp\/v2\/media\/245850"}],"wp:attachment":[{"href":"https:\/\/baldumarket.lt\/ru\/wp-json\/wp\/v2\/media?parent=245849"}],"wp:term":[{"taxonomy":"product_brand","embeddable":true,"href":"https:\/\/baldumarket.lt\/ru\/wp-json\/wp\/v2\/product_brand?post=245849"},{"taxonomy":"product_cat","embeddable":true,"href":"https:\/\/baldumarket.lt\/ru\/wp-json\/wp\/v2\/product_cat?post=245849"},{"taxonomy":"product_tag","embeddable":true,"href":"https:\/\/baldumarket.lt\/ru\/wp-json\/wp\/v2\/product_tag?post=245849"}],"curies":[{"name":"WP","href":"https:\/\/api.w.org\/{rel}","templated":true}]}}