{"id":245686,"date":"2026-01-02T23:14:18","date_gmt":"2026-01-02T20:14:18","guid":{"rendered":"https:\/\/baldumarket.lt\/product\/zestaw-mebli-lazienkowych-80-cm-capri-dab\/"},"modified":"2026-02-11T18:33:09","modified_gmt":"2026-02-11T15:33:09","slug":"zestaw-mebli-lazienkowych-80-cm-capri-dab","status":"publish","type":"product","link":"https:\/\/baldumarket.lt\/ru\/product\/zestaw-mebli-lazienkowych-80-cm-capri-dab\/","title":{"rendered":"\u0104\u017euolo spalvos vonios kambario bald\u0173 komplektas \u201eCapri\u201c, 80 \u0441\u043c"},"content":{"rendered":"<p>\u0423\u043d\u0438\u043a\u0430\u043b\u044c\u043d\u043e\u0441\u0442\u044c \u043a\u043e\u043b\u043b\u0435\u043a\u0446\u0438\u0438 CAPRI GOLDEN OAK \u0437\u0430\u043a\u043b\u044e\u0447\u0430\u0435\u0442\u0441\u044f \u043f\u0440\u0435\u0436\u0434\u0435 \u0432\u0441\u0435\u0433\u043e \u0432 \u0441\u043e\u0447\u0435\u0442\u0430\u043d\u0438\u0438 \u043f\u0440\u043e\u0441\u0442\u044b\u0445, \u0441\u0434\u0435\u0440\u0436\u0430\u043d\u043d\u044b\u0445 \u0444\u043e\u0440\u043c \u0438 \u043a\u0440\u0430\u0441\u0438\u0432\u043e\u0433\u043e \u0434\u0435\u043a\u043e\u0440\u0430, \u0441\u043e\u0437\u0434\u0430\u044e\u0449\u0435\u0433\u043e \u0433\u0430\u0440\u043c\u043e\u043d\u0438\u0447\u043d\u044b\u0439 \u0438 \u044d\u043b\u0435\u0433\u0430\u043d\u0442\u043d\u044b\u0439 \u0438\u043d\u0442\u0435\u0440\u044c\u0435\u0440. \u0413\u0435\u043e\u043c\u0435\u0442\u0440\u0438\u0447\u0435\u0441\u043a\u0438\u0435 \u0444\u043e\u0440\u043c\u044b \u043c\u0435\u0431\u0435\u043b\u0438 \u043f\u043e\u0434\u0447\u0435\u0440\u043a\u0438\u0432\u0430\u044e\u0442\u0441\u044f \u043e\u043a\u0430\u043d\u0442\u043e\u0432\u043e\u0447\u043d\u044b\u043c\u0438 \u0440\u0443\u0447\u043a\u0430\u043c\u0438. \u041a\u043e\u043b\u043b\u0435\u043a\u0446\u0438\u044f \u043f\u0440\u0435\u0434\u043b\u0430\u0433\u0430\u0435\u0442 \u0448\u0438\u0440\u043e\u043a\u0438\u0439 \u0432\u044b\u0431\u043e\u0440 \u0444\u043e\u0440\u043c, \u0432\u043a\u043b\u044e\u0447\u0430\u044f \u0444\u0443\u043d\u043a\u0446\u0438\u043e\u043d\u0430\u043b\u044c\u043d\u044b\u0439 \u0448\u043a\u0430\u0444 \u0441\u043e \u0441\u0442\u043e\u043b\u0435\u0448\u043d\u0438\u0446\u0435\u0439, \u043e\u0431\u0435\u0441\u043f\u0435\u0447\u0438\u0432\u0430\u044e\u0449\u0438\u0439 \u0434\u043e\u043f\u043e\u043b\u043d\u0438\u0442\u0435\u043b\u044c\u043d\u043e\u0435 \u043f\u043e\u043b\u0435\u0437\u043d\u043e\u0435 \u043f\u0440\u043e\u0441\u0442\u0440\u0430\u043d\u0441\u0442\u0432\u043e. \u041a\u043e\u043c\u0444\u043e\u0440\u0442 \u043e\u0431\u0435\u0441\u043f\u0435\u0447\u0438\u0432\u0430\u044e\u0442 \u043d\u0430\u043f\u0440\u0430\u0432\u043b\u044f\u044e\u0449\u0438\u0435 \u0438 \u043f\u0435\u0442\u043b\u0438 \u0441 \u0434\u043e\u0432\u043e\u0434\u0447\u0438\u043a\u0430\u043c\u0438, \u0433\u0430\u0440\u0430\u043d\u0442\u0438\u0440\u0443\u044e\u0449\u0438\u0435 \u0431\u0435\u0441\u0448\u0443\u043c\u043d\u043e\u0435 \u0438 \u043f\u043b\u0430\u0432\u043d\u043e\u0435 \u0437\u0430\u043a\u0440\u044b\u0432\u0430\u043d\u0438\u0435 \u044f\u0449\u0438\u043a\u043e\u0432. \u0421\u043e\u0432\u0440\u0435\u043c\u0435\u043d\u043d\u044b\u043c \u044d\u043b\u0435\u043c\u0435\u043d\u0442\u043e\u043c \u044d\u0442\u043e\u0439 \u043a\u043e\u043b\u043b\u0435\u043a\u0446\u0438\u0438 \u044f\u0432\u043b\u044f\u0435\u0442\u0441\u044f \u0432\u043e\u0437\u043c\u043e\u0436\u043d\u043e\u0441\u0442\u044c \u0434\u043e\u0431\u0430\u0432\u043b\u0435\u043d\u0438\u044f \u043f\u043e\u0434\u0441\u0432\u0435\u0442\u043a\u0438 \u043a \u044f\u0449\u0438\u043a\u0430\u043c \u0432 \u0442\u0443\u0430\u043b\u0435\u0442\u043d\u044b\u0445 \u0441\u0442\u043e\u043b\u0438\u043a\u0430\u0445.<\/p>","protected":false},"excerpt":{"rendered":"<p>\u0426\u0432\u0435\u0442 \u043a\u043e\u0440\u043f\u0443\u0441\u0430: \u0417\u043e\u043b\u043e\u0442\u043e\u0439 \u0434\u0443\u0431<br \/>\n\u041c\u0430\u0442\u0435\u0440\u0438\u0430\u043b \u043a\u043e\u0440\u043f\u0443\u0441\u0430: \u043b\u0430\u043c\u0438\u043d\u0438\u0440\u043e\u0432\u0430\u043d\u043d\u0430\u044f \u0434\u043e\u0441\u043a\u0430<br \/>\n\u0420\u0430\u043a\u043e\u0432\u0438\u043d\u044b (81 \/ 14 \/ 46) \u0422\u0443\u043c\u0431\u044b \u043f\u043e\u0434 \u0440\u0430\u043a\u043e\u0432\u0438\u043d\u044b (80 \/ 57 \/ 46) \u041d\u0430\u0441\u0442\u0435\u043d\u043d\u044b\u0435 \u0448\u043a\u0430\u0444\u044b \u0441 \u0437\u0435\u0440\u043a\u0430\u043b\u043e\u043c (80 \/ 75 \/ 16) \u041d\u0438\u0437\u043a\u0438\u0435 \u0448\u043a\u0430\u0444\u044b \u0441 \u043a\u043e\u0440\u0437\u0438\u043d\u043e\u0439 (35 \/ 80 \/ 35) \u0412\u044b\u0441\u043e\u043a\u0438\u0435 \u043a\u043e\u043b\u043e\u043d\u043d\u044b\u0435 \u0448\u043a\u0430\u0444\u044b (35 \/ 170 \/ 33)<\/p>","protected":false},"featured_media":245687,"comment_status":"open","ping_status":"open","template":"","meta":[],"product_brand":[],"product_cat":[9117,2015,9183],"product_tag":[],"class_list":{"0":"post-245686","1":"product","2":"type-product","3":"status-publish","4":"has-post-thumbnail","6":"product_cat-bathroom","7":"product_cat-comad","8":"product_cat-bathroom-furniture-sets-comad","10":"first","11":"instock","12":"purchasable","13":"product-type-simple"},"_links":{"self":[{"href":"https:\/\/baldumarket.lt\/ru\/wp-json\/wp\/v2\/product\/245686","targetHints":{"allow":["GET"]}}],"collection":[{"href":"https:\/\/baldumarket.lt\/ru\/wp-json\/wp\/v2\/product"}],"about":[{"href":"https:\/\/baldumarket.lt\/ru\/wp-json\/wp\/v2\/types\/product"}],"replies":[{"embeddable":true,"href":"https:\/\/baldumarket.lt\/ru\/wp-json\/wp\/v2\/comments?post=245686"}],"wp:featuredmedia":[{"embeddable":true,"href":"https:\/\/baldumarket.lt\/ru\/wp-json\/wp\/v2\/media\/245687"}],"wp:attachment":[{"href":"https:\/\/baldumarket.lt\/ru\/wp-json\/wp\/v2\/media?parent=245686"}],"wp:term":[{"taxonomy":"product_brand","embeddable":true,"href":"https:\/\/baldumarket.lt\/ru\/wp-json\/wp\/v2\/product_brand?post=245686"},{"taxonomy":"product_cat","embeddable":true,"href":"https:\/\/baldumarket.lt\/ru\/wp-json\/wp\/v2\/product_cat?post=245686"},{"taxonomy":"product_tag","embeddable":true,"href":"https:\/\/baldumarket.lt\/ru\/wp-json\/wp\/v2\/product_tag?post=245686"}],"curies":[{"name":"WP","href":"https:\/\/api.w.org\/{rel}","templated":true}]}}