{"id":245627,"date":"2026-01-02T23:13:49","date_gmt":"2026-01-02T20:13:49","guid":{"rendered":"https:\/\/baldumarket.lt\/product\/zestaw-iconic-white-2x80-z-zielonymi-umywalkami-kama-lustrem-juliet-i-oswietleniem-led\/"},"modified":"2026-02-11T18:33:10","modified_gmt":"2026-02-11T15:33:10","slug":"zestaw-iconic-white-2x80-z-zielonymi-umywalkami-kama-lustrem-juliet-i-oswietleniem-led","status":"publish","type":"product","link":"https:\/\/baldumarket.lt\/ru\/product\/zestaw-iconic-white-2x80-z-zielonymi-umywalkami-kama-lustrem-juliet-i-oswietleniem-led\/","title":{"rendered":"ICONIC WHITE 2&#215;80 komplektas su \u017ealiais KAMA praustuvais, Juliet veidrod\u017eiu ir LED ap\u0161vietimu"},"content":{"rendered":"","protected":false},"excerpt":{"rendered":"<p>\u0417\u0435\u0440\u043a\u0430\u043b\u043e \u00ab\u0414\u0436\u0443\u043b\u044c\u0435\u0442\u0442\u0430\u00bb 60 \u0441\u043c (60 | 2 | 70) \u0421\u0442\u043e\u043b\u0435\u0448\u043d\u0438\u0446\u0430 SANTA FE OAK 89-180-A 180 \u0441\u043c \u041d\u0430\u043f\u043e\u043b\u044c\u043d\u0430\u044f \u043f\u043e\u043b\u043a\u0430 SANTA FE OAK 81-01-A 2x \u041a\u0435\u0440\u0430\u043c\u0438\u0447\u0435\u0441\u043a\u0430\u044f \u0440\u0430\u043a\u043e\u0432\u0438\u043d\u0430 KAMA-MFG-50 \u041c\u0430\u0442\u043e\u0432\u0430\u044f, \u043b\u0435\u0441\u043d\u043e\u0439 \u0437\u0435\u043b\u0435\u043d\u044b\u0439 50,5 \u0441\u043c 2x \u0422\u0443\u043c\u0431\u0430 \u043f\u043e\u0434 \u0440\u0430\u043a\u043e\u0432\u0438\u043d\u0443 ICONIC WHITE 82-80-D-1S (80 | 45 | 46) 2x \u0417\u043e\u043b\u043e\u0442\u0430\u044f \u0441\u0432\u0435\u0442\u043e\u0434\u0438\u043e\u0434\u043d\u0430\u044f \u043b\u0430\u043c\u043f\u0430 \u00ab\u0414\u0436\u0443\u043b\u044c\u0435\u0442\u0442\u0430\u00bb 30 \u0441\u043c (30 | 5 | 10) \u0412\u044b\u0441\u043e\u043a\u0430\u044f \u043a\u043e\u043b\u043e\u043d\u043d\u0430 ICONIC WHITE 80-01-D-2D (35 | 33 | 160)<\/p>","protected":false},"featured_media":245628,"comment_status":"open","ping_status":"open","template":"","meta":[],"product_brand":[],"product_cat":[9117,2015,9183],"product_tag":[],"class_list":{"0":"post-245627","1":"product","2":"type-product","3":"status-publish","4":"has-post-thumbnail","6":"product_cat-bathroom","7":"product_cat-comad","8":"product_cat-bathroom-furniture-sets-comad","10":"first","11":"instock","12":"purchasable","13":"product-type-simple"},"_links":{"self":[{"href":"https:\/\/baldumarket.lt\/ru\/wp-json\/wp\/v2\/product\/245627","targetHints":{"allow":["GET"]}}],"collection":[{"href":"https:\/\/baldumarket.lt\/ru\/wp-json\/wp\/v2\/product"}],"about":[{"href":"https:\/\/baldumarket.lt\/ru\/wp-json\/wp\/v2\/types\/product"}],"replies":[{"embeddable":true,"href":"https:\/\/baldumarket.lt\/ru\/wp-json\/wp\/v2\/comments?post=245627"}],"wp:featuredmedia":[{"embeddable":true,"href":"https:\/\/baldumarket.lt\/ru\/wp-json\/wp\/v2\/media\/245628"}],"wp:attachment":[{"href":"https:\/\/baldumarket.lt\/ru\/wp-json\/wp\/v2\/media?parent=245627"}],"wp:term":[{"taxonomy":"product_brand","embeddable":true,"href":"https:\/\/baldumarket.lt\/ru\/wp-json\/wp\/v2\/product_brand?post=245627"},{"taxonomy":"product_cat","embeddable":true,"href":"https:\/\/baldumarket.lt\/ru\/wp-json\/wp\/v2\/product_cat?post=245627"},{"taxonomy":"product_tag","embeddable":true,"href":"https:\/\/baldumarket.lt\/ru\/wp-json\/wp\/v2\/product_tag?post=245627"}],"curies":[{"name":"WP","href":"https:\/\/api.w.org\/{rel}","templated":true}]}}