{"id":245320,"date":"2026-01-02T23:11:12","date_gmt":"2026-01-02T20:11:12","guid":{"rendered":"https:\/\/baldumarket.lt\/product\/umywalka-nablatowa-ceramiczna-un-kama-mfg-50-zielony-mat\/"},"modified":"2026-02-11T18:33:15","modified_gmt":"2026-02-11T15:33:15","slug":"umywalka-nablatowa-ceramiczna-un-kama-mfg-50-zielony-mat","status":"publish","type":"product","link":"https:\/\/baldumarket.lt\/ru\/product\/umywalka-nablatowa-ceramiczna-un-kama-mfg-50-zielony-mat\/","title":{"rendered":"Keraminis stalvir\u0161io praustuvas UN-KAMA-MFG-50 matin\u0117s \u017ealios spalvos"},"content":{"rendered":"<p>\u041a\u0435\u0440\u0430\u043c\u0438\u0447\u0435\u0441\u043a\u0430\u044f \u0440\u0430\u043a\u043e\u0432\u0438\u043d\u0430 \u0434\u043b\u044f \u0441\u0442\u043e\u043b\u0435\u0448\u043d\u0438\u0446\u044b UN-KAMA-MFG-50, \u043c\u0430\u0442\u043e\u0432\u044b\u0439 \u0437\u0435\u043b\u0435\u043d\u044b\u0439. \u042d\u0442\u0430 \u0440\u0430\u043a\u043e\u0432\u0438\u043d\u0430 \u0448\u0438\u0440\u0438\u043d\u043e\u0439 50,5 \u0441\u043c \u0438\u0437\u0433\u043e\u0442\u043e\u0432\u043b\u0435\u043d\u0430 \u0438\u0437 \u0432\u044b\u0441\u043e\u043a\u043e\u043a\u0430\u0447\u0435\u0441\u0442\u0432\u0435\u043d\u043d\u043e\u0439 \u043a\u0435\u0440\u0430\u043c\u0438\u043a\u0438 \u043b\u0435\u0441\u043d\u043e\u0433\u043e \u0437\u0435\u043b\u0435\u043d\u043e\u0433\u043e \u0446\u0432\u0435\u0442\u0430. \u0418\u043c\u0435\u0435\u0442 \u043c\u0430\u0442\u043e\u0432\u0443\u044e \u043f\u043e\u0432\u0435\u0440\u0445\u043d\u043e\u0441\u0442\u044c. \u0420\u0430\u0437\u043c\u0435\u0440\u044b: \u0428\u0438\u0440\u0438\u043d\u0430 (\u0441\u043c): 50,5 \u0413\u043b\u0443\u0431\u0438\u043d\u0430 (\u0441\u043c): 38 \u0412\u044b\u0441\u043e\u0442\u0430 (\u0441\u043c): 15 \u0422\u0435\u0445\u043d\u0438\u0447\u0435\u0441\u043a\u0438\u0435 \u0445\u0430\u0440\u0430\u043a\u0442\u0435\u0440\u0438\u0441\u0442\u0438\u043a\u0438: \u0412\u0435\u0441 (\u043a\u0433): 9 \u041c\u0430\u0442\u0435\u0440\u0438\u0430\u043b \u0440\u0430\u043a\u043e\u0432\u0438\u043d\u044b: \u041a\u0435\u0440\u0430\u043c\u0438\u043a\u0430 \u0426\u0432\u0435\u0442 \u0440\u0430\u043a\u043e\u0432\u0438\u043d\u044b: \u041c\u0430\u0442\u043e\u0432\u044b\u0439 \u0437\u0435\u043b\u0435\u043d\u044b\u0439 \u0412\u044b\u0441\u043e\u0442\u0430 \u043a\u0440\u043e\u043c\u043a\u0438: 15 \u0441\u043c \u0414\u0438\u0430\u043c\u0435\u0442\u0440 \u0441\u043b\u0438\u0432\u043d\u043e\u0433\u043e \u043e\u0442\u0432\u0435\u0440\u0441\u0442\u0438\u044f: 4,5 \u0441\u043c \u041f\u0435\u0440\u0435\u043b\u0438\u0432: \u041d\u0435\u0442 \u0421\u0438\u0441\u0442\u0435\u043c\u0430 Click-Clack \u0432 \u043a\u043e\u043c\u043f\u043b\u0435\u043a\u0442\u0435: \u041d\u0435\u0442 \u0421\u043f\u043e\u0441\u043e\u0431 \u043c\u043e\u043d\u0442\u0430\u0436\u0430 \u0440\u0430\u043a\u043e\u0432\u0438\u043d\u044b: \u041d\u0430\u0441\u0442\u043e\u043b\u044c\u043d\u044b\u0439<\/p>","protected":false},"excerpt":{"rendered":"<p>\u0428\u0438\u0440\u0438\u043d\u0430 (\u0441\u043c): 50,5<br \/>\n\u0412\u044b\u0441\u043e\u0442\u0430 (\u0441\u043c): 15<br \/>\n\u0413\u043b\u0443\u0431\u0438\u043d\u0430 (\u0441\u043c): 38<\/p>","protected":false},"featured_media":245321,"comment_status":"open","ping_status":"open","template":"","meta":[],"product_brand":[],"product_cat":[9117,2015,9185],"product_tag":[],"class_list":{"0":"post-245320","1":"product","2":"type-product","3":"status-publish","4":"has-post-thumbnail","6":"product_cat-bathroom","7":"product_cat-comad","8":"product_cat-washbasin-comad","10":"first","11":"instock","12":"purchasable","13":"product-type-simple"},"_links":{"self":[{"href":"https:\/\/baldumarket.lt\/ru\/wp-json\/wp\/v2\/product\/245320","targetHints":{"allow":["GET"]}}],"collection":[{"href":"https:\/\/baldumarket.lt\/ru\/wp-json\/wp\/v2\/product"}],"about":[{"href":"https:\/\/baldumarket.lt\/ru\/wp-json\/wp\/v2\/types\/product"}],"replies":[{"embeddable":true,"href":"https:\/\/baldumarket.lt\/ru\/wp-json\/wp\/v2\/comments?post=245320"}],"wp:featuredmedia":[{"embeddable":true,"href":"https:\/\/baldumarket.lt\/ru\/wp-json\/wp\/v2\/media\/245321"}],"wp:attachment":[{"href":"https:\/\/baldumarket.lt\/ru\/wp-json\/wp\/v2\/media?parent=245320"}],"wp:term":[{"taxonomy":"product_brand","embeddable":true,"href":"https:\/\/baldumarket.lt\/ru\/wp-json\/wp\/v2\/product_brand?post=245320"},{"taxonomy":"product_cat","embeddable":true,"href":"https:\/\/baldumarket.lt\/ru\/wp-json\/wp\/v2\/product_cat?post=245320"},{"taxonomy":"product_tag","embeddable":true,"href":"https:\/\/baldumarket.lt\/ru\/wp-json\/wp\/v2\/product_tag?post=245320"}],"curies":[{"name":"WP","href":"https:\/\/api.w.org\/{rel}","templated":true}]}}