{"id":245208,"date":"2026-01-02T23:10:18","date_gmt":"2026-01-02T20:10:18","guid":{"rendered":"https:\/\/baldumarket.lt\/product\/umywalka-meblowa-dwukomorowa-ceramiczna-140-cm-fly-140d-dp-e-8073-140d-bialy-polysk\/"},"modified":"2026-04-25T23:20:28","modified_gmt":"2026-04-25T20:20:28","slug":"umywalka-meblowa-dwukomorowa-ceramiczna-140-cm-fly-140d-dp-e-8073-140d-bialy-polysk","status":"publish","type":"product","link":"https:\/\/baldumarket.lt\/ru\/product\/umywalka-meblowa-dwukomorowa-ceramiczna-140-cm-fly-140d-dp-e-8073-140d-bialy-polysk\/","title":{"rendered":"Bald\u0173 praustuvas, dviej\u0173 kamer\u0173, keraminis, 140 \u0441\u043c, FLY 140D DP E-8073-140D, blizgi balta spalva"},"content":{"rendered":"<p>\u0414\u0432\u0443\u0445\u0447\u0430\u0448\u0435\u0432\u0430\u044f \u043a\u0435\u0440\u0430\u043c\u0438\u0447\u0435\u0441\u043a\u0430\u044f \u043c\u0435\u0431\u0435\u043b\u044c\u043d\u0430\u044f \u0440\u0430\u043a\u043e\u0432\u0438\u043d\u0430 140 \u0441\u043c FLY 140D DP E-8073-140D, \u0433\u043b\u044f\u043d\u0446\u0435\u0432\u044b\u0439 \u0431\u0435\u043b\u044b\u0439. \u0414\u0432\u0443\u0445\u0447\u0430\u0448\u0435\u0432\u0430\u044f \u043a\u0435\u0440\u0430\u043c\u0438\u0447\u0435\u0441\u043a\u0430\u044f \u043c\u0435\u0431\u0435\u043b\u044c\u043d\u0430\u044f \u0440\u0430\u043a\u043e\u0432\u0438\u043d\u0430 140 \u0441\u043c FLY 140D DP E-8073-140D \u0432 \u0433\u043b\u044f\u043d\u0446\u0435\u0432\u043e\u043c \u0431\u0435\u043b\u043e\u043c \u0446\u0432\u0435\u0442\u0435. \u0420\u0430\u0437\u043c\u0435\u0440\u044b: \u0428\u0438\u0440\u0438\u043d\u0430 (\u0441\u043c): 141 \u0413\u043b\u0443\u0431\u0438\u043d\u0430 (\u0441\u043c): 46 \u0412\u044b\u0441\u043e\u0442\u0430 (\u0441\u043c): 15,5 \u0422\u0435\u0445\u043d\u0438\u0447\u0435\u0441\u043a\u0438\u0435 \u0445\u0430\u0440\u0430\u043a\u0442\u0435\u0440\u0438\u0441\u0442\u0438\u043a\u0438: \u0412\u0435\u0441 (\u0432 \u043a\u0433): 26,5 \u041c\u0430\u0442\u0435\u0440\u0438\u0430\u043b \u0440\u0430\u043a\u043e\u0432\u0438\u043d\u044b: \u043a\u0435\u0440\u0430\u043c\u0438\u043a\u0430 \u0426\u0432\u0435\u0442 \u0440\u0430\u043a\u043e\u0432\u0438\u043d\u044b: \u0433\u043b\u044f\u043d\u0446\u0435\u0432\u044b\u0439 \u0431\u0435\u043b\u044b\u0439 \u0412\u044b\u0441\u043e\u0442\u0430 \u043e\u0431\u043e\u0434\u043a\u0430: 1,8 \u0441\u043c \u0414\u0438\u0430\u043c\u0435\u0442\u0440 \u0441\u043b\u0438\u0432\u043d\u043e\u0433\u043e \u043e\u0442\u0432\u0435\u0440\u0441\u0442\u0438\u044f: 4,5 \u0441\u043c \u041f\u0435\u0440\u0435\u043b\u0438\u0432: \u0414\u0430 \u0421\u0438\u0441\u0442\u0435\u043c\u0430 Click-Clack \u0432 \u043a\u043e\u043c\u043f\u043b\u0435\u043a\u0442\u0435: \u041d\u0435\u0442 \u0421\u043f\u043e\u0441\u043e\u0431 \u0443\u0441\u0442\u0430\u043d\u043e\u0432\u043a\u0438 \u0440\u0430\u043a\u043e\u0432\u0438\u043d\u044b: \u0412\u0441\u0442\u0440\u0430\u0438\u0432\u0430\u0435\u043c\u0430\u044f \u0432 \u0442\u0443\u043c\u0431\u0443 \u0414\u0432\u0443\u0445\u0447\u0430\u0448\u0435\u0432\u0430\u044f \u043a\u0435\u0440\u0430\u043c\u0438\u0447\u0435\u0441\u043a\u0430\u044f \u043c\u0435\u0431\u0435\u043b\u044c\u043d\u0430\u044f \u0440\u0430\u043a\u043e\u0432\u0438\u043d\u0430 140 \u0441\u043c FLY 140D DP E-8073-140D \u0432 \u0433\u043b\u044f\u043d\u0446\u0435\u0432\u043e\u043c \u0431\u0435\u043b\u043e\u043c \u0446\u0432\u0435\u0442\u0435.<\/p>","protected":false},"excerpt":{"rendered":"<p>\u0428\u0438\u0440\u0438\u043d\u0430 (\u0441\u043c): 141<br \/>\n\u0412\u044b\u0441\u043e\u0442\u0430 (\u0441\u043c): 15,5<br \/>\n\u0413\u043b\u0443\u0431\u0438\u043d\u0430 (\u0441\u043c): 46<\/p>","protected":false},"featured_media":245209,"comment_status":"open","ping_status":"open","template":"","meta":[],"product_brand":[],"product_cat":[9117,2015,9185],"product_tag":[],"class_list":{"0":"post-245208","1":"product","2":"type-product","3":"status-publish","4":"has-post-thumbnail","6":"product_cat-bathroom","7":"product_cat-comad","8":"product_cat-washbasin-comad","10":"first","11":"instock","12":"purchasable","13":"product-type-simple"},"_links":{"self":[{"href":"https:\/\/baldumarket.lt\/ru\/wp-json\/wp\/v2\/product\/245208","targetHints":{"allow":["GET"]}}],"collection":[{"href":"https:\/\/baldumarket.lt\/ru\/wp-json\/wp\/v2\/product"}],"about":[{"href":"https:\/\/baldumarket.lt\/ru\/wp-json\/wp\/v2\/types\/product"}],"replies":[{"embeddable":true,"href":"https:\/\/baldumarket.lt\/ru\/wp-json\/wp\/v2\/comments?post=245208"}],"wp:featuredmedia":[{"embeddable":true,"href":"https:\/\/baldumarket.lt\/ru\/wp-json\/wp\/v2\/media\/245209"}],"wp:attachment":[{"href":"https:\/\/baldumarket.lt\/ru\/wp-json\/wp\/v2\/media?parent=245208"}],"wp:term":[{"taxonomy":"product_brand","embeddable":true,"href":"https:\/\/baldumarket.lt\/ru\/wp-json\/wp\/v2\/product_brand?post=245208"},{"taxonomy":"product_cat","embeddable":true,"href":"https:\/\/baldumarket.lt\/ru\/wp-json\/wp\/v2\/product_cat?post=245208"},{"taxonomy":"product_tag","embeddable":true,"href":"https:\/\/baldumarket.lt\/ru\/wp-json\/wp\/v2\/product_tag?post=245208"}],"curies":[{"name":"WP","href":"https:\/\/api.w.org\/{rel}","templated":true}]}}